{"id":280,"date":"2021-02-10T12:06:40","date_gmt":"2021-02-10T11:06:40","guid":{"rendered":"https:\/\/pb.edu.pl\/rpkbialystok\/?page_id=280"},"modified":"2021-07-26T11:32:03","modified_gmt":"2021-07-26T09:32:03","slug":"kariera-naukowa","status":"publish","type":"page","link":"https:\/\/pb.edu.pl\/rpkbialystok\/znajdz-swoj-obszar\/kariera-naukowa\/","title":{"rendered":"Kariera naukowa"},"content":{"rendered":"<h2>Wspieranie rozwoju kadr badawczych i kariery indywidualnych pracownik\u00f3w poprawia efektywno\u015b\u0107 ich pracy, buduje potencja\u0142 i konkurencyjno\u015b\u0107 instytucji naukowych oraz przyczynia si\u0119 do post\u0119pu i rozwoju nauki w kraju i na poziomie Unii Europejskiej.<\/h2>\n<p>Dlatego w ramach kolejnego Programu Ramowego \u2013 Horyzont Europa \u2013 Komisja Europejska kontynuuje finansowanie r\u00f3\u017cnego typu projekt\u00f3w, grant\u00f3w i inicjatyw, w kt\u00f3rych mog\u0105 bra\u0107 udzia\u0142 zar\u00f3wno instytucje (nie tylko naukowe, ale r\u00f3wnie\u017c m.in. przedsi\u0119biorstwa), konsorcja kilku instytucji, jak i indywidualni naukowcy.<\/p>\n<p><strong>Doktoranci<\/strong> mog\u0105 podejmowa\u0107 prac\u0119 w instytucjach realizuj\u0105cych projekty ;<strong>Marii Sk\u0142odowskiej-Curie<\/strong> czy <strong>Europejskiej Rady ds. Bada\u0144 Naukowych<\/strong> (chocia\u017c nie mog\u0105 jeszcze ubiega\u0107 si\u0119 o w\u0142asny grant!), korzysta\u0107 z projekt\u00f3w <em>Transnational Access<\/em> w ramach Infrastruktur badawczych lub szkole\u0144, warsztat\u00f3w i sta\u017cy organizowanych przez <strong>Wsp\u00f3lne Centrum Badawcze Komisji Europejskiej<\/strong>. Oferty pracy w projektach MSCA i ERC s\u0105 dost\u0119pne na <a title=\"Strona otworzy si\u0119 w nowym oknie\" href=\"https:\/\/www.euraxess.pl\/poland\/jobs-funding\" target=\"_blank\" rel=\"noopener\">portalu EURAXESS<\/a>.<\/p>\n<p><strong>Naukowcy ze stopniem doktora<\/strong>&nbsp;mog\u0105 ubiega\u0107 si\u0119 o indywidualny grant MSCA lub ERC na realizacj\u0119 w\u0142asnego projektu badawczego we wsp\u00f3\u0142pracy z jednostk\u0105 goszcz\u0105c\u0105. Mog\u0105 tak\u017ce poszukiwa\u0107 ofert na portalu EURAXESS.<\/p>\n<p><strong>Instytucje sektora akademickiego i nieakademickiego <\/strong>mog\u0105 realizowa\u0107 r\u00f3\u017cnego typu projekty MSCA nakierowane na zatrudnianie i szkolenie doktorant\u00f3w oraz indywidualnych naukowc\u00f3w po doktoracie, wymian\u0119 kadry badawczej i administracyjnej pomi\u0119dzy krajami i sektorami, czy tworzenie program\u00f3w stypendialnych we wsp\u00f3\u0142pracy z zagranicznymi jednostkami. Mog\u0105 r\u00f3wnie\u017c podejmowa\u0107 wsp\u00f3\u0142prac\u0119 ze Wsp\u00f3lnym Centrum Badawczym KE w celu realizacji r\u00f3\u017cnych projekt\u00f3w oraz ubiega\u0107 si\u0119 o finansowanie na tworzenie czy unowocze\u015bnianie infrastruktury badawczej. Ponadto Komisja Europejska we wsp\u00f3\u0142pracy z sieci\u0105 EURAXESS podejmuje r\u00f3wnie\u017c dzia\u0142ania wspieraj\u0105ce instytucje naukowe w tworzeniu sprzyjaj\u0105cych warunk\u00f3w do prowadzenia bada\u0144 i przejrzystych proces\u00f3w rekrutacji naukowc\u00f3w, tak by stawa\u0142y si\u0119 atrakcyjnymi pracodawcami (<strong><a title=\"Strona otworzy si\u0119 w nowym oknie\" href=\"https:\/\/www.euraxess.pl\/pl\/poland\/pracodawcy\/karta-i-kodekspracodawcy\" target=\"_blank\" rel=\"noopener\">europejska strategia HRS4R<\/a>)<\/strong>.<\/p>\n<h3 class=\"h3\"><strong>Wi\u0119cej informacji o poszczeg\u00f3lnych mo\u017cliwo\u015bciach:<\/strong><\/h3>\n<div class=\"h4\"><a title=\"Strona otworzy si\u0119 w nowym oknie\" href=\"https:\/\/www.euraxess.pl\/pl\" target=\"_blank\" rel=\"noopener\">EURAXESS<\/a><\/div>\n<p>Pod t\u0105 nazw\u0105 kryje si\u0119 europejska sie\u0107 wspieraj\u0105ca <strong>mi\u0119dzynarodow\u0105 mobilno\u015b\u0107<\/strong> i rozw\u00f3j kariery naukowc\u00f3w. Centra EURAXESS zlokalizowane w 42 krajach m.in. pomagaj\u0105 naukowcom w formalno\u015bciach prawno-administracyjnych czy wspieraj\u0105 instytucje realizuj\u0105ce&nbsp;<strong>europejsk\u0105 strategi\u0119 kadrow\u0105<\/strong>. EURAXESS to r\u00f3wnie\u017c europejski portal zawieraj\u0105cy m.in. baz\u0119 ofert pracy, informacje o mo\u017cliwo\u015bci finansowania bada\u0144, poszukiwania partner\u00f3w do wsp\u00f3\u0142pracy i narz\u0119dzia wspieraj\u0105ce rozw\u00f3j kariery naukowej.<\/p>\n<div class=\"h4\"><a title=\"Strona otworzy si\u0119 w nowym oknie\" href=\"https:\/\/pb.edu.pl\/rpkbialystok\/horyzont-europa\/o-horyzoncie-europa\/znajdz-swoj-obszar-w-he\/filar-i-doskonala-baza-naukowa\/dzialania-marii-sklodowskiej-curie-msca\/\" target=\"_blank\" rel=\"noopener\">Dzia\u0142ania Marii Sk\u0142odowskiej-Curie<\/a><\/div>\n<p>Program MSCA \u2013 <em>Marie Sk\u0142odowska-Curie Actions<\/em> wspiera naukowc\u00f3w b\u0119d\u0105cych na r\u00f3\u017cnych etapach kariery zawodowej, finansuj\u0105c prace badawcze oraz szkolenia prowadzone w Europie i krajach pozaeuropejskich. Jednocze\u015bnie umo\u017cliwia instytucjom zatrudnianie badaczy i udzia\u0142 ich pracownik\u00f3w w mi\u0119dzynarodowych projektach badawczo-szkoleniowych. <strong>Projekty mog\u0105 by\u0107 realizowane w ka\u017cdej dyscyplinie naukowej i dotyczy\u0107 zar\u00f3wno bada\u0144 podstawowych jak i aplikacyjnych.<\/strong> Istotnymi elementami tych dzia\u0142a\u0144 \u2013 poza samymi badaniami naukowymi \u2013 s\u0105 wsp\u00f3\u0142praca i mobilno\u015b\u0107 mi\u0119dzynarodowa i mi\u0119dzysektorowa oraz rozw\u00f3j umiej\u0119tno\u015bci mi\u0119kkich.<\/p>\n<div class=\"h4\"><a title=\"Strona otworzy si\u0119 w nowym oknie\" href=\"https:\/\/pb.edu.pl\/rpkbialystok\/horyzont-europa\/o-horyzoncie-europa\/znajdz-swoj-obszar-w-he\/filar-i-doskonala-baza-naukowa\/europejska-rada-ds-badan-naukowych\/\" target=\"_blank\" rel=\"noopener\">Europejska Rada ds. Bada\u0144 Naukowych<\/a><\/div>\n<p>ERC \u2013 <em>European Research Council<\/em> wspiera <strong>tw\u00f3rcze i nowatorskie pomys\u0142y badawcze we wszystkich dziedzinach wiedzy.<\/strong> Wysoko cenione s\u0105 projekty interdyscyplinarne, o wysokim stopniu ryzyka naukowego, prowadz\u0105ce do wa\u017cnych odkry\u0107 i prze\u0142omowych wynik\u00f3w. Klasyczny podzia\u0142 na badania podstawowe i stosowane nie ma znaczenia \u2013 badania musz\u0105 mie\u0107 charakter poznawczy, pionierski, przekracza\u0107 obecne granice wiedzy.<\/p>\n<div class=\"h4\"><a title=\"Strona otworzy si\u0119 w nowym oknie\" href=\"https:\/\/pb.edu.pl\/rpkbialystok\/horyzont-europa\/o-horyzoncie-europa\/znajdz-swoj-obszar-w-he\/filar-i-doskonala-baza-naukowa\/infrastruktura-badawcza\/\" target=\"_blank\" rel=\"noopener\">Infrastruktury badawcze<\/a><\/div>\n<p>Infrastruktura badawcza to r\u00f3\u017cnego typu laboratoria, obserwatoria, banki danych, specjalistyczne archiwa, biblioteki lub zbiory, statki i samoloty badawcze, a tak\u017ce infrastruktura informatyczna (e-infrastruktura). Projekty finansowane z Horyzontu Europa maj\u0105 s\u0142u\u017cy\u0107 rozwojowi i jak najlepszemu wykorzystaniu tych zasob\u00f3w w Europie, m.in. budowie nowych infrastruktur o og\u00f3lnoeuropejskim znaczeniu, s\u0142u\u017c\u0105cych wszystkim dziedzinom nauki i techniki. W ramach tych projekt\u00f3w finansowane s\u0105 specjalne granty umo\u017cliwiaj\u0105ce <strong>bezp\u0142atny dost\u0119p<\/strong> naukowc\u00f3w do najlepszych europejskich infrastruktur \u2013 <em>Transnational Access<\/em>.<\/p>\n<div class=\"h4\"><a title=\"Strona otworzy si\u0119 w nowym oknie\" href=\"https:\/\/pb.edu.pl\/rpkbialystok\/horyzont-europa\/o-horyzoncie-europa\/znajdz-swoj-obszar-w-he\/wspolne-centrum-badawcze-jrc\/\" target=\"_blank\" rel=\"noopener\">Wsp\u00f3lne Centrum Badawcze KE<\/a><\/div>\n<p>JRC \u2013 <em>Joint Research Centre <\/em>jest zapleczem badawczym Komisji Europejskiej, kt\u00f3rego misj\u0105 jest prowadzenie niezale\u017cnych bada\u0144 naukowych w kluczowych dla UE obszarach, takich jak zdrowie i zdrowa \u017cywno\u015b\u0107, ochrona \u015brodowiska, bezpieczna energia, czy zr\u00f3wnowa\u017cony transport. 7 Centr\u00f3w JRC zlokalizowanych w 5 krajach posiada specjalistyczne laboratoria, unikatow\u0105 aparatur\u0119 badawcz\u0105 i zatrudnia ok. 3 000 specjalist\u00f3w z r\u00f3\u017cnych dziedzin i kraj\u00f3w. JRC jest otwarte zar\u00f3wno na wsp\u00f3\u0142prac\u0119 z instytucjami naukowymi i przedsi\u0119biorstwami w ramach wsp\u00f3lnych projekt\u00f3w, jak i wspiera rozw\u00f3j zawodowy indywidualnych badaczy poprzez organizowane szkolenia, warsztaty, praktyki czy sta\u017ce.<\/p>\n","protected":false},"excerpt":{"rendered":"<p>Wspieranie rozwoju kadr badawczych i kariery indywidualnych pracownik\u00f3w poprawia efektywno\u015b\u0107 ich pracy, buduje potencja\u0142 i<\/p>\n","protected":false},"author":33,"featured_media":0,"parent":99,"menu_order":0,"comment_status":"closed","ping_status":"closed","template":"","meta":{"_acf_changed":false,"ngg_post_thumbnail":0,"footnotes":""},"class_list":["post-280","page","type-page","status-publish","hentry"],"acf":[],"_links":{"self":[{"href":"https:\/\/pb.edu.pl\/rpkbialystok\/wp-json\/wp\/v2\/pages\/280","targetHints":{"allow":["GET"]}}],"collection":[{"href":"https:\/\/pb.edu.pl\/rpkbialystok\/wp-json\/wp\/v2\/pages"}],"about":[{"href":"https:\/\/pb.edu.pl\/rpkbialystok\/wp-json\/wp\/v2\/types\/page"}],"author":[{"embeddable":true,"href":"https:\/\/pb.edu.pl\/rpkbialystok\/wp-json\/wp\/v2\/users\/33"}],"replies":[{"embeddable":true,"href":"https:\/\/pb.edu.pl\/rpkbialystok\/wp-json\/wp\/v2\/comments?post=280"}],"version-history":[{"count":0,"href":"https:\/\/pb.edu.pl\/rpkbialystok\/wp-json\/wp\/v2\/pages\/280\/revisions"}],"up":[{"embeddable":true,"href":"https:\/\/pb.edu.pl\/rpkbialystok\/wp-json\/wp\/v2\/pages\/99"}],"wp:attachment":[{"href":"https:\/\/pb.edu.pl\/rpkbialystok\/wp-json\/wp\/v2\/media?parent=280"}],"curies":[{"name":"wp","href":"https:\/\/api.w.org\/{rel}","templated":true}]}}