{"id":256,"date":"2021-02-10T11:15:12","date_gmt":"2021-02-10T10:15:12","guid":{"rendered":"https:\/\/pb.edu.pl\/rpkbialystok\/?page_id=256"},"modified":"2021-03-16T13:37:37","modified_gmt":"2021-03-16T12:37:37","slug":"misje-w-horyzont-europa","status":"publish","type":"page","link":"https:\/\/pb.edu.pl\/rpkbialystok\/czym-jest-horyzont-europa\/misje-w-horyzont-europa\/","title":{"rendered":"Misje w programie Horyzont Europa"},"content":{"rendered":"<div class=\"h3\">Misje UE to zobowi\u0105zanie do rozwi\u0105zywania g\u0142\u00f3wnych wyzwa\u0144 spo\u0142ecznych, takich jak walka z rakiem, przystosowanie si\u0119 do zmiany klimatu, ochrona ocean\u00f3w, \u017cycie w bardziej ekologicznych miastach oraz zapewnienie zdrowej gleby i \u017cywno\u015bci.<\/div>\n<p>Program Horyzont Europa b\u0119dzie si\u0119 opiera\u0142 na misjach, kt\u00f3rych zadaniem b\u0119dzie wspieranie skuteczno\u015bci finansowania poprzez d\u0105\u017cenie do jasno okre\u015blonych cel\u00f3w. W tym celu Komisja Europejska utworzy\u0142a pi\u0119\u0107 misji:<\/p>\n<ul class=\"type-chevron\">\n<li><a href=\"https:\/\/www.kpk.gov.pl\/horyzont-europa\/misje-ue\/cancer\" target=\"_blank\" rel=\"noopener noreferrer\">Rak<\/a><\/li>\n<li><a href=\"https:\/\/www.kpk.gov.pl\/horyzont-europa\/misje-ue\/misja-adaptacja-do-zmian-klimatu\" target=\"_blank\" rel=\"noopener noreferrer\">Adaptacja do zmian klimatu obejmuj\u0105ca spo\u0142eczn\u0105 transformacj\u0119<\/a><\/li>\n<li><a href=\"https:\/\/www.kpk.gov.pl\/horyzont-europa\/misje-ue\/misja-zdrowe-oceany\" target=\"_blank\" rel=\"noopener noreferrer\">Zdrowe oceany, morza, wody przybrze\u017cne i \u015br\u00f3dl\u0105dowe<\/a><\/li>\n<li><a href=\"https:\/\/www.kpk.gov.pl\/horyzont-europa\/misje-ue\/misja-smart-cities\" target=\"_blank\" rel=\"noopener noreferrer\">Neutralne klimatycznie i inteligentne miasta<\/a><\/li>\n<li><a href=\"https:\/\/www.kpk.gov.pl\/horyzont-europa\/misje-ue\/misja-zdrowa-gleba-i-zywnosc\" target=\"_blank\" rel=\"noopener noreferrer\">Zdrowa gleba i \u017cywno\u015b\u0107<\/a>.<\/li>\n<\/ul>\n<p>Ka\u017cda misja b\u0119dzie funkcjonowa\u0107 jako zbi\u00f3r dzia\u0142a\u0144 \u2013 takich jak projekty badawcze, \u015brodki polityczne, a nawet inicjatywy ustawodawcze \u2013 d\u0105\u017c\u0105cych do osi\u0105gni\u0119cia wymiernego celu, kt\u00f3rego nie mo\u017cna osi\u0105gn\u0105\u0107 za pomoc\u0105 pojedynczych dzia\u0142a\u0144.<\/p>\n<p>Misje przyczyni\u0105 si\u0119 do realizacji cel\u00f3w Europejskiego Zielonego \u0141adu, Europejskiego Planu Walki z Rakiem oraz Cel\u00f3w Zr\u00f3wnowa\u017conego Rozwoju.<\/p>\n","protected":false},"excerpt":{"rendered":"<p>Misje UE to zobowi\u0105zanie do rozwi\u0105zywania g\u0142\u00f3wnych wyzwa\u0144 spo\u0142ecznych, takich jak walka z rakiem, przystosowanie<\/p>\n","protected":false},"author":33,"featured_media":0,"parent":89,"menu_order":0,"comment_status":"closed","ping_status":"closed","template":"","meta":{"_acf_changed":false,"ngg_post_thumbnail":0,"footnotes":""},"class_list":["post-256","page","type-page","status-publish","hentry"],"acf":[],"_links":{"self":[{"href":"https:\/\/pb.edu.pl\/rpkbialystok\/wp-json\/wp\/v2\/pages\/256","targetHints":{"allow":["GET"]}}],"collection":[{"href":"https:\/\/pb.edu.pl\/rpkbialystok\/wp-json\/wp\/v2\/pages"}],"about":[{"href":"https:\/\/pb.edu.pl\/rpkbialystok\/wp-json\/wp\/v2\/types\/page"}],"author":[{"embeddable":true,"href":"https:\/\/pb.edu.pl\/rpkbialystok\/wp-json\/wp\/v2\/users\/33"}],"replies":[{"embeddable":true,"href":"https:\/\/pb.edu.pl\/rpkbialystok\/wp-json\/wp\/v2\/comments?post=256"}],"version-history":[{"count":0,"href":"https:\/\/pb.edu.pl\/rpkbialystok\/wp-json\/wp\/v2\/pages\/256\/revisions"}],"up":[{"embeddable":true,"href":"https:\/\/pb.edu.pl\/rpkbialystok\/wp-json\/wp\/v2\/pages\/89"}],"wp:attachment":[{"href":"https:\/\/pb.edu.pl\/rpkbialystok\/wp-json\/wp\/v2\/media?parent=256"}],"curies":[{"name":"wp","href":"https:\/\/api.w.org\/{rel}","templated":true}]}}