{"id":246,"date":"2021-02-10T10:53:58","date_gmt":"2021-02-10T09:53:58","guid":{"rendered":"https:\/\/pb.edu.pl\/rpkbialystok\/?page_id=246"},"modified":"2021-03-16T15:13:26","modified_gmt":"2021-03-16T14:13:26","slug":"partnerstwa-europejskie-w-he","status":"publish","type":"page","link":"https:\/\/pb.edu.pl\/rpkbialystok\/czym-jest-horyzont-europa\/partnerstwa-europejskie-w-he\/","title":{"rendered":"Partnerstwa europejskie w Horyzoncie Europa"},"content":{"rendered":"<p>Partnerstwa europejskie to inicjatywy, w ramach kt\u00f3rych Komisja Europejska wraz z partnerami prywatnymi i\/lub publicznymi (zrzeszonymi najcz\u0119\u015bciej w ramach stowarzysze\u0144) zobowi\u0105zuje si\u0119 do wsp\u00f3lnego wspierania rozwoju i wdra\u017cania strategicznych agend badawczo- innowacyjnych. S\u0105 kluczowym narz\u0119dziem wdra\u017cania programu Horyzont Europa i znacz\u0105co przyczyniaj\u0105 si\u0119 do realizacji politycznych priorytet\u00f3w UE, a tym samym do rozwoju Europejskiej Przestrzeni Badawczej. \u0141\u0105cz\u0105c partner\u00f3w prywatnych i publicznych, partnerstwa europejskie pomagaj\u0105 unikn\u0105\u0107 powielania inwestycji i przyczyniaj\u0105 si\u0119 do zmniejszenia fragmentacji krajobrazu bada\u0144 i innowacji w UE.<\/p>\n<p>W praktyce oznacza to, \u017ce odgrywaj\u0105 znacz\u0105c\u0105 rol\u0119 przy definiowaniu temat\u00f3w konkurs\u00f3w wpisywanych do Program\u00f3w Pracy w ramach poszczeg\u00f3lnych klastr\u00f3w.<\/p>\n<div class=\"h3\">Partnerzy zrzeszeni w ramach Partnerstw:<\/div>\n<p>Partnerzy mog\u0105 reprezentowa\u0107 przemys\u0142, uniwersytety, organizacje badawcze, organy \u015bwiadcz\u0105ce us\u0142ugi publiczne na szczeblu lokalnym, regionalnym, krajowym lub mi\u0119dzynarodowym lub organizacje spo\u0142ecze\u0144stwa obywatelskiego, w tym fundacje i organizacje pozarz\u0105dowe.<\/p>\n<div class=\"h4\">Trzy rodzaje Partnerstw:<\/div>\n<div class=\"h5\">Wsp\u00f3\u0142programowane partnerstwa europejskie (<em>Co-funded European Partnerships<\/em>)<\/div>\n<ul>\n<li>Partnerstwo publiczno-prywatne \u2013 pomi\u0119dzy Komisj\u0105 Europejsk\u0105 a stowarzyszeniami reprezentuj\u0105cymi zainteresowane strony w okre\u015blonych dziedzinach.<\/li>\n<li>Dzia\u0142aj\u0105 na podstawie porozumienia.<\/li>\n<li>Stronami partnerstwa s\u0105 najcz\u0119\u015bciej KE i stowarzyszenia bran\u017cowe (w danej dziedzinie), zrzeszaj\u0105ce interesariuszy (zar\u00f3wno podmioty prywatne, jak i podmioty publiczne).<\/li>\n<li>Agenda badawcza Partnerstwa jest realizowana poprzez tematy wpisane do Program\u00f3w Pracy w ramach poszczeg\u00f3lnych klastr\u00f3w.<\/li>\n<li>Nie wymaga bezpo\u015bredniego zaanga\u017cowania finansowego danego kraju cz\u0142onkowskiego.<\/li>\n<\/ul>\n<div class=\"h5\">Wsp\u00f3\u0142finansowane partnerstwa europejskie (<em>Co-financed European Partnerships<\/em>)<\/div>\n<ul>\n<li>Partnerstwo publiczno-publiczne \u2013 pomi\u0119dzy Komisj\u0105 Europejsk\u0105 a agencj\u0105 finansuj\u0105c\u0105 badania w danym kraju cz\u0142onkowskim lub stowarzyszonym (najcz\u0119\u015bciej).<\/li>\n<li>Dzia\u0142aj\u0105 na podstawie umowy o dotacj\u0119\/grant pomi\u0119dzy Komisj\u0105 Europejsk\u0105 a konsorcjum partner\u00f3w, kt\u00f3re skupia krajowe i regionalne programy finansowania dotycz\u0105ce danego tematu.<\/li>\n<li>Stronami partnerstwa jest KE i podmioty z poszczeg\u00f3lnych kraj\u00f3w cz\u0142onkowskich\/lub stowarzyszonych wsp\u00f3\u0142finansuj\u0105ce beneficjent\u00f3w ze swoich kraj\u00f3w.<\/li>\n<li>Agenda badawcza realizowana poprzez konkursy organizowane przez mi\u0119dzynarodowe konsorcjum implementuj\u0105ce grant z KE przeznaczony na ten cel.<\/li>\n<li>Konkursy og\u0142aszane s\u0105 przez partner\u00f3w z konsorcjum \u2013 s\u0105 to wsp\u00f3lne mi\u0119dzynarodowe konkursy na wykonanie prac B+R+I.<\/li>\n<li>Ten rodzaj partnerstwa najlepiej nadaje si\u0119 do realizacji wsp\u00f3\u0142pracy z udzia\u0142em w\u0142adz publicznych, ale mo\u017cliwe jest r\u00f3wnie\u017c w\u0142\u0105czenie fundacji i partner\u00f3w mi\u0119dzynarodowych.<\/li>\n<li>Wsp\u00f3lne programy musz\u0105 okre\u015bla\u0107 cele, kluczowe wska\u017aniki wp\u0142ywu oraz produkty, kt\u00f3re maj\u0105 zosta\u0107 osi\u0105gni\u0119te, w oparciu o zaanga\u017cowanie finansowe partner\u00f3w.<\/li>\n<li>Wymaga zaanga\u017cowania finansowego podmiotu reprezentuj\u0105cego dany Kraj Cz\u0142onkowski lub Stowarzyszony.<\/li>\n<\/ul>\n<div class=\"h5\">Instytucjonalne (<em>Institutionalised European Partnerships<\/em>)<\/div>\n<ul>\n<li>Istniej\u0105 dwa rodzaje Partnerstw instytucjonalnych, zwanych te\u017c wsp\u00f3lnymi przedsi\u0119wzi\u0119ciami (<em>Joint Undertaking<\/em> \u2013 JU):\n<ul>\n<li>publiczno-prywatne (PP: KE \u2013 podmioty prywatne)<\/li>\n<li>publiczno-publiczno-prywatne (PPP: KE \u2013 MS\/AC \u2013 podmioty prywatne).<\/li>\n<\/ul>\n<\/li>\n<li>Tego typu partnerstwa opieraj\u0105 si\u0119 na decyzji Rady i Parlamentu Europejskiego, zgodnie z art. 185 lub 187 TFUE (Traktatu o Funkcjonowaniu Unii Europejskiej).<\/li>\n<li>Ten typ partnerstwa obejmuje r\u00f3wnie\u017c wsp\u00f3lnoty wiedzy i innowacji EIT, zgodnie z rozporz\u0105dzeniem o EIT (<em>EIT Regulation<\/em>) oraz Strategiczn\u0105 Agend\u0105 Innowacji (<em>EIT Strategic Innovation Agenda<\/em> \u2013 SIA).<\/li>\n<li>Instytucjonalne partnerstwa europejskie tworzone s\u0105 w strategicznych obszarach bada\u0144 i innowacji.<\/li>\n<li>Obejmuj\u0105 najcz\u0119\u015bciej programy badawcze i innowacyjne podejmowane przez kilka lub kilkana\u015bcie pa\u0144stw cz\u0142onkowskich, publiczno-prywatnych.<\/li>\n<li>Wymaga zaanga\u017cowania finansowego: PPP \u2013 MS\/AC wsp\u00f3\u0142finansuj\u0105 konkursy organizowane przez JU; PP \u2013 podmioty prywatne wsp\u00f3\u0142finansuj\u0105 konkursy organizowane przez JU.<\/li>\n<li>Partnerstwa instytucjonalne s\u0105 wdra\u017cane tylko wtedy, gdy dwie pozosta\u0142e formy partnerstw europejskich (czyli partnerstwa wsp\u00f3\u0142programowane lub wsp\u00f3\u0142finansowane) nie osi\u0105gn\u0105 cel\u00f3w lub nie wygeneruj\u0105 spodziewanych rezultat\u00f3w oraz je\u015bli b\u0119d\u0105 one uzasadnione d\u0142ugoterminow\u0105 perspektyw\u0105 i wysokim stopniem integracji.<\/li>\n<li>W rzeczywisto\u015bci obejmuj\u0105 one zwykle bardzo specyficzne \u0142a\u0144cuchy warto\u015bci, w kt\u00f3rych do osi\u0105gni\u0119cia wynik\u00f3w ambitnych strategicznych program\u00f3w bada\u0144 i innowacji potrzebna jest znaczna integracja prywatnych i publicznych wysi\u0142k\u00f3w w zakresie bada\u0144 naukowych i innowacji.<\/li>\n<li>Agenda badawcza realizowana jest poprzez program pracy przygotowywany i zatwierdzany przez JU.<\/li>\n<li>G\u0142\u00f3wne zaanga\u017cowanie \u2013 finansowe i strategiczne (poprzez przedstawicieli PL w cia\u0142ach nadzorczych i doradczych JU).<\/li>\n<\/ul>\n<div class=\"h5\">Partnerstwa s\u0105 zgrupowane w ramach nast\u0119puj\u0105cych g\u0142\u00f3wnych temat\u00f3w \u2013 kt\u00f3re s\u0105 jednocze\u015bnie klastrami tematycznymi programu Horyzont Europa:<\/div>\n<ul>\n<li><a title=\"Strona otworzy si\u0119 w nowym oknie\" href=\"https:\/\/ec.europa.eu\/info\/horizon-europe\/european-partnerships-horizon-europe\/candidates-european-partnerships-health_en\" target=\"_blank\" rel=\"noopener noreferrer\">Zdrowie<\/a><\/li>\n<li><a href=\"https:\/\/ec.europa.eu\/info\/horizon-europe\/european-partnerships-horizon-europe\/candidates-digital-industry-and-space_en\" target=\"_blank\" rel=\"noopener noreferrer\">Technologie cyfrowe, przemys\u0142 i przestrze\u0144 kosmiczna<\/a><\/li>\n<li><a title=\"Strona otworzy si\u0119 w nowym oknie\" href=\"https:\/\/ec.europa.eu\/info\/horizon-europe\/european-partnerships-horizon-europe\/candidates-climate-energy-and-mobility_en\" target=\"_blank\" rel=\"noopener noreferrer\">Klimat, energia i mobilno\u015b\u0107<\/a><\/li>\n<li><a title=\"Strona otworzy si\u0119 w nowym oknie\" href=\"https:\/\/ec.europa.eu\/info\/horizon-europe\/european-partnerships-horizon-europe\/candidates-food-security_en\" target=\"_blank\" rel=\"noopener noreferrer\">\u017bywno\u015b\u0107, biogospodarka, zasoby naturalne, rolnictwo i \u015brodowisko<\/a><\/li>\n<\/ul>\n<div class=\"h5\">Partnerstwa przekrojowe dotycz\u0105ce zagadnie\u0144 horyzontalnych:<\/div>\n<ul>\n<li><a title=\"Strona otworzy si\u0119 w nowym oknie\" href=\"https:\/\/ec.europa.eu\/info\/horizon-europe\/european-partnerships-horizon-europe\/candidates-across-themes_en\" target=\"_blank\" rel=\"noopener noreferrer\">Partnerstwa w aspektach horyzontalnych<\/a><\/li>\n<\/ul>\n","protected":false},"excerpt":{"rendered":"<p>Partnerstwa europejskie to inicjatywy, w ramach kt\u00f3rych Komisja Europejska wraz z partnerami prywatnymi i\/lub publicznymi<\/p>\n","protected":false},"author":33,"featured_media":0,"parent":89,"menu_order":0,"comment_status":"closed","ping_status":"closed","template":"","meta":{"_acf_changed":false,"ngg_post_thumbnail":0,"footnotes":""},"class_list":["post-246","page","type-page","status-publish","hentry"],"acf":[],"_links":{"self":[{"href":"https:\/\/pb.edu.pl\/rpkbialystok\/wp-json\/wp\/v2\/pages\/246","targetHints":{"allow":["GET"]}}],"collection":[{"href":"https:\/\/pb.edu.pl\/rpkbialystok\/wp-json\/wp\/v2\/pages"}],"about":[{"href":"https:\/\/pb.edu.pl\/rpkbialystok\/wp-json\/wp\/v2\/types\/page"}],"author":[{"embeddable":true,"href":"https:\/\/pb.edu.pl\/rpkbialystok\/wp-json\/wp\/v2\/users\/33"}],"replies":[{"embeddable":true,"href":"https:\/\/pb.edu.pl\/rpkbialystok\/wp-json\/wp\/v2\/comments?post=246"}],"version-history":[{"count":0,"href":"https:\/\/pb.edu.pl\/rpkbialystok\/wp-json\/wp\/v2\/pages\/246\/revisions"}],"up":[{"embeddable":true,"href":"https:\/\/pb.edu.pl\/rpkbialystok\/wp-json\/wp\/v2\/pages\/89"}],"wp:attachment":[{"href":"https:\/\/pb.edu.pl\/rpkbialystok\/wp-json\/wp\/v2\/media?parent=246"}],"curies":[{"name":"wp","href":"https:\/\/api.w.org\/{rel}","templated":true}]}}