{"id":232,"date":"2021-02-10T10:34:01","date_gmt":"2021-02-10T09:34:01","guid":{"rendered":"https:\/\/pb.edu.pl\/rpkbialystok\/?page_id=232"},"modified":"2021-02-10T10:34:01","modified_gmt":"2021-02-10T09:34:01","slug":"klaster-4-technologie-cyfrowe-przemysl-i-przestrzen-kosmiczna-digital-industry-and-space","status":"publish","type":"page","link":"https:\/\/pb.edu.pl\/rpkbialystok\/czym-jest-horyzont-europa\/filar-ii-globalne-wyzwania-i-europejska-konkurencyjnosc-przemyslowa\/klaster-4-technologie-cyfrowe-przemysl-i-przestrzen-kosmiczna-digital-industry-and-space\/","title":{"rendered":"KLASTER 4 Technologie cyfrowe, przemys\u0142 i przestrze\u0144 kosmiczna (Digital, Industry and Space)"},"content":{"rendered":"<p>Cyfryzacja i post\u0119p technologiczny, w tym technologie kosmiczne, wp\u0142ywaj\u0105 na wszystkie sektory gospodarki i spo\u0142ecze\u0144stwa. Zmieniaj\u0105 kierunki rozwoju przemys\u0142u oraz metody wytwarzania nowych produkt\u00f3w i us\u0142ug, jak r\u00f3wnie\u017c oddzia\u0142uj\u0105 na spos\u00f3b, w jaki \u017cyjemy, pracujemy i uczymy si\u0119. Technologie te maj\u0105 kluczowe znaczenie dla naszej przysz\u0142o\u015bci.<\/p>\n<p>Badania wspierane w ramach klastra 4. b\u0119d\u0105 przyczynia\u0107 si\u0119 do wsparcia dualnej transformacji przemys\u0142u europejskiego: cyfrowej oraz ekologicznej, przy zachowaniu suwerenno\u015bci technologii oraz skoncentrowanym na cz\u0142owieku, etycznym rozwoju.<\/p>\n<p>Badania i innowacje b\u0119d\u0105 ukierunkowane na globalne przyw\u00f3dztwo i autonomi\u0119 w strategicznych \u0142a\u0144cuchach warto\u015bci przy poszanowaniu granic naszej planety oraz maksymalizacji korzy\u015bci dla wszystkich grup spo\u0142ecznych, w\u0142\u0105czaj\u0105c w to r\u00f3\u017cnorodne konteksty spo\u0142eczne, gospodarcze i terytorialne w Europie.<\/p>\n<p>Proponowane dzia\u0142ania b\u0119d\u0105 mi\u0119dzy innymi obejmowa\u0107 wiod\u0105c\u0105 rol\u0119 w czystych, neutralnych klimatycznie, przemys\u0142owych \u0142a\u0144cuchach warto\u015bci, wsparcie dla gospodarki o obiegu zamkni\u0119tym, zapewnienie strategicznej autonomii w pozyskiwaniu i wykorzystywaniu surowc\u00f3w mineralnych, neutralne klimatycznie systemy i infrastruktury cyfrowe (sieci, centra danych), nowe modele biznesowe, zr\u00f3wnowa\u017cone projektowanie materia\u0142\u00f3w i produkt\u00f3w umo\u017cliwiaj\u0105ce dekarbonizacj\u0119 technologii przemys\u0142owych i cyfrowych.<\/p>\n<p>Du\u017cy nacisk b\u0119dzie k\u0142adziony na rozw\u00f3j wspomagaj\u0105cych technologii cyfrowych: sieci 6G, internetu, IoT, sztucznej inteligencji, robotyki, automatyki, technologii kwantowych oraz grafenu.<\/p>\n<p>W ramach tych konkurs\u00f3w finansowane b\u0119d\u0105 badania w nast\u0119puj\u0105cych obszarach, nazwanych <em>destinations:<\/em><\/p>\n<ul class=\"type-chevron\">\n<li>Neutralna dla klimatu, cyrkularna i zdigitalizowana produkcja<\/li>\n<li>Zdigitalizowany, zasobooszcz\u0119dny i odporny przemys\u0142<\/li>\n<li>Wiod\u0105ce na \u015bwiecie technologie danych i technologie obliczeniowe<\/li>\n<li>Cyfrowe i wzrastaj\u0105ce technologie zwi\u0119kszaj\u0105ce konkurencyjno\u015b\u0107 i przyczyniaj\u0105ce si\u0119 do ustanowienia zielonego \u0142adu<\/li>\n<li>Strategiczna autonomia w opracowaniu, wdra\u017caniu i wykorzystaniu z globalnej infrastruktury kosmicznej, us\u0142ug, aplikacji i danych<\/li>\n<li>Zorientowany na cz\u0142owieka i etyczny rozw\u00f3j technologii cyfrowych i przemys\u0142owych.<\/li>\n<\/ul>\n<p>Pierwsze konkursy w klastrze 4. s\u0105 planowane na <strong>drugi kwarta\u0142 2021 roku.<\/strong><\/p>\n","protected":false},"excerpt":{"rendered":"<p>Cyfryzacja i post\u0119p technologiczny, w tym technologie kosmiczne, wp\u0142ywaj\u0105 na wszystkie sektory gospodarki i spo\u0142ecze\u0144stwa.<\/p>\n","protected":false},"author":33,"featured_media":0,"parent":216,"menu_order":0,"comment_status":"closed","ping_status":"closed","template":"","meta":{"_acf_changed":false,"ngg_post_thumbnail":0,"footnotes":""},"class_list":["post-232","page","type-page","status-publish","hentry"],"acf":[],"_links":{"self":[{"href":"https:\/\/pb.edu.pl\/rpkbialystok\/wp-json\/wp\/v2\/pages\/232","targetHints":{"allow":["GET"]}}],"collection":[{"href":"https:\/\/pb.edu.pl\/rpkbialystok\/wp-json\/wp\/v2\/pages"}],"about":[{"href":"https:\/\/pb.edu.pl\/rpkbialystok\/wp-json\/wp\/v2\/types\/page"}],"author":[{"embeddable":true,"href":"https:\/\/pb.edu.pl\/rpkbialystok\/wp-json\/wp\/v2\/users\/33"}],"replies":[{"embeddable":true,"href":"https:\/\/pb.edu.pl\/rpkbialystok\/wp-json\/wp\/v2\/comments?post=232"}],"version-history":[{"count":0,"href":"https:\/\/pb.edu.pl\/rpkbialystok\/wp-json\/wp\/v2\/pages\/232\/revisions"}],"up":[{"embeddable":true,"href":"https:\/\/pb.edu.pl\/rpkbialystok\/wp-json\/wp\/v2\/pages\/216"}],"wp:attachment":[{"href":"https:\/\/pb.edu.pl\/rpkbialystok\/wp-json\/wp\/v2\/media?parent=232"}],"curies":[{"name":"wp","href":"https:\/\/api.w.org\/{rel}","templated":true}]}}