{"id":228,"date":"2021-02-10T10:25:55","date_gmt":"2021-02-10T09:25:55","guid":{"rendered":"https:\/\/pb.edu.pl\/rpkbialystok\/?page_id=228"},"modified":"2021-02-10T10:25:55","modified_gmt":"2021-02-10T09:25:55","slug":"klaster-1-zdrowie-health","status":"publish","type":"page","link":"https:\/\/pb.edu.pl\/rpkbialystok\/czym-jest-horyzont-europa\/filar-ii-globalne-wyzwania-i-europejska-konkurencyjnosc-przemyslowa\/klaster-1-zdrowie-health\/","title":{"rendered":"KLASTER 1 Zdrowie (Health)"},"content":{"rendered":"<p>Europejski filar Praw Socjalnych stanowi, \u017ce ka\u017cdy ma prawo do szybkiego dost\u0119pu do przyst\u0119pnej cenowo, umo\u017cliwiaj\u0105cej prewencj\u0119 i w\u0142a\u015bciwe terapie opieki zdrowotnej dobrej jako\u015bci. Podkre\u015bla to zaanga\u017cowanie UE w realizacj\u0119 Cel\u00f3w Zr\u00f3wnowa\u017conego Rozwoju ONZ, w kt\u00f3rych wzywa si\u0119 do powszechnego ubezpieczenia zdrowotnego dla wszystkich w ka\u017cdym wieku do 2030 roku.<\/p>\n<p>Promowanie integracji spo\u0142ecznej oraz zdrowia i dobrobytu jej mieszka\u0144c\u00f3w to g\u0142\u00f3wne cele polityk i program\u00f3w Unii Europejskiej, w tym klastra Zdrowie programu Horyzont Europa.<\/p>\n<p>Program <strong>EU4Health<\/strong> ma by\u0107 instrumentem inwestycyjnym zapewniaj\u0105cym, \u017ce UE pozostanie najzdrowszym regionem na \u015bwiecie, dysponuj\u0105c narz\u0119dziami umo\u017cliwiaj\u0105cymi sprostanie wyzwaniom zdrowotnym na szczeblu krajowym i europejskim. Aby zapewni\u0107 maksymalne synergie mi\u0119dzy tymi programami Horyzont Europa skoncentruje si\u0119 na tworzeniu nowej wiedzy, podczas gdy program EU4Health b\u0119dzie koncentrowa\u0142 si\u0119 na jak najlepszym wykorzystaniu tej wiedzy. Dodatkowo europejski plan dzia\u0142ania na rzecz walki z rakiem (<strong>Europe\u2019s Beating Cancer Action Plan<\/strong>) b\u0119dzie wspiera\u0142 pa\u0144stwa cz\u0142onkowskie w ulepszaniu profilaktyki, kontroli i opieki w zakresie chor\u00f3b nowotworowych. Kryzys wywo\u0142any przez Covid-19 uwypukli\u0142 konieczno\u015b\u0107 przyj\u0119cia podej\u015bcia \u201eJedno zdrowie\u201d (w ramach Europejskiego Zielonego \u0141adu) w walce z wp\u0142ywem degradacji \u015brodowiska, zanieczyszcze\u0144, utraty r\u00f3\u017cnorodno\u015bci biologicznej i zmian klimatu na zdrowie i dobrostan obywateli, a tak\u017ce na systemy opieki zdrowotnej.<\/p>\n<p>Dzia\u0142ania w zakresie bada\u0144 i innowacji w ramach klastra Zdrowie b\u0119d\u0105 mia\u0142y kluczowe znaczenie dla sprostania wyzwaniom zwi\u0105zanym ze zdrowiem poprzez pog\u0142\u0119bianie wiedzy, popraw\u0119 naszego zrozumienia zdrowia i chor\u00f3b, opracowywanie innowacyjnych rozwi\u0105za\u0144 metodologicznych i technologicznych w celu lepszego zarz\u0105dzania zdrowiem i chorobami oraz osi\u0105gni\u0119ciu zr\u00f3wnowa\u017conego podej\u015bcia do cyfrowej transformacji oraz \u015bwiadczenie zintegrowanych, personalizowanych us\u0142ug zdrowotnych i opieku\u0144czych o lepszej dost\u0119pno\u015bci i lepszych wynikach zdrowotnych, wspieranych przez innowacje oparte na potrzebach i niezawodne \u0142a\u0144cuchy dostaw w Europie.<\/p>\n<p>W ramach klastra Zdrowie zdefiniowano sze\u015b\u0107 g\u0142\u00f3wnych obszar\u00f3w dzia\u0142a\u0144:<\/p>\n<ul>\n<li>Zdrowie na r\u00f3\u017cnych etapach \u017cycia<\/li>\n<li>Czynniki \u015brodowiskowe i spo\u0142eczne<\/li>\n<li>Choroby nie-zaka\u017ane i choroby rzadkie<\/li>\n<li>Choroby zaka\u017ane<\/li>\n<li>Narz\u0119dzia, technologie i rozwi\u0105zania cyfrowe w zdrowiu i opiece<\/li>\n<li>Systemy opieki zdrowotnej<\/li>\n<\/ul>\n<p>Natomiast w zgodnie z Planem Strategicznym na lata <strong>2021-2024<\/strong> Horyzontu Europa interwencje w zakresie bada\u0144 i innowacji w ramach klastra Zdrowie b\u0119d\u0105 ukierunkowane na nast\u0119puj\u0105ce sze\u015b\u0107 wyzwa\u0144 zwi\u0105zanych ze zdrowiem (<em>Destinations<\/em>):<\/p>\n<ul class=\"type-chevron\">\n<li>\n<div class=\"h4\">Zdrowie w zmieniaj\u0105cym si\u0119 spo\u0142ecze\u0144stwie<\/div>\n<\/li>\n<\/ul>\n<p>Obywatele pozostaj\u0105 w dobrym zdrowiu w szybko zmieniaj\u0105cym si\u0119 spo\u0142ecze\u0144stwie dzi\u0119ki zdrowszemu stylowi \u017cycia i \u015brodowisku, ulepszonej polityce zdrowotnej opartej na faktach oraz skuteczniejszym rozwi\u0105zaniom w zakresie promocji zdrowia i zapobiegania chorobom.<\/p>\n<ul class=\"type-chevron\">\n<li>\n<div class=\"h4\">\u017bycie i praca w \u015brodowisku prozdrowotnym<\/div>\n<\/li>\n<\/ul>\n<p>\u015arodowisko, w kt\u00f3rym \u017cyjemy i pracujemy, sprzyja zdrowiu i jest zr\u00f3wnowa\u017cone dzi\u0119ki lepszemu zrozumieniu \u015brodowiskowych, zawodowych, spo\u0142ecznych i ekonomicznych uwarunkowa\u0144 zdrowia.<\/p>\n<ul class=\"type-chevron\">\n<li>\n<div class=\"h4\">Zwalczanie chor\u00f3b i zmniejszanie obci\u0105\u017cenia chorobami<\/div>\n<\/li>\n<\/ul>\n<p>\u015awiadczeniodawcy s\u0105 w stanie zwalcza\u0107 choroby (choroby zaka\u017ane, w tym choroby zwi\u0105zane z ub\u00f3stwem i choroby zaniedbane, choroby niezaka\u017ane i rzadkie) dzi\u0119ki lepszemu ich zrozumieniu, zastosowaniu bardziej skutecznych i innowacyjnych technologii oraz lepszemu przygotowaniu na nadchodz\u0105ce epidemie.<\/p>\n<ul class=\"type-chevron\">\n<li>\n<div class=\"h4\">Zapewnienie dost\u0119pu do zr\u00f3wnowa\u017conej i wysokiej jako\u015bci opieki zdrowotnej<\/div>\n<\/li>\n<\/ul>\n<p>Systemy opieki zdrowotnej zapewniaj\u0105 r\u00f3wny dost\u0119p do innowacyjnej, zr\u00f3wnowa\u017conej i wysokiej jako\u015bci opieki zdrowotnej dzi\u0119ki opracowywaniu i wdra\u017caniu bezpiecznych, op\u0142acalnych i ukierunkowanych na ludzi rozwi\u0105za\u0144, ze szczeg\u00f3lnym uwzgl\u0119dnieniem zdrowia populacji, odporno\u015bci system\u00f3w opieki zdrowotnej oraz polityce zdrowotnej opartej na faktach.<\/p>\n<ul class=\"type-chevron\">\n<li>\n<div class=\"h4\">Wykorzystanie pe\u0142nego potencja\u0142u nowych narz\u0119dzi, technologii i rozwi\u0105za\u0144 cyfrowych dla zdrowego spo\u0142ecze\u0144stwa<\/div>\n<\/li>\n<\/ul>\n<p>Technologie zdrowotne, nowe narz\u0119dzia i rozwi\u0105zania cyfrowe s\u0105 skutecznie stosowane dzi\u0119ki ich integracyjnemu, bezpiecznemu i etycznemu rozwojowi, integracji i wdra\u017caniu w politykach zdrowotnych oraz systemach opieki zdrowotnej.<\/p>\n<ul class=\"type-chevron\">\n<li>\n<div class=\"h4\">Zr\u00f3wnowa\u017cony i globalnie konkurencyjny przemys\u0142 medyczny<\/div>\n<\/li>\n<\/ul>\n<p>Przemys\u0142 zdrowotny w UE jest bardziej innowacyjny, zr\u00f3wnowa\u017cony i konkurencyjny w skali globalnej dzi\u0119ki lepszemu rozpowszechnianiu prze\u0142omowych technologii i innowacji.<\/p>\n<p>Dzia\u0142ania w zakresie ochrony zdrowia obywateli UE b\u0119d\u0105 te\u017c wspierane w ramach <strong><a href=\"https:\/\/www.kpk.gov.pl\/horyzont-europa\/misje-ue\/cancer\">misji Cancer<\/a>.<\/strong><\/p>\n","protected":false},"excerpt":{"rendered":"<p>Europejski filar Praw Socjalnych stanowi, \u017ce ka\u017cdy ma prawo do szybkiego dost\u0119pu do przyst\u0119pnej cenowo,<\/p>\n","protected":false},"author":33,"featured_media":0,"parent":216,"menu_order":0,"comment_status":"closed","ping_status":"closed","template":"","meta":{"_acf_changed":false,"ngg_post_thumbnail":0,"footnotes":""},"class_list":["post-228","page","type-page","status-publish","hentry"],"acf":[],"_links":{"self":[{"href":"https:\/\/pb.edu.pl\/rpkbialystok\/wp-json\/wp\/v2\/pages\/228","targetHints":{"allow":["GET"]}}],"collection":[{"href":"https:\/\/pb.edu.pl\/rpkbialystok\/wp-json\/wp\/v2\/pages"}],"about":[{"href":"https:\/\/pb.edu.pl\/rpkbialystok\/wp-json\/wp\/v2\/types\/page"}],"author":[{"embeddable":true,"href":"https:\/\/pb.edu.pl\/rpkbialystok\/wp-json\/wp\/v2\/users\/33"}],"replies":[{"embeddable":true,"href":"https:\/\/pb.edu.pl\/rpkbialystok\/wp-json\/wp\/v2\/comments?post=228"}],"version-history":[{"count":0,"href":"https:\/\/pb.edu.pl\/rpkbialystok\/wp-json\/wp\/v2\/pages\/228\/revisions"}],"up":[{"embeddable":true,"href":"https:\/\/pb.edu.pl\/rpkbialystok\/wp-json\/wp\/v2\/pages\/216"}],"wp:attachment":[{"href":"https:\/\/pb.edu.pl\/rpkbialystok\/wp-json\/wp\/v2\/media?parent=228"}],"curies":[{"name":"wp","href":"https:\/\/api.w.org\/{rel}","templated":true}]}}