{"id":216,"date":"2021-02-10T09:52:23","date_gmt":"2021-02-10T08:52:23","guid":{"rendered":"https:\/\/pb.edu.pl\/rpkbialystok\/?page_id=216"},"modified":"2021-03-16T13:05:02","modified_gmt":"2021-03-16T12:05:02","slug":"filar-ii-globalne-wyzwania-i-europejska-konkurencyjnosc-przemyslowa","status":"publish","type":"page","link":"https:\/\/pb.edu.pl\/rpkbialystok\/czym-jest-horyzont-europa\/filar-ii-globalne-wyzwania-i-europejska-konkurencyjnosc-przemyslowa\/","title":{"rendered":"Filar II &#8211; Globalne wyzwania i europejska konkurencyjno\u015b\u0107 przemys\u0142owa"},"content":{"rendered":"<div class=\"h2\">(<em>Global challenges European industrial competitiveness<\/em>)<\/div>\n<p>Drugim filarem programu Horyzont Europa s\u0105 badania oparte na wsp\u00f3\u0142pracy w zakresie wyzwa\u0144 spo\u0142ecznych, przed kt\u00f3rymi stoi Europa, oraz wzmacnianie potencja\u0142u technologicznego i przemys\u0142owego poprzez tematyczne grupy polityk (klastry) dotycz\u0105ce ca\u0142ego spektrum globalnych wyzwa\u0144.<\/p>\n<h4>II filar obejmuje nast\u0119puj\u0105ce klastry:<\/h4>\n<ul class=\"type-chevron\">\n<li><a href=\"https:\/\/www.kpk.gov.pl\/horyzont-europa\/klastry\/zdrowie\" target=\"_blank\" rel=\"noopener noreferrer\">Zdrowie<\/a><\/li>\n<li><a href=\"https:\/\/www.kpk.gov.pl\/horyzont-europa\/klastry\/kultura\" target=\"_blank\" rel=\"noopener noreferrer\">Kultura, kreatywno\u015b\u0107 i spo\u0142ecze\u0144stwo integracyjne<\/a><\/li>\n<li><a href=\"https:\/\/www.kpk.gov.pl\/horyzont-europa\/klastry\/digital-industry-space\" target=\"_blank\" rel=\"noopener noreferrer\">Technologie cyfrowe, przemys\u0142, przestrze\u0144 kosmiczna<\/a><\/li>\n<li><a href=\"https:\/\/www.kpk.gov.pl\/horyzont-europa\/klastry\/civil-security\" target=\"_blank\" rel=\"noopener noreferrer\">Bezpiecze\u0144stwo cywilne na rzecz spo\u0142ecze\u0144stwa<\/a><\/li>\n<li><a href=\"https:\/\/he.kpk.gov.pl\/klimat-energia-mobilnosc\" target=\"_blank\" rel=\"noopener noreferrer\">Klimat, energia, mobilno\u015b\u0107<\/a><\/li>\n<li><a href=\"https:\/\/www.kpk.gov.pl\/horyzont-europa\/klastry\/zywnosc-biogospodarka-zasoby-naturalne-rolnictwo-srodowisko\" target=\"_blank\" rel=\"noopener noreferrer\">\u017bywno\u015b\u0107, biogospodarka, zasoby naturalne, rolnictwo i \u015brodowisko<\/a>.<\/li>\n<\/ul>\n<p>Dzia\u0142ania w klastrach wzmocni doradztwo naukowe, wsparcie techniczne i specjalne badania prowadzone przez <strong>Wsp\u00f3lne Centrum Badawcze<\/strong> (<em>Joint Research Centre<\/em> \u2013 JRC), s\u0142u\u017cb\u0119 naukow\u0105 Komisji Europejskiej.<\/p>\n","protected":false},"excerpt":{"rendered":"<p>(Global challenges European industrial competitiveness) Drugim filarem programu Horyzont Europa s\u0105 badania oparte na wsp\u00f3\u0142pracy<\/p>\n","protected":false},"author":33,"featured_media":0,"parent":89,"menu_order":0,"comment_status":"closed","ping_status":"closed","template":"","meta":{"_acf_changed":false,"ngg_post_thumbnail":0,"footnotes":""},"class_list":["post-216","page","type-page","status-publish","hentry"],"acf":[],"_links":{"self":[{"href":"https:\/\/pb.edu.pl\/rpkbialystok\/wp-json\/wp\/v2\/pages\/216","targetHints":{"allow":["GET"]}}],"collection":[{"href":"https:\/\/pb.edu.pl\/rpkbialystok\/wp-json\/wp\/v2\/pages"}],"about":[{"href":"https:\/\/pb.edu.pl\/rpkbialystok\/wp-json\/wp\/v2\/types\/page"}],"author":[{"embeddable":true,"href":"https:\/\/pb.edu.pl\/rpkbialystok\/wp-json\/wp\/v2\/users\/33"}],"replies":[{"embeddable":true,"href":"https:\/\/pb.edu.pl\/rpkbialystok\/wp-json\/wp\/v2\/comments?post=216"}],"version-history":[{"count":0,"href":"https:\/\/pb.edu.pl\/rpkbialystok\/wp-json\/wp\/v2\/pages\/216\/revisions"}],"up":[{"embeddable":true,"href":"https:\/\/pb.edu.pl\/rpkbialystok\/wp-json\/wp\/v2\/pages\/89"}],"wp:attachment":[{"href":"https:\/\/pb.edu.pl\/rpkbialystok\/wp-json\/wp\/v2\/media?parent=216"}],"curies":[{"name":"wp","href":"https:\/\/api.w.org\/{rel}","templated":true}]}}