{"id":202,"date":"2021-02-10T09:39:35","date_gmt":"2021-02-10T08:39:35","guid":{"rendered":"https:\/\/pb.edu.pl\/rpkbialystok\/?page_id=202"},"modified":"2021-02-10T09:45:36","modified_gmt":"2021-02-10T08:45:36","slug":"dzialania-marii-sklodowskiej-curie-msca","status":"publish","type":"page","link":"https:\/\/pb.edu.pl\/rpkbialystok\/czym-jest-horyzont-europa\/filar-i-doskonala-baza-naukowa\/dzialania-marii-sklodowskiej-curie-msca\/","title":{"rendered":"Dzia\u0142ania Marii Sk\u0142odowskiej-Curie \u2013 MSCA"},"content":{"rendered":"<p><img loading=\"lazy\" decoding=\"async\" class=\"aligncenter size-full wp-image-203\" src=\"https:\/\/pb.edu.pl\/rpkbialystok\/wp-content\/uploads\/sites\/59\/2021\/02\/Marie-Sklodowska-Curie-Actions-300x209-1.jpg\" alt=\"\" width=\"300\" height=\"209\"><\/p>\n<p>Program (<em>Marie Sk\u0142odowska-Curie Actions<\/em> \u2013 MSCA) wspiera naukowc\u00f3w b\u0119d\u0105cych na r\u00f3\u017cnych etapach kariery zawodowej, finansuj\u0105c prace badawcze oraz szkolenia prowadzone w Europie i krajach pozaeuropejskich. Jednocze\u015bnie umo\u017cliwia instytucjom zatrudnianie badaczy i udzia\u0142 ich pracownik\u00f3w w mi\u0119dzynarodowych projektach badawczo-szkoleniowych. Projekty mog\u0105 by\u0107 realizowane w ka\u017cdej dyscyplinie naukowej i dotyczy\u0107 zar\u00f3wno bada\u0144 podstawowych jak i aplikacyjnych. Podstawowym wymogiem jest <strong>mi\u0119dzynarodowa mobilno\u015b\u0107 naukowc\u00f3w<\/strong>.<\/p>\n<div class=\"h4\"><a title=\"\" href=\"https:\/\/pb.edu.pl\/rpkbialystok\/wp-content\/uploads\/sites\/59\/2021\/02\/MSCA-Facts-and-Figures.pdf\" target=\"_blank\" rel=\"noopener\">Raport Komisji Europejskiej \u2013 MSCA w liczbach.<\/a><\/div>\n<div class=\"h4\">ADRESACI<\/div>\n<ul>\n<li>indywidualni naukowcy<\/li>\n<li>instytucje naukowe (uczelnie, instytuty badawcze)<\/li>\n<li>przedsi\u0119biorstwa (w tym M\u015aP)<\/li>\n<li>organizacje pozarz\u0105dowe, szpitale, muzea, stowarzyszenia, banki\u2026<\/li>\n<li>organizacje mi\u0119dzynarodowe<\/li>\n<li><a title=\"Strona otworzy si\u0119 w nowym oknie\" href=\"https:\/\/pb.edu.pl\/rpkbialystok\/horyzont-europa\/o-horyzoncie-europa\/znajdz-swoj-obszar-w-he\/wspolne-centrum-badawcze-jrc\/\" target=\"_blank\" rel=\"noopener\">Wsp\u00f3lne Centrum Badawcze KE<\/a><\/li>\n<\/ul>\n<p><strong>Instytucja<\/strong> mo\u017ce mie\u0107 status:<strong>(1) beneficjenta<\/strong>. Wi\u0105\u017ce si\u0119 to z podpisaniem umowy grantowej z KE, zatrudnianiem naukowc\u00f3w i bezpo\u015brednim otrzymywaniem funduszy z KE<strong>(2) organizacji partnerskiej<\/strong>, kt\u00f3ra szkoli i przyjmuje naukowc\u00f3w na sta\u017ce\/praktyki, a koszty jej udzia\u0142u s\u0105 pokrywane przez jednego z beneficjent\u00f3w.<\/p>\n<p><strong>Naukowcy<\/strong>(ka\u017cdej narodowo\u015bci i z dowolnego kraju) musz\u0105 mie\u0107 uprawnienia do rozpocz\u0119cia studi\u00f3w doktoranckich\/ otwarcia przewodu doktorskiego. W momencie ubiegania si\u0119 o grant mog\u0105 nie by\u0107 zatrudnieni w \u017cadnej instytucji. D\u0142ugo\u015b\u0107 sta\u017cu naukowego warunkuje przypisanie do odpowiedniej kategorii naukowca i udzia\u0142 w danym typie MSCA:<strong>(1) pocz\u0105tkuj\u0105cy naukowcy<\/strong> \u2013 do 4 lat sta\u017cu po uzyskaniu tytu\u0142u magistra, <strong>(2) do\u015bwiadczeni naukowcy<\/strong> \u2013 stopie\u0144 doktora lub powy\u017cej 4 lat sta\u017cu naukowego po uzyskaniu tytu\u0142u magistra.<\/p>\n<div class=\"h4\">OG\u00d3LNE CECHY PROGRAMU<\/div>\n<ul>\n<li><strong>obszary i tematy badawcze<\/strong> proponuj\u0105 aplikuj\u0105ce instytucje i naukowcy. Projekty s\u0105 oceniane w kilku panelach tematycznych przez 3 niezale\u017cnych ekspert\u00f3w;<\/li>\n<li>naukowcy korzystaj\u0105cy z MSCA musz\u0105 spe\u0142nia\u0107 <strong>regu\u0142\u0119 mobilno\u015bci m\u00f3wi\u0105c\u0105, \u017ce nie mog\u0105 oni realizowa\u0107 grantu w kraju, w kt\u00f3rym przebywali d\u0142u\u017cej ni\u017c 12 miesi\u0119cy w ci\u0105gu ostatnich trzech lat w momencie zamkni\u0119cia konkursu;<\/strong><\/li>\n<li>nacisk k\u0142adziony jest na <strong>aktywny udzia\u0142 sektora nieakademickiego<\/strong> oraz na rozwijanie innowacyjnych kompetencji naukowc\u00f3w;<\/li>\n<li><strong>bud\u017cety projekt\u00f3w MSCA<\/strong> tworzone s\u0105 automatycznie na podstawie liczby osobo-miesi\u0119cy na jakie przyjmowani s\u0105 naukowcy oraz stawek okre\u015blonych przez KE dla kategorii: (1) wynagrodzenie naukowc\u00f3w, (2) realizacja bada\u0144, organizacja i uczestnictwo w konferencjach, szkoleniach i kursach, (3) zarz\u0105dzanie i koszty po\u015brednie;<\/li>\n<li><strong>wnioski sk\u0142adane s\u0105 elektroniczne <\/strong>do KE poprzez portal <em>Funding Tender opportunities.<\/em><\/li>\n<li>przy ocenie i realizacji projekt\u00f3w brane s\u0105 pod uwag\u0119 oferowane warunki pracy, przejrzysto\u015b\u0107 rekrutacji oraz mo\u017cliwo\u015bci rozwoju kariery w oparciu o zapisy <a title=\"Strona otworzy si\u0119 w nowym oknie\" href=\"https:\/\/www.euraxess.pl\/pl\/poland\/naukowcy\/karta-i-kodeksnaukowcy\" target=\"_blank\" rel=\"noopener\"><strong>Europejskiej Karty Naukowca i Kodeksu post\u0119powania przy rekrutacji pracownik\u00f3w naukowych<\/strong><\/a>.<\/li>\n<\/ul>\n<div class=\"h4\">TYPY PROJEKT\u00d3W<\/div>\n<div class=\"h5\">Marie Sk\u0142odowska-Curie DOCTORAL NETWORKS<\/div>\n<p>Projekty sk\u0142adane przez mi\u0119dzynarodowe konsorcja maj\u0105 na celu wyszkolenie kreatywnych i przedsi\u0119biorczych ; naukowc\u00f3w rozwi\u0105zuj\u0105cych aktualne wyzwania i wykorzystuj\u0105cych wiedz\u0119 do tworzenia nowych produkt\u00f3w i us\u0142ug. Celem jest tak\u017ce zwi\u0119kszenie mo\u017cliwo\u015bci ich zatrudnienia w r\u00f3\u017cnych sektorach w wyniku (1) prowadzenia przez nich prac badawczych, (2) udzia\u0142u w sta\u017cach i szkoleniach (3) rozwijania i poszerzania dodatkowych umiej\u0119tno\u015bci, w r\u00f3\u017cnych sektorach, krajach i dyscyplinach. <strong>Ka\u017cdy naukowiec zatrudniony w projekcie Doctoral Networks musi by\u0107 jednocze\u015bnie uczestnikiem szko\u0142y doktorskiej.<\/strong><\/p>\n<div class=\"h5\">Marie Sk\u0142odowska-Curie STAFF EXCHANGES<\/div>\n<p>Projekty badawczo-innowacyjne realizowane poprzez wymian\u0119 pracownik\u00f3w (naukowcy, w tym doktoranci oraz kadra zarz\u0105dzaj\u0105ca, administracyjna i techniczna) pomi\u0119dzy instytucjami tworz\u0105cymi konsorcjum projektu. Celem s\u0105 badania naukowe realizowane wsp\u00f3lnie przez konsorcjum, a tak\u017ce wymiana wiedzy i pomys\u0142\u00f3w (na ka\u017cdym etapie \u0142a\u0144cucha innowacji) przynosz\u0105cych nowe rozwi\u0105zania, produkty i us\u0142ugi oraz przyczyniaj\u0105ce si\u0119 do rozwoju innowacji oraz mi\u0119dzynarodowej, mi\u0119dzysektorowej i interdyscyplinarnej wsp\u00f3\u0142pracy.<\/p>\n<div class=\"h5\">Marie Sk\u0142odowska-Curie COFUND<\/div>\n<p>Wsp\u00f3\u0142finansowanie przez KE istniej\u0105cych lub nowotworzonych program\u00f3w grantowych ma na celu zwi\u0119kszenie puli i dost\u0119pno\u015bci grant\u00f3w dla naukowc\u00f3w. Programy powinny by\u0107 ukierunkowane na mi\u0119dzynarodowe, mi\u0119dzysektorowe, interdyscyplinarne badania i szkolenia oraz mi\u0119dzynarodow\u0105 i mi\u0119dzysektorow\u0105 mobilno\u015b\u0107 naukowc\u00f3w. Fundusze mo\u017cna uzyska\u0107 na programy skierowane do naukowc\u00f3w na ka\u017cdym etapie kariery naukowej.<\/p>\n<div class=\"h5\">Marie Sk\u0142odowska-Curie POSTDOCTORAL FELLOWSHIPS <\/div>\n<p>Indywidualne granty badawczo-szkoleniowe dla naukowc\u00f3w ze stopniem doktora i<strong>do\u015bwiadczeniem nie d\u0142u\u017cszym ni\u017c 8 lat od momentu jego uzyskania. <\/strong>Maj\u0105 one na celu rozw\u00f3j kreatywno\u015bci i innowacyjnego potencja\u0142u naukowc\u00f3w do uzyskania nowych umiej\u0119tno\u015bci poprzez prac\u0119 nad indywidualnym interdyscyplinarnym projektem badawczo-szkoleniowym oraz mobilno\u015b\u0107 mi\u0119dzynarodow\u0105 i mi\u0119dzysektorow\u0105.<\/p>\n<div class=\"h5\">Marie Sk\u0142odowska-Curie and Citizens<\/div>\n<p>Celem dzia\u0142ania jest organizacja Nocy Naukowc\u00f3w i zwi\u0119kszanie \u015bwiadomo\u015bci spo\u0142ecznej w zakresie dzia\u0142a\u0144 badawczych i innowacyjnych prowadzonych w Unii Europejskiej oraz zach\u0119canie m\u0142odych ludzi do podejmowania kariery naukowej. Realizowane projekty powinny r\u00f3wnie\u017c promowa\u0107 rol\u0119 naukowc\u00f3w w spo\u0142ecze\u0144stwie i gospodarce, a tak\u017ce znaczenie bada\u0144 naukowych w \u017cyciu codziennym.<\/p>\n<p>Wi\u0119cej informacji na stronie <a title=\"Strona otworzy si\u0119 w nowym oknie\" href=\"https:\/\/ec.europa.eu\/research\/mariecurieactions\/\" target=\"_blank\" rel=\"noopener noreferrer\">MSCA<\/a>.<\/p>\n","protected":false},"excerpt":{"rendered":"<p>Program (Marie Sk\u0142odowska-Curie Actions \u2013 MSCA) wspiera naukowc\u00f3w b\u0119d\u0105cych na r\u00f3\u017cnych etapach kariery zawodowej, finansuj\u0105c<\/p>\n","protected":false},"author":33,"featured_media":0,"parent":198,"menu_order":0,"comment_status":"closed","ping_status":"closed","template":"","meta":{"_acf_changed":false,"ngg_post_thumbnail":0,"footnotes":""},"class_list":["post-202","page","type-page","status-publish","hentry"],"acf":[],"_links":{"self":[{"href":"https:\/\/pb.edu.pl\/rpkbialystok\/wp-json\/wp\/v2\/pages\/202","targetHints":{"allow":["GET"]}}],"collection":[{"href":"https:\/\/pb.edu.pl\/rpkbialystok\/wp-json\/wp\/v2\/pages"}],"about":[{"href":"https:\/\/pb.edu.pl\/rpkbialystok\/wp-json\/wp\/v2\/types\/page"}],"author":[{"embeddable":true,"href":"https:\/\/pb.edu.pl\/rpkbialystok\/wp-json\/wp\/v2\/users\/33"}],"replies":[{"embeddable":true,"href":"https:\/\/pb.edu.pl\/rpkbialystok\/wp-json\/wp\/v2\/comments?post=202"}],"version-history":[{"count":0,"href":"https:\/\/pb.edu.pl\/rpkbialystok\/wp-json\/wp\/v2\/pages\/202\/revisions"}],"up":[{"embeddable":true,"href":"https:\/\/pb.edu.pl\/rpkbialystok\/wp-json\/wp\/v2\/pages\/198"}],"wp:attachment":[{"href":"https:\/\/pb.edu.pl\/rpkbialystok\/wp-json\/wp\/v2\/media?parent=202"}],"curies":[{"name":"wp","href":"https:\/\/api.w.org\/{rel}","templated":true}]}}