{"id":195,"date":"2021-02-10T09:09:55","date_gmt":"2021-02-10T08:09:55","guid":{"rendered":"https:\/\/pb.edu.pl\/rpkbialystok\/?page_id=195"},"modified":"2021-02-10T09:16:29","modified_gmt":"2021-02-10T08:16:29","slug":"europejska-rada-ds-badan-naukowych","status":"publish","type":"page","link":"https:\/\/pb.edu.pl\/rpkbialystok\/czym-jest-horyzont-europa\/filar-i-doskonala-baza-naukowa\/europejska-rada-ds-badan-naukowych\/","title":{"rendered":"Europejska Rada ds. Bada\u0144 Naukowych"},"content":{"rendered":"<p><img loading=\"lazy\" decoding=\"async\" class=\"aligncenter wp-image-196\" src=\"https:\/\/pb.edu.pl\/rpkbialystok\/wp-content\/uploads\/sites\/59\/2021\/02\/LOGO-ERC.jpg\" alt=\"Logo Europejskiej Rady ds. Bada\u0144\" width=\"400\" height=\"383\" srcset=\"https:\/\/pb.edu.pl\/rpkbialystok\/wp-content\/uploads\/sites\/59\/2021\/02\/LOGO-ERC.jpg 603w, https:\/\/pb.edu.pl\/rpkbialystok\/wp-content\/uploads\/sites\/59\/2021\/02\/LOGO-ERC-300x287.jpg 300w\" sizes=\"auto, (max-width: 400px) 100vw, 400px\" \/><\/p>\n<p>Europejska Rada ds. Bada\u0144 Naukowych (<a href=\"http:\/\/erc.europa.eu\/\" target=\"_blank\" rel=\"noopener noreferrer\"><i>European Research Council \u2013 ERC<\/i><\/a>) wspiera tw\u00f3rcze i nowatorskie pomys\u0142y badawcze we wszystkich dziedzinach wiedzy. Wysoko cenione s\u0105 projekty interdyscyplinarne, o wysokim stopniu ryzyka naukowego, prowadz\u0105ce do wa\u017cnych odkry\u0107 i prze\u0142omowych wynik\u00f3w. Klasyczny podzia\u0142 na badania podstawowe i stosowane nie ma znaczenia: badania musz\u0105 mie\u0107 charakter poznawczy, pionierski, przekracza\u0107 obecne granice wiedzy.<\/p>\n<p>ERC sk\u0142ada si\u0119 z niezale\u017cnej Rady Naukowej oraz Agencji Wykonawczej (<i>European Research Council Executive Agency \u2013 ERCEA<\/i>). Cz\u0142onkowie Rady Naukowej \u2013 20 najwy\u017cszej rangi przedstawicieli europejskiego \u015brodowiska naukowego \u2013 dzia\u0142aj\u0105 we w\u0142asnym imieniu, niezale\u017cnie od interes\u00f3w politycznych lub narodowych. Przewodnicz\u0105cym jest prof. Jean-Pierre Bourguignon.<\/p>\n<p>Rada Naukowa okre\u015bla specyfik\u0119 grant\u00f3w i poziom ich finansowania, opracowuje roczny program prac, ustala procedur\u0119 oceny wniosk\u00f3w, powo\u0142uje ekspert\u00f3w oceniaj\u0105cych wnioski, a tak\u017ce monitoruje wdro\u017cenie programu z naukowego punktu widzenia.<\/p>\n<p>ERC finansuje kilka rodzaj\u00f3w&nbsp;<b>grant\u00f3w badawczych:<\/b><\/p>\n<ul>\n<li><a href=\"https:\/\/www.kpk.gov.pl\/horyzont-europa\/excelence-science\/erc-frontier-research\/starting-grant\"><i>ERC Starting Grant<\/i><\/a>&nbsp;\u2013 dla pocz\u0105tkuj\u0105cych naukowc\u00f3w, 2-7 lat po doktoracie: do 1,5 mln euro na projekt trwaj\u0105cy do 5 lat,<\/li>\n<li><a href=\"https:\/\/www.kpk.gov.pl\/horyzont-europa\/excelence-science\/erc-frontier-research\/consolidator-grant\"><i>ERC Consolidator Grant<\/i><\/a>&nbsp;\u2013 dla naukowc\u00f3w u progu samodzielno\u015bci badawczej, 7-12 lat po doktoracie: do 2 mln euro na projekt trwaj\u0105cy do 5 lat,<\/li>\n<li><a href=\"https:\/\/www.kpk.gov.pl\/horyzont-europa\/excelence-science\/erc-frontier-research\/advanced-grant\"><i>ERC Advanced Grant<\/i><\/a>&nbsp;\u2013 dla naukowc\u00f3w do\u015bwiadczonych, o uznanym dorobku naukowym: do 2,5 mln euro na projekt trwaj\u0105cy do 5 lat.<\/li>\n<\/ul>\n<p>Zwi\u0119kszenie bud\u017cetu o 1 mln euro, mo\u017cliwe jest w trzech przypadkach:<\/p>\n<ol>\n<li>przyjazdu lidera projektu z kraju trzeciego do Unii Europejskiej lub kraju stowarzyszonego,<\/li>\n<li>zakupu aparatury badawczej o znacznej warto\u015bci,<\/li>\n<li>konieczno\u015bci dost\u0119pu do specjalnej infrastruktury badawczej.<\/li>\n<\/ol>\n<ul>\n<li><a href=\"https:\/\/www.kpk.gov.pl\/horyzont-europa\/excelence-science\/erc-frontier-research\/synergy-grant\" rel=\"noopener noreferrer\"><em>ERC Synergy Grant<\/em><\/a>&nbsp;\u2013 dla 2-4 lider\u00f3w (<em>PIs<\/em>) i ich zespo\u0142\u00f3w z r\u00f3\u017cnych, uzupe\u0142niaj\u0105cych si\u0119 dziedzin, dla wsp\u00f3lnego rozwi\u0105zywania ambitnych problem\u00f3w badawczych: do 10 mln euro na projekt trwaj\u0105cy do 6 lat. We wniosku nale\u017cy wykaza\u0107, \u017ce osi\u0105gni\u0119cie prze\u0142omowych wynik\u00f3w proponowanych bada\u0144 nie jest mo\u017cliwe w pojedynk\u0119, a tylko we wsp\u00f3\u0142dzia\u0142aniu lider\u00f3w.<\/li>\n<\/ul>\n<p>Zwi\u0119kszenie bud\u017cetu o 4 mln euro mo\u017cliwe jest w trzech wymienionych wy\u017cej przypadkach.<\/p>\n<p>Z funduszy projektu mo\u017cna pokry\u0107 wszelkie niezb\u0119dne koszty: wynagrodzenia dla lidera i cz\u0142onk\u00f3w zespo\u0142u, bada\u0144, aparatury (zgodnie z zasadami amortyzacji), odczynnik\u00f3w, podr\u00f3\u017cy, publikacji, op\u0142at konferencyjnych, zlece\u0144 zewn\u0119trznych, itp. oraz koszty po\u015brednie instytucji goszcz\u0105cej.<\/p>\n<p>Projekty s\u0105 inicjowane przez samych naukowc\u00f3w, a wykonywane pod kierunkiem lidera (<em>Principal Investigator<\/em>&nbsp;lub w przypadku&nbsp;<em>Synergy Grant \u2013&nbsp;<\/em><em>Corresponding Principal Investigator<\/em>). Lider mo\u017ce pracowa\u0107 samodzielnie (co zdarza si\u0119 wyj\u0105tkowo rzadko) b\u0105d\u017a stworzy\u0107 zesp\u00f3\u0142, w zale\u017cno\u015bci od dziedziny naukowej i specyfiki projektu.&nbsp;<strong>Zar\u00f3wno lider jak i cz\u0142onkowie zespo\u0142u mog\u0105 pochodzi\u0107 z dowolnego kraju \u015bwiata.<\/strong><\/p>\n<p>Projekty s\u0105 wykonywane w wybranej przez lidera instytucji goszcz\u0105cej, kt\u00f3ra&nbsp;<b>musi znajdowa\u0107 si\u0119 w jednym z kraj\u00f3w Unii Europejskiej lub kraj\u00f3w stowarzyszonych z programem Horyzont Europa.<\/b>&nbsp;Dla uczonych pracuj\u0105cych w tych krajach&nbsp;<b>mo\u017ce to by\u0107 instytucja macierzysta.<\/b><\/p>\n<p>Wniosek sk\u0142ada lider zespo\u0142u, w porozumieniu z instytucj\u0105 goszcz\u0105c\u0105, kt\u00f3ra zobowi\u0105zuje si\u0119 do zapewnienia liderowi wraz zespo\u0142em niezale\u017cno\u015bci badawczej i udzielenia wszelkiego wsparcia w czasie trwania projektu. Udzia\u0142 w projekcie innych instytucji wymaga uzasadnienia (oczywi\u015bcie nie w przypadku&nbsp;<em>Synergy Grant<\/em>).&nbsp; Wniosek sk\u0142ada si\u0119 drog\u0105 elektroniczn\u0105, poprzez portal<a href=\"https:\/\/ec.europa.eu\/info\/funding-tenders\/opportunities\/portal\/screen\/home\" target=\"_blank\" rel=\"noopener noreferrer\"><i> Funding &amp; Tenders<\/i><\/a>.<\/p>\n<p>Istniej\u0105 pewne&nbsp;<strong>ograniczenia<\/strong>&nbsp;dotycz\u0105ce wielokrotnego sk\u0142adania wniosk\u00f3w (ograniczenia te ulegaj\u0105 zmianom; nale\u017cy sprawdzi\u0107 aktualny Program Pracy lub Przewodnik dla wnioskodawc\u00f3w).<\/p>\n<p>Jedynym&nbsp;<strong>kryterium oceny<\/strong>&nbsp;jest jako\u015b\u0107 naukowa projektu, w rozbiciu na 2 elementy: osoba i dorobek lidera oraz naukowa warto\u015b\u0107 pomys\u0142u. Szczeg\u00f3\u0142y \u2013 w Programie Pracy.<\/p>\n<p>ERC finansuje tak\u017ce dwa dodatkowe rodzaje projekt\u00f3w:<\/p>\n<ul>\n<li>dla wykonawc\u00f3w ww. grant\u00f3w badawczych \u2013&nbsp;<em>Proof of Concept Grant<\/em>&nbsp;\u2013 na komercjalizacj\u0119 wynik\u00f3w bada\u0144 osi\u0105gni\u0119tych w projekcie ERC (do 150 000 euro),<\/li>\n<li>akcje koordynuj\u0105ce i wspieraj\u0105ce \u2013&nbsp;<em>Coordination and Support Actions<\/em>&nbsp;\u2013 projekty dla realizacji zada\u0144 okre\u015blonych przez Rad\u0119 Naukow\u0105.<\/li>\n<\/ul>\n","protected":false},"excerpt":{"rendered":"<p>Europejska Rada ds. Bada\u0144 Naukowych (European Research Council \u2013 ERC) wspiera tw\u00f3rcze i nowatorskie pomys\u0142y<\/p>\n","protected":false},"author":33,"featured_media":0,"parent":198,"menu_order":0,"comment_status":"closed","ping_status":"closed","template":"","meta":{"_acf_changed":false,"ngg_post_thumbnail":0,"footnotes":""},"class_list":["post-195","page","type-page","status-publish","hentry"],"acf":[],"_links":{"self":[{"href":"https:\/\/pb.edu.pl\/rpkbialystok\/wp-json\/wp\/v2\/pages\/195","targetHints":{"allow":["GET"]}}],"collection":[{"href":"https:\/\/pb.edu.pl\/rpkbialystok\/wp-json\/wp\/v2\/pages"}],"about":[{"href":"https:\/\/pb.edu.pl\/rpkbialystok\/wp-json\/wp\/v2\/types\/page"}],"author":[{"embeddable":true,"href":"https:\/\/pb.edu.pl\/rpkbialystok\/wp-json\/wp\/v2\/users\/33"}],"replies":[{"embeddable":true,"href":"https:\/\/pb.edu.pl\/rpkbialystok\/wp-json\/wp\/v2\/comments?post=195"}],"version-history":[{"count":0,"href":"https:\/\/pb.edu.pl\/rpkbialystok\/wp-json\/wp\/v2\/pages\/195\/revisions"}],"up":[{"embeddable":true,"href":"https:\/\/pb.edu.pl\/rpkbialystok\/wp-json\/wp\/v2\/pages\/198"}],"wp:attachment":[{"href":"https:\/\/pb.edu.pl\/rpkbialystok\/wp-json\/wp\/v2\/media?parent=195"}],"curies":[{"name":"wp","href":"https:\/\/api.w.org\/{rel}","templated":true}]}}