{"id":137,"date":"2021-01-22T12:57:21","date_gmt":"2021-01-22T11:57:21","guid":{"rendered":"https:\/\/pb.edu.pl\/rpkbialystok\/?page_id=137"},"modified":"2021-01-22T13:02:22","modified_gmt":"2021-01-22T12:02:22","slug":"wspolnoty-wiedzy-i-innowacji-kic","status":"publish","type":"page","link":"https:\/\/pb.edu.pl\/rpkbialystok\/inne-programy\/wspolnoty-wiedzy-i-innowacji-kic\/","title":{"rendered":"Wsp\u00f3lnoty Wiedzy i Innowacji \u2013 KIC"},"content":{"rendered":"<p><img loading=\"lazy\" decoding=\"async\" class=\"aligncenter size-full wp-image-135\" src=\"https:\/\/pb.edu.pl\/rpkbialystok\/wp-content\/uploads\/sites\/59\/2021\/01\/eit_master-300x133-1.jpg\" alt=\"logo eiit\" width=\"300\" height=\"133\"><\/p>\n<p><a title=\"Strona otworzy si\u0119 w nowym oknie\" href=\"https:\/\/eit.europa.eu\/\" target=\"_blank\" rel=\"noopener\">Europejski Instytut Innowacji i Technologii (EIT)<\/a>, z siedzib\u0105 g\u0142\u00f3wn\u0105 w Budapeszcie na W\u0119grzech, to niezale\u017cna jednostka UE maj\u0105ca za zadanie wzmacnianie innowacyjnego potencja\u0142u Europy poprzez wsparcie przedsi\u0119biorc\u00f3w i innowator\u00f3w.<\/p>\n<p>EIT poprawia konkurencyjno\u015b\u0107 Europy i wspiera jej zr\u00f3wnowa\u017cony rozw\u00f3j gospodarczy poprzez tworzenie nowych miejsc pracy, promowanie i wzmacnianie synergii mi\u0119dzy przedsi\u0119biorstwami, instytucjami edukacyjnymi oraz organizacjami badawczymi. Misj\u0105 EIT jest tworzenie \u015brodowiska sprzyjaj\u0105cego kreatywno\u015bci oraz warunk\u00f3w dla rozkwitu \u015bwiatowej klasy innowacji i przedsi\u0119biorczo\u015bci w Europie. Instytut stanowi cz\u0119\u015b\u0107 filaru III Horyzontu Europa \u2013 programu ramowego UE w zakresie bada\u0144 naukowych i innowacji.<\/p>\n<h4>Tr\u00f3jk\u0105t wiedzy<\/h4>\n<p>EIT tworzy \u201etr\u00f3jk\u0105t wiedzy\u201d &nbsp;\u0142\u0105cz\u0105c biznes, edukacj\u0119 i badania, u\u0142atwia powstawanie dynamicznych partnerstw transsektorowych.&nbsp; W tym celu powo\u0142ano Wsp\u00f3lnoty Wiedzy i Innowacji (<em>Knowledge and Innovation Communities<\/em>&nbsp;\u2013&nbsp;KIC), kt\u00f3re wspieraj\u0105 rozw\u00f3j innowacyjnych produkt\u00f3w i us\u0142ug oraz szkol\u0105 now\u0105 generacj\u0119 przedsi\u0119biorc\u00f3w.<\/p>\n<p>Obecnie dzia\u0142aj\u0105:<\/p>\n<ul>\n<li><a title=\"Strona otworzy si\u0119 w nowym oknie\" href=\"https:\/\/www.climate-kic.org\/\" target=\"_blank\" rel=\"noopener\">EIT Climat KIC<\/a> &#8211; zajmuje si\u0119 wyzwaniami zwi\u0105zanymi ze zmianami klimatu<\/li>\n<li><a title=\"Strona otworzy si\u0119 w nowym oknie\" href=\"https:\/\/www.eitdigital.eu\/\" target=\"_blank\" rel=\"noopener\">EIT Digital<\/a> &#8211; tworzy \u015bwiatowej klasy rozwi\u0105zania ICT<\/li>\n<li><a title=\"Strona otworzy si\u0119 w nowym oknie\" href=\"https:\/\/eitrawmaterials.eu\/\" target=\"_blank\" rel=\"noopener\">EIT RawMaterials<\/a> &#8211; zapewnia dost\u0119pno\u015b\u0107 i zr\u00f3wnowa\u017cone wykorzystanie surowc\u00f3w<\/li>\n<li><a title=\"Strona otworzy si\u0119 w nowym oknie\" href=\"https:\/\/eit.europa.eu\/our-communities\/eit-urban-mobility\" target=\"_blank\" rel=\"noopener\">EIT Urban Mobility<\/a> &#8211; s\u0142u\u017cy rozwijaniu nowoczesnego transportu miejskiego<\/li>\n<li><a title=\"Strona otworzy si\u0119 w nowym oknie\" href=\"https:\/\/eithealth.eu\/\" target=\"_blank\" rel=\"noopener\">EIT Health<\/a> &#8211; s\u0142u\u017cy poprawie jako\u015bci \u017cycia Europejczyk\u00f3w i stabilno\u015bci system\u00f3w opieki zdrowotnej<\/li>\n<li><a title=\"Strona otworzy si\u0119 w nowym oknie\" href=\"https:\/\/eit.europa.eu\/our-communities\/eit-innoenergy\" target=\"_blank\" rel=\"noopener\">EIT InnoEnergy<\/a> &#8211; zajmuje si\u0119 kwestiami zr\u00f3wnowa\u017conej energii<\/li>\n<li><a title=\"Strona otworzy si\u0119 w nowym oknie\" href=\"https:\/\/eit.europa.eu\/our-communities\/eit-food\" target=\"_blank\" rel=\"noopener\">EIT Food<\/a> &#8211; zapewnia zr\u00f3wnowa\u017cone i odporne na zmiany klimatu rozwi\u0105zania w sektorze spo\u017cywczym<\/li>\n<li><a title=\"Strona otworzy si\u0119 w nowym oknie\" href=\"https:\/\/eitmanufacturing.eu\/\" target=\"_blank\" rel=\"noopener\">EIT Manufacturing<\/a> &#8211; wzmacnia konkurencyjno\u015b\u0107 europejskiego przemys\u0142u<\/li>\n<li><a title=\"Strona otworzy si\u0119 w nowym oknie\" href=\"https:\/\/eitalumni.eu\/\" target=\"_blank\" rel=\"noopener\">EIT Alumni<\/a> &#8211; skupia przedsi\u0119biorc\u00f3w i entuzjast\u00f3w innowacji &#8211; absolwent\u00f3w EIT<\/li>\n<\/ul>\n","protected":false},"excerpt":{"rendered":"<p>Europejski Instytut Innowacji i Technologii (EIT), z siedzib\u0105 g\u0142\u00f3wn\u0105 w Budapeszcie na W\u0119grzech, to niezale\u017cna<\/p>\n","protected":false},"author":33,"featured_media":0,"parent":139,"menu_order":0,"comment_status":"closed","ping_status":"closed","template":"","meta":{"_acf_changed":false,"ngg_post_thumbnail":0,"footnotes":""},"class_list":["post-137","page","type-page","status-publish","hentry"],"acf":[],"_links":{"self":[{"href":"https:\/\/pb.edu.pl\/rpkbialystok\/wp-json\/wp\/v2\/pages\/137","targetHints":{"allow":["GET"]}}],"collection":[{"href":"https:\/\/pb.edu.pl\/rpkbialystok\/wp-json\/wp\/v2\/pages"}],"about":[{"href":"https:\/\/pb.edu.pl\/rpkbialystok\/wp-json\/wp\/v2\/types\/page"}],"author":[{"embeddable":true,"href":"https:\/\/pb.edu.pl\/rpkbialystok\/wp-json\/wp\/v2\/users\/33"}],"replies":[{"embeddable":true,"href":"https:\/\/pb.edu.pl\/rpkbialystok\/wp-json\/wp\/v2\/comments?post=137"}],"version-history":[{"count":0,"href":"https:\/\/pb.edu.pl\/rpkbialystok\/wp-json\/wp\/v2\/pages\/137\/revisions"}],"up":[{"embeddable":true,"href":"https:\/\/pb.edu.pl\/rpkbialystok\/wp-json\/wp\/v2\/pages\/139"}],"wp:attachment":[{"href":"https:\/\/pb.edu.pl\/rpkbialystok\/wp-json\/wp\/v2\/media?parent=137"}],"curies":[{"name":"wp","href":"https:\/\/api.w.org\/{rel}","templated":true}]}}