{"id":134,"date":"2021-01-22T12:27:00","date_gmt":"2021-01-22T11:27:00","guid":{"rendered":"https:\/\/pb.edu.pl\/rpkbialystok\/?page_id=134"},"modified":"2021-01-22T13:53:51","modified_gmt":"2021-01-22T12:53:51","slug":"europejski-instytut-innowacji-i-technologii","status":"publish","type":"page","link":"https:\/\/pb.edu.pl\/rpkbialystok\/czym-jest-horyzont-europa\/innowacyjna-europa\/eic\/europejski-instytut-innowacji-i-technologii\/","title":{"rendered":"Europejski Instytut Innowacji i Technologii"},"content":{"rendered":"<p><img loading=\"lazy\" decoding=\"async\" class=\"aligncenter size-full wp-image-135\" src=\"https:\/\/pb.edu.pl\/rpkbialystok\/wp-content\/uploads\/sites\/59\/2021\/01\/eit_master-300x133-1.jpg\" alt=\"logo eiit\" width=\"300\" height=\"133\"><\/p>\n<p>Europejski Instytut Innowacji i Technologii (<em><a title=\"Strona otworzy si\u0119 w nowym oknie\" href=\"http:\/\/eit.europa.eu\/\" target=\"_blank\" rel=\"noopener noreferrer\">European Institute of Innovation and Technology \u2013 <\/a>EIT<\/em>) ma na celu zwi\u0119kszenie zdolno\u015bci Europy do innowacji, kt\u00f3ra odgrywa coraz wi\u0119ksz\u0105 rol\u0119 w gospodarce opartej na wiedzy.<\/p>\n<p>Europa stoi przed powa\u017cnym wyzwaniem w zakresie innowacji, w kt\u00f3rych pomimo doskona\u0142ej bazy badawczej, dynamicznych firm i ogromnego potencja\u0142u intelektualnego, dobre pomys\u0142y s\u0105 zbyt rzadko s\u0105 zamieniane na nowe produkty i us\u0142ugi.<\/p>\n<p>Europejski Instytut Innowacji i Technologii zosta\u0142 powo\u0142any, aby wyprzedza\u0107 pojawiaj\u0105ce si\u0119 wyzwania spo\u0142eczne i proponowa\u0107 rozwi\u0105zania i produkty, kt\u00f3re zaspokoj\u0105 oczekiwania i potrzeby konsument\u00f3w.<\/p>\n<p>Wsp\u00f3\u0142czesna Europa boryka si\u0119 z wieloma s\u0142abo\u015bciami strukturalnymi, s\u0142abym wzrostem gospodarczym, odp\u0142ywem utalentowanych naukowc\u00f3w, niewystarczaj\u0105cym poziomem prywatnych inwestycji w badania.<\/p>\n<p>Szczeg\u00f3lnym zadaniem EIT jest integracja szkolnictwa wy\u017cszego i przedsi\u0119biorczo\u015bci z badaniami naukowymi i innowacjami, jako element\u00f3w jednego \u0142a\u0144cucha innowacyjnego w Unii i poza ni\u0105, co powinno prowadzi\u0107 m.in. do intensywniejszego wprowadzania na rynek innowacyjnych us\u0142ug, produkt\u00f3w i proces\u00f3w.<\/p>\n<p><a class=\"button style-solid style-rounded append-chevron\" title=\"Strona otworzy si\u0119 w nowym oknie\" href=\"https:\/\/pb.edu.pl\/rpkbialystok\/oferta\/oferta-he\/znajdz-swoj-obszar-w-he\/inne-programy\/wspolnoty-wiedzy-i-innowacji-kic\/\" target=\"_blank\" rel=\"noopener\">Tr\u00f3jk\u0105t wiedzy<\/a><\/p>\n<p>EIT tworzy \u201etr\u00f3jk\u0105t wiedzy\u201d &nbsp;\u0142\u0105cz\u0105c biznes, edukacj\u0119 i badania, u\u0142atwia powstawanie dynamicznych partnerstw transsektorowych.&nbsp; W tym celu powo\u0142ano Wsp\u00f3lnoty Wiedzy i Innowacji (<em>Knowledge and Innovation Communities<\/em>&nbsp;\u2013&nbsp;KIC), kt\u00f3re wspieraj\u0105 rozw\u00f3j innowacyjnych produkt\u00f3w i us\u0142ug oraz szkol\u0105 now\u0105 generacj\u0119 przedsi\u0119biorc\u00f3w.<\/p>\n","protected":false},"excerpt":{"rendered":"<p>Europejski Instytut Innowacji i Technologii (European Institute of Innovation and Technology \u2013 EIT) ma na<\/p>\n","protected":false},"author":33,"featured_media":0,"parent":126,"menu_order":0,"comment_status":"closed","ping_status":"closed","template":"","meta":{"_acf_changed":false,"ngg_post_thumbnail":0,"footnotes":""},"class_list":["post-134","page","type-page","status-publish","hentry"],"acf":[],"_links":{"self":[{"href":"https:\/\/pb.edu.pl\/rpkbialystok\/wp-json\/wp\/v2\/pages\/134","targetHints":{"allow":["GET"]}}],"collection":[{"href":"https:\/\/pb.edu.pl\/rpkbialystok\/wp-json\/wp\/v2\/pages"}],"about":[{"href":"https:\/\/pb.edu.pl\/rpkbialystok\/wp-json\/wp\/v2\/types\/page"}],"author":[{"embeddable":true,"href":"https:\/\/pb.edu.pl\/rpkbialystok\/wp-json\/wp\/v2\/users\/33"}],"replies":[{"embeddable":true,"href":"https:\/\/pb.edu.pl\/rpkbialystok\/wp-json\/wp\/v2\/comments?post=134"}],"version-history":[{"count":0,"href":"https:\/\/pb.edu.pl\/rpkbialystok\/wp-json\/wp\/v2\/pages\/134\/revisions"}],"up":[{"embeddable":true,"href":"https:\/\/pb.edu.pl\/rpkbialystok\/wp-json\/wp\/v2\/pages\/126"}],"wp:attachment":[{"href":"https:\/\/pb.edu.pl\/rpkbialystok\/wp-json\/wp\/v2\/media?parent=134"}],"curies":[{"name":"wp","href":"https:\/\/api.w.org\/{rel}","templated":true}]}}