{"id":128,"date":"2021-01-22T12:22:05","date_gmt":"2021-01-22T11:22:05","guid":{"rendered":"https:\/\/pb.edu.pl\/rpkbialystok\/?page_id=128"},"modified":"2021-01-22T12:22:37","modified_gmt":"2021-01-22T11:22:37","slug":"eic-pathfinder","status":"publish","type":"page","link":"https:\/\/pb.edu.pl\/rpkbialystok\/czym-jest-horyzont-europa\/innowacyjna-europa\/eic\/eic-pathfinder\/","title":{"rendered":"EIC Pathfinder"},"content":{"rendered":"<p><img loading=\"lazy\" decoding=\"async\" class=\"aligncenter size-full wp-image-129\" src=\"https:\/\/pb.edu.pl\/rpkbialystok\/wp-content\/uploads\/sites\/59\/2021\/01\/EIC-innovation-Twitter-3-300x300-1.png\" alt=\"EIC Innovatio\" width=\"300\" height=\"300\" srcset=\"https:\/\/pb.edu.pl\/rpkbialystok\/wp-content\/uploads\/sites\/59\/2021\/01\/EIC-innovation-Twitter-3-300x300-1.png 300w, https:\/\/pb.edu.pl\/rpkbialystok\/wp-content\/uploads\/sites\/59\/2021\/01\/EIC-innovation-Twitter-3-300x300-1-150x150.png 150w\" sizes=\"auto, (max-width: 300px) 100vw, 300px\" \/><\/p>\n<p>EIC Pathfinder&nbsp; stworzony zosta\u0142 w celu poszukiwania nowych mo\u017cliwo\u015bci rozwoju technologicznego. Ma pom\u00f3c Europie obj\u0105\u0107 rol\u0119 lidera w rozwijaniu tych technologii, co w konsekwencji przyczyni si\u0119 do rozwoju gospodarczego i zwi\u0119kszenia konkurencyjno\u015bci na najbli\u017csze dziesi\u0119ciolecia.<\/p>\n<p>Pathfinder to cz\u0119\u015b\u0107 programu Horyzont Europa s\u0142u\u017c\u0105ca do finansowania interdyscyplinarnych projekt\u00f3w, kt\u00f3re odnios\u0105 najlepszy skutek \u0142\u0105cz\u0105c potencja\u0142 z r\u00f3\u017cnych dziedzin nauki (fizyki, informatyki, biologii, nauki o \u015brodowisku, naukach spo\u0142ecznych, humanistycznych i innych) oraz r\u00f3\u017cnych dyscyplin zaawansowanej in\u017cynierii, tak by badane rozwi\u0105zania mo\u017cna by\u0142o wdro\u017cy\u0107 i stworzy\u0107 zupe\u0142nie nowe technologie. W ich tworzeniu uczestnicz\u0105 zar\u00f3wno wizjonerzy-naukowcy jak i przedsi\u0119biorcy potrafi\u0105cy dostrzec potencja\u0142 biznesowy pomys\u0142\u00f3w we wczesnym etapie rozwoju technologicznego (TRL 1-4).<\/p>\n<p>Pomys\u0142 na projekt FET musi spe\u0142ni\u0107 nast\u0119puj\u0105ce warunki (tzw.&nbsp;<em>FET gatekeepers<\/em>):<\/p>\n<ul>\n<li><strong>wizjonerski pomys\u0142 \u2013<\/strong>&nbsp;przekonuj\u0105ca i d\u0142ugoterminowa wizja wprowadzenia radykalnie nowej technologii, kt\u00f3ra b\u0119dzie mie\u0107 pozytywny wp\u0142yw na nasz\u0105 gospodark\u0119 i spo\u0142ecze\u0144stwo.<\/li>\n<li><strong>prze\u0142omowy cel technologiczny \u2013&nbsp;<\/strong>konkretny, nowatorski i ambitny prze\u0142om naukowy w d\u0105\u017ceniu do nowej technologii,<\/li>\n<li><strong>ambitne interdyscyplinarne badania \u2013<\/strong>&nbsp;podej\u015bcie i metodologia badawcza obarczona wysokim ryzykiem \/ du\u017cym zyskiem, z konkretnymi i prawdopodobnymi celami.<\/li>\n<\/ul>\n<p>EIC Pathfinder obejmuje Pathfinder Open i Pathfinder Challenges.<\/p>\n<p><strong><u>Pathfinder Open:<\/u><\/strong><\/p>\n<ul>\n<li>Badania naukowe i technologiczne na wczesnym etapie rozwoju (TRL 1-4).<\/li>\n<li>Interdyscyplinarne konsorcja.<\/li>\n<li>Wizjonerskie pomys\u0142y na radykalnie nowe technologie przysz\u0142o\u015bci.<\/li>\n<li><strong>Otwarty na badania w dowolnej dziedzinie technologii<\/strong>.<\/li>\n<li>Bud\u017cet 3 mln \u20ac.<\/li>\n<\/ul>\n<p><strong><u>Pathfinder Challenges:<\/u><\/strong><\/p>\n<ul>\n<li>Rozwijanie&nbsp;<strong>obiecuj\u0105cych wskazanych kierunk\u00f3w badawczych<\/strong>&nbsp;na rzecz technologii przysz\u0142o\u015bci, budowanie europejskiej masy krytycznej i wiedzy (TRL 2-4).<\/li>\n<li>Projekty badawczo innowacyjne,<\/li>\n<li>Bud\u017cet: 4 mln \u20ac,<\/li>\n<\/ul>\n<p>Projekty Pathfinder (podobnie jak ERC Proof of Concept) generuj\u0105 nowe, cz\u0119sto nieoczekiwane mo\u017cliwo\u015bci dla dalszych zastosowa\u0144 komercyjnych lub spo\u0142ecznych.<\/p>\n<h4><strong>EIC Transition&nbsp;&nbsp;<\/strong><\/h4>\n<p>to inicjatywa, kt\u00f3ra ma pozwoli\u0107 na dalszy rozw\u00f3j i wykorzystanie pomys\u0142\u00f3w, kt\u00f3re dosta\u0142y ju\u017c dofinansowanie we wcze\u015bniejszych projektach. Warunkiem koniecznym jest bazowanie na dofinansowanym projekcie Pathfinder lub ERC Proof of Concept. Wnioskodawca mo\u017ce by\u0107 cz\u0142onkiem dotychczasowego konsorcjum, b\u0105d\u017a instytucj\u0105 z zewn\u0105trz. Niezb\u0119dne jest wtedy podpisanie um\u00f3w z w\u0142a\u015bcicielami lub posiadaczami praw do wykorzystania rezultat\u00f3w projektu.<\/p>\n","protected":false},"excerpt":{"rendered":"<p>EIC Pathfinder&nbsp; stworzony zosta\u0142 w celu poszukiwania nowych mo\u017cliwo\u015bci rozwoju technologicznego. Ma pom\u00f3c Europie obj\u0105\u0107<\/p>\n","protected":false},"author":33,"featured_media":0,"parent":126,"menu_order":0,"comment_status":"closed","ping_status":"closed","template":"","meta":{"_acf_changed":false,"ngg_post_thumbnail":0,"footnotes":""},"class_list":["post-128","page","type-page","status-publish","hentry"],"acf":[],"_links":{"self":[{"href":"https:\/\/pb.edu.pl\/rpkbialystok\/wp-json\/wp\/v2\/pages\/128","targetHints":{"allow":["GET"]}}],"collection":[{"href":"https:\/\/pb.edu.pl\/rpkbialystok\/wp-json\/wp\/v2\/pages"}],"about":[{"href":"https:\/\/pb.edu.pl\/rpkbialystok\/wp-json\/wp\/v2\/types\/page"}],"author":[{"embeddable":true,"href":"https:\/\/pb.edu.pl\/rpkbialystok\/wp-json\/wp\/v2\/users\/33"}],"replies":[{"embeddable":true,"href":"https:\/\/pb.edu.pl\/rpkbialystok\/wp-json\/wp\/v2\/comments?post=128"}],"version-history":[{"count":0,"href":"https:\/\/pb.edu.pl\/rpkbialystok\/wp-json\/wp\/v2\/pages\/128\/revisions"}],"up":[{"embeddable":true,"href":"https:\/\/pb.edu.pl\/rpkbialystok\/wp-json\/wp\/v2\/pages\/126"}],"wp:attachment":[{"href":"https:\/\/pb.edu.pl\/rpkbialystok\/wp-json\/wp\/v2\/media?parent=128"}],"curies":[{"name":"wp","href":"https:\/\/api.w.org\/{rel}","templated":true}]}}