{"id":126,"date":"2021-01-22T12:18:34","date_gmt":"2021-01-22T11:18:34","guid":{"rendered":"https:\/\/pb.edu.pl\/rpkbialystok\/?page_id=126"},"modified":"2021-01-22T13:05:26","modified_gmt":"2021-01-22T12:05:26","slug":"eic","status":"publish","type":"page","link":"https:\/\/pb.edu.pl\/rpkbialystok\/czym-jest-horyzont-europa\/innowacyjna-europa\/eic\/","title":{"rendered":"Europejska Rada ds. Innowacji (European Innovation Council\u00a0\u2013 EIC)"},"content":{"rendered":"<p><img loading=\"lazy\" decoding=\"async\" class=\"size-medium wp-image-51730 aligncenter\" src=\"https:\/\/www.kpk.gov.pl\/wp-content\/uploads\/2020\/01\/EIC-innovation-1024x1024-Twitter-2-300x300.png\" alt=\"\" width=\"300\" height=\"300\">Europejska Rada ds. Innowacji ma realizowa\u0107 za\u0142o\u017cenia Europejskiego Zielonego \u0141adu, kszta\u0142towa\u0107 gospodark\u0119 dzia\u0142aj\u0105c\u0105 na rzecz ludzi i Europ\u0119 dostosowan\u0105 do ery cyfrowej. B\u0119dzie wspiera\u0107 najbardziej obiecuj\u0105cych europejskich innowator\u00f3w: przedsi\u0119biorc\u00f3w z ma\u0142ych i \u015brednich firm oraz naukowc\u00f3w w realizowaniu ich projekt\u00f3w.<\/p>\n<p>Europa musi wykorzysta\u0107 swoj\u0105 nauk\u0119, innowacyjne M\u015aP i start-upy, aby konkurowa\u0107 na \u015bwiatowych rynkach coraz bardziej definiowanych przez nowe technologie. W\u0142a\u015bnie dlatego Komisja Europejska powo\u0142a\u0142a Europejsk\u0105 Rad\u0119 ds. Innowacji (EIC), kt\u00f3ra ma wspiera\u0107 prze\u0142omowe pomys\u0142y obarczone wysokim ryzykiem, przekszta\u0142ca\u0107 nauk\u0119 w nowy biznes i przyspiesza\u0107 ekspansj\u0119 innowator\u00f3w kszta\u0142tuj\u0105cych przysz\u0142o\u015b\u0107.<\/p>\n<p>Celem Europejskiej Rady ds. Innowacji jest umieszczenie Europy w czo\u0142\u00f3wce innowator\u00f3w, kt\u00f3rzy tworz\u0105 nowe rynki, w szczeg\u00f3lno\u015bci poprzez \u0142\u0105czenie produkt\u00f3w fizycznych i cyfrowych oraz us\u0142ugi oparte na modelach biznesowych nowych technologii. Europa ma by\u0107 miejscem atrakcyjnym na arenie mi\u0119dzynarodowej do rozwijania, inwestowania i zwi\u0119kszania skali wysoko innowacyjnych technologii i przedsi\u0119biorstw.<\/p>\n<p>Zadaniem EIC b\u0119dzie wype\u0142nienie luki w finansowaniu innowacyjnych przedsi\u0119biorstw typu start-up i M\u015aP. Temu dedykowana jest strategia, w ramach kt\u00f3rej powo\u0142any zosta\u0142 fundusz publiczno-prywatny specjalizuj\u0105cy si\u0119 w pierwszych ofertach publicznych dla M\u015aP. Ta luka jest szczeg\u00f3lnie dotkliwa w przypadku prze\u0142omowych innowacji, gdzie wyst\u0119puje wysokie ryzyko zar\u00f3wno technologiczne, jak i rynkowe. EIC b\u0119dzie uzupe\u0142nia\u0107 wsparcie pa\u0144stw cz\u0142onkowskich na rzecz innowacji.<\/p>\n<p>EIC zapewnia bezpo\u015brednie wsparcie dla innowator\u00f3w poprzez nast\u0119puj\u0105ce instrumenty finansowania:<\/p>\n<ul class=\"type-chevron\">\n<li><a title=\"Strona otworzy si\u0119 w nowym oknie\" href=\"https:\/\/pb.edu.pl\/rpkbialystok\/oferta\/oferta-he\/znajdz-swoj-obszar-w-he\/innowacyjna-europa\/eic\/eic-pathfinder\/\" target=\"_blank\" rel=\"noopener noreferrer\">Pathfinder<\/a>&nbsp;\u2013&nbsp; dla wczesnych etap\u00f3w prac B+R;<\/li>\n<li>Transition \u2013&nbsp; dla dalszego rozwijania technologii w oparciu o wyniki wcze\u015bniej realizowanego projektu (Pathfinder lub ERC Proof of Concept);<\/li>\n<li><a title=\"Strona otworzy si\u0119 w nowym oknie\" href=\"https:\/\/www.kpk.gov.pl\/horyzont-europa\/innowacyjna-europa\/eic\/eic-accelerator\" target=\"_blank\" rel=\"noopener noreferrer\">Accelerator<\/a>&nbsp;\u2013 dla etapu rozwoju oraz wprowadzania na rynek.<\/li>\n<\/ul>\n<p>Dzia\u0142alno\u015b\u0107 ta ma by\u0107 uzupe\u0142nieniem prac&nbsp;<a title=\"Strona otworzy si\u0119 w nowym oknie\" href=\"https:\/\/pb.edu.pl\/rpkbialystok\/oferta\/oferta-he\/znajdz-swoj-obszar-w-he\/inne-programy\/innowacyjna-europa\/eic\/europejski-instytut-innowacji-i-technologii\/\" target=\"_blank\" rel=\"noopener noreferrer\">Europejskiego Instytutu Innowacji i Technologii (EIT)<\/a>.<\/p>\n","protected":false},"excerpt":{"rendered":"<p>Europejska Rada ds. Innowacji ma realizowa\u0107 za\u0142o\u017cenia Europejskiego Zielonego \u0141adu, kszta\u0142towa\u0107 gospodark\u0119 dzia\u0142aj\u0105c\u0105 na rzecz<\/p>\n","protected":false},"author":33,"featured_media":0,"parent":122,"menu_order":0,"comment_status":"closed","ping_status":"closed","template":"","meta":{"_acf_changed":false,"ngg_post_thumbnail":0,"footnotes":""},"class_list":["post-126","page","type-page","status-publish","hentry"],"acf":[],"_links":{"self":[{"href":"https:\/\/pb.edu.pl\/rpkbialystok\/wp-json\/wp\/v2\/pages\/126","targetHints":{"allow":["GET"]}}],"collection":[{"href":"https:\/\/pb.edu.pl\/rpkbialystok\/wp-json\/wp\/v2\/pages"}],"about":[{"href":"https:\/\/pb.edu.pl\/rpkbialystok\/wp-json\/wp\/v2\/types\/page"}],"author":[{"embeddable":true,"href":"https:\/\/pb.edu.pl\/rpkbialystok\/wp-json\/wp\/v2\/users\/33"}],"replies":[{"embeddable":true,"href":"https:\/\/pb.edu.pl\/rpkbialystok\/wp-json\/wp\/v2\/comments?post=126"}],"version-history":[{"count":0,"href":"https:\/\/pb.edu.pl\/rpkbialystok\/wp-json\/wp\/v2\/pages\/126\/revisions"}],"up":[{"embeddable":true,"href":"https:\/\/pb.edu.pl\/rpkbialystok\/wp-json\/wp\/v2\/pages\/122"}],"wp:attachment":[{"href":"https:\/\/pb.edu.pl\/rpkbialystok\/wp-json\/wp\/v2\/media?parent=126"}],"curies":[{"name":"wp","href":"https:\/\/api.w.org\/{rel}","templated":true}]}}