{"id":122,"date":"2021-01-22T12:16:31","date_gmt":"2021-01-22T11:16:31","guid":{"rendered":"https:\/\/pb.edu.pl\/rpkbialystok\/?page_id=122"},"modified":"2021-03-16T13:05:16","modified_gmt":"2021-03-16T12:05:16","slug":"innowacyjna-europa","status":"publish","type":"page","link":"https:\/\/pb.edu.pl\/rpkbialystok\/czym-jest-horyzont-europa\/innowacyjna-europa\/","title":{"rendered":"Filar III &#8211; Innowacyjna Europa"},"content":{"rendered":"<p>Europa musi wykorzysta\u0107 swoj\u0105 nauk\u0119, innowacyjne M\u015aP i start-upy, aby konkurowa\u0107 na \u015bwiatowych rynkach coraz bardziej definiowanych przez nowe technologie. W\u0142a\u015bnie dlatego Komisja Europejska wprowadzi\u0142a jak trzeci filar, na kt\u00f3rym opiera si\u0119 program Horyzont Europa now\u0105 inicjatyw\u0119:&nbsp;<a title=\"Strona otworzy si\u0119 w nowym oknie\" href=\"https:\/\/pb.edu.pl\/rpkbialystok\/horyzont-europa\/znajdz-swoj-obszar-w-he\/innowacyjna-europa\/eic\/\" target=\"_blank\" rel=\"noopener\"><strong>Europejsk\u0105 Rad\u0119 ds. Innowacji (EIC)<\/strong><\/a>. Zadaniem EIC jest wsparcie dla powstaj\u0105cych i prze\u0142omowych innowacji w rozpoczynaj\u0105cych dzia\u0142alno\u015b\u0107 oraz ma\u0142ych i \u015brednich przedsi\u0119biorstwach, a tak\u017ce w sp\u00f3\u0142kach o \u015bredniej kapitalizacji. Dzia\u0142alno\u015b\u0107 ta b\u0119dzie uzupe\u0142nieniem prac&nbsp;<a title=\"Strona otworzy si\u0119 w nowym oknie\" href=\"https:\/\/pb.edu.pl\/rpkbialystok\/horyzont-europa\/znajdz-swoj-obszar-w-he\/innowacyjna-europa\/eic\/europejski-instytut-innowacji-i-technologii\/\" target=\"_blank\" rel=\"noopener\"><strong>Europejskiego Instytutu Innowacji i Technologii (EIT)<\/strong><\/a>. Ponadto dzi\u0119ki nawi\u0105zywaniu kontakt\u00f3w z regionalnymi i krajowymi innowatorami zostan\u0105 wzmocnione&nbsp;<strong>europejskie ekosystemy innowacji<\/strong>.<\/p>\n","protected":false},"excerpt":{"rendered":"<p>Europa musi wykorzysta\u0107 swoj\u0105 nauk\u0119, innowacyjne M\u015aP i start-upy, aby konkurowa\u0107 na \u015bwiatowych rynkach coraz<\/p>\n","protected":false},"author":33,"featured_media":0,"parent":89,"menu_order":0,"comment_status":"closed","ping_status":"closed","template":"","meta":{"_acf_changed":false,"ngg_post_thumbnail":0,"footnotes":""},"class_list":["post-122","page","type-page","status-publish","hentry"],"acf":[],"_links":{"self":[{"href":"https:\/\/pb.edu.pl\/rpkbialystok\/wp-json\/wp\/v2\/pages\/122","targetHints":{"allow":["GET"]}}],"collection":[{"href":"https:\/\/pb.edu.pl\/rpkbialystok\/wp-json\/wp\/v2\/pages"}],"about":[{"href":"https:\/\/pb.edu.pl\/rpkbialystok\/wp-json\/wp\/v2\/types\/page"}],"author":[{"embeddable":true,"href":"https:\/\/pb.edu.pl\/rpkbialystok\/wp-json\/wp\/v2\/users\/33"}],"replies":[{"embeddable":true,"href":"https:\/\/pb.edu.pl\/rpkbialystok\/wp-json\/wp\/v2\/comments?post=122"}],"version-history":[{"count":0,"href":"https:\/\/pb.edu.pl\/rpkbialystok\/wp-json\/wp\/v2\/pages\/122\/revisions"}],"up":[{"embeddable":true,"href":"https:\/\/pb.edu.pl\/rpkbialystok\/wp-json\/wp\/v2\/pages\/89"}],"wp:attachment":[{"href":"https:\/\/pb.edu.pl\/rpkbialystok\/wp-json\/wp\/v2\/media?parent=122"}],"curies":[{"name":"wp","href":"https:\/\/api.w.org\/{rel}","templated":true}]}}