{"id":119,"date":"2021-01-22T12:13:47","date_gmt":"2021-01-22T11:13:47","guid":{"rendered":"https:\/\/pb.edu.pl\/rpkbialystok\/?page_id=119"},"modified":"2021-02-10T12:10:42","modified_gmt":"2021-02-10T11:10:42","slug":"wspolne-centrum-badawcze-jrc","status":"publish","type":"page","link":"https:\/\/pb.edu.pl\/rpkbialystok\/znajdz-swoj-obszar\/wspolne-centrum-badawcze-jrc\/","title":{"rendered":"Wsp\u00f3lne Centrum Badawcze (JRC)"},"content":{"rendered":"<p><img loading=\"lazy\" decoding=\"async\" class=\"aligncenter size-full wp-image-120\" src=\"https:\/\/pb.edu.pl\/rpkbialystok\/wp-content\/uploads\/sites\/59\/2021\/01\/JRC-300x300-1.jpg\" alt=\"logo jrc\" width=\"300\" height=\"300\" srcset=\"https:\/\/pb.edu.pl\/rpkbialystok\/wp-content\/uploads\/sites\/59\/2021\/01\/JRC-300x300-1.jpg 300w, https:\/\/pb.edu.pl\/rpkbialystok\/wp-content\/uploads\/sites\/59\/2021\/01\/JRC-300x300-1-150x150.jpg 150w\" sizes=\"auto, (max-width: 300px) 100vw, 300px\" \/><\/p>\n<p>Wsp\u00f3lne Centrum Badawcze (<em>Joint Research Centre<\/em>) jest zapleczem badawczo-naukowym Komisji Europejskiej, kt\u00f3re powsta\u0142o w 1957 r. Misj\u0105 JRC jest wspieranie polityk europejskich poprzez prowadzenie niezale\u017cnych bada\u0144 naukowych w kluczowych dla UE obszarach. Wyniki prowadzonych prac maj\u0105 bezpo\u015bredni wp\u0142yw na \u017cycie obywateli UE w takich dziedzinach, jak np. zdrowie i zdrowa \u017cywno\u015b\u0107, ochrona \u015brodowiska, bezpieczna energia, czy zr\u00f3wnowa\u017cony transport.<\/p>\n<p>Instytuty JRC zlokalizowane w 5 krajach posiadaj\u0105 specjalistyczne laboratoria, unikatow\u0105 aparatur\u0119 badawcz\u0105 i zatrudniaj\u0105 ok. 3&nbsp;000 specjalist\u00f3w z r\u00f3\u017cnych dziedzin i kraj\u00f3w. Centrum wsp\u00f3\u0142pracuje z r\u00f3\u017cnymi organizacjami na \u015bwiecie, kt\u00f3rych naukowcy maj\u0105 dost\u0119p do infrastruktury badawczej JRC poprzez podpisywane porozumienia o wsp\u00f3\u0142pracy. JRC jest r\u00f3wnie\u017c aktywne we wspieraniu rozwoju kariery naukowc\u00f3w poprzez prowadzone szkolenia i warsztaty, czy mo\u017cliwo\u015b\u0107 uczestniczenia w sta\u017cach i praktykach skierowanych do os\u00f3b rozpoczynaj\u0105cych swoj\u0105 \u015bcie\u017ck\u0119 badawcz\u0105.<\/p>\n<p>JRC koncentruje si\u0119 na 6 obszarach tematycznych,:<\/p>\n<ol>\n<li>Unia Gospodarcza i Walutowa<\/li>\n<li>Rynek wewn\u0119trzny: wzrost, miejsca pracy, innowacje<\/li>\n<li>Gospodarka niskoemisyjna i efektywne wykorzystanie zasob\u00f3w (\u015brodowisko, zmiany klimatu, energia, transport)<\/li>\n<li>Rolnictwo i bezpiecze\u0144stwo \u017cywno\u015bciowe<\/li>\n<li>Zdrowie publiczne, bezpiecze\u0144stwo i ochrona<\/li>\n<li>Ochrona i bezpiecze\u0144stwo j\u0105drowe. Pozosta\u0142e dzia\u0142ania zwi\u0105zane badaniami j\u0105drowymi obejmuje program&nbsp;<a title=\"Strona otworzy si\u0119 w nowym oknie\" href=\"https:\/\/he.kpk.gov.pl\/inne-programy\/euratom\" target=\"_blank\" rel=\"noopener noreferrer\">EURATOM<\/a>.<\/li>\n<\/ol>\n<p>Obok brukselskiej centrali, struktur\u0119 Wsp\u00f3lnego Centrum Badawczego tworzy siedem instytut\u00f3w badawczych usytuowanych w pi\u0119ciu krajach europejskich:<\/p>\n<ul>\n<li>Ispra, W\u0142ochy\n<ul>\n<li><a title=\"Strona otworzy si\u0119 w nowym oknie\" href=\"https:\/\/ec.europa.eu\/jrc\/en\/institutes\/ipsc\" target=\"_blank\" rel=\"noopener noreferrer\">Instytut Ochrony i Bezpiecze\u0144stwa Obywateli (IPSC)<\/a><\/li>\n<li><a title=\"Strona otworzy si\u0119 w nowym oknie\" href=\"https:\/\/ec.europa.eu\/jrc\/en\/institutes\/ies\" target=\"_blank\" rel=\"noopener noreferrer\">Instytut \u015arodowiska i Zr\u00f3wnowa\u017conego Rozwoju (IES)<\/a><\/li>\n<li><a title=\"Strona otworzy si\u0119 w nowym oknie\" href=\"https:\/\/ec.europa.eu\/jrc\/en\/institutes\/ihcp\" target=\"_blank\" rel=\"noopener noreferrer\">Instytut Zdrowia i Ochrony Konsumenta (IHCP)<\/a><\/li>\n<\/ul>\n<\/li>\n<\/ul>\n<ul>\n<li>Geel, Belgia\n<ul>\n<li><a title=\"Strona otworzy si\u0119 w nowym oknie\" href=\"https:\/\/ec.europa.eu\/jrc\/en\/institutes\/irmm\" target=\"_blank\" rel=\"noopener noreferrer\">Instytut Materia\u0142\u00f3w Odniesienia i Pomiar\u00f3w (IRMM)<\/a><\/li>\n<\/ul>\n<\/li>\n<\/ul>\n<ul>\n<li>Karlsruhe, Niemcy\n<ul>\n<li><a title=\"Strona otworzy si\u0119 w nowym oknie\" href=\"https:\/\/ec.europa.eu\/jrc\/en\/institutes\/itu\" target=\"_blank\" rel=\"noopener noreferrer\">Instytut Pierwiastk\u00f3w Transuranowych (ITU)<\/a><\/li>\n<\/ul>\n<\/li>\n<\/ul>\n<ul>\n<li>Petten, Holandia\n<ul>\n<li><a title=\"Strona otworzy si\u0119 w nowym oknie\" href=\"https:\/\/ec.europa.eu\/jrc\/en\/institutes\/iet\" target=\"_blank\" rel=\"noopener noreferrer\">Instytut Energii i Transportu (IET)<\/a><\/li>\n<\/ul>\n<\/li>\n<\/ul>\n<ul>\n<li>Sewilla, Hiszpania\n<ul>\n<li><a title=\"Strona otworzy si\u0119 w nowym oknie\" href=\"https:\/\/ec.europa.eu\/jrc\/en\/institutes\/ipts\" target=\"_blank\" rel=\"noopener noreferrer\">Instytut Studi\u00f3w Perspektyw Technologicznych (IPTS)<\/a><\/li>\n<\/ul>\n<\/li>\n<\/ul>\n<h4><b>WSP\u00d3\u0141PRACA Z JRC<\/b><\/h4>\n<p>Wsp\u00f3lne Centrum Badawcze oferuje mo\u017cliwo\u015bci wsp\u00f3\u0142pracy:<b><\/b><\/p>\n<ul>\n<li><b>indywidualnej \u2013&nbsp;<\/b>naukowcom na r\u00f3\u017cnym etapie ich kariery, w formie:\n<ul>\n<li>personelu statutowego<b>&nbsp;<\/b>\u2013 urz\u0119dnicy KE, pracownicy tymczasowi i kontraktowi oraz<\/li>\n<li>personelu niestatutowego \u2013 tymczasowe stanowiska naukowe, sta\u017ce, delegowani krajowi eksperci;<\/li>\n<\/ul>\n<\/li>\n<li><b>instytucjonalnej<\/b>&nbsp;\u2013 organizacjom badawczym, instytutom naukowym oraz instytucjom administracji publicznej,&nbsp;<b>we wsp\u00f3lnych projektach badawczych&nbsp;<\/b>(r\u00f3wnie\u017c finansowanych w ramach program\u00f3w ramowych),<b>&nbsp;sieci wsp\u00f3\u0142pracy,&nbsp;<\/b>a nawet<b>&nbsp;dwustronnych um\u00f3w&nbsp;<\/b>o wsp\u00f3\u0142pracy.<\/li>\n<li>JRC otwiera r\u00f3wnie\u017c swoje laboratoria, w ten spos\u00f3b umo\u017cliwiaj\u0105c naukowcom i instytucjom bezp\u0142atny dost\u0119p do najlepszych obiekt\u00f3w, jakimi dysponuje. Dost\u0119p do wybranych obiekt\u00f3w mo\u017cliwy jest za po\u015brednictwem konkurs\u00f3w og\u0142aszanych na&nbsp;<a title=\"Strona otworzy si\u0119 w nowym oknie\" href=\"https:\/\/ec.europa.eu\/jrc\/en\/research-facility\/open-access\" target=\"_blank\" rel=\"noopener noreferrer\">stronie KE<\/a>.<\/li>\n<\/ul>\n<p>Dodatkowo, corocznie publikowana jest lista warsztat\u00f3w i zaawansowanych szkole\u0144, organizowanych przez instytuty JRC. Lista takich wydarze\u0144 znajduje si\u0119 na&nbsp;<a title=\"Strona otworzy si\u0119 w nowym oknie\" href=\"https:\/\/ec.europa.eu\/jrc\/en\/training-events-list\" target=\"_blank\" rel=\"noopener noreferrer\">stronie Komisji Europejskiej<\/a>.<\/p>\n","protected":false},"excerpt":{"rendered":"<p>Wsp\u00f3lne Centrum Badawcze (Joint Research Centre) jest zapleczem badawczo-naukowym Komisji Europejskiej, kt\u00f3re powsta\u0142o w 1957<\/p>\n","protected":false},"author":33,"featured_media":0,"parent":99,"menu_order":0,"comment_status":"closed","ping_status":"closed","template":"","meta":{"_acf_changed":false,"ngg_post_thumbnail":0,"footnotes":""},"class_list":["post-119","page","type-page","status-publish","hentry"],"acf":[],"_links":{"self":[{"href":"https:\/\/pb.edu.pl\/rpkbialystok\/wp-json\/wp\/v2\/pages\/119","targetHints":{"allow":["GET"]}}],"collection":[{"href":"https:\/\/pb.edu.pl\/rpkbialystok\/wp-json\/wp\/v2\/pages"}],"about":[{"href":"https:\/\/pb.edu.pl\/rpkbialystok\/wp-json\/wp\/v2\/types\/page"}],"author":[{"embeddable":true,"href":"https:\/\/pb.edu.pl\/rpkbialystok\/wp-json\/wp\/v2\/users\/33"}],"replies":[{"embeddable":true,"href":"https:\/\/pb.edu.pl\/rpkbialystok\/wp-json\/wp\/v2\/comments?post=119"}],"version-history":[{"count":0,"href":"https:\/\/pb.edu.pl\/rpkbialystok\/wp-json\/wp\/v2\/pages\/119\/revisions"}],"up":[{"embeddable":true,"href":"https:\/\/pb.edu.pl\/rpkbialystok\/wp-json\/wp\/v2\/pages\/99"}],"wp:attachment":[{"href":"https:\/\/pb.edu.pl\/rpkbialystok\/wp-json\/wp\/v2\/media?parent=119"}],"curies":[{"name":"wp","href":"https:\/\/api.w.org\/{rel}","templated":true}]}}