{"id":117,"date":"2021-01-22T12:10:14","date_gmt":"2021-01-22T11:10:14","guid":{"rendered":"https:\/\/pb.edu.pl\/rpkbialystok\/?page_id=117"},"modified":"2021-01-22T12:10:14","modified_gmt":"2021-01-22T11:10:14","slug":"szersze-uczestnictwo-i-wzmacnianie-europejskiej-przestrzeni-badawczej","status":"publish","type":"page","link":"https:\/\/pb.edu.pl\/rpkbialystok\/znajdz-swoj-obszar\/szersze-uczestnictwo-i-wzmacnianie-europejskiej-przestrzeni-badawczej\/","title":{"rendered":"Szersze uczestnictwo i wzmacnianie Europejskiej Przestrzeni Badawczej"},"content":{"rendered":"<p>Program Horyzont Europa b\u0119dzie zach\u0119ca\u0142 do wi\u0119kszego uczestnictwa, zmniejsza\u0142 luk\u0119 w zakresie bada\u0144 naukowych i innowacji oraz wzmacnia\u0142 Europejsk\u0105 Przestrze\u0144 Badawcz\u0105 za pomoc\u0105 komponentu Szersze uczestnictwo i wzmacnianie Europejskiej Przestrzeni Badawczej (<em>Widening participation and strengthening the European Research Area<\/em>). Dzieli si\u0119 on na dwa obszary:<\/p>\n<ul>\n<li>Zapewnianie szerszego uczestnictwa i rozpowszechnianie doskona\u0142o\u015bci;<\/li>\n<li>Zreformowanie i usprawnienie europejskiego systemu bada\u0144 naukowych i innowacji.<\/li>\n<\/ul>\n<p>Istot\u0105 tego komponentu jest pe\u0142ne wykorzystanie potencja\u0142u naukowego Europy oraz zadbanie o to, by korzy\u015bci z gospodarki opartej na wiedzy i innowacjach by\u0142y szeroko rozpowszechnione we wszystkich krajach naszego kontynentu. Jest to istotne, poniewa\u017c nier\u00f3wnomierny poziom doskona\u0142o\u015bci naukowej poszczeg\u00f3lnych kraj\u00f3w hamuje rozw\u00f3j Unii Europejskiej na drodze do pozycji \u015bwiatowego lidera w dziedzinie bada\u0144 i innowacji. Instrumenty finansowe, kt\u00f3re Komisja Europejska przewiduje w obszarze Zapewnianie szerszego uczestnictwa i upowszechnianie doskona\u0142o\u015bci maj\u0105 za zadanie przeciwdzia\u0142a\u0107 dalszemu pog\u0142\u0119bianiu si\u0119 tych nier\u00f3wno\u015bci.<\/p>\n<p>\u015arodki finansowe przeznaczone s\u0105 przede wszystkim na rozw\u00f3j doskona\u0142o\u015bci naukowej instytucji naukowo-badawczych oraz ma\u0142ych i \u015brednich przedsi\u0119biorstw, kt\u00f3re swoj\u0105 dzia\u0142alno\u015b\u0107 opieraj\u0105 na pracach badawczo-rozwojowych. Do dyspozycji wnioskodawc\u00f3w dost\u0119pnych b\u0119dzie szereg instrument\u00f3w finansowych, m.in. w ramach konkurs\u00f3w&nbsp;<strong><em>Teaming, ERA Chairs, Twinning<\/em>, COST<\/strong>, oraz nowych&nbsp;<strong><em>Excellence Initiatives<\/em><\/strong>&nbsp;czy&nbsp;<strong><em>Brain Circulations<\/em><\/strong>. Dzia\u0142ania wspieraj\u0105ce rozw\u00f3j i wsp\u00f3\u0142prac\u0119 europejskich o\u015brodk\u00f3w doskona\u0142o\u015bci przyczyni\u0105 si\u0119 do wzmocnienia Europejskiej Przestrzeni Badawczej (<em>European Research Area<\/em>&nbsp;\u2013 ERA).<\/p>\n<p>Kluczowe dla obszaru Zapewnianie szerszego uczestnictwa i upowszechnianie doskona\u0142o\u015bci b\u0119d\u0105 nast\u0119puj\u0105ce dzia\u0142ania:<\/p>\n<ul>\n<li><b><i>Teaming \u2013&nbsp;<\/i><\/b>ma na celu utworzenie nowych (lub istotn\u0105 modernizacj\u0119 istniej\u0105cych) Centr\u00f3w Doskona\u0142o\u015bci, maj\u0105cych siedzib\u0119 w pa\u0144stwach cz\u0142onkowskich\/regionach, kt\u00f3re s\u0105 okre\u015blone jako mniej rozwini\u0119te w zakresie bada\u0144 i innowacji poprzez mechanizm \u0142\u0105czenia si\u0142 (<i>Teaming<\/i>) z wiod\u0105cymi instytucjami badawczymi w Europie (lub konsorcjum takich instytucji), a tak\u017ce krajowymi lub regionalnymi w\u0142adzami, agencjami do spraw bada\u0144 na poziomie krajowym lub regionalnym, co b\u0119dzie mia\u0142o istotne znaczenie w tych partnerstwach. Wnioskodawcy musz\u0105 przedstawi\u0107 d\u0142ugoterminow\u0105 strategi\u0119 w dziedzinie nauki i innowacji okre\u015blaj\u0105c\u0105 przysz\u0142o\u015b\u0107 Centrum Doskona\u0142o\u015bci oraz podkre\u015bli\u0107 wyra\u017any zwi\u0105zek ze Strategi\u0105 Inteligentnej Specjalizacji. Zainteresowane strony b\u0119d\u0105 mog\u0142y wypracowywa\u0107 nowe modele wsp\u00f3\u0142pracy i rozwoju, w tym ustanawianie sieci naukowych, klastr\u00f3w badawczych i otwarcie dost\u0119pu do nowych rynk\u00f3w. Doskona\u0142o\u015b\u0107 naukowa pozwoli na poszukiwanie konkurencyjnych \u017ar\u00f3de\u0142 finansowania na arenie mi\u0119dzynarodowej, a docelowo pozwoli na popraw\u0119 mierzalnych wska\u017anik\u00f3w intensywno\u015bci bada\u0144 naukowych, dzia\u0142a\u0144 innowacyjnych, wzmocnienia strategii, tworzenia warto\u015bci i zwi\u0119kszenia potencja\u0142u innowacyjnego pa\u0144stw uczestnicz\u0105cych.<\/li>\n<li><b><i>Twinning \u2013&nbsp;<\/i><\/b>ma na celu znaczne wzmocnienie w okre\u015blonej dziedzinie bada\u0144 rozwijaj\u0105cej si\u0119 instytucji poprzez utworzenie powi\u0105za\u0144 z co najmniej dwiema instytucjami, kt\u00f3re w tym obszarze maj\u0105 wiod\u0105c\u0105 pozycj\u0119 na poziomie mi\u0119dzynarodowym. B\u0119dzie to rodzaj wsp\u00f3\u0142pracy sieciowej w oparciu o przedstawion\u0105 strategi\u0119 naukow\u0105 dla intensyfikacji i stymulowania zdolno\u015bci doskona\u0142o\u015bci naukowej i innowacyjnej w okre\u015blonej dziedzinie bada\u0144 przy wykorzystaniu doskona\u0142o\u015bci naukowej partner\u00f3w zaanga\u017cowanych w realizacj\u0119 projektu w schemacie&nbsp;<em>Twinning<\/em>. Po\u017c\u0105dane b\u0119dzie odniesienie do krajowych lub regionalnych Strategii Inteligentnej Specjalizacji.<\/li>\n<li><b><i>ERA Chairs \u2013&nbsp;<\/i><\/b>ustanowienie katedr Europejskiej Przestrzeni Badawczej ma na celu wsparcie uniwersytet\u00f3w oraz innych instytucji badawczych o wyra\u017anym potencjale doskona\u0142o\u015bci badawczej dla umo\u017cliwienia im przyci\u0105gania i utrzymania wysokiej jako\u015bci zasob\u00f3w ludzkich oraz wdro\u017cenia zmian strukturalnych niezb\u0119dnych do osi\u0105gni\u0119cia trwa\u0142ej doskona\u0142o\u015bci. Stanowiska ERA Chairs powinni obejmowa\u0107 wybitni badacze w wybranej dziedzinie bada\u0144, kt\u00f3rzy powo\u0142aj\u0105 zesp\u00f3\u0142, aby pom\u00f3c organizacji badawczej znacz\u0105co poprawi\u0107 rezultaty badawcze i by\u0107 bardziej skuteczn\u0105 w pozyskiwaniu finansowania. Pozwoli to na uwolnienie ich potencja\u0142u i stworzenie lepszych warunk\u00f3w prowadzenia bada\u0144 i dzia\u0142a\u0144 innowacyjnych w Europejskiej Przestrzeni Badawczej, a tak\u017ce na istotny wp\u0142yw na rozw\u00f3j regionu.<\/li>\n<li><b><i>COST \u2013<\/i><\/b>&nbsp;jest mi\u0119dzyrz\u0105dow\u0105 struktur\u0105 za\u0142o\u017con\u0105 w Europie w 1971 roku w celu wspierania wsp\u00f3\u0142pracy mi\u0119dzy naukowcami z ca\u0142ej Europy. Obecnie jest integraln\u0105 cz\u0119\u015bci\u0105 Unii Innowacji i Europejskiej Przestrzeni Badawczej. Ma przyczyni\u0107 si\u0119 do realizacji strategii Europa 2020 i kluczowej inicjatywy Unia Innowacji. W programie Horyzont 2020, COST rozszerzy swoj\u0105 gam\u0119 tradycyjnych instrument\u00f3w wsp\u00f3\u0142pracy o zestaw nowych narz\u0119dzi maj\u0105cych na celu zapewnienie wsparcia strukturalnego dla Europejskiej Przestrzeni Badawczej, poszerzenia bazy badawczej w Europie, a tak\u017ce wspierania wsp\u00f3\u0142pracy naukowo-technicznej z innymi krajami. COST przyczyni si\u0119 do wspierania integracyjnej polityki bada\u0144 i innowacji poprzez po\u0142\u0105czenie \u201e<i>pockets of excellence<\/i>\u201d, kt\u00f3re nie s\u0105 jeszcze w pe\u0142ni zintegrowane z badaniami na poziomie europejskim i \u015bwiatowym.<\/li>\n<li><b><i>NCP Network \u2013&nbsp;<\/i><\/b>tworzenie transnarodowej sieci krajowych punkt\u00f3w kontaktowych oraz zwi\u0119kszanie jej zdolno\u015bci administracyjnych i operacyjnych, tak aby doskonali\u0142y swoje mo\u017cliwo\u015bci w zakresie wspierania potencjalnych uczestnik\u00f3w celu szczeg\u00f3\u0142owego Upowszechnianie doskona\u0142o\u015bci i zapewnienie szerszego uczestnictwa programu Horyzont Europa.<\/li>\n<\/ul>\n<p>Szczeg\u00f3\u0142owe regulaminy poszczeg\u00f3lnych konkurs\u00f3w zostan\u0105 opublikowane w najbli\u017cszym programie pracy najprawdopodobniej na wiosn\u0119 2021 r.<\/p>\n","protected":false},"excerpt":{"rendered":"<p>Program Horyzont Europa b\u0119dzie zach\u0119ca\u0142 do wi\u0119kszego uczestnictwa, zmniejsza\u0142 luk\u0119 w zakresie bada\u0144 naukowych i<\/p>\n","protected":false},"author":33,"featured_media":0,"parent":99,"menu_order":0,"comment_status":"closed","ping_status":"closed","template":"","meta":{"_acf_changed":false,"ngg_post_thumbnail":0,"footnotes":""},"class_list":["post-117","page","type-page","status-publish","hentry"],"acf":[],"_links":{"self":[{"href":"https:\/\/pb.edu.pl\/rpkbialystok\/wp-json\/wp\/v2\/pages\/117","targetHints":{"allow":["GET"]}}],"collection":[{"href":"https:\/\/pb.edu.pl\/rpkbialystok\/wp-json\/wp\/v2\/pages"}],"about":[{"href":"https:\/\/pb.edu.pl\/rpkbialystok\/wp-json\/wp\/v2\/types\/page"}],"author":[{"embeddable":true,"href":"https:\/\/pb.edu.pl\/rpkbialystok\/wp-json\/wp\/v2\/users\/33"}],"replies":[{"embeddable":true,"href":"https:\/\/pb.edu.pl\/rpkbialystok\/wp-json\/wp\/v2\/comments?post=117"}],"version-history":[{"count":0,"href":"https:\/\/pb.edu.pl\/rpkbialystok\/wp-json\/wp\/v2\/pages\/117\/revisions"}],"up":[{"embeddable":true,"href":"https:\/\/pb.edu.pl\/rpkbialystok\/wp-json\/wp\/v2\/pages\/99"}],"wp:attachment":[{"href":"https:\/\/pb.edu.pl\/rpkbialystok\/wp-json\/wp\/v2\/media?parent=117"}],"curies":[{"name":"wp","href":"https:\/\/api.w.org\/{rel}","templated":true}]}}