{"id":30,"date":"2020-05-18T14:50:02","date_gmt":"2020-05-18T12:50:02","guid":{"rendered":"https:\/\/pb.edu.pl\/roboquest\/?page_id=30"},"modified":"2025-11-26T13:14:39","modified_gmt":"2025-11-26T12:14:39","slug":"rejestracja","status":"publish","type":"page","link":"https:\/\/pb.edu.pl\/roboquest\/rejestracja\/","title":{"rendered":"Rejestracja"},"content":{"rendered":"<div class=\"h2\">Przyjmowanie zg\u0142osze\u0144 zako\u0144czone<\/div>\n<p>Dzi\u0119kujemy za przes\u0142anie wszystkich zg\u0142osze\u0144! Do zobaczenia ju\u017c 23 maja 2025 w Centrum Nowoczesnego Kszta\u0142cenia Politechniki Bia\u0142ostockiej.<\/p>\n<div class=\"h3\">Chcesz do\u0142\u0105czy\u0107 do RoboQuest?<\/div>\n<p>Nie bierzesz udzia\u0142u w konkursie, ale chcesz poczu\u0107 emocje rywalizacji? Do\u0142\u0105cz do nas jako widz i \u015bled\u017a przebieg wydarzenia na \u017cywo! Zach\u0119camy r\u00f3wnie\u017c do \u015bledzenia naszej strony \u2013 informacje o rejestracji do kolejnej edycji konkursu b\u0119d\u0105 dost\u0119pne ju\u017c wkr\u00f3tce.<\/p>\n<hr>\n<div class=\"h2\">Przypomnienie!<\/div>\n<div class=\"h3\">Zgoda na udzia\u0142 w konkursie i utrwalanie wizerunku<\/div>\n<p>Wype\u0142nione i podpisane zgody na udzia\u0142 w konkursie i utrwalanie wizerunku b\u0119d\u0105 przyjmowane w punkcie informacji podczas rejestracji w dniu Konkursu. Niedostarczenie zgody kt\u00f3regokolwiek z Uczestnik\u00f3w wi\u0105\u017ce si\u0119 z dyskwalifikacj\u0105. <\/p>\n<p><a class=\"pdf\" href=\"https:\/\/pb.edu.pl\/roboquest\/wp-content\/uploads\/sites\/148\/2025\/03\/Zalacznik-nr-2-do-Regulaminu-RoboQuest-Zgoda-na-udzial-w-konkursie-i-utrwalanie-wizerunku.pdf\" target=\"_blank\" data-id=\"2218\">Za\u0142\u0105cznik nr 2 do Regulaminu RoboQuest &#8211; Zgoda na udzia\u0142 w konkursie i utrwalanie wizerunku <span>(PDF, 78 KB, otworzy si\u0119 w nowej karcie)<\/span><\/a>.<\/p>\n","protected":false},"excerpt":{"rendered":"<p>Przyjmowanie zg\u0142osze\u0144 zako\u0144czone Dzi\u0119kujemy za przes\u0142anie wszystkich zg\u0142osze\u0144! Do zobaczenia ju\u017c 23 maja 2025 w<\/p>\n","protected":false},"author":2,"featured_media":0,"parent":0,"menu_order":2,"comment_status":"closed","ping_status":"closed","template":"","meta":{"_acf_changed":false,"ngg_post_thumbnail":0,"footnotes":""},"class_list":["post-30","page","type-page","status-publish","hentry"],"acf":[],"yoast_head":"<!-- This site is optimized with the Yoast SEO plugin v27.0 - https:\/\/yoast.com\/product\/yoast-seo-wordpress\/ -->\n<title>Rejestracja - Konkurs RoboQuest - Politechnika Bia\u0142ostocka<\/title>\n<meta name=\"robots\" content=\"index, follow, max-snippet:-1, max-image-preview:large, max-video-preview:-1\" \/>\n<link rel=\"canonical\" href=\"https:\/\/pb.edu.pl\/roboquest\/rejestracja\/\" \/>\n<meta property=\"og:locale\" content=\"pl_PL\" \/>\n<meta property=\"og:type\" content=\"article\" \/>\n<meta property=\"og:title\" content=\"Rejestracja - Konkurs RoboQuest - Politechnika Bia\u0142ostocka\" \/>\n<meta property=\"og:description\" content=\"Przyjmowanie zg\u0142osze\u0144 zako\u0144czone Dzi\u0119kujemy za przes\u0142anie wszystkich zg\u0142osze\u0144! Do zobaczenia ju\u017c 23 maja 2025 w\" \/>\n<meta property=\"og:url\" content=\"https:\/\/pb.edu.pl\/roboquest\/rejestracja\/\" \/>\n<meta property=\"og:site_name\" content=\"Konkurs RoboQuest\" \/>\n<meta property=\"article:modified_time\" content=\"2025-11-26T12:14:39+00:00\" \/>\n<meta name=\"twitter:card\" content=\"summary_large_image\" \/>\n<meta name=\"twitter:label1\" content=\"Szacowany czas czytania\" \/>\n\t<meta name=\"twitter:data1\" content=\"1 minuta\" \/>\n<script type=\"application\/ld+json\" class=\"yoast-schema-graph\">{\"@context\":\"https:\/\/schema.org\",\"@graph\":[{\"@type\":\"WebPage\",\"@id\":\"https:\/\/pb.edu.pl\/roboquest\/rejestracja\/\",\"url\":\"https:\/\/pb.edu.pl\/roboquest\/rejestracja\/\",\"name\":\"Rejestracja - Konkurs RoboQuest - Politechnika Bia\u0142ostocka\",\"isPartOf\":{\"@id\":\"https:\/\/pb.edu.pl\/roboquest\/#website\"},\"datePublished\":\"2020-05-18T12:50:02+00:00\",\"dateModified\":\"2025-11-26T12:14:39+00:00\",\"breadcrumb\":{\"@id\":\"https:\/\/pb.edu.pl\/roboquest\/rejestracja\/#breadcrumb\"},\"inLanguage\":\"pl-PL\",\"potentialAction\":[{\"@type\":\"ReadAction\",\"target\":[\"https:\/\/pb.edu.pl\/roboquest\/rejestracja\/\"]}]},{\"@type\":\"BreadcrumbList\",\"@id\":\"https:\/\/pb.edu.pl\/roboquest\/rejestracja\/#breadcrumb\",\"itemListElement\":[{\"@type\":\"ListItem\",\"position\":1,\"name\":\"Strona g\u0142\u00f3wna\",\"item\":\"https:\/\/pb.edu.pl\/roboquest\/\"},{\"@type\":\"ListItem\",\"position\":2,\"name\":\"Rejestracja\"}]},{\"@type\":\"WebSite\",\"@id\":\"https:\/\/pb.edu.pl\/roboquest\/#website\",\"url\":\"https:\/\/pb.edu.pl\/roboquest\/\",\"name\":\"Konkurs RoboQuest\",\"description\":\"\",\"potentialAction\":[{\"@type\":\"SearchAction\",\"target\":{\"@type\":\"EntryPoint\",\"urlTemplate\":\"https:\/\/pb.edu.pl\/roboquest\/?s={search_term_string}\"},\"query-input\":{\"@type\":\"PropertyValueSpecification\",\"valueRequired\":true,\"valueName\":\"search_term_string\"}}],\"inLanguage\":\"pl-PL\"}]}<\/script>\n<!-- \/ Yoast SEO plugin. -->","yoast_head_json":{"title":"Rejestracja - Konkurs RoboQuest - Politechnika Bia\u0142ostocka","robots":{"index":"index","follow":"follow","max-snippet":"max-snippet:-1","max-image-preview":"max-image-preview:large","max-video-preview":"max-video-preview:-1"},"canonical":"https:\/\/pb.edu.pl\/roboquest\/rejestracja\/","og_locale":"pl_PL","og_type":"article","og_title":"Rejestracja - Konkurs RoboQuest - Politechnika Bia\u0142ostocka","og_description":"Przyjmowanie zg\u0142osze\u0144 zako\u0144czone Dzi\u0119kujemy za przes\u0142anie wszystkich zg\u0142osze\u0144! Do zobaczenia ju\u017c 23 maja 2025 w","og_url":"https:\/\/pb.edu.pl\/roboquest\/rejestracja\/","og_site_name":"Konkurs RoboQuest","article_modified_time":"2025-11-26T12:14:39+00:00","twitter_card":"summary_large_image","twitter_misc":{"Szacowany czas czytania":"1 minuta"},"schema":{"@context":"https:\/\/schema.org","@graph":[{"@type":"WebPage","@id":"https:\/\/pb.edu.pl\/roboquest\/rejestracja\/","url":"https:\/\/pb.edu.pl\/roboquest\/rejestracja\/","name":"Rejestracja - Konkurs RoboQuest - Politechnika Bia\u0142ostocka","isPartOf":{"@id":"https:\/\/pb.edu.pl\/roboquest\/#website"},"datePublished":"2020-05-18T12:50:02+00:00","dateModified":"2025-11-26T12:14:39+00:00","breadcrumb":{"@id":"https:\/\/pb.edu.pl\/roboquest\/rejestracja\/#breadcrumb"},"inLanguage":"pl-PL","potentialAction":[{"@type":"ReadAction","target":["https:\/\/pb.edu.pl\/roboquest\/rejestracja\/"]}]},{"@type":"BreadcrumbList","@id":"https:\/\/pb.edu.pl\/roboquest\/rejestracja\/#breadcrumb","itemListElement":[{"@type":"ListItem","position":1,"name":"Strona g\u0142\u00f3wna","item":"https:\/\/pb.edu.pl\/roboquest\/"},{"@type":"ListItem","position":2,"name":"Rejestracja"}]},{"@type":"WebSite","@id":"https:\/\/pb.edu.pl\/roboquest\/#website","url":"https:\/\/pb.edu.pl\/roboquest\/","name":"Konkurs RoboQuest","description":"","potentialAction":[{"@type":"SearchAction","target":{"@type":"EntryPoint","urlTemplate":"https:\/\/pb.edu.pl\/roboquest\/?s={search_term_string}"},"query-input":{"@type":"PropertyValueSpecification","valueRequired":true,"valueName":"search_term_string"}}],"inLanguage":"pl-PL"}]}},"_links":{"self":[{"href":"https:\/\/pb.edu.pl\/roboquest\/wp-json\/wp\/v2\/pages\/30","targetHints":{"allow":["GET"]}}],"collection":[{"href":"https:\/\/pb.edu.pl\/roboquest\/wp-json\/wp\/v2\/pages"}],"about":[{"href":"https:\/\/pb.edu.pl\/roboquest\/wp-json\/wp\/v2\/types\/page"}],"author":[{"embeddable":true,"href":"https:\/\/pb.edu.pl\/roboquest\/wp-json\/wp\/v2\/users\/2"}],"replies":[{"embeddable":true,"href":"https:\/\/pb.edu.pl\/roboquest\/wp-json\/wp\/v2\/comments?post=30"}],"version-history":[{"count":0,"href":"https:\/\/pb.edu.pl\/roboquest\/wp-json\/wp\/v2\/pages\/30\/revisions"}],"wp:attachment":[{"href":"https:\/\/pb.edu.pl\/roboquest\/wp-json\/wp\/v2\/media?parent=30"}],"curies":[{"name":"wp","href":"https:\/\/api.w.org\/{rel}","templated":true}]}}