{"id":2137,"date":"2025-03-09T18:06:48","date_gmt":"2025-03-09T17:06:48","guid":{"rendered":"https:\/\/pb.edu.pl\/roboquest\/?page_id=2137"},"modified":"2025-03-09T18:55:25","modified_gmt":"2025-03-09T17:55:25","slug":"aktualnosci","status":"publish","type":"page","link":"https:\/\/pb.edu.pl\/roboquest\/aktualnosci\/","title":{"rendered":"Aktualno\u015bci"},"content":{"rendered":"\t\t<div class=\"box news-box \">\n\t\t<div class=\"row\">\n\t\t\t\n\t\t\t\n\t\t\t\t\n\t\t\t\t\t\t\t\t\t\t<div class=\"col-sm-3\">\n\t\t\t\t\t\t\t\n<article class=\"format-standard\">\n    <span class=\"date text-right\"><i class=\"fal fa-calendar-alt\"><\/i> 26-05-2025<\/span>\n    <a href=\"https:\/\/pb.edu.pl\/roboquest\/2025\/05\/26\/wyniki-konkursu-roboquest-2025\/\">\n      <div class=\"article-image\">\n        <img loading=\"lazy\" decoding=\"async\" width=\"480\" height=\"300\" src=\"https:\/\/pb.edu.pl\/roboquest\/wp-content\/uploads\/sites\/148\/2025\/05\/2025-05-23-Konkurs_RoboQuest_fot-Dariusz-Piekut_PB-1-480x300.jpg\" class=\"attachment-medium-image-16x10 size-medium-image-16x10 wp-post-image\" alt=\"\" srcset=\"https:\/\/pb.edu.pl\/roboquest\/wp-content\/uploads\/sites\/148\/2025\/05\/2025-05-23-Konkurs_RoboQuest_fot-Dariusz-Piekut_PB-1-480x300.jpg 480w, https:\/\/pb.edu.pl\/roboquest\/wp-content\/uploads\/sites\/148\/2025\/05\/2025-05-23-Konkurs_RoboQuest_fot-Dariusz-Piekut_PB-1-300x188.jpg 300w, https:\/\/pb.edu.pl\/roboquest\/wp-content\/uploads\/sites\/148\/2025\/05\/2025-05-23-Konkurs_RoboQuest_fot-Dariusz-Piekut_PB-1-1024x640.jpg 1024w, https:\/\/pb.edu.pl\/roboquest\/wp-content\/uploads\/sites\/148\/2025\/05\/2025-05-23-Konkurs_RoboQuest_fot-Dariusz-Piekut_PB-1-768x480.jpg 768w, https:\/\/pb.edu.pl\/roboquest\/wp-content\/uploads\/sites\/148\/2025\/05\/2025-05-23-Konkurs_RoboQuest_fot-Dariusz-Piekut_PB-1-1536x960.jpg 1536w, https:\/\/pb.edu.pl\/roboquest\/wp-content\/uploads\/sites\/148\/2025\/05\/2025-05-23-Konkurs_RoboQuest_fot-Dariusz-Piekut_PB-1-2048x1280.jpg 2048w\" sizes=\"auto, (max-width: 480px) 100vw, 480px\" \/>      <\/div>\n      <h3>Wyniki konkursu RoboQuest 2025<\/h3>\n      Kosmiczne wyzwanie Politechniki Bia\u0142ostockiej dla uczni\u00f3w szk\u00f3\u0142 podstawowych    <\/a>\n<\/article>\t\t\t\t\t\t<\/div>\n\t\t\t\t\t\t\t\t\t\t\t<div class=\"col-sm-3\">\n\t\t\t\t\t\t\t\n<article class=\"format-standard\">\n    <span class=\"date text-right\"><i class=\"fal fa-calendar-alt\"><\/i> 19-05-2025<\/span>\n    <a href=\"https:\/\/pb.edu.pl\/roboquest\/2025\/05\/19\/harmonogram-roboquest-2025\/\">\n      <div class=\"article-image\">\n        <img loading=\"lazy\" decoding=\"async\" width=\"480\" height=\"300\" src=\"https:\/\/pb.edu.pl\/roboquest\/wp-content\/uploads\/sites\/148\/2025\/05\/harmonogram-RoboQuest-2025-480x300.png\" class=\"attachment-medium-image-16x10 size-medium-image-16x10 wp-post-image\" alt=\"\" \/>      <\/div>\n      <h3>Harmonogram RoboQuest 2025<\/h3>\n      RoboQuest 2025 coraz bli\u017cej, sprawd\u017a harmonogram wydarzenia    <\/a>\n<\/article>\t\t\t\t\t\t<\/div>\n\t\t\t\t\t\t\t\t\t\t\t<div class=\"col-sm-3\">\n\t\t\t\t\t\t\t\n<article class=\"format-standard\">\n    <span class=\"date text-right\"><i class=\"fal fa-calendar-alt\"><\/i> 02-04-2025<\/span>\n    <a href=\"https:\/\/pb.edu.pl\/roboquest\/2025\/04\/02\/pierwsza-edycja-roboquest-nadchodzi\/\">\n      <div class=\"article-image\">\n        <img loading=\"lazy\" decoding=\"async\" width=\"480\" height=\"300\" src=\"https:\/\/pb.edu.pl\/roboquest\/wp-content\/uploads\/sites\/148\/2025\/03\/strona-ogloszenie-konkursu-480x300.png\" class=\"attachment-medium-image-16x10 size-medium-image-16x10 wp-post-image\" alt=\"\" \/>      <\/div>\n      <h3>RoboQuest nadchodzi<\/h3>\n      Ju\u017c 23 maja 2025 roku spotkajmy si\u0119 w Centrum Nowoczesnego Kszta\u0142cenia    <\/a>\n<\/article>\t\t\t\t\t\t<\/div>\n\t\t\t\t\t\n\t\t\t\t\n\t\t\t\t\t<\/div>\n\t\t\t\t\t<\/div>\n\n","protected":false},"excerpt":{"rendered":"","protected":false},"author":2,"featured_media":0,"parent":0,"menu_order":0,"comment_status":"closed","ping_status":"closed","template":"","meta":{"_acf_changed":false,"ngg_post_thumbnail":0,"footnotes":""},"class_list":["post-2137","page","type-page","status-publish","hentry"],"acf":[],"yoast_head":"<!-- This site is optimized with the Yoast SEO plugin v27.0 - https:\/\/yoast.com\/product\/yoast-seo-wordpress\/ -->\n<title>Aktualno\u015bci - Konkurs RoboQuest - Politechnika Bia\u0142ostocka<\/title>\n<meta name=\"robots\" content=\"index, follow, max-snippet:-1, max-image-preview:large, max-video-preview:-1\" \/>\n<link rel=\"canonical\" href=\"https:\/\/pb.edu.pl\/roboquest\/aktualnosci\/\" \/>\n<meta property=\"og:locale\" content=\"pl_PL\" \/>\n<meta property=\"og:type\" content=\"article\" \/>\n<meta property=\"og:title\" content=\"Aktualno\u015bci - Konkurs RoboQuest - Politechnika Bia\u0142ostocka\" \/>\n<meta property=\"og:url\" content=\"https:\/\/pb.edu.pl\/roboquest\/aktualnosci\/\" \/>\n<meta property=\"og:site_name\" content=\"Konkurs RoboQuest\" \/>\n<meta property=\"article:modified_time\" content=\"2025-03-09T17:55:25+00:00\" \/>\n<meta name=\"twitter:card\" content=\"summary_large_image\" \/>\n<script type=\"application\/ld+json\" class=\"yoast-schema-graph\">{\"@context\":\"https:\/\/schema.org\",\"@graph\":[{\"@type\":\"WebPage\",\"@id\":\"https:\/\/pb.edu.pl\/roboquest\/aktualnosci\/\",\"url\":\"https:\/\/pb.edu.pl\/roboquest\/aktualnosci\/\",\"name\":\"Aktualno\u015bci - Konkurs RoboQuest - Politechnika Bia\u0142ostocka\",\"isPartOf\":{\"@id\":\"https:\/\/pb.edu.pl\/roboquest\/#website\"},\"datePublished\":\"2025-03-09T17:06:48+00:00\",\"dateModified\":\"2025-03-09T17:55:25+00:00\",\"breadcrumb\":{\"@id\":\"https:\/\/pb.edu.pl\/roboquest\/aktualnosci\/#breadcrumb\"},\"inLanguage\":\"pl-PL\",\"potentialAction\":[{\"@type\":\"ReadAction\",\"target\":[\"https:\/\/pb.edu.pl\/roboquest\/aktualnosci\/\"]}]},{\"@type\":\"BreadcrumbList\",\"@id\":\"https:\/\/pb.edu.pl\/roboquest\/aktualnosci\/#breadcrumb\",\"itemListElement\":[{\"@type\":\"ListItem\",\"position\":1,\"name\":\"Strona g\u0142\u00f3wna\",\"item\":\"https:\/\/pb.edu.pl\/roboquest\/\"},{\"@type\":\"ListItem\",\"position\":2,\"name\":\"Aktualno\u015bci\"}]},{\"@type\":\"WebSite\",\"@id\":\"https:\/\/pb.edu.pl\/roboquest\/#website\",\"url\":\"https:\/\/pb.edu.pl\/roboquest\/\",\"name\":\"Konkurs RoboQuest\",\"description\":\"\",\"potentialAction\":[{\"@type\":\"SearchAction\",\"target\":{\"@type\":\"EntryPoint\",\"urlTemplate\":\"https:\/\/pb.edu.pl\/roboquest\/?s={search_term_string}\"},\"query-input\":{\"@type\":\"PropertyValueSpecification\",\"valueRequired\":true,\"valueName\":\"search_term_string\"}}],\"inLanguage\":\"pl-PL\"}]}<\/script>\n<!-- \/ Yoast SEO plugin. -->","yoast_head_json":{"title":"Aktualno\u015bci - Konkurs RoboQuest - Politechnika Bia\u0142ostocka","robots":{"index":"index","follow":"follow","max-snippet":"max-snippet:-1","max-image-preview":"max-image-preview:large","max-video-preview":"max-video-preview:-1"},"canonical":"https:\/\/pb.edu.pl\/roboquest\/aktualnosci\/","og_locale":"pl_PL","og_type":"article","og_title":"Aktualno\u015bci - Konkurs RoboQuest - Politechnika Bia\u0142ostocka","og_url":"https:\/\/pb.edu.pl\/roboquest\/aktualnosci\/","og_site_name":"Konkurs RoboQuest","article_modified_time":"2025-03-09T17:55:25+00:00","twitter_card":"summary_large_image","schema":{"@context":"https:\/\/schema.org","@graph":[{"@type":"WebPage","@id":"https:\/\/pb.edu.pl\/roboquest\/aktualnosci\/","url":"https:\/\/pb.edu.pl\/roboquest\/aktualnosci\/","name":"Aktualno\u015bci - Konkurs RoboQuest - Politechnika Bia\u0142ostocka","isPartOf":{"@id":"https:\/\/pb.edu.pl\/roboquest\/#website"},"datePublished":"2025-03-09T17:06:48+00:00","dateModified":"2025-03-09T17:55:25+00:00","breadcrumb":{"@id":"https:\/\/pb.edu.pl\/roboquest\/aktualnosci\/#breadcrumb"},"inLanguage":"pl-PL","potentialAction":[{"@type":"ReadAction","target":["https:\/\/pb.edu.pl\/roboquest\/aktualnosci\/"]}]},{"@type":"BreadcrumbList","@id":"https:\/\/pb.edu.pl\/roboquest\/aktualnosci\/#breadcrumb","itemListElement":[{"@type":"ListItem","position":1,"name":"Strona g\u0142\u00f3wna","item":"https:\/\/pb.edu.pl\/roboquest\/"},{"@type":"ListItem","position":2,"name":"Aktualno\u015bci"}]},{"@type":"WebSite","@id":"https:\/\/pb.edu.pl\/roboquest\/#website","url":"https:\/\/pb.edu.pl\/roboquest\/","name":"Konkurs RoboQuest","description":"","potentialAction":[{"@type":"SearchAction","target":{"@type":"EntryPoint","urlTemplate":"https:\/\/pb.edu.pl\/roboquest\/?s={search_term_string}"},"query-input":{"@type":"PropertyValueSpecification","valueRequired":true,"valueName":"search_term_string"}}],"inLanguage":"pl-PL"}]}},"_links":{"self":[{"href":"https:\/\/pb.edu.pl\/roboquest\/wp-json\/wp\/v2\/pages\/2137","targetHints":{"allow":["GET"]}}],"collection":[{"href":"https:\/\/pb.edu.pl\/roboquest\/wp-json\/wp\/v2\/pages"}],"about":[{"href":"https:\/\/pb.edu.pl\/roboquest\/wp-json\/wp\/v2\/types\/page"}],"author":[{"embeddable":true,"href":"https:\/\/pb.edu.pl\/roboquest\/wp-json\/wp\/v2\/users\/2"}],"replies":[{"embeddable":true,"href":"https:\/\/pb.edu.pl\/roboquest\/wp-json\/wp\/v2\/comments?post=2137"}],"version-history":[{"count":0,"href":"https:\/\/pb.edu.pl\/roboquest\/wp-json\/wp\/v2\/pages\/2137\/revisions"}],"wp:attachment":[{"href":"https:\/\/pb.edu.pl\/roboquest\/wp-json\/wp\/v2\/media?parent=2137"}],"curies":[{"name":"wp","href":"https:\/\/api.w.org\/{rel}","templated":true}]}}