{"id":2135,"date":"2025-03-09T18:06:21","date_gmt":"2025-03-09T17:06:21","guid":{"rendered":"https:\/\/pb.edu.pl\/roboquest\/?page_id=2135"},"modified":"2025-05-26T11:16:10","modified_gmt":"2025-05-26T09:16:10","slug":"wyniki","status":"publish","type":"page","link":"https:\/\/pb.edu.pl\/roboquest\/wyniki\/","title":{"rendered":"Wyniki"},"content":{"rendered":"<div class=\"h3\">Kategoria klas 4-6:<\/div>\n<ol>\n<li><strong>Robotyczni i energiczni<\/strong> w sk\u0142adzie: Oskar Nawrocki, Nikola Bielska, Miko\u0142aj Gawryluk. Opiekun: Anetta Pogrebniak<\/li>\n<li><strong>Dru\u017cyna zrobotyzowana<\/strong> w sk\u0142adzie: Bartosz Siemionczyk, Albert Sosnowski, Stanis\u0142aw \u015aliwowski, Adam Ko\u0142akowski, Oliwier Stulgis. Opiekun: Daniel Roszkowski<\/li>\n<li><strong>Sigmy<\/strong> w sk\u0142adzie: Piotr Kasprzak, Ignacy Oszmia\u0144ski, Bartosz Walentukiewicz, Adam Starosta. Opiekun: Rados\u0142aw Nawrocki<\/li>\n<\/ol>\n<div class=\"h3\">Kategoria klas 7-8:<\/div>\n<ol>\n<li><strong>Ninjas Bia\u0142ystok Junior<\/strong> w sk\u0142adzie: Tomasz Anastaziuk, Marcel Gumieniak, Kuba Jab\u0142o\u0144ski. Opiekun: Krzysztof Dowgiert, Wojciech Choro\u015bcian<\/li>\n<li><strong>SMS Team<\/strong> w sk\u0142adzie: Micha\u0142 Jakubiuk, Samuel Wiszowaty, Stefan Sadowski. Opiekun: Daniel Roszkowski<\/li>\n<\/ol>\n<p>Zobacz r\u00f3wnie\u017c <a href=\"https:\/\/pb.edu.pl\/roboquest\/2025\/05\/26\/wyniki-konkursu-roboquest-2025\/\">relacj\u0119 z konkursu RoboQuest 2025<\/a>.<\/p>\n","protected":false},"excerpt":{"rendered":"<p>Kategoria klas 4-6: Robotyczni i energiczni w sk\u0142adzie: Oskar Nawrocki, Nikola Bielska, Miko\u0142aj Gawryluk. Opiekun:<\/p>\n","protected":false},"author":2,"featured_media":0,"parent":0,"menu_order":0,"comment_status":"closed","ping_status":"closed","template":"","meta":{"_acf_changed":false,"ngg_post_thumbnail":0,"footnotes":""},"class_list":["post-2135","page","type-page","status-publish","hentry"],"acf":[],"yoast_head":"<!-- This site is optimized with the Yoast SEO plugin v27.0 - https:\/\/yoast.com\/product\/yoast-seo-wordpress\/ -->\n<title>Wyniki - Konkurs RoboQuest - Politechnika Bia\u0142ostocka<\/title>\n<meta name=\"robots\" content=\"index, follow, max-snippet:-1, max-image-preview:large, max-video-preview:-1\" \/>\n<link rel=\"canonical\" href=\"https:\/\/pb.edu.pl\/roboquest\/wyniki\/\" \/>\n<meta property=\"og:locale\" content=\"pl_PL\" \/>\n<meta property=\"og:type\" content=\"article\" \/>\n<meta property=\"og:title\" content=\"Wyniki - Konkurs RoboQuest - Politechnika Bia\u0142ostocka\" \/>\n<meta property=\"og:description\" content=\"Kategoria klas 4-6: Robotyczni i energiczni w sk\u0142adzie: Oskar Nawrocki, Nikola Bielska, Miko\u0142aj Gawryluk. Opiekun:\" \/>\n<meta property=\"og:url\" content=\"https:\/\/pb.edu.pl\/roboquest\/wyniki\/\" \/>\n<meta property=\"og:site_name\" content=\"Konkurs RoboQuest\" \/>\n<meta property=\"article:modified_time\" content=\"2025-05-26T09:16:10+00:00\" \/>\n<meta name=\"twitter:card\" content=\"summary_large_image\" \/>\n<meta name=\"twitter:label1\" content=\"Szacowany czas czytania\" \/>\n\t<meta name=\"twitter:data1\" content=\"1 minuta\" \/>\n<script type=\"application\/ld+json\" class=\"yoast-schema-graph\">{\"@context\":\"https:\/\/schema.org\",\"@graph\":[{\"@type\":\"WebPage\",\"@id\":\"https:\/\/pb.edu.pl\/roboquest\/wyniki\/\",\"url\":\"https:\/\/pb.edu.pl\/roboquest\/wyniki\/\",\"name\":\"Wyniki - Konkurs RoboQuest - Politechnika Bia\u0142ostocka\",\"isPartOf\":{\"@id\":\"https:\/\/pb.edu.pl\/roboquest\/#website\"},\"datePublished\":\"2025-03-09T17:06:21+00:00\",\"dateModified\":\"2025-05-26T09:16:10+00:00\",\"breadcrumb\":{\"@id\":\"https:\/\/pb.edu.pl\/roboquest\/wyniki\/#breadcrumb\"},\"inLanguage\":\"pl-PL\",\"potentialAction\":[{\"@type\":\"ReadAction\",\"target\":[\"https:\/\/pb.edu.pl\/roboquest\/wyniki\/\"]}]},{\"@type\":\"BreadcrumbList\",\"@id\":\"https:\/\/pb.edu.pl\/roboquest\/wyniki\/#breadcrumb\",\"itemListElement\":[{\"@type\":\"ListItem\",\"position\":1,\"name\":\"Strona g\u0142\u00f3wna\",\"item\":\"https:\/\/pb.edu.pl\/roboquest\/\"},{\"@type\":\"ListItem\",\"position\":2,\"name\":\"Wyniki\"}]},{\"@type\":\"WebSite\",\"@id\":\"https:\/\/pb.edu.pl\/roboquest\/#website\",\"url\":\"https:\/\/pb.edu.pl\/roboquest\/\",\"name\":\"Konkurs RoboQuest\",\"description\":\"\",\"potentialAction\":[{\"@type\":\"SearchAction\",\"target\":{\"@type\":\"EntryPoint\",\"urlTemplate\":\"https:\/\/pb.edu.pl\/roboquest\/?s={search_term_string}\"},\"query-input\":{\"@type\":\"PropertyValueSpecification\",\"valueRequired\":true,\"valueName\":\"search_term_string\"}}],\"inLanguage\":\"pl-PL\"}]}<\/script>\n<!-- \/ Yoast SEO plugin. -->","yoast_head_json":{"title":"Wyniki - Konkurs RoboQuest - Politechnika Bia\u0142ostocka","robots":{"index":"index","follow":"follow","max-snippet":"max-snippet:-1","max-image-preview":"max-image-preview:large","max-video-preview":"max-video-preview:-1"},"canonical":"https:\/\/pb.edu.pl\/roboquest\/wyniki\/","og_locale":"pl_PL","og_type":"article","og_title":"Wyniki - Konkurs RoboQuest - Politechnika Bia\u0142ostocka","og_description":"Kategoria klas 4-6: Robotyczni i energiczni w sk\u0142adzie: Oskar Nawrocki, Nikola Bielska, Miko\u0142aj Gawryluk. Opiekun:","og_url":"https:\/\/pb.edu.pl\/roboquest\/wyniki\/","og_site_name":"Konkurs RoboQuest","article_modified_time":"2025-05-26T09:16:10+00:00","twitter_card":"summary_large_image","twitter_misc":{"Szacowany czas czytania":"1 minuta"},"schema":{"@context":"https:\/\/schema.org","@graph":[{"@type":"WebPage","@id":"https:\/\/pb.edu.pl\/roboquest\/wyniki\/","url":"https:\/\/pb.edu.pl\/roboquest\/wyniki\/","name":"Wyniki - Konkurs RoboQuest - Politechnika Bia\u0142ostocka","isPartOf":{"@id":"https:\/\/pb.edu.pl\/roboquest\/#website"},"datePublished":"2025-03-09T17:06:21+00:00","dateModified":"2025-05-26T09:16:10+00:00","breadcrumb":{"@id":"https:\/\/pb.edu.pl\/roboquest\/wyniki\/#breadcrumb"},"inLanguage":"pl-PL","potentialAction":[{"@type":"ReadAction","target":["https:\/\/pb.edu.pl\/roboquest\/wyniki\/"]}]},{"@type":"BreadcrumbList","@id":"https:\/\/pb.edu.pl\/roboquest\/wyniki\/#breadcrumb","itemListElement":[{"@type":"ListItem","position":1,"name":"Strona g\u0142\u00f3wna","item":"https:\/\/pb.edu.pl\/roboquest\/"},{"@type":"ListItem","position":2,"name":"Wyniki"}]},{"@type":"WebSite","@id":"https:\/\/pb.edu.pl\/roboquest\/#website","url":"https:\/\/pb.edu.pl\/roboquest\/","name":"Konkurs RoboQuest","description":"","potentialAction":[{"@type":"SearchAction","target":{"@type":"EntryPoint","urlTemplate":"https:\/\/pb.edu.pl\/roboquest\/?s={search_term_string}"},"query-input":{"@type":"PropertyValueSpecification","valueRequired":true,"valueName":"search_term_string"}}],"inLanguage":"pl-PL"}]}},"_links":{"self":[{"href":"https:\/\/pb.edu.pl\/roboquest\/wp-json\/wp\/v2\/pages\/2135","targetHints":{"allow":["GET"]}}],"collection":[{"href":"https:\/\/pb.edu.pl\/roboquest\/wp-json\/wp\/v2\/pages"}],"about":[{"href":"https:\/\/pb.edu.pl\/roboquest\/wp-json\/wp\/v2\/types\/page"}],"author":[{"embeddable":true,"href":"https:\/\/pb.edu.pl\/roboquest\/wp-json\/wp\/v2\/users\/2"}],"replies":[{"embeddable":true,"href":"https:\/\/pb.edu.pl\/roboquest\/wp-json\/wp\/v2\/comments?post=2135"}],"version-history":[{"count":0,"href":"https:\/\/pb.edu.pl\/roboquest\/wp-json\/wp\/v2\/pages\/2135\/revisions"}],"wp:attachment":[{"href":"https:\/\/pb.edu.pl\/roboquest\/wp-json\/wp\/v2\/media?parent=2135"}],"curies":[{"name":"wp","href":"https:\/\/api.w.org\/{rel}","templated":true}]}}