{"id":2132,"date":"2025-03-09T18:06:08","date_gmt":"2025-03-09T17:06:08","guid":{"rendered":"https:\/\/pb.edu.pl\/roboquest\/?page_id=2132"},"modified":"2025-05-05T23:38:47","modified_gmt":"2025-05-05T21:38:47","slug":"regulamin","status":"publish","type":"page","link":"https:\/\/pb.edu.pl\/roboquest\/regulamin\/","title":{"rendered":"Regulamin"},"content":{"rendered":"<p><a class=\"pdf\" href=\"https:\/\/pb.edu.pl\/roboquest\/wp-content\/uploads\/sites\/148\/2025\/03\/Regulamin-RoboQuest.pdf\" target=\"_blank\" data-id=\"2216\">Regulamin RoboQuest <span>(PDF, 130 KB, otworzy si\u0119 w nowej karcie)<\/span><\/a><\/p>\n<p><a class=\"pdf\" href=\"https:\/\/pb.edu.pl\/roboquest\/wp-content\/uploads\/sites\/148\/2025\/03\/Zalacznik-nr-1-do-Regulaminu-RoboQuest-Formularz-zgloszeniowy.pdf\" target=\"_blank\" data-id=\"2217\">Za\u0142\u0105cznik nr 1 do Regulaminu RoboQuest &#8211; Formularz zg\u0142oszeniowy <span>(PDF, 53 KB, otworzy si\u0119 w nowej karcie)<\/span><\/a><\/p>\n<p><a class=\"pdf\" href=\"https:\/\/pb.edu.pl\/roboquest\/wp-content\/uploads\/sites\/148\/2025\/03\/Zalacznik-nr-2-do-Regulaminu-RoboQuest-Zgoda-na-udzial-w-konkursie-i-utrwalanie-wizerunku.pdf\" target=\"_blank\" data-id=\"2218\">Za\u0142\u0105cznik nr 2 do Regulaminu RoboQuest &#8211; Zgoda na udzia\u0142 w konkursie i utrwalanie wizerunku <span>(PDF, 78 KB, otworzy si\u0119 w nowej karcie)<\/span><\/a><\/p>\n<p><a class=\"pdf\" href=\"https:\/\/pb.edu.pl\/roboquest\/wp-content\/uploads\/sites\/148\/2025\/04\/Zalacznik-nr-3-do-Regulaminu-RoboQuest-Zadania-i-parametry-techniczne.pdf\" target=\"_blank\" data-id=\"2275\">Za\u0142\u0105cznik nr 3 do Regulaminu RoboQuest &#8211; Zadania i parametry techniczne <span>(PDF, 139 KB, otworzy si\u0119 w nowej karcie)<\/span><\/a><\/p>\n<p><a class=\"pdf\" href=\"https:\/\/pb.edu.pl\/roboquest\/wp-content\/uploads\/sites\/148\/2025\/04\/Zalacznik-nr-4-do-Regulaminu-RoboQuest-Punktacja.pdf\" target=\"_blank\" data-id=\"2276\">Za\u0142\u0105cznik nr 4 do Regulaminu RoboQuest &#8211; Punktacja <span>(PDF, 62 KB, otworzy si\u0119 w nowej karcie)<\/span><\/a><\/p>\n<p><a class=\"pdf\" href=\"https:\/\/pb.edu.pl\/roboquest\/wp-content\/uploads\/sites\/148\/2025\/04\/Zalacznik-nr-5-do-Regulaminu-RoboQuest-Misja-Lot.pdf\" target=\"_blank\" data-id=\"2277\">Za\u0142\u0105cznik nr 5 do Regulaminu RoboQuest &#8211; Misja Lot <span>(PDF, 424 KB, otworzy si\u0119 w nowej karcie)<\/span><\/a><\/p>\n<p><a class=\"pdf\" href=\"https:\/\/pb.edu.pl\/roboquest\/wp-content\/uploads\/sites\/148\/2025\/04\/Zalacznik-nr-6-do-Regulaminu-RoboQuest-Misja-Luna.pdf\" target=\"_blank\" data-id=\"2278\">Za\u0142\u0105cznik nr 6 do Regulaminu RoboQuest &#8211; Misja Luna <span>(PDF, 418 KB, otworzy si\u0119 w nowej karcie)<\/span><\/a><\/p>\n<p><a class=\"pdf\" href=\"https:\/\/pb.edu.pl\/roboquest\/wp-content\/uploads\/sites\/148\/2025\/04\/Zalacznik-nr-7-do-Regulaminu-RoboQuest-Misja-Orbita.pdf\" target=\"_blank\" data-id=\"2279\">Za\u0142\u0105cznik nr 7 do Regulaminu RoboQuest &#8211; Misja Orbita <span>(PDF, 333 KB, otworzy si\u0119 w nowej karcie)<\/span><\/a><\/p>\n<hr>\n<div class=\"h3\">Ustawienie figurek<\/div>\nngg_shortcode_0_placeholder\n","protected":false},"excerpt":{"rendered":"<p>Regulamin RoboQuest (PDF, 130 KB, otworzy si\u0119 w nowej karcie) Za\u0142\u0105cznik nr 1 do Regulaminu<\/p>\n","protected":false},"author":2,"featured_media":0,"parent":0,"menu_order":0,"comment_status":"closed","ping_status":"closed","template":"","meta":{"_acf_changed":false,"ngg_post_thumbnail":0,"footnotes":""},"class_list":["post-2132","page","type-page","status-publish","hentry"],"acf":[],"yoast_head":"<!-- This site is optimized with the Yoast SEO plugin v27.0 - https:\/\/yoast.com\/product\/yoast-seo-wordpress\/ -->\n<title>Regulamin - Konkurs RoboQuest - Politechnika Bia\u0142ostocka<\/title>\n<meta name=\"robots\" content=\"index, follow, max-snippet:-1, max-image-preview:large, max-video-preview:-1\" \/>\n<link rel=\"canonical\" href=\"https:\/\/pb.edu.pl\/roboquest\/regulamin\/\" \/>\n<meta property=\"og:locale\" content=\"pl_PL\" \/>\n<meta property=\"og:type\" content=\"article\" \/>\n<meta property=\"og:title\" content=\"Regulamin - Konkurs RoboQuest - Politechnika Bia\u0142ostocka\" \/>\n<meta property=\"og:description\" content=\"Regulamin RoboQuest (PDF, 130 KB, otworzy si\u0119 w nowej karcie) Za\u0142\u0105cznik nr 1 do Regulaminu\" \/>\n<meta property=\"og:url\" content=\"https:\/\/pb.edu.pl\/roboquest\/regulamin\/\" \/>\n<meta property=\"og:site_name\" content=\"Konkurs RoboQuest\" \/>\n<meta property=\"article:modified_time\" content=\"2025-05-05T21:38:47+00:00\" \/>\n<meta name=\"twitter:card\" content=\"summary_large_image\" \/>\n<meta name=\"twitter:label1\" content=\"Szacowany czas czytania\" \/>\n\t<meta name=\"twitter:data1\" content=\"1 minuta\" \/>\n<script type=\"application\/ld+json\" class=\"yoast-schema-graph\">{\"@context\":\"https:\/\/schema.org\",\"@graph\":[{\"@type\":\"WebPage\",\"@id\":\"https:\/\/pb.edu.pl\/roboquest\/regulamin\/\",\"url\":\"https:\/\/pb.edu.pl\/roboquest\/regulamin\/\",\"name\":\"Regulamin - Konkurs RoboQuest - Politechnika Bia\u0142ostocka\",\"isPartOf\":{\"@id\":\"https:\/\/pb.edu.pl\/roboquest\/#website\"},\"datePublished\":\"2025-03-09T17:06:08+00:00\",\"dateModified\":\"2025-05-05T21:38:47+00:00\",\"breadcrumb\":{\"@id\":\"https:\/\/pb.edu.pl\/roboquest\/regulamin\/#breadcrumb\"},\"inLanguage\":\"pl-PL\",\"potentialAction\":[{\"@type\":\"ReadAction\",\"target\":[\"https:\/\/pb.edu.pl\/roboquest\/regulamin\/\"]}]},{\"@type\":\"BreadcrumbList\",\"@id\":\"https:\/\/pb.edu.pl\/roboquest\/regulamin\/#breadcrumb\",\"itemListElement\":[{\"@type\":\"ListItem\",\"position\":1,\"name\":\"Strona g\u0142\u00f3wna\",\"item\":\"https:\/\/pb.edu.pl\/roboquest\/\"},{\"@type\":\"ListItem\",\"position\":2,\"name\":\"Regulamin\"}]},{\"@type\":\"WebSite\",\"@id\":\"https:\/\/pb.edu.pl\/roboquest\/#website\",\"url\":\"https:\/\/pb.edu.pl\/roboquest\/\",\"name\":\"Konkurs RoboQuest\",\"description\":\"\",\"potentialAction\":[{\"@type\":\"SearchAction\",\"target\":{\"@type\":\"EntryPoint\",\"urlTemplate\":\"https:\/\/pb.edu.pl\/roboquest\/?s={search_term_string}\"},\"query-input\":{\"@type\":\"PropertyValueSpecification\",\"valueRequired\":true,\"valueName\":\"search_term_string\"}}],\"inLanguage\":\"pl-PL\"}]}<\/script>\n<!-- \/ Yoast SEO plugin. -->","yoast_head_json":{"title":"Regulamin - Konkurs RoboQuest - Politechnika Bia\u0142ostocka","robots":{"index":"index","follow":"follow","max-snippet":"max-snippet:-1","max-image-preview":"max-image-preview:large","max-video-preview":"max-video-preview:-1"},"canonical":"https:\/\/pb.edu.pl\/roboquest\/regulamin\/","og_locale":"pl_PL","og_type":"article","og_title":"Regulamin - Konkurs RoboQuest - Politechnika Bia\u0142ostocka","og_description":"Regulamin RoboQuest (PDF, 130 KB, otworzy si\u0119 w nowej karcie) Za\u0142\u0105cznik nr 1 do Regulaminu","og_url":"https:\/\/pb.edu.pl\/roboquest\/regulamin\/","og_site_name":"Konkurs RoboQuest","article_modified_time":"2025-05-05T21:38:47+00:00","twitter_card":"summary_large_image","twitter_misc":{"Szacowany czas czytania":"1 minuta"},"schema":{"@context":"https:\/\/schema.org","@graph":[{"@type":"WebPage","@id":"https:\/\/pb.edu.pl\/roboquest\/regulamin\/","url":"https:\/\/pb.edu.pl\/roboquest\/regulamin\/","name":"Regulamin - Konkurs RoboQuest - Politechnika Bia\u0142ostocka","isPartOf":{"@id":"https:\/\/pb.edu.pl\/roboquest\/#website"},"datePublished":"2025-03-09T17:06:08+00:00","dateModified":"2025-05-05T21:38:47+00:00","breadcrumb":{"@id":"https:\/\/pb.edu.pl\/roboquest\/regulamin\/#breadcrumb"},"inLanguage":"pl-PL","potentialAction":[{"@type":"ReadAction","target":["https:\/\/pb.edu.pl\/roboquest\/regulamin\/"]}]},{"@type":"BreadcrumbList","@id":"https:\/\/pb.edu.pl\/roboquest\/regulamin\/#breadcrumb","itemListElement":[{"@type":"ListItem","position":1,"name":"Strona g\u0142\u00f3wna","item":"https:\/\/pb.edu.pl\/roboquest\/"},{"@type":"ListItem","position":2,"name":"Regulamin"}]},{"@type":"WebSite","@id":"https:\/\/pb.edu.pl\/roboquest\/#website","url":"https:\/\/pb.edu.pl\/roboquest\/","name":"Konkurs RoboQuest","description":"","potentialAction":[{"@type":"SearchAction","target":{"@type":"EntryPoint","urlTemplate":"https:\/\/pb.edu.pl\/roboquest\/?s={search_term_string}"},"query-input":{"@type":"PropertyValueSpecification","valueRequired":true,"valueName":"search_term_string"}}],"inLanguage":"pl-PL"}]}},"_links":{"self":[{"href":"https:\/\/pb.edu.pl\/roboquest\/wp-json\/wp\/v2\/pages\/2132","targetHints":{"allow":["GET"]}}],"collection":[{"href":"https:\/\/pb.edu.pl\/roboquest\/wp-json\/wp\/v2\/pages"}],"about":[{"href":"https:\/\/pb.edu.pl\/roboquest\/wp-json\/wp\/v2\/types\/page"}],"author":[{"embeddable":true,"href":"https:\/\/pb.edu.pl\/roboquest\/wp-json\/wp\/v2\/users\/2"}],"replies":[{"embeddable":true,"href":"https:\/\/pb.edu.pl\/roboquest\/wp-json\/wp\/v2\/comments?post=2132"}],"version-history":[{"count":0,"href":"https:\/\/pb.edu.pl\/roboquest\/wp-json\/wp\/v2\/pages\/2132\/revisions"}],"wp:attachment":[{"href":"https:\/\/pb.edu.pl\/roboquest\/wp-json\/wp\/v2\/media?parent=2132"}],"curies":[{"name":"wp","href":"https:\/\/api.w.org\/{rel}","templated":true}]}}