{"id":2130,"date":"2025-03-09T18:00:43","date_gmt":"2025-03-09T17:00:43","guid":{"rendered":"https:\/\/pb.edu.pl\/roboquest\/?page_id=2130"},"modified":"2025-04-02T00:30:51","modified_gmt":"2025-04-01T22:30:51","slug":"o-konkursie","status":"publish","type":"page","link":"https:\/\/pb.edu.pl\/roboquest\/o-konkursie\/","title":{"rendered":"O konkursie"},"content":{"rendered":"<p>Wielka kosmiczna misja czeka! ??\u200d?<\/p>\n<p>W bezkresnym wszech\u015bwiecie, gdzie cisza splata si\u0119 z niesko\u0144czono\u015bci\u0105, Kapitan Kosmos przygotowuje si\u0119 do kolejnej niezwyk\u0142ej wyprawy. Jego zadanie wydaje si\u0119 proste &#8211; dotrze\u0107 na Ksi\u0119\u017cyc, zebra\u0107 cenne pr\u00f3bki i nawi\u0105za\u0107 kontakt ze stacj\u0105 kosmiczn\u0105. Jednak droga pe\u0142na jest niebezpiecze\u0144stw, a czas nieub\u0142aganie ucieka&#8230;<\/p>\n<p>Czy podejmiecie wyzwanie i pomo\u017cecie Kapitanowi Kosmosowi?<\/p>\n<div class=\"h3\">Cel misji ?<\/div>\n<p>Nasza kosmiczna przygoda to nie tylko emocjonuj\u0105ca zabawa, ale tak\u017ce okazja do rozwijania pasji zwi\u0105zanych z nowoczesnymi technologiami i robotyk\u0105. <\/p>\n<p>Konkurs jest skierowany do uczni\u00f3w klas 4-8 szk\u00f3\u0142 podstawowych z wojew\u00f3dztwa podlaskiego i ma na celu pobudzenie ich wyobra\u017ani oraz umiej\u0119tno\u015bci in\u017cynierskich.<\/p>\n<div class=\"h3\">Start misji ?<\/div>\n<p><strong>23 maja 2025 r.<\/strong><\/p>\n<p>Przygotujcie si\u0119 na niezwyk\u0142\u0105 podr\u00f3\u017c pe\u0142n\u0105 wyzwa\u0144, odkry\u0107 i kosmicznych emocji!<br \/>\nZapraszamy serdecznie &#8211; Kapitan Kosmos liczy na Wasz\u0105 pomoc!<\/p>\n","protected":false},"excerpt":{"rendered":"<p>Wielka kosmiczna misja czeka! ??\u200d? W bezkresnym wszech\u015bwiecie, gdzie cisza splata si\u0119 z niesko\u0144czono\u015bci\u0105, Kapitan<\/p>\n","protected":false},"author":2,"featured_media":0,"parent":0,"menu_order":0,"comment_status":"closed","ping_status":"closed","template":"","meta":{"_acf_changed":false,"ngg_post_thumbnail":0,"footnotes":""},"class_list":["post-2130","page","type-page","status-publish","hentry"],"acf":[],"yoast_head":"<!-- This site is optimized with the Yoast SEO plugin v27.0 - https:\/\/yoast.com\/product\/yoast-seo-wordpress\/ -->\n<title>O konkursie - Konkurs RoboQuest - Politechnika Bia\u0142ostocka<\/title>\n<meta name=\"robots\" content=\"index, follow, max-snippet:-1, max-image-preview:large, max-video-preview:-1\" \/>\n<link rel=\"canonical\" href=\"https:\/\/pb.edu.pl\/roboquest\/o-konkursie\/\" \/>\n<meta property=\"og:locale\" content=\"pl_PL\" \/>\n<meta property=\"og:type\" content=\"article\" \/>\n<meta property=\"og:title\" content=\"O konkursie - Konkurs RoboQuest - Politechnika Bia\u0142ostocka\" \/>\n<meta property=\"og:description\" content=\"Wielka kosmiczna misja czeka! ??\u200d? W bezkresnym wszech\u015bwiecie, gdzie cisza splata si\u0119 z niesko\u0144czono\u015bci\u0105, Kapitan\" \/>\n<meta property=\"og:url\" content=\"https:\/\/pb.edu.pl\/roboquest\/o-konkursie\/\" \/>\n<meta property=\"og:site_name\" content=\"Konkurs RoboQuest\" \/>\n<meta property=\"article:modified_time\" content=\"2025-04-01T22:30:51+00:00\" \/>\n<meta name=\"twitter:card\" content=\"summary_large_image\" \/>\n<meta name=\"twitter:label1\" content=\"Szacowany czas czytania\" \/>\n\t<meta name=\"twitter:data1\" content=\"1 minuta\" \/>\n<script type=\"application\/ld+json\" class=\"yoast-schema-graph\">{\"@context\":\"https:\/\/schema.org\",\"@graph\":[{\"@type\":\"WebPage\",\"@id\":\"https:\/\/pb.edu.pl\/roboquest\/o-konkursie\/\",\"url\":\"https:\/\/pb.edu.pl\/roboquest\/o-konkursie\/\",\"name\":\"O konkursie - Konkurs RoboQuest - Politechnika Bia\u0142ostocka\",\"isPartOf\":{\"@id\":\"https:\/\/pb.edu.pl\/roboquest\/#website\"},\"datePublished\":\"2025-03-09T17:00:43+00:00\",\"dateModified\":\"2025-04-01T22:30:51+00:00\",\"breadcrumb\":{\"@id\":\"https:\/\/pb.edu.pl\/roboquest\/o-konkursie\/#breadcrumb\"},\"inLanguage\":\"pl-PL\",\"potentialAction\":[{\"@type\":\"ReadAction\",\"target\":[\"https:\/\/pb.edu.pl\/roboquest\/o-konkursie\/\"]}]},{\"@type\":\"BreadcrumbList\",\"@id\":\"https:\/\/pb.edu.pl\/roboquest\/o-konkursie\/#breadcrumb\",\"itemListElement\":[{\"@type\":\"ListItem\",\"position\":1,\"name\":\"Strona g\u0142\u00f3wna\",\"item\":\"https:\/\/pb.edu.pl\/roboquest\/\"},{\"@type\":\"ListItem\",\"position\":2,\"name\":\"O konkursie\"}]},{\"@type\":\"WebSite\",\"@id\":\"https:\/\/pb.edu.pl\/roboquest\/#website\",\"url\":\"https:\/\/pb.edu.pl\/roboquest\/\",\"name\":\"Konkurs RoboQuest\",\"description\":\"\",\"potentialAction\":[{\"@type\":\"SearchAction\",\"target\":{\"@type\":\"EntryPoint\",\"urlTemplate\":\"https:\/\/pb.edu.pl\/roboquest\/?s={search_term_string}\"},\"query-input\":{\"@type\":\"PropertyValueSpecification\",\"valueRequired\":true,\"valueName\":\"search_term_string\"}}],\"inLanguage\":\"pl-PL\"}]}<\/script>\n<!-- \/ Yoast SEO plugin. -->","yoast_head_json":{"title":"O konkursie - Konkurs RoboQuest - Politechnika Bia\u0142ostocka","robots":{"index":"index","follow":"follow","max-snippet":"max-snippet:-1","max-image-preview":"max-image-preview:large","max-video-preview":"max-video-preview:-1"},"canonical":"https:\/\/pb.edu.pl\/roboquest\/o-konkursie\/","og_locale":"pl_PL","og_type":"article","og_title":"O konkursie - Konkurs RoboQuest - Politechnika Bia\u0142ostocka","og_description":"Wielka kosmiczna misja czeka! ??\u200d? W bezkresnym wszech\u015bwiecie, gdzie cisza splata si\u0119 z niesko\u0144czono\u015bci\u0105, Kapitan","og_url":"https:\/\/pb.edu.pl\/roboquest\/o-konkursie\/","og_site_name":"Konkurs RoboQuest","article_modified_time":"2025-04-01T22:30:51+00:00","twitter_card":"summary_large_image","twitter_misc":{"Szacowany czas czytania":"1 minuta"},"schema":{"@context":"https:\/\/schema.org","@graph":[{"@type":"WebPage","@id":"https:\/\/pb.edu.pl\/roboquest\/o-konkursie\/","url":"https:\/\/pb.edu.pl\/roboquest\/o-konkursie\/","name":"O konkursie - Konkurs RoboQuest - Politechnika Bia\u0142ostocka","isPartOf":{"@id":"https:\/\/pb.edu.pl\/roboquest\/#website"},"datePublished":"2025-03-09T17:00:43+00:00","dateModified":"2025-04-01T22:30:51+00:00","breadcrumb":{"@id":"https:\/\/pb.edu.pl\/roboquest\/o-konkursie\/#breadcrumb"},"inLanguage":"pl-PL","potentialAction":[{"@type":"ReadAction","target":["https:\/\/pb.edu.pl\/roboquest\/o-konkursie\/"]}]},{"@type":"BreadcrumbList","@id":"https:\/\/pb.edu.pl\/roboquest\/o-konkursie\/#breadcrumb","itemListElement":[{"@type":"ListItem","position":1,"name":"Strona g\u0142\u00f3wna","item":"https:\/\/pb.edu.pl\/roboquest\/"},{"@type":"ListItem","position":2,"name":"O konkursie"}]},{"@type":"WebSite","@id":"https:\/\/pb.edu.pl\/roboquest\/#website","url":"https:\/\/pb.edu.pl\/roboquest\/","name":"Konkurs RoboQuest","description":"","potentialAction":[{"@type":"SearchAction","target":{"@type":"EntryPoint","urlTemplate":"https:\/\/pb.edu.pl\/roboquest\/?s={search_term_string}"},"query-input":{"@type":"PropertyValueSpecification","valueRequired":true,"valueName":"search_term_string"}}],"inLanguage":"pl-PL"}]}},"_links":{"self":[{"href":"https:\/\/pb.edu.pl\/roboquest\/wp-json\/wp\/v2\/pages\/2130","targetHints":{"allow":["GET"]}}],"collection":[{"href":"https:\/\/pb.edu.pl\/roboquest\/wp-json\/wp\/v2\/pages"}],"about":[{"href":"https:\/\/pb.edu.pl\/roboquest\/wp-json\/wp\/v2\/types\/page"}],"author":[{"embeddable":true,"href":"https:\/\/pb.edu.pl\/roboquest\/wp-json\/wp\/v2\/users\/2"}],"replies":[{"embeddable":true,"href":"https:\/\/pb.edu.pl\/roboquest\/wp-json\/wp\/v2\/comments?post=2130"}],"version-history":[{"count":0,"href":"https:\/\/pb.edu.pl\/roboquest\/wp-json\/wp\/v2\/pages\/2130\/revisions"}],"wp:attachment":[{"href":"https:\/\/pb.edu.pl\/roboquest\/wp-json\/wp\/v2\/media?parent=2130"}],"curies":[{"name":"wp","href":"https:\/\/api.w.org\/{rel}","templated":true}]}}