{"id":13,"date":"2020-05-18T14:40:41","date_gmt":"2020-05-18T12:40:41","guid":{"rendered":"https:\/\/pb.edu.pl\/roboquest\/?page_id=13"},"modified":"2025-05-25T21:13:07","modified_gmt":"2025-05-25T19:13:07","slug":"home","status":"publish","type":"page","link":"https:\/\/pb.edu.pl\/roboquest\/","title":{"rendered":""},"content":{"rendered":"<div class=\"img-full\">\n<p><img decoding=\"async\" src=\"https:\/\/pb.edu.pl\/roboquest\/wp-content\/uploads\/sites\/148\/2025\/03\/tlo_strona-jpg3.jpg\" alt=\"\"><\/p>\n<div class=\"img-full-text\">\n<div class=\"img-full-title\">Konkurs RoboQuest<\/div>\n<div class=\"img-full-button\"><strong>Dzi\u0119kujemy za udzia\u0142!<\/strong><\/div>\n<div class=\"img-full-pb\">Politechnika Bia\u0142ostocka<\/div>\n<\/div>\n<\/div>\n<div id=\"aktualnosci\" class=\"href\">&nbsp;<\/div>\n<p>&nbsp;<\/p>\n<h2 style=\"font-size: 3rem\"><a style=\"text-decoration: none\" title=\"poka\u017c wszystkie\" href=\"\/roboquest\/aktualnosci\/\">Aktualno\u015bci <i class=\"fa fa-caret-right\" aria-hidden=\"true\"><\/i><\/a><\/h2>\n\t\t<div class=\"box news-box \">\n\t\t<div class=\"row\">\n\t\t\t\n\t\t\t\n\t\t\t\t\n\t\t\t\t\t\t\t\t\t\t<div class=\"col-sm-3\">\n\t\t\t\t\t\t\t\n<article class=\"format-standard\">\n    <span class=\"date text-right\"><i class=\"fal fa-calendar-alt\"><\/i> 26-05-2025<\/span>\n    <a href=\"https:\/\/pb.edu.pl\/roboquest\/2025\/05\/26\/wyniki-konkursu-roboquest-2025\/\">\n      <div class=\"article-image\">\n        <img loading=\"lazy\" decoding=\"async\" width=\"480\" height=\"300\" src=\"https:\/\/pb.edu.pl\/roboquest\/wp-content\/uploads\/sites\/148\/2025\/05\/2025-05-23-Konkurs_RoboQuest_fot-Dariusz-Piekut_PB-1-480x300.jpg\" class=\"attachment-medium-image-16x10 size-medium-image-16x10 wp-post-image\" alt=\"\" srcset=\"https:\/\/pb.edu.pl\/roboquest\/wp-content\/uploads\/sites\/148\/2025\/05\/2025-05-23-Konkurs_RoboQuest_fot-Dariusz-Piekut_PB-1-480x300.jpg 480w, https:\/\/pb.edu.pl\/roboquest\/wp-content\/uploads\/sites\/148\/2025\/05\/2025-05-23-Konkurs_RoboQuest_fot-Dariusz-Piekut_PB-1-300x188.jpg 300w, https:\/\/pb.edu.pl\/roboquest\/wp-content\/uploads\/sites\/148\/2025\/05\/2025-05-23-Konkurs_RoboQuest_fot-Dariusz-Piekut_PB-1-1024x640.jpg 1024w, https:\/\/pb.edu.pl\/roboquest\/wp-content\/uploads\/sites\/148\/2025\/05\/2025-05-23-Konkurs_RoboQuest_fot-Dariusz-Piekut_PB-1-768x480.jpg 768w, https:\/\/pb.edu.pl\/roboquest\/wp-content\/uploads\/sites\/148\/2025\/05\/2025-05-23-Konkurs_RoboQuest_fot-Dariusz-Piekut_PB-1-1536x960.jpg 1536w, https:\/\/pb.edu.pl\/roboquest\/wp-content\/uploads\/sites\/148\/2025\/05\/2025-05-23-Konkurs_RoboQuest_fot-Dariusz-Piekut_PB-1-2048x1280.jpg 2048w\" sizes=\"auto, (max-width: 480px) 100vw, 480px\" \/>      <\/div>\n      <h3>Wyniki konkursu RoboQuest 2025<\/h3>\n      Kosmiczne wyzwanie Politechniki Bia\u0142ostockiej dla uczni\u00f3w szk\u00f3\u0142 podstawowych    <\/a>\n<\/article>\t\t\t\t\t\t<\/div>\n\t\t\t\t\t\t\t\t\t\t\t<div class=\"col-sm-3\">\n\t\t\t\t\t\t\t\n<article class=\"format-standard\">\n    <span class=\"date text-right\"><i class=\"fal fa-calendar-alt\"><\/i> 19-05-2025<\/span>\n    <a href=\"https:\/\/pb.edu.pl\/roboquest\/2025\/05\/19\/harmonogram-roboquest-2025\/\">\n      <div class=\"article-image\">\n        <img loading=\"lazy\" decoding=\"async\" width=\"480\" height=\"300\" src=\"https:\/\/pb.edu.pl\/roboquest\/wp-content\/uploads\/sites\/148\/2025\/05\/harmonogram-RoboQuest-2025-480x300.png\" class=\"attachment-medium-image-16x10 size-medium-image-16x10 wp-post-image\" alt=\"\" \/>      <\/div>\n      <h3>Harmonogram RoboQuest 2025<\/h3>\n      RoboQuest 2025 coraz bli\u017cej, sprawd\u017a harmonogram wydarzenia    <\/a>\n<\/article>\t\t\t\t\t\t<\/div>\n\t\t\t\t\t\t\t\t\t\t\t<div class=\"col-sm-3\">\n\t\t\t\t\t\t\t\n<article class=\"format-standard\">\n    <span class=\"date text-right\"><i class=\"fal fa-calendar-alt\"><\/i> 02-04-2025<\/span>\n    <a href=\"https:\/\/pb.edu.pl\/roboquest\/2025\/04\/02\/pierwsza-edycja-roboquest-nadchodzi\/\">\n      <div class=\"article-image\">\n        <img loading=\"lazy\" decoding=\"async\" width=\"480\" height=\"300\" src=\"https:\/\/pb.edu.pl\/roboquest\/wp-content\/uploads\/sites\/148\/2025\/03\/strona-ogloszenie-konkursu-480x300.png\" class=\"attachment-medium-image-16x10 size-medium-image-16x10 wp-post-image\" alt=\"\" \/>      <\/div>\n      <h3>RoboQuest nadchodzi<\/h3>\n      Ju\u017c 23 maja 2025 roku spotkajmy si\u0119 w Centrum Nowoczesnego Kszta\u0142cenia    <\/a>\n<\/article>\t\t\t\t\t\t<\/div>\n\t\t\t\t\t\n\t\t\t\t\n\t\t\t\t\t<\/div>\n\t\t\t\t\t<\/div>\n\n<div id=\"box-menu\" class=\"href\">&nbsp;<\/div>\n<p>&nbsp;<\/p>\n<div class=\"row\">\n<div class=\"col-sm-3 text-center\"><a class=\"button\" style=\"width: 100%;padding: 0px 5px 10px 5px\" href=\"\/roboquest\/o-konkursie\/\"><img loading=\"lazy\" decoding=\"async\" class=\"aligncenter size-full wp-image-2195\" src=\"https:\/\/pb.edu.pl\/roboquest\/wp-content\/uploads\/sites\/148\/2025\/03\/O-konkursie.png\" alt=\"\" width=\"800\" height=\"800\" srcset=\"https:\/\/pb.edu.pl\/roboquest\/wp-content\/uploads\/sites\/148\/2025\/03\/O-konkursie.png 800w, https:\/\/pb.edu.pl\/roboquest\/wp-content\/uploads\/sites\/148\/2025\/03\/O-konkursie-300x300.png 300w, https:\/\/pb.edu.pl\/roboquest\/wp-content\/uploads\/sites\/148\/2025\/03\/O-konkursie-150x150.png 150w, https:\/\/pb.edu.pl\/roboquest\/wp-content\/uploads\/sites\/148\/2025\/03\/O-konkursie-768x768.png 768w\" sizes=\"auto, (max-width: 800px) 100vw, 800px\" \/><span class=\"lead\">O konkursie<\/span><\/a><\/div>\n<div class=\"col-sm-3 text-center\"><a class=\"button\" style=\"width: 100%;padding: 0px 5px 10px 5px\" href=\"\/roboquest\/regulamin\/\"><img loading=\"lazy\" decoding=\"async\" class=\"aligncenter size-full wp-image-2196\" src=\"https:\/\/pb.edu.pl\/roboquest\/wp-content\/uploads\/sites\/148\/2025\/03\/Regulamin.png\" alt=\"\" width=\"800\" height=\"800\" srcset=\"https:\/\/pb.edu.pl\/roboquest\/wp-content\/uploads\/sites\/148\/2025\/03\/Regulamin.png 800w, https:\/\/pb.edu.pl\/roboquest\/wp-content\/uploads\/sites\/148\/2025\/03\/Regulamin-300x300.png 300w, https:\/\/pb.edu.pl\/roboquest\/wp-content\/uploads\/sites\/148\/2025\/03\/Regulamin-150x150.png 150w, https:\/\/pb.edu.pl\/roboquest\/wp-content\/uploads\/sites\/148\/2025\/03\/Regulamin-768x768.png 768w\" sizes=\"auto, (max-width: 800px) 100vw, 800px\" \/><span class=\"lead\">Regulamin<\/span><\/a><\/div>\n<div class=\"col-sm-3 text-center\"><a class=\"button\" style=\"width: 100%;padding: 0px 5px 10px 5px\" href=\"\/roboquest\/wyniki\/\"><img loading=\"lazy\" decoding=\"async\" class=\"aligncenter size-full wp-image-2198\" src=\"https:\/\/pb.edu.pl\/roboquest\/wp-content\/uploads\/sites\/148\/2025\/03\/Wyniki.png\" alt=\"\" width=\"800\" height=\"800\" srcset=\"https:\/\/pb.edu.pl\/roboquest\/wp-content\/uploads\/sites\/148\/2025\/03\/Wyniki.png 800w, https:\/\/pb.edu.pl\/roboquest\/wp-content\/uploads\/sites\/148\/2025\/03\/Wyniki-300x300.png 300w, https:\/\/pb.edu.pl\/roboquest\/wp-content\/uploads\/sites\/148\/2025\/03\/Wyniki-150x150.png 150w, https:\/\/pb.edu.pl\/roboquest\/wp-content\/uploads\/sites\/148\/2025\/03\/Wyniki-768x768.png 768w\" sizes=\"auto, (max-width: 800px) 100vw, 800px\" \/><span class=\"lead\">Wyniki<\/span><\/a><\/div>\n<div class=\"col-sm-3 text-center\"><a class=\"button\" style=\"width: 100%;padding: 0px 5px 10px 5px\" href=\"\/roboquest\/kontakt\/\"><img loading=\"lazy\" decoding=\"async\" class=\"aligncenter size-full wp-image-2194\" src=\"https:\/\/pb.edu.pl\/roboquest\/wp-content\/uploads\/sites\/148\/2025\/03\/Kontakt.png\" alt=\"\" width=\"800\" height=\"800\" srcset=\"https:\/\/pb.edu.pl\/roboquest\/wp-content\/uploads\/sites\/148\/2025\/03\/Kontakt.png 800w, https:\/\/pb.edu.pl\/roboquest\/wp-content\/uploads\/sites\/148\/2025\/03\/Kontakt-300x300.png 300w, https:\/\/pb.edu.pl\/roboquest\/wp-content\/uploads\/sites\/148\/2025\/03\/Kontakt-150x150.png 150w, https:\/\/pb.edu.pl\/roboquest\/wp-content\/uploads\/sites\/148\/2025\/03\/Kontakt-768x768.png 768w\" sizes=\"auto, (max-width: 800px) 100vw, 800px\" \/><span class=\"lead\">Kontakt<\/span><\/a><\/div>\n<\/div>\n<p>&nbsp;<\/p>\n<div class=\"row\">\n<div class=\"col-sm-12 text-center\"><a class=\"button text-center animated zoomIn lead\" style=\"width: 100%;font-weight: 400;letter-spacing: 2px\" href=\"\/roboquest\/rejestracja\/\">Rejestracja &#8211; zapisy zako\u0144czone<\/a><\/div>\n<\/div>\n<div class=\"h1 text-center\"><span style=\"font-size: 24pt\">Organizatorzy<\/span><\/div>\n<p>&nbsp;<\/p>\n<div class=\"organizer-logos\"><a class=\"organizer-logos-item\" href=\"https:\/\/pb.edu.pl\/\" target=\"_blank\" rel=\"noopener\"><img decoding=\"async\" src=\"https:\/\/pb.edu.pl\/roboquest\/wp-content\/uploads\/sites\/148\/2025\/03\/logo-pion-PB-PL-kolor-czarny-na-bialym-tle.jpg\" alt=\"Politechnika Bia\u0142ostocka logo\"><\/a><br \/>\n<a class=\"organizer-logos-item\" href=\"https:\/\/wm.pb.edu.pl\/\" target=\"_blank\" rel=\"noopener\"><img decoding=\"async\" src=\"https:\/\/pb.edu.pl\/roboquest\/wp-content\/uploads\/sites\/148\/2025\/03\/logo-WM-PB-PL-kolor-czarny-na-bialym-tle.jpg\" alt=\"Wydzia\u0142 Mechaniczny Politechniki Bia\u0142ostockiej logo\"><\/a><br \/>\n<a class=\"organizer-logos-item\" href=\"https:\/\/wm.pb.edu.pl\/alios\/\" target=\"_blank\" rel=\"noopener\"><img decoding=\"async\" src=\"https:\/\/pb.edu.pl\/roboquest\/wp-content\/uploads\/sites\/148\/2025\/03\/alios-logo-pion-czarne.png\" alt=\"Ko\u0142o Naukowe Alios logo\"><\/a><br \/>\n<a class=\"organizer-logos-item\" href=\"https:\/\/pb.edu.pl\/liceum-ogolnoksztalcace\/\" target=\"_blank\" rel=\"noopener\"><img decoding=\"async\" src=\"https:\/\/pb.edu.pl\/roboquest\/wp-content\/uploads\/sites\/148\/2025\/03\/logo-alo-pb-biale-tlo-600x600-1.jpg\" alt=\"Akademickie Liceum Og\u00f3lnokszta\u0142c\u0105ce Politechniki Bia\u0142ostockiej logo\"><\/a><\/div>\n<p>&nbsp;<\/p>\n<div class=\"h1 text-center\"><span style=\"font-size: 24pt\">Patronat honorowy<\/span><\/div>\n<p>&nbsp;<\/p>\n<div class=\"organizer-logos\"><a class=\"organizer-logos-item\" title=\"otworzy si\u0119 w nowej karcie\" href=\"https:\/\/pb.edu.pl\/uczelnia\/wladze-uczelni\/\" target=\"_blank\" rel=\"noopener\"><img loading=\"lazy\" decoding=\"async\" src=\"https:\/\/pb.edu.pl\/roboquest\/wp-content\/uploads\/sites\/148\/2025\/04\/logo-Patronat-Rektor-PB-kolor-podstawowy-na-bialym_200px.jpg\" alt=\"logo Patronat Rektor PB\" width=\"784\" height=\"200\" class=\"aligncenter size-full wp-image-2271\" srcset=\"https:\/\/pb.edu.pl\/roboquest\/wp-content\/uploads\/sites\/148\/2025\/04\/logo-Patronat-Rektor-PB-kolor-podstawowy-na-bialym_200px.jpg 784w, https:\/\/pb.edu.pl\/roboquest\/wp-content\/uploads\/sites\/148\/2025\/04\/logo-Patronat-Rektor-PB-kolor-podstawowy-na-bialym_200px-300x77.jpg 300w, https:\/\/pb.edu.pl\/roboquest\/wp-content\/uploads\/sites\/148\/2025\/04\/logo-Patronat-Rektor-PB-kolor-podstawowy-na-bialym_200px-768x196.jpg 768w\" sizes=\"auto, (max-width: 784px) 100vw, 784px\" \/><\/a><br \/>\n<a class=\"partnerzy-logos-item\" title=\"otworzy si\u0119 w nowej karcie\" href=\"https:\/\/www.bialystok.pl\/\" target=\"_blank\" rel=\"noopener\"><img loading=\"lazy\" decoding=\"async\" style=\"height: 160px !important\" src=\"https:\/\/pb.edu.pl\/roboquest\/wp-content\/uploads\/sites\/148\/2025\/04\/herb-honorowy-patronat-jpg-173x300.jpg\" alt=\"logo Patronat Prezydenta Miasta Bia\u0142egostoku\" width=\"173\" height=\"300\" class=\"aligncenter size-medium wp-image-2286\" srcset=\"https:\/\/pb.edu.pl\/roboquest\/wp-content\/uploads\/sites\/148\/2025\/04\/herb-honorowy-patronat-jpg-173x300.jpg 173w, https:\/\/pb.edu.pl\/roboquest\/wp-content\/uploads\/sites\/148\/2025\/04\/herb-honorowy-patronat-jpg-590x1024.jpg 590w, https:\/\/pb.edu.pl\/roboquest\/wp-content\/uploads\/sites\/148\/2025\/04\/herb-honorowy-patronat-jpg-768x1332.jpg 768w, https:\/\/pb.edu.pl\/roboquest\/wp-content\/uploads\/sites\/148\/2025\/04\/herb-honorowy-patronat-jpg-885x1536.jpg 885w, https:\/\/pb.edu.pl\/roboquest\/wp-content\/uploads\/sites\/148\/2025\/04\/herb-honorowy-patronat-jpg-1181x2048.jpg 1181w, https:\/\/pb.edu.pl\/roboquest\/wp-content\/uploads\/sites\/148\/2025\/04\/herb-honorowy-patronat-jpg.jpg 1346w\" sizes=\"auto, (max-width: 173px) 100vw, 173px\" \/><\/a><br \/>\n<a class=\"partnerzy-logos-item\" title=\"otworzy si\u0119 w nowej karcie\" href=\"https:\/\/podlaskie.eu\/\" target=\"_blank\" rel=\"noopener\"><img loading=\"lazy\" decoding=\"async\" style=\"height: 160px !important\" src=\"https:\/\/pb.edu.pl\/roboquest\/wp-content\/uploads\/sites\/148\/2025\/04\/herb-marszalka-wojewodztwa-204x300.jpg\" alt=\"herb Marsza\u0142ka Wojew\u00f3dztwa Podlaskiego\" width=\"204\" height=\"300\" class=\"aligncenter size-medium wp-image-2291\" srcset=\"https:\/\/pb.edu.pl\/roboquest\/wp-content\/uploads\/sites\/148\/2025\/04\/herb-marszalka-wojewodztwa-204x300.jpg 204w, https:\/\/pb.edu.pl\/roboquest\/wp-content\/uploads\/sites\/148\/2025\/04\/herb-marszalka-wojewodztwa.jpg 219w\" sizes=\"auto, (max-width: 204px) 100vw, 204px\" \/><\/a><br \/>\n<a class=\"partnerzy-logos-item\" title=\"otworzy si\u0119 w nowej karcie\" href=\"https:\/\/kuratorium.bialystok.pl\/\" target=\"_blank\" rel=\"noopener\"><img loading=\"lazy\" decoding=\"async\" style=\"height: 160px !important\" src=\"https:\/\/pb.edu.pl\/roboquest\/wp-content\/uploads\/sites\/148\/2025\/04\/logo-pko-268x300.jpg\" alt=\"logo Podlaskiego Kuratora O\u015bwiaty\" width=\"268\" height=\"300\" class=\"aligncenter size-medium wp-image-2288\" srcset=\"https:\/\/pb.edu.pl\/roboquest\/wp-content\/uploads\/sites\/148\/2025\/04\/logo-pko-268x300.jpg 268w, https:\/\/pb.edu.pl\/roboquest\/wp-content\/uploads\/sites\/148\/2025\/04\/logo-pko.jpg 422w\" sizes=\"auto, (max-width: 268px) 100vw, 268px\" \/><\/a><\/div>\n<p>&nbsp;<\/p>\n<div class=\"h1 text-center\"><span style=\"font-size: 24pt\">Patronat medialny<\/span><\/div>\n<p>&nbsp;<\/p>\n<div class=\"organizer-logos\"><a class=\"organizer-logos-item\" title=\"otworzy si\u0119 w nowej karcie\" href=\"https:\/\/akadera.bialystok.pl\/\" target=\"_blank\" rel=\"noopener\"><img loading=\"lazy\" decoding=\"async\" src=\"https:\/\/pb.edu.pl\/roboquest\/wp-content\/uploads\/sites\/148\/2025\/04\/logo-akadera.jpg\" alt=\"logo Radio Akadera\" width=\"800\" height=\"259\" class=\"aligncenter size-full wp-image-2258\" srcset=\"https:\/\/pb.edu.pl\/roboquest\/wp-content\/uploads\/sites\/148\/2025\/04\/logo-akadera.jpg 800w, https:\/\/pb.edu.pl\/roboquest\/wp-content\/uploads\/sites\/148\/2025\/04\/logo-akadera-300x97.jpg 300w, https:\/\/pb.edu.pl\/roboquest\/wp-content\/uploads\/sites\/148\/2025\/04\/logo-akadera-768x249.jpg 768w\" sizes=\"auto, (max-width: 800px) 100vw, 800px\" \/><\/a><br \/>\n<a class=\"organizer-logos-item\" title=\"otworzy si\u0119 w nowej karcie\" href=\"https:\/\/radio.jard.pl\/\" target=\"_blank\" rel=\"noopener\"><img loading=\"lazy\" decoding=\"async\" src=\"https:\/\/pb.edu.pl\/roboquest\/wp-content\/uploads\/sites\/148\/2025\/04\/logo-jard.jpg\" alt=\"Logo Radio Jard\" width=\"800\" height=\"205\" class=\"aligncenter size-full wp-image-2259\" srcset=\"https:\/\/pb.edu.pl\/roboquest\/wp-content\/uploads\/sites\/148\/2025\/04\/logo-jard.jpg 800w, https:\/\/pb.edu.pl\/roboquest\/wp-content\/uploads\/sites\/148\/2025\/04\/logo-jard-300x77.jpg 300w, https:\/\/pb.edu.pl\/roboquest\/wp-content\/uploads\/sites\/148\/2025\/04\/logo-jard-768x197.jpg 768w\" sizes=\"auto, (max-width: 800px) 100vw, 800px\" \/><\/a><br \/>\n<a class=\"organizer-logos-item\" title=\"otworzy si\u0119 w nowej karcie\" href=\"https:\/\/www.radio.bialystok.pl\/\" target=\"_blank\" rel=\"noopener\"><img loading=\"lazy\" decoding=\"async\" src=\"https:\/\/pb.edu.pl\/roboquest\/wp-content\/uploads\/sites\/148\/2025\/04\/logo-radio-bialystok.png\" alt=\"Logo Polskie Radio Bia\u0142ystok\" width=\"190\" height=\"95\" class=\"aligncenter size-full wp-image-2263\" \/><\/a><br \/>\n<a class=\"organizer-logos-item\" title=\"otworzy si\u0119 w nowej karcie\" href=\"https:\/\/geekstok.pl\/\" target=\"_blank\" rel=\"noopener\"><img loading=\"lazy\" decoding=\"async\" src=\"https:\/\/pb.edu.pl\/roboquest\/wp-content\/uploads\/sites\/148\/2025\/04\/logo_geekstok-300x237.png\" alt=\"\" width=\"300\" height=\"237\" class=\"aligncenter size-medium wp-image-2284\" srcset=\"https:\/\/pb.edu.pl\/roboquest\/wp-content\/uploads\/sites\/148\/2025\/04\/logo_geekstok-300x237.png 300w, https:\/\/pb.edu.pl\/roboquest\/wp-content\/uploads\/sites\/148\/2025\/04\/logo_geekstok-1024x808.png 1024w, https:\/\/pb.edu.pl\/roboquest\/wp-content\/uploads\/sites\/148\/2025\/04\/logo_geekstok-768x606.png 768w, https:\/\/pb.edu.pl\/roboquest\/wp-content\/uploads\/sites\/148\/2025\/04\/logo_geekstok.png 1102w\" sizes=\"auto, (max-width: 300px) 100vw, 300px\" \/><\/a><\/div>\n<div class=\"h1 text-center\"><span style=\"font-size: 24pt\">Sponsorzy<\/span><\/div>\n<p>&nbsp;<\/p>\n<div class=\"organizer-logos\"><a class=\"organizer-logos-item\" title=\"otworzy si\u0119 w nowej karcie\" href=\"https:\/\/www.toyota-bialystok.pl\/\" target=\"_blank\" rel=\"noopener\"><img loading=\"lazy\" decoding=\"async\" src=\"https:\/\/pb.edu.pl\/roboquest\/wp-content\/uploads\/sites\/148\/2025\/04\/logo-auto-park-1024x266.png\" alt=\"logo Toyota Auto Park Bia\u0142ystok\" width=\"1024\" height=\"266\" class=\"aligncenter size-full wp-image-2293\" srcset=\"https:\/\/pb.edu.pl\/roboquest\/wp-content\/uploads\/sites\/148\/2025\/04\/logo-auto-park-1024x266.png 1024w, https:\/\/pb.edu.pl\/roboquest\/wp-content\/uploads\/sites\/148\/2025\/04\/logo-auto-park-300x78.png 300w, https:\/\/pb.edu.pl\/roboquest\/wp-content\/uploads\/sites\/148\/2025\/04\/logo-auto-park-768x199.png 768w, https:\/\/pb.edu.pl\/roboquest\/wp-content\/uploads\/sites\/148\/2025\/04\/logo-auto-park.png 1465w\" sizes=\"auto, (max-width: 1024px) 100vw, 1024px\" \/><\/a>\n<\/div>\n","protected":false},"excerpt":{"rendered":"<p>Konkurs RoboQuest Dzi\u0119kujemy za udzia\u0142! Politechnika Bia\u0142ostocka &nbsp; &nbsp; Aktualno\u015bci &nbsp; &nbsp; O konkursie Regulamin<\/p>\n","protected":false},"author":2,"featured_media":0,"parent":0,"menu_order":0,"comment_status":"closed","ping_status":"closed","template":"templates\/dzial.php","meta":{"_acf_changed":false,"ngg_post_thumbnail":0,"footnotes":""},"class_list":["post-13","page","type-page","status-publish","hentry"],"acf":[],"yoast_head":"<!-- This site is optimized with the Yoast SEO plugin v27.0 - https:\/\/yoast.com\/product\/yoast-seo-wordpress\/ -->\n<title>Konkurs RoboQuest - Politechnika Bia\u0142ostocka<\/title>\n<meta name=\"description\" content=\"Przygotujcie si\u0119 na niezwyk\u0142\u0105 podr\u00f3\u017c pe\u0142n\u0105 wyzwa\u0144, odkry\u0107 i kosmicznych emocji!\" \/>\n<meta name=\"robots\" content=\"index, follow, max-snippet:-1, max-image-preview:large, max-video-preview:-1\" \/>\n<link rel=\"canonical\" href=\"https:\/\/pb.edu.pl\/roboquest\/\" \/>\n<meta property=\"og:locale\" content=\"pl_PL\" \/>\n<meta property=\"og:type\" content=\"article\" \/>\n<meta property=\"og:title\" content=\"Konkurs RoboQuest - Politechnika Bia\u0142ostocka\" \/>\n<meta property=\"og:description\" content=\"Przygotujcie si\u0119 na niezwyk\u0142\u0105 podr\u00f3\u017c pe\u0142n\u0105 wyzwa\u0144, odkry\u0107 i kosmicznych emocji!\" \/>\n<meta property=\"og:url\" content=\"https:\/\/pb.edu.pl\/roboquest\/\" \/>\n<meta property=\"og:site_name\" content=\"Konkurs RoboQuest\" \/>\n<meta property=\"article:modified_time\" content=\"2025-05-25T19:13:07+00:00\" \/>\n<meta property=\"og:image\" content=\"https:\/\/pb.edu.pl\/roboquest\/wp-content\/uploads\/sites\/148\/2025\/03\/tlo_strona-jpg3.jpg\" \/>\n<meta name=\"twitter:card\" content=\"summary_large_image\" \/>\n<meta name=\"twitter:label1\" content=\"Szacowany czas czytania\" \/>\n\t<meta name=\"twitter:data1\" content=\"4 minuty\" \/>\n<script type=\"application\/ld+json\" class=\"yoast-schema-graph\">{\"@context\":\"https:\/\/schema.org\",\"@graph\":[{\"@type\":\"WebPage\",\"@id\":\"https:\/\/pb.edu.pl\/roboquest\/\",\"url\":\"https:\/\/pb.edu.pl\/roboquest\/\",\"name\":\"Konkurs RoboQuest - Politechnika Bia\u0142ostocka\",\"isPartOf\":{\"@id\":\"https:\/\/pb.edu.pl\/roboquest\/#website\"},\"primaryImageOfPage\":{\"@id\":\"https:\/\/pb.edu.pl\/roboquest\/#primaryimage\"},\"image\":{\"@id\":\"https:\/\/pb.edu.pl\/roboquest\/#primaryimage\"},\"thumbnailUrl\":\"https:\/\/pb.edu.pl\/roboquest\/wp-content\/uploads\/sites\/148\/2025\/03\/tlo_strona-jpg3.jpg\",\"datePublished\":\"2020-05-18T12:40:41+00:00\",\"dateModified\":\"2025-05-25T19:13:07+00:00\",\"description\":\"Przygotujcie si\u0119 na niezwyk\u0142\u0105 podr\u00f3\u017c pe\u0142n\u0105 wyzwa\u0144, odkry\u0107 i kosmicznych emocji!\",\"inLanguage\":\"pl-PL\",\"potentialAction\":[{\"@type\":\"ReadAction\",\"target\":[\"https:\/\/pb.edu.pl\/roboquest\/\"]}]},{\"@type\":\"ImageObject\",\"inLanguage\":\"pl-PL\",\"@id\":\"https:\/\/pb.edu.pl\/roboquest\/#primaryimage\",\"url\":\"https:\/\/pb.edu.pl\/roboquest\/wp-content\/uploads\/sites\/148\/2025\/03\/tlo_strona-jpg3.jpg\",\"contentUrl\":\"https:\/\/pb.edu.pl\/roboquest\/wp-content\/uploads\/sites\/148\/2025\/03\/tlo_strona-jpg3.jpg\",\"width\":1920,\"height\":590},{\"@type\":\"WebSite\",\"@id\":\"https:\/\/pb.edu.pl\/roboquest\/#website\",\"url\":\"https:\/\/pb.edu.pl\/roboquest\/\",\"name\":\"Konkurs RoboQuest\",\"description\":\"\",\"potentialAction\":[{\"@type\":\"SearchAction\",\"target\":{\"@type\":\"EntryPoint\",\"urlTemplate\":\"https:\/\/pb.edu.pl\/roboquest\/?s={search_term_string}\"},\"query-input\":{\"@type\":\"PropertyValueSpecification\",\"valueRequired\":true,\"valueName\":\"search_term_string\"}}],\"inLanguage\":\"pl-PL\"}]}<\/script>\n<!-- \/ Yoast SEO plugin. -->","yoast_head_json":{"title":"Konkurs RoboQuest - Politechnika Bia\u0142ostocka","description":"Przygotujcie si\u0119 na niezwyk\u0142\u0105 podr\u00f3\u017c pe\u0142n\u0105 wyzwa\u0144, odkry\u0107 i kosmicznych emocji!","robots":{"index":"index","follow":"follow","max-snippet":"max-snippet:-1","max-image-preview":"max-image-preview:large","max-video-preview":"max-video-preview:-1"},"canonical":"https:\/\/pb.edu.pl\/roboquest\/","og_locale":"pl_PL","og_type":"article","og_title":"Konkurs RoboQuest - Politechnika Bia\u0142ostocka","og_description":"Przygotujcie si\u0119 na niezwyk\u0142\u0105 podr\u00f3\u017c pe\u0142n\u0105 wyzwa\u0144, odkry\u0107 i kosmicznych emocji!","og_url":"https:\/\/pb.edu.pl\/roboquest\/","og_site_name":"Konkurs RoboQuest","article_modified_time":"2025-05-25T19:13:07+00:00","og_image":[{"url":"https:\/\/pb.edu.pl\/roboquest\/wp-content\/uploads\/sites\/148\/2025\/03\/tlo_strona-jpg3.jpg","type":"","width":"","height":""}],"twitter_card":"summary_large_image","twitter_misc":{"Szacowany czas czytania":"4 minuty"},"schema":{"@context":"https:\/\/schema.org","@graph":[{"@type":"WebPage","@id":"https:\/\/pb.edu.pl\/roboquest\/","url":"https:\/\/pb.edu.pl\/roboquest\/","name":"Konkurs RoboQuest - Politechnika Bia\u0142ostocka","isPartOf":{"@id":"https:\/\/pb.edu.pl\/roboquest\/#website"},"primaryImageOfPage":{"@id":"https:\/\/pb.edu.pl\/roboquest\/#primaryimage"},"image":{"@id":"https:\/\/pb.edu.pl\/roboquest\/#primaryimage"},"thumbnailUrl":"https:\/\/pb.edu.pl\/roboquest\/wp-content\/uploads\/sites\/148\/2025\/03\/tlo_strona-jpg3.jpg","datePublished":"2020-05-18T12:40:41+00:00","dateModified":"2025-05-25T19:13:07+00:00","description":"Przygotujcie si\u0119 na niezwyk\u0142\u0105 podr\u00f3\u017c pe\u0142n\u0105 wyzwa\u0144, odkry\u0107 i kosmicznych emocji!","inLanguage":"pl-PL","potentialAction":[{"@type":"ReadAction","target":["https:\/\/pb.edu.pl\/roboquest\/"]}]},{"@type":"ImageObject","inLanguage":"pl-PL","@id":"https:\/\/pb.edu.pl\/roboquest\/#primaryimage","url":"https:\/\/pb.edu.pl\/roboquest\/wp-content\/uploads\/sites\/148\/2025\/03\/tlo_strona-jpg3.jpg","contentUrl":"https:\/\/pb.edu.pl\/roboquest\/wp-content\/uploads\/sites\/148\/2025\/03\/tlo_strona-jpg3.jpg","width":1920,"height":590},{"@type":"WebSite","@id":"https:\/\/pb.edu.pl\/roboquest\/#website","url":"https:\/\/pb.edu.pl\/roboquest\/","name":"Konkurs RoboQuest","description":"","potentialAction":[{"@type":"SearchAction","target":{"@type":"EntryPoint","urlTemplate":"https:\/\/pb.edu.pl\/roboquest\/?s={search_term_string}"},"query-input":{"@type":"PropertyValueSpecification","valueRequired":true,"valueName":"search_term_string"}}],"inLanguage":"pl-PL"}]}},"_links":{"self":[{"href":"https:\/\/pb.edu.pl\/roboquest\/wp-json\/wp\/v2\/pages\/13","targetHints":{"allow":["GET"]}}],"collection":[{"href":"https:\/\/pb.edu.pl\/roboquest\/wp-json\/wp\/v2\/pages"}],"about":[{"href":"https:\/\/pb.edu.pl\/roboquest\/wp-json\/wp\/v2\/types\/page"}],"author":[{"embeddable":true,"href":"https:\/\/pb.edu.pl\/roboquest\/wp-json\/wp\/v2\/users\/2"}],"replies":[{"embeddable":true,"href":"https:\/\/pb.edu.pl\/roboquest\/wp-json\/wp\/v2\/comments?post=13"}],"version-history":[{"count":1,"href":"https:\/\/pb.edu.pl\/roboquest\/wp-json\/wp\/v2\/pages\/13\/revisions"}],"predecessor-version":[{"id":2292,"href":"https:\/\/pb.edu.pl\/roboquest\/wp-json\/wp\/v2\/pages\/13\/revisions\/2292"}],"wp:attachment":[{"href":"https:\/\/pb.edu.pl\/roboquest\/wp-json\/wp\/v2\/media?parent=13"}],"curies":[{"name":"wp","href":"https:\/\/api.w.org\/{rel}","templated":true}]}}