{"id":1083,"date":"2023-06-27T19:59:35","date_gmt":"2023-06-27T17:59:35","guid":{"rendered":"https:\/\/pb.edu.pl\/roboquest\/?page_id=1083"},"modified":"2025-04-02T00:30:07","modified_gmt":"2025-04-01T22:30:07","slug":"kontakt","status":"publish","type":"page","link":"https:\/\/pb.edu.pl\/roboquest\/kontakt\/","title":{"rendered":"Kontakt"},"content":{"rendered":"<div class=\"row\">\n<div class=\"col-sm-7\">\n<div class=\"h3\">Masz pytania albo jakie\u015b w\u0105tpliwo\u015bci?<br \/>\nSkontaktuj si\u0119 z nami!<\/div>\n<p><strong>Ko\u0142o Naukowe Alios Politechniki Bia\u0142ostockiej<\/strong><br \/>\nul. Wiejska 45C<br \/>\n15-351 Bia\u0142ystok<\/p>\n<p><i class=\"fal fa-envelope\"><\/i> <a href=\"#\" rel=\"nofollow\"  onclick=\"this.href='mailto:' + 'roboquest' + '@' + 'pb.edu.pl'\">roboquest [at] pb.edu.pl<\/a>\n<\/div>\n<div class=\"col-sm-5\">\n<img loading=\"lazy\" decoding=\"async\" src=\"https:\/\/pb.edu.pl\/roboquest\/wp-content\/uploads\/sites\/148\/2025\/03\/Kontakt.png\" alt=\"ikona robota\" width=\"800\" height=\"800\" class=\"aligncenter size-full wp-image-2194\" srcset=\"https:\/\/pb.edu.pl\/roboquest\/wp-content\/uploads\/sites\/148\/2025\/03\/Kontakt.png 800w, https:\/\/pb.edu.pl\/roboquest\/wp-content\/uploads\/sites\/148\/2025\/03\/Kontakt-300x300.png 300w, https:\/\/pb.edu.pl\/roboquest\/wp-content\/uploads\/sites\/148\/2025\/03\/Kontakt-150x150.png 150w, https:\/\/pb.edu.pl\/roboquest\/wp-content\/uploads\/sites\/148\/2025\/03\/Kontakt-768x768.png 768w\" sizes=\"auto, (max-width: 800px) 100vw, 800px\" \/><br \/>\n<\/div>\n<\/div>\n","protected":false},"excerpt":{"rendered":"","protected":false},"author":2,"featured_media":0,"parent":0,"menu_order":4,"comment_status":"closed","ping_status":"closed","template":"","meta":{"_acf_changed":false,"ngg_post_thumbnail":0,"footnotes":""},"class_list":["post-1083","page","type-page","status-publish","hentry"],"acf":[],"yoast_head":"<!-- This site is optimized with the Yoast SEO plugin v27.0 - https:\/\/yoast.com\/product\/yoast-seo-wordpress\/ -->\n<title>Kontakt - Konkurs RoboQuest - Politechnika Bia\u0142ostocka<\/title>\n<meta name=\"robots\" content=\"index, follow, max-snippet:-1, max-image-preview:large, max-video-preview:-1\" \/>\n<link rel=\"canonical\" href=\"https:\/\/pb.edu.pl\/roboquest\/kontakt\/\" \/>\n<meta property=\"og:locale\" content=\"pl_PL\" \/>\n<meta property=\"og:type\" content=\"article\" \/>\n<meta property=\"og:title\" content=\"Kontakt - Konkurs RoboQuest - Politechnika Bia\u0142ostocka\" \/>\n<meta property=\"og:url\" content=\"https:\/\/pb.edu.pl\/roboquest\/kontakt\/\" \/>\n<meta property=\"og:site_name\" content=\"Konkurs RoboQuest\" \/>\n<meta property=\"article:modified_time\" content=\"2025-04-01T22:30:07+00:00\" \/>\n<meta property=\"og:image\" content=\"https:\/\/pb.edu.pl\/roboquest\/wp-content\/uploads\/sites\/148\/2025\/03\/Kontakt.png\" \/>\n<meta name=\"twitter:card\" content=\"summary_large_image\" \/>\n<meta name=\"twitter:label1\" content=\"Szacowany czas czytania\" \/>\n\t<meta name=\"twitter:data1\" content=\"1 minuta\" \/>\n<script type=\"application\/ld+json\" class=\"yoast-schema-graph\">{\"@context\":\"https:\/\/schema.org\",\"@graph\":[{\"@type\":\"WebPage\",\"@id\":\"https:\/\/pb.edu.pl\/roboquest\/kontakt\/\",\"url\":\"https:\/\/pb.edu.pl\/roboquest\/kontakt\/\",\"name\":\"Kontakt - Konkurs RoboQuest - Politechnika Bia\u0142ostocka\",\"isPartOf\":{\"@id\":\"https:\/\/pb.edu.pl\/roboquest\/#website\"},\"primaryImageOfPage\":{\"@id\":\"https:\/\/pb.edu.pl\/roboquest\/kontakt\/#primaryimage\"},\"image\":{\"@id\":\"https:\/\/pb.edu.pl\/roboquest\/kontakt\/#primaryimage\"},\"thumbnailUrl\":\"https:\/\/pb.edu.pl\/roboquest\/wp-content\/uploads\/sites\/148\/2025\/03\/Kontakt.png\",\"datePublished\":\"2023-06-27T17:59:35+00:00\",\"dateModified\":\"2025-04-01T22:30:07+00:00\",\"breadcrumb\":{\"@id\":\"https:\/\/pb.edu.pl\/roboquest\/kontakt\/#breadcrumb\"},\"inLanguage\":\"pl-PL\",\"potentialAction\":[{\"@type\":\"ReadAction\",\"target\":[\"https:\/\/pb.edu.pl\/roboquest\/kontakt\/\"]}]},{\"@type\":\"ImageObject\",\"inLanguage\":\"pl-PL\",\"@id\":\"https:\/\/pb.edu.pl\/roboquest\/kontakt\/#primaryimage\",\"url\":\"https:\/\/pb.edu.pl\/roboquest\/wp-content\/uploads\/sites\/148\/2025\/03\/Kontakt.png\",\"contentUrl\":\"https:\/\/pb.edu.pl\/roboquest\/wp-content\/uploads\/sites\/148\/2025\/03\/Kontakt.png\",\"width\":800,\"height\":800},{\"@type\":\"BreadcrumbList\",\"@id\":\"https:\/\/pb.edu.pl\/roboquest\/kontakt\/#breadcrumb\",\"itemListElement\":[{\"@type\":\"ListItem\",\"position\":1,\"name\":\"Strona g\u0142\u00f3wna\",\"item\":\"https:\/\/pb.edu.pl\/roboquest\/\"},{\"@type\":\"ListItem\",\"position\":2,\"name\":\"Kontakt\"}]},{\"@type\":\"WebSite\",\"@id\":\"https:\/\/pb.edu.pl\/roboquest\/#website\",\"url\":\"https:\/\/pb.edu.pl\/roboquest\/\",\"name\":\"Konkurs RoboQuest\",\"description\":\"\",\"potentialAction\":[{\"@type\":\"SearchAction\",\"target\":{\"@type\":\"EntryPoint\",\"urlTemplate\":\"https:\/\/pb.edu.pl\/roboquest\/?s={search_term_string}\"},\"query-input\":{\"@type\":\"PropertyValueSpecification\",\"valueRequired\":true,\"valueName\":\"search_term_string\"}}],\"inLanguage\":\"pl-PL\"}]}<\/script>\n<!-- \/ Yoast SEO plugin. -->","yoast_head_json":{"title":"Kontakt - Konkurs RoboQuest - Politechnika Bia\u0142ostocka","robots":{"index":"index","follow":"follow","max-snippet":"max-snippet:-1","max-image-preview":"max-image-preview:large","max-video-preview":"max-video-preview:-1"},"canonical":"https:\/\/pb.edu.pl\/roboquest\/kontakt\/","og_locale":"pl_PL","og_type":"article","og_title":"Kontakt - Konkurs RoboQuest - Politechnika Bia\u0142ostocka","og_url":"https:\/\/pb.edu.pl\/roboquest\/kontakt\/","og_site_name":"Konkurs RoboQuest","article_modified_time":"2025-04-01T22:30:07+00:00","og_image":[{"url":"https:\/\/pb.edu.pl\/roboquest\/wp-content\/uploads\/sites\/148\/2025\/03\/Kontakt.png","type":"","width":"","height":""}],"twitter_card":"summary_large_image","twitter_misc":{"Szacowany czas czytania":"1 minuta"},"schema":{"@context":"https:\/\/schema.org","@graph":[{"@type":"WebPage","@id":"https:\/\/pb.edu.pl\/roboquest\/kontakt\/","url":"https:\/\/pb.edu.pl\/roboquest\/kontakt\/","name":"Kontakt - Konkurs RoboQuest - Politechnika Bia\u0142ostocka","isPartOf":{"@id":"https:\/\/pb.edu.pl\/roboquest\/#website"},"primaryImageOfPage":{"@id":"https:\/\/pb.edu.pl\/roboquest\/kontakt\/#primaryimage"},"image":{"@id":"https:\/\/pb.edu.pl\/roboquest\/kontakt\/#primaryimage"},"thumbnailUrl":"https:\/\/pb.edu.pl\/roboquest\/wp-content\/uploads\/sites\/148\/2025\/03\/Kontakt.png","datePublished":"2023-06-27T17:59:35+00:00","dateModified":"2025-04-01T22:30:07+00:00","breadcrumb":{"@id":"https:\/\/pb.edu.pl\/roboquest\/kontakt\/#breadcrumb"},"inLanguage":"pl-PL","potentialAction":[{"@type":"ReadAction","target":["https:\/\/pb.edu.pl\/roboquest\/kontakt\/"]}]},{"@type":"ImageObject","inLanguage":"pl-PL","@id":"https:\/\/pb.edu.pl\/roboquest\/kontakt\/#primaryimage","url":"https:\/\/pb.edu.pl\/roboquest\/wp-content\/uploads\/sites\/148\/2025\/03\/Kontakt.png","contentUrl":"https:\/\/pb.edu.pl\/roboquest\/wp-content\/uploads\/sites\/148\/2025\/03\/Kontakt.png","width":800,"height":800},{"@type":"BreadcrumbList","@id":"https:\/\/pb.edu.pl\/roboquest\/kontakt\/#breadcrumb","itemListElement":[{"@type":"ListItem","position":1,"name":"Strona g\u0142\u00f3wna","item":"https:\/\/pb.edu.pl\/roboquest\/"},{"@type":"ListItem","position":2,"name":"Kontakt"}]},{"@type":"WebSite","@id":"https:\/\/pb.edu.pl\/roboquest\/#website","url":"https:\/\/pb.edu.pl\/roboquest\/","name":"Konkurs RoboQuest","description":"","potentialAction":[{"@type":"SearchAction","target":{"@type":"EntryPoint","urlTemplate":"https:\/\/pb.edu.pl\/roboquest\/?s={search_term_string}"},"query-input":{"@type":"PropertyValueSpecification","valueRequired":true,"valueName":"search_term_string"}}],"inLanguage":"pl-PL"}]}},"_links":{"self":[{"href":"https:\/\/pb.edu.pl\/roboquest\/wp-json\/wp\/v2\/pages\/1083","targetHints":{"allow":["GET"]}}],"collection":[{"href":"https:\/\/pb.edu.pl\/roboquest\/wp-json\/wp\/v2\/pages"}],"about":[{"href":"https:\/\/pb.edu.pl\/roboquest\/wp-json\/wp\/v2\/types\/page"}],"author":[{"embeddable":true,"href":"https:\/\/pb.edu.pl\/roboquest\/wp-json\/wp\/v2\/users\/2"}],"replies":[{"embeddable":true,"href":"https:\/\/pb.edu.pl\/roboquest\/wp-json\/wp\/v2\/comments?post=1083"}],"version-history":[{"count":0,"href":"https:\/\/pb.edu.pl\/roboquest\/wp-json\/wp\/v2\/pages\/1083\/revisions"}],"wp:attachment":[{"href":"https:\/\/pb.edu.pl\/roboquest\/wp-json\/wp\/v2\/media?parent=1083"}],"curies":[{"name":"wp","href":"https:\/\/api.w.org\/{rel}","templated":true}]}}