{"id":937,"date":"2023-03-24T10:49:33","date_gmt":"2023-03-24T09:49:33","guid":{"rendered":"https:\/\/pb.edu.pl\/pzp\/?page_id=937"},"modified":"2023-03-27T08:15:49","modified_gmt":"2023-03-27T06:15:49","slug":"cel-pilotazowego-programu-profilaktycznego","status":"publish","type":"page","link":"https:\/\/pb.edu.pl\/pzp\/cel-pilotazowego-programu-profilaktycznego\/","title":{"rendered":"Cel pilota\u017cowego programu profilaktycznego"},"content":{"rendered":"<p><img loading=\"lazy\" decoding=\"async\" class=\"aligncenter size-full wp-image-998\" src=\"https:\/\/pb.edu.pl\/pzp\/wp-content\/uploads\/sites\/99\/2023\/03\/belka-POWER_pl-kolor.jpg\" alt=\"\" width=\"1871\" height=\"183\" srcset=\"https:\/\/pb.edu.pl\/pzp\/wp-content\/uploads\/sites\/99\/2023\/03\/belka-POWER_pl-kolor.jpg 1871w, https:\/\/pb.edu.pl\/pzp\/wp-content\/uploads\/sites\/99\/2023\/03\/belka-POWER_pl-kolor-300x29.jpg 300w, https:\/\/pb.edu.pl\/pzp\/wp-content\/uploads\/sites\/99\/2023\/03\/belka-POWER_pl-kolor-1024x100.jpg 1024w, https:\/\/pb.edu.pl\/pzp\/wp-content\/uploads\/sites\/99\/2023\/03\/belka-POWER_pl-kolor-768x75.jpg 768w, https:\/\/pb.edu.pl\/pzp\/wp-content\/uploads\/sites\/99\/2023\/03\/belka-POWER_pl-kolor-1536x150.jpg 1536w\" sizes=\"auto, (max-width: 1871px) 100vw, 1871px\" \/><\/p>\n<p>Politechnika Bia\u0142ostocka wprowadzaj\u0105c pilota\u017cowy program profilaktyczny w uczelni chce otrzyma\u0107 diagnoz\u0119 problem\u00f3w, z kt\u00f3rymi obecnie mierz\u0105 si\u0119 cz\u0142onkowie spo\u0142eczno\u015bci akademickiej (tak\u017ce tych zwi\u0105zanych z pandemi\u0105), ich analiz\u0119 oraz zaplanowa\u0107 odpowiednie dzia\u0142ania profilaktyczne oraz, w razie potrzeby, pomocowe w obszarze zdrowia psychicznego.<\/p>\n<p><strong>Program skierowany jest do:<\/strong><\/p>\n<ul>\n<li><strong>student\u00f3w i doktorant\u00f3w,<\/strong><\/li>\n<li><strong>nauczycieli akademickich,<\/strong><\/li>\n<li><strong>pracownik\u00f3w Uczelni nieb\u0119d\u0105cych nauczycielami akademickimi.<\/strong><\/li>\n<\/ul>\n<p>Izolacja spo\u0142eczna spowodowana pandemi\u0105 sprawi\u0142a, \u017ce ludzie zostali pozbawieni najwa\u017cniejszego zasobu do radzenia sobie w sytuacji krytycznej, a mianowicie bezpo\u015bredniego kontaktu z drugim cz\u0142owiekiem. Konsekwencje tej sytuacji s\u0105 wyra\u017anie odczuwalne w\u015br\u00f3d os\u00f3b pracuj\u0105cych i studiuj\u0105cych na Politechnice Bia\u0142ostockiej, ale nie s\u0105 jeszcze do ko\u0144ca zbadane. St\u0105d tak istotne jest wprowadzenie ww. programu profilaktycznego poprzedzonego odpowiedni\u0105 diagnoz\u0105 potrzeb.<\/p>\n<p>Sytuacja wojny w Ukrainie jest kolejnym czynnikiem znacz\u0105co podwy\u017cszaj\u0105cym ryzyko wyst\u0105pienia kryzysu psychicznego u naszych student\u00f3w oraz pracownik\u00f3w uczelni. Mo\u017ce r\u00f3wnie\u017c wyzwala\u0107 lub nasila\u0107 istniej\u0105ce ju\u017c niepo\u017c\u0105dane objawy o pod\u0142o\u017cu psychicznym. Warto nadmieni\u0107, \u017ce z sytuacji powa\u017cnego kryzysu na skal\u0119 \u015bwiatow\u0105 (pandemia COVID19) skutkuj\u0105cego zaburzeniem r\u00f3wnowagi psychicznej weszli\u015bmy w bardzo kr\u00f3tkim czasie w drugi powa\u017cny kryzys, zwi\u0105zany z wojn\u0105 w Ukrainie, co jest wydarzeniem bezprecedensowym. Skutki, jakie to za sob\u0105 poci\u0105ga wymagaj\u0105 diagnozy oraz zaplanowania odpowiednich dzia\u0142a\u0144, czemu w\u0142a\u015bnie ma s\u0142u\u017cy\u0107 pilota\u017cowy program profilaktyczny.<\/p>\n<p>Otrzymujemy od przedstawicieli spo\u0142eczno\u015bci akademickiej wiele sygna\u0142\u00f3w o potrzebie wsparcia w obszarze zdrowia psychicznego, ponadto znacznie zwi\u0119kszy\u0142a si\u0119 liczba os\u00f3b zg\u0142aszaj\u0105cych si\u0119 do Psychologicznego Punktu Konsultacyjnego uruchomionego w naszej Uczelni.<\/p>\n<p>Wprowadzenie programu profilaktycznego ma r\u00f3wnie\u017c s\u0142u\u017cy\u0107 poszerzeniu wiedzy na temat zdrowia psychicznego, poszerzy\u0107 umiej\u0119tno\u015bci radzenia sobie z trudno\u015bciami, promowa\u0107 wiedz\u0119 o miejscach kt\u00f3re \u015bwiadcz\u0105 specjalistyczn\u0105 pomoc w tym obszarze. Ma stanowi\u0107 r\u00f3wnie\u017c podstaw\u0119 do ustalenia standard\u00f3w post\u0119powania i rozwi\u0105zywania problem\u00f3w natury psychicznej w\u015br\u00f3d spo\u0142eczno\u015bci akademickiej obecnie i w przysz\u0142o\u015bci.<\/p>\n","protected":false},"excerpt":{"rendered":"<p>Politechnika Bia\u0142ostocka wprowadzaj\u0105c pilota\u017cowy program profilaktyczny w uczelni chce otrzyma\u0107 diagnoz\u0119 problem\u00f3w, z kt\u00f3rymi obecnie<\/p>\n","protected":false},"author":2,"featured_media":0,"parent":0,"menu_order":0,"comment_status":"closed","ping_status":"closed","template":"","meta":{"_acf_changed":false,"ngg_post_thumbnail":0,"footnotes":""},"class_list":["post-937","page","type-page","status-publish","hentry"],"acf":[],"_links":{"self":[{"href":"https:\/\/pb.edu.pl\/pzp\/wp-json\/wp\/v2\/pages\/937","targetHints":{"allow":["GET"]}}],"collection":[{"href":"https:\/\/pb.edu.pl\/pzp\/wp-json\/wp\/v2\/pages"}],"about":[{"href":"https:\/\/pb.edu.pl\/pzp\/wp-json\/wp\/v2\/types\/page"}],"author":[{"embeddable":true,"href":"https:\/\/pb.edu.pl\/pzp\/wp-json\/wp\/v2\/users\/2"}],"replies":[{"embeddable":true,"href":"https:\/\/pb.edu.pl\/pzp\/wp-json\/wp\/v2\/comments?post=937"}],"version-history":[{"count":0,"href":"https:\/\/pb.edu.pl\/pzp\/wp-json\/wp\/v2\/pages\/937\/revisions"}],"wp:attachment":[{"href":"https:\/\/pb.edu.pl\/pzp\/wp-json\/wp\/v2\/media?parent=937"}],"curies":[{"name":"wp","href":"https:\/\/api.w.org\/{rel}","templated":true}]}}