{"id":838,"date":"2023-03-22T18:34:44","date_gmt":"2023-03-22T17:34:44","guid":{"rendered":"https:\/\/pb.edu.pl\/pzp\/?page_id=838"},"modified":"2023-06-16T08:04:02","modified_gmt":"2023-06-16T06:04:02","slug":"dzien-zdrowia-psychicznego","status":"publish","type":"page","link":"https:\/\/pb.edu.pl\/pzp\/dzialania\/dzien-zdrowia-psychicznego\/","title":{"rendered":"Dzie\u0144 zdrowia psychicznego"},"content":{"rendered":"<p>&nbsp;<\/p>\n<p><img loading=\"lazy\" decoding=\"async\" class=\"alignleft wp-image-811\" src=\"https:\/\/pb.edu.pl\/pzp\/wp-content\/uploads\/sites\/99\/2023\/05\/2023-04_dzien-zdrowia-psychicznego-ogolna_www_1200-800.jpg\" alt=\"\" width=\"372\" height=\"249\"><\/p>\n<h3>14 czerwca 2023 roku zapraszamy na Dzie\u0144 Zdrowia Psychicznego Politechniki Bia\u0142ostockiej.<\/h3>\n<p>Wydarzenie b\u0119dzie podsumowaniem programu profilaktyki zdrowia psychicznego realizowanego w uczelni w ramach projektu PB Dost\u0119pna wsp\u00f3\u0142finansowanego przez Uni\u0119 Europejsk\u0105 w ramach Europejskiego Funduszu Spo\u0142ecznego, Program Operacyjny Wiedza Edukacja Rozw\u00f3j.<\/p>\n<p>&nbsp;<\/p>\n<p>W programie Dnia Zdrowia Psychicznego w Centrum Nowoczesnego Kszta\u0142cenia zaplanowano m.in. pogadanki, warsztaty, zaj\u0119cia sportowe, punkty informacyjne, punkt doradztwa zawodowego oraz stoiska poradni psychologicznych. Do udzia\u0142u w wydarzeniu zostali zaproszeni uznani eksperci i popularyzatorzy zdrowia psychicznego, kt\u00f3rzy&nbsp; porusz\u0105 nast\u0119puj\u0105ce tematy:<\/p>\n<ul>\n<li>Magdalena Bigaj: Brak higieny cyfrowej jako zagro\u017cenie dla zdrowia psychicznego<\/li>\n<li>Andrzej Silczuk: Gamingowa wizja \u015bwiata \u2013 czyli gdzie zaczyna si\u0119 granie w \u017cyciu o szcz\u0119\u015bcie?<\/li>\n<li>Daria \u0141ukowska: Zdrowy sen \u2013 klucz do sprawnego m\u00f3zgu?<\/li>\n<li>Aleksandra Piejka: Co wsp\u00f3\u0142czesna nauka m\u00f3wi nam o samotno\u015bci?<\/li>\n<li>Ma\u0142gorzata Serafin: Depresja? Nie ma si\u0119 czego wstydzi\u0107<\/li>\n<li>Anna Cykli\u0144ska: Porozmawiajmy o emocjach (wyk\u0142ad odwo\u0142any przez Ann\u0119 Cykli\u0144sk\u0105 z przyczyn osobistych)<\/li>\n<li>Cleo \u0106wiek: Mo\u017cna Zwariowa\u0107<\/li>\n<li>Dorota Dot Okulicz: Medytacja + journaling, czyli 1+1=3<\/li>\n<\/ul>\n<p>Spotkaniom, warsztatom i wyk\u0142adom b\u0119d\u0105 towarzyszy\u0142y liczne atrakcje.<\/p>\n<p>B\u0119dziecie mogli zobaczy\u0107 jak si\u0119 <strong>rysuje piaskiem<\/strong> &#8211;<strong> ju\u017c o godz. 15.30<\/strong> specjalny pokaz w Auli Centrum Nowoczesnego Kszta\u0142cenia, w przerwie pomi\u0119dzy debat\u0105 a wyk\u0142adami, przygotowuje Veronika Poplavskaya!<\/p>\n<p>W Centrum Nowoczesnego Kszta\u0142cenia ju\u017c <strong>od godz. 10 do 12<\/strong> b\u0119dzie mo\u017cna skorzysta\u0107 z <strong>porad prawnych<\/strong>:<\/p>\n<p>Co zrobi\u0107 gdy kto\u015b z twoich bliskich:<\/p>\n<ul>\n<li>zachoruje i nie b\u0119dzie w stanie podejmowa\u0107 \u017cadnych decyzji?<\/li>\n<li>ulegnie wypadkowi, a trzeba w jego imieniu dokona\u0107 czynno\u015bci kt\u00f3rych on nie mo\u017ce?<\/li>\n<li>jest osob\u0105 starsz\u0105, cierpi\u0105c\u0105 np. na demencje i nie mo\u017ce zaj\u0105\u0107 si\u0119 swoimi sprawami?<\/li>\n<li>znajdzie si\u0119 w stanie psychicznym zagra\u017caj\u0105cym \u017cyciu i zdrowiu jego samego lub innych os\u00f3b?<\/li>\n<\/ul>\n<p>B\u0119d\u0105 na Was czeka\u0142y stoiska:<\/p>\n<ul>\n<li>NFZ<\/li>\n<li>Centrum Zdrowia Psychicznego Revit<\/li>\n<li>Punkt Doradztwa Zawodowego<\/li>\n<li><span style=\"font-size: 12pt\">Biura ds. Os\u00f3b z Niepe\u0142nosprawno\u015bciami oraz psychologa Politechniki Bia\u0142ostockiej<br \/>\n<\/span><\/li>\n<li>Fundacji Mo\u017cna Zwariowa\u0107<\/li>\n<li>Centrum Spraw Studenckich, Dydaktyki i Rekrutacji<\/li>\n<li>Samorz\u0105d Student\u00f3w Politechniki Bia\u0142ostockiej<\/li>\n<\/ul>\n<p>Zapisujcie si\u0119 na warsztaty i zaplanujcie sobie czas w \u015brod\u0119, 14 czerwca 2023 roku, by wsp\u00f3lnie zadba\u0107 o zdrowie psychiczne.<\/p>\n<p>Dla wzmocnienia cia\u0142a nie zabraknie bezp\u0142atnych zdrowych pocz\u0119stunk\u00f3w, kawy i lemoniady oraz pysznych lod\u00f3w!<\/p>\n<div class=\"h2\">Harmonogram Dnia Zdrowia Psychicznego PB<\/div>\n<div class=\"row\">\n<div class=\"col-md-4\">\n\t<div class=\"boxlink animated zoomIn \">\n\t\t<a href=\"\/pzp\/dzialania\/dzien-zdrowia-psychicznego\/wyklady\/\" class=\"no-icon\">\n\t\t\t<div class=\"boxlink-title\"><span>Wyk\u0142ady<\/span><\/div>\n\t\t\t<div class=\"boxlink-content\">\n\t\t\t\t<img loading=\"lazy\" decoding=\"async\" class=\"aligncenter size-full wp-image-1208\" src=\"https:\/\/pb.edu.pl\/pzp\/wp-content\/uploads\/sites\/99\/2023\/05\/box-wyklady.jpg\" alt=\"Zrozumie\u0107 zdrowie psychiczne\" width=\"800\" height=\"534\">\t\t\t<\/div>\n\t\t<\/a>\n\t<\/div>\n\n<\/div>\n<div class=\"col-md-4\">\n\t<div class=\"boxlink animated zoomIn \">\n\t\t<a href=\"\/pzp\/dzialania\/dzien-zdrowia-psychicznego\/warsztaty\/\" class=\"no-icon\">\n\t\t\t<div class=\"boxlink-title\"><span>Warsztaty<\/span><\/div>\n\t\t\t<div class=\"boxlink-content\">\n\t\t\t\t<img loading=\"lazy\" decoding=\"async\" class=\"aligncenter size-full wp-image-1210\" src=\"https:\/\/pb.edu.pl\/pzp\/wp-content\/uploads\/sites\/99\/2023\/05\/box-warsztaty.jpg\" alt=\"Rozw\u00f3j osobisty i zawodowy\" width=\"800\" height=\"534\">\t\t\t<\/div>\n\t\t<\/a>\n\t<\/div>\n\n<\/div>\n<div class=\"col-md-4\">\n\t<div class=\"boxlink animated zoomIn \">\n\t\t<a href=\"\/pzp\/dzialania\/dzien-zdrowia-psychicznego\/zajecia\/\" class=\"no-icon\">\n\t\t\t<div class=\"boxlink-title\"><span>Zaj\u0119cia na \u015bwie\u017cym powietrzu<\/span><\/div>\n\t\t\t<div class=\"boxlink-content\">\n\t\t\t\t<img loading=\"lazy\" decoding=\"async\" class=\"aligncenter size-full wp-image-1211\" src=\"https:\/\/pb.edu.pl\/pzp\/wp-content\/uploads\/sites\/99\/2023\/05\/box-powietrze.jpg\" alt=\"W zdrowym ciele zdrowy duch\" width=\"800\" height=\"534\">\t\t\t<\/div>\n\t\t<\/a>\n\t<\/div>\n\n<\/div>\n<\/div>\n<p>Wed\u0142ug \u015awiatowej Federacji Zdrowia Psychicznego (<em>World Federation for Mental Health<\/em>) w najbli\u017cszych latach zaburzenia psychiczne b\u0119d\u0105 jednym z g\u0142\u00f3wnych problem\u00f3w zdrowotnych ludzko\u015bci. Dostrzegaj\u0105c wag\u0119 problemu, Politechnika Bia\u0142ostocka chce d\u0105\u017cy\u0107 do zwi\u0119kszania spo\u0142ecznej \u015bwiadomo\u015bci poprzez edukacj\u0119 spo\u0142eczn\u0105 w zakresie profilaktyki zaburze\u0144 emocjonalnych i psychicznych, a tak\u017ce wspiera\u0107 walk\u0119 ze stygmatyzacj\u0105 spo\u0142eczn\u0105.<\/p>\n<p>&nbsp;<\/p>\n<p><a class=\"pdf\" title=\"\" href=\"https:\/\/pb.edu.pl\/pzp\/wp-content\/uploads\/sites\/99\/2023\/06\/2023_Regulamin-Dnia-Zdrowia-Psychicznego-PB-zatwierdzony.pdf\" target=\"_blank\" rel=\"noopener\" data-id=\"1364\">Regulamin Dnia Zdrowia Psychicznego PB 2023 (PDF, 201 KB)<\/a><\/p>\n","protected":false},"excerpt":{"rendered":"<p>&nbsp; 14 czerwca 2023 roku zapraszamy na Dzie\u0144 Zdrowia Psychicznego Politechniki Bia\u0142ostockiej. Wydarzenie b\u0119dzie podsumowaniem<\/p>\n","protected":false},"author":2,"featured_media":0,"parent":624,"menu_order":3,"comment_status":"closed","ping_status":"closed","template":"","meta":{"_acf_changed":false,"ngg_post_thumbnail":0,"footnotes":""},"class_list":["post-838","page","type-page","status-publish","hentry"],"acf":[],"_links":{"self":[{"href":"https:\/\/pb.edu.pl\/pzp\/wp-json\/wp\/v2\/pages\/838","targetHints":{"allow":["GET"]}}],"collection":[{"href":"https:\/\/pb.edu.pl\/pzp\/wp-json\/wp\/v2\/pages"}],"about":[{"href":"https:\/\/pb.edu.pl\/pzp\/wp-json\/wp\/v2\/types\/page"}],"author":[{"embeddable":true,"href":"https:\/\/pb.edu.pl\/pzp\/wp-json\/wp\/v2\/users\/2"}],"replies":[{"embeddable":true,"href":"https:\/\/pb.edu.pl\/pzp\/wp-json\/wp\/v2\/comments?post=838"}],"version-history":[{"count":0,"href":"https:\/\/pb.edu.pl\/pzp\/wp-json\/wp\/v2\/pages\/838\/revisions"}],"up":[{"embeddable":true,"href":"https:\/\/pb.edu.pl\/pzp\/wp-json\/wp\/v2\/pages\/624"}],"wp:attachment":[{"href":"https:\/\/pb.edu.pl\/pzp\/wp-json\/wp\/v2\/media?parent=838"}],"curies":[{"name":"wp","href":"https:\/\/api.w.org\/{rel}","templated":true}]}}