{"id":830,"date":"2023-03-22T18:29:15","date_gmt":"2023-03-22T17:29:15","guid":{"rendered":"https:\/\/pb.edu.pl\/pzp\/?page_id=830"},"modified":"2023-05-04T09:16:27","modified_gmt":"2023-05-04T07:16:27","slug":"szkolenia","status":"publish","type":"page","link":"https:\/\/pb.edu.pl\/pzp\/dzialania\/szkolenia\/","title":{"rendered":"Szkolenia"},"content":{"rendered":"<p><img loading=\"lazy\" decoding=\"async\" class=\"alignleft wp-image-814\" src=\"https:\/\/pb.edu.pl\/pzp\/wp-content\/uploads\/sites\/99\/2023\/03\/2023-03-profilaktyka-dzialania-szkolenia-www-800x534-1.jpg\" alt=\"\" width=\"350\" height=\"234\" srcset=\"https:\/\/pb.edu.pl\/pzp\/wp-content\/uploads\/sites\/99\/2023\/03\/2023-03-profilaktyka-dzialania-szkolenia-www-800x534-1.jpg 800w, https:\/\/pb.edu.pl\/pzp\/wp-content\/uploads\/sites\/99\/2023\/03\/2023-03-profilaktyka-dzialania-szkolenia-www-800x534-1-300x200.jpg 300w, https:\/\/pb.edu.pl\/pzp\/wp-content\/uploads\/sites\/99\/2023\/03\/2023-03-profilaktyka-dzialania-szkolenia-www-800x534-1-768x513.jpg 768w, https:\/\/pb.edu.pl\/pzp\/wp-content\/uploads\/sites\/99\/2023\/03\/2023-03-profilaktyka-dzialania-szkolenia-www-800x534-1-480x320.jpg 480w\" sizes=\"auto, (max-width: 350px) 100vw, 350px\" \/>Po zako\u0144czeniu ankiet i opracowaniu wynik\u00f3w Centrum Profilaktyki i Reedukacji \u201eAtelier\u201d z Krakowa na zlecenie Politechniki Bia\u0142ostockiej opracowa\u0142o i przygotowa\u0142o cykl dedykowanych szkole\u0144 z tematyki zdrowia psychicznego.<\/p>\n<div style=\"clear: both\">&nbsp;<\/div>\n<p>Planowana liczba grup szkoleniowych:<\/p>\n<ol>\n<li>Studenci: <strong>10 grup<\/strong> szkoleniowych x 8h x \u015br. 20 os\u00f3b \u2013 <strong>\u0142\u0105cznie 200 os\u00f3b;<\/strong><\/li>\n<li>Pracownicy dydaktyczni: <strong>5 <\/strong><strong>grup<\/strong> szkoleniowych x 8h x \u015br. 20 os\u00f3b \u2013 <strong>\u0142\u0105cznie 100 os\u00f3b<\/strong>;<\/li>\n<li>Pracownicy administracji i obs\u0142ugi: <strong>3 <\/strong><strong>grupy<\/strong> szkoleniowe x 8h x \u015br. 20 os\u00f3b \u2013 <strong>\u0142\u0105cznie 60 os\u00f3b<\/strong>.<\/li>\n<\/ol>\n<p>Szkolenia b\u0119dzie poprzedza\u0142 pre test z tematyki szkolenia, a ka\u017cde zako\u0144czy si\u0119 post testem.<\/p>\n<div class=\"panel-group\" id=\"custom-collapse-0\">\n<div class=\"panel panel-default\">\n\t\t\t\t<div class=\"panel-heading\">\n\t\t\t\t\t<div class=\"panel-title\">\n\t\t\t\t\t\t<a class=\"collapsed h4\" data-toggle=\"collapse\" data-parent=\"#custom-collapse-0\" href=\"#custom-collapse-0-0\">Szkolenia student\u00f3w<\/a>\n\t\t\t\t\t<\/div>\n\t\t\t\t<\/div>\n\t\t\t\t<div id=\"custom-collapse-0-0\" class=\"panel-collapse collapse\">\n\t\t\t\t\t<div class=\"panel-body\">\nSzkolenia student\u00f3w w ramach Profilaktyki Zdrowia Psychicznego<\/p>\n<div style=\"text-align: center\"><a class=\"button\" title=\"\" href=\"https:\/\/pb.edu.pl\/pzp\/dzialania\/szkolenia\/szkolenia-studentow\/\">Dowiedz si\u0119 wi\u0119cej<\/a><\/div>\n<\/div>\n\t\t\t\t<\/div>\n\t\t\t<\/div>\n<div class=\"panel panel-default\">\n\t\t\t\t<div class=\"panel-heading\">\n\t\t\t\t\t<div class=\"panel-title\">\n\t\t\t\t\t\t<a class=\"collapsed h4\" data-toggle=\"collapse\" data-parent=\"#custom-collapse-0\" href=\"#custom-collapse-0-1\">Szkolenia pracownik\u00f3w<\/a>\n\t\t\t\t\t<\/div>\n\t\t\t\t<\/div>\n\t\t\t\t<div id=\"custom-collapse-0-1\" class=\"panel-collapse collapse\">\n\t\t\t\t\t<div class=\"panel-body\">\nSzkolenia pracownik\u00f3w w ramach Profilaktyki Zdrowia Psychicznego<\/p>\n<div style=\"text-align: center\"><a class=\"button\" title=\"\" href=\"https:\/\/pb.edu.pl\/pzp\/dzialania\/szkolenia\/szkolenia-pracownikow\/\">Dowiedz si\u0119 wi\u0119cej<\/a><\/div>\n<\/div>\n\t\t\t\t<\/div>\n\t\t\t<\/div>\n<div class=\"panel panel-default\">\n\t\t\t\t<div class=\"panel-heading\">\n\t\t\t\t\t<div class=\"panel-title\">\n\t\t\t\t\t\t<a class=\"collapsed h4\" data-toggle=\"collapse\" data-parent=\"#custom-collapse-0\" href=\"#custom-collapse-0-2\">Edukacja to gra. Jak w ni\u0105 gra\u0107 \u017ceby wygra\u0107?<\/a>\n\t\t\t\t\t<\/div>\n\t\t\t\t<\/div>\n\t\t\t\t<div id=\"custom-collapse-0-2\" class=\"panel-collapse collapse\">\n\t\t\t\t\t<div class=\"panel-body\">\nZapraszamy na szkolenie profesora U\u015a Marka Kaczmarzyka pt. &#8222;Edukacja to gra. Jak w ni\u0105 gra\u0107 \u017ceby wygra\u0107?&#8221;<\/p>\n<div style=\"text-align: center\"><a class=\"button\" title=\"\" href=\"https:\/\/pb.edu.pl\/pzp\/dzialania\/szkolenia\/wyklad\/\">Dowiedz si\u0119 wi\u0119cej<\/a><\/div>\n<\/div>\n\t\t\t\t<\/div>\n\t\t\t<\/div>\n<\/div>\n","protected":false},"excerpt":{"rendered":"<p>Po zako\u0144czeniu ankiet i opracowaniu wynik\u00f3w Centrum Profilaktyki i Reedukacji \u201eAtelier\u201d z Krakowa na zlecenie<\/p>\n","protected":false},"author":2,"featured_media":0,"parent":624,"menu_order":2,"comment_status":"closed","ping_status":"closed","template":"","meta":{"_acf_changed":false,"ngg_post_thumbnail":0,"footnotes":""},"class_list":["post-830","page","type-page","status-publish","hentry"],"acf":[],"_links":{"self":[{"href":"https:\/\/pb.edu.pl\/pzp\/wp-json\/wp\/v2\/pages\/830","targetHints":{"allow":["GET"]}}],"collection":[{"href":"https:\/\/pb.edu.pl\/pzp\/wp-json\/wp\/v2\/pages"}],"about":[{"href":"https:\/\/pb.edu.pl\/pzp\/wp-json\/wp\/v2\/types\/page"}],"author":[{"embeddable":true,"href":"https:\/\/pb.edu.pl\/pzp\/wp-json\/wp\/v2\/users\/2"}],"replies":[{"embeddable":true,"href":"https:\/\/pb.edu.pl\/pzp\/wp-json\/wp\/v2\/comments?post=830"}],"version-history":[{"count":0,"href":"https:\/\/pb.edu.pl\/pzp\/wp-json\/wp\/v2\/pages\/830\/revisions"}],"up":[{"embeddable":true,"href":"https:\/\/pb.edu.pl\/pzp\/wp-json\/wp\/v2\/pages\/624"}],"wp:attachment":[{"href":"https:\/\/pb.edu.pl\/pzp\/wp-json\/wp\/v2\/media?parent=830"}],"curies":[{"name":"wp","href":"https:\/\/api.w.org\/{rel}","templated":true}]}}