{"id":633,"date":"2023-01-24T22:25:24","date_gmt":"2023-01-24T21:25:24","guid":{"rendered":"https:\/\/pb.edu.pl\/pzp\/?page_id=633"},"modified":"2023-03-27T08:18:07","modified_gmt":"2023-03-27T06:18:07","slug":"badania-ankietowe","status":"publish","type":"page","link":"https:\/\/pb.edu.pl\/pzp\/badania-ankietowe\/","title":{"rendered":"Badania ankietowe"},"content":{"rendered":"<p><img loading=\"lazy\" decoding=\"async\" class=\"alignleft wp-image-813\" src=\"https:\/\/pb.edu.pl\/pzp\/wp-content\/uploads\/sites\/99\/2023\/03\/2023-03-profilaktyka-dzialania-badania-ankietowe-www-800x534-1.jpg\" alt=\"\" width=\"350\" height=\"234\" srcset=\"https:\/\/pb.edu.pl\/pzp\/wp-content\/uploads\/sites\/99\/2023\/03\/2023-03-profilaktyka-dzialania-badania-ankietowe-www-800x534-1.jpg 800w, https:\/\/pb.edu.pl\/pzp\/wp-content\/uploads\/sites\/99\/2023\/03\/2023-03-profilaktyka-dzialania-badania-ankietowe-www-800x534-1-300x200.jpg 300w, https:\/\/pb.edu.pl\/pzp\/wp-content\/uploads\/sites\/99\/2023\/03\/2023-03-profilaktyka-dzialania-badania-ankietowe-www-800x534-1-768x513.jpg 768w, https:\/\/pb.edu.pl\/pzp\/wp-content\/uploads\/sites\/99\/2023\/03\/2023-03-profilaktyka-dzialania-badania-ankietowe-www-800x534-1-480x320.jpg 480w\" sizes=\"auto, (max-width: 350px) 100vw, 350px\" \/>Centrum Profilaktyki i Reedukacji \u201eAtelier\u201d z Krakowa na zlecenie Politechniki Bia\u0142ostockiej realizuje <strong>badania spo\u0142eczne<\/strong>, na rzecz utworzenia i wdro\u017cenia Pilota\u017cowego Programu Zdrowia Psychicznego Politechniki Bia\u0142ostockiej, w ramach projektu <strong>\u201ePB Dost\u0119pna\u201d <\/strong>wsp\u00f3\u0142finansowanego przez Uni\u0119 Europejsk\u0105 w ramach Europejskiego Funduszu Spo\u0142ecznego, Program Operacyjny Wiedza Edukacja Rozw\u00f3j.<\/p>\n<p>Zach\u0119camy wszystkich student\u00f3w, doktorant\u00f3w oraz pracownik\u00f3w Politechniki Bia\u0142ostockiej \u2013 zar\u00f3wno nauczycieli akademickich, jak i pracownik\u00f3w nieb\u0119d\u0105cych nauczycielami \u2013 do uzupe\u0142nienie <strong>ANONIMOWEJ ANKIETY<\/strong>, kt\u00f3rej wyniki pos\u0142u\u017c\u0105 zaprojektowaniu odpowiednich dzia\u0142a\u0144 maj\u0105cych na celu rozw\u00f3j systemu ochrony zdrowia psychicznego w Uczelni. <strong>Pa\u0144stwa opinia jest kluczem do efektywnego wspierania dobrostanu psychicznego ca\u0142ej spo\u0142eczno\u015bci PB!<\/strong><\/p>\n<p>Wype\u0142nienie ankiety jest mo\u017cliwe za po\u015brednictwem telefonu kom\u00f3rkowego, komputera, czy innych urz\u0105dze\u0144 elektronicznych, kt\u00f3re posiadaj\u0105 dost\u0119p do Internetu.<\/p>\n<p>Strona ta gwarantuje bezpiecze\u0144stwo \u2013 przetwarzanie danych respondent\u00f3w jest zgodne ze wszelkimi wymaganiami RODO. Kwestionariusze ankiet wprowadzone na platform\u0119 nie zawieraj\u0105 \u017cadnych pyta\u0144 umo\u017cliwiaj\u0105cych identyfikacj\u0119 respondent\u00f3w. Ankiety te s\u0105 ca\u0142kowicie anonimowe, nie mamy mo\u017cliwo\u015bci identyfikacji, kto wype\u0142ni\u0142 jak\u0105 ankiet\u0119.<\/p>\n<p>&nbsp;<\/p>\n","protected":false},"excerpt":{"rendered":"<p>Centrum Profilaktyki i Reedukacji \u201eAtelier\u201d z Krakowa na zlecenie Politechniki Bia\u0142ostockiej realizuje badania spo\u0142eczne, na<\/p>\n","protected":false},"author":2,"featured_media":0,"parent":0,"menu_order":0,"comment_status":"closed","ping_status":"closed","template":"","meta":{"_acf_changed":false,"ngg_post_thumbnail":0,"footnotes":""},"class_list":["post-633","page","type-page","status-publish","hentry"],"acf":[],"_links":{"self":[{"href":"https:\/\/pb.edu.pl\/pzp\/wp-json\/wp\/v2\/pages\/633","targetHints":{"allow":["GET"]}}],"collection":[{"href":"https:\/\/pb.edu.pl\/pzp\/wp-json\/wp\/v2\/pages"}],"about":[{"href":"https:\/\/pb.edu.pl\/pzp\/wp-json\/wp\/v2\/types\/page"}],"author":[{"embeddable":true,"href":"https:\/\/pb.edu.pl\/pzp\/wp-json\/wp\/v2\/users\/2"}],"replies":[{"embeddable":true,"href":"https:\/\/pb.edu.pl\/pzp\/wp-json\/wp\/v2\/comments?post=633"}],"version-history":[{"count":0,"href":"https:\/\/pb.edu.pl\/pzp\/wp-json\/wp\/v2\/pages\/633\/revisions"}],"wp:attachment":[{"href":"https:\/\/pb.edu.pl\/pzp\/wp-json\/wp\/v2\/media?parent=633"}],"curies":[{"name":"wp","href":"https:\/\/api.w.org\/{rel}","templated":true}]}}