{"id":50,"date":"2020-09-22T23:53:29","date_gmt":"2020-09-22T21:53:29","guid":{"rendered":"https:\/\/pb.edu.pl\/pzp\/?page_id=50"},"modified":"2024-10-08T13:11:31","modified_gmt":"2024-10-08T11:11:31","slug":"kontakt","status":"publish","type":"page","link":"https:\/\/pb.edu.pl\/pzp\/kontakt\/","title":{"rendered":"Kontakt"},"content":{"rendered":"<p><a href=\"https:\/\/pb.edu.pl\/pomoc-psychologiczna\/\">Pomoc psychologiczna na Politechnice Bia\u0142ostockiej<\/a><br \/>\n&nbsp;<\/p>\n<p><strong>Koordynator ds. profilaktyki zdrowia psychicznego w Politechnice Bia\u0142ostockiej<\/strong><br \/>\nmgr Kinga Jatkowska-\u0141ukaszuk<br \/>\n<i class=\"fal fa-envelope\"><\/i> <a href=\"#\" rel=\"nofollow\"  onclick=\"this.href='mailto:' + 'k.jatkowska' + '@' + 'pb.edu.pl'\">k.jatkowska [at] pb.edu.pl<\/a>\n<p><i class=\"fal fa-phone\"><\/i> 797 990 770<\/p>\n<hr>\n<div class=\"h3\">Pilota\u017cowy program profilaktyki zdrowia psychicznego na Politechnice Bia\u0142ostockiej<\/div>\n<p>W roku akademickim 2022\/2023 uczelnia wdro\u017cy\u0142a Pilota\u017cowy program profilaktyki zdrowia psychicznego na Politechnice Bia\u0142ostockiej jako jeden z element\u00f3w projektu <a href=\"https:\/\/pb.edu.pl\/pbdostepna\/\">PB Dost\u0119pna<\/a>, wsp\u00f3\u0142finansowanego przez Uni\u0119 Europejsk\u0105 w ramach Europejskiego Funduszu Spo\u0142ecznego, Program Operacyjny Wiedza Edukacja Rozw\u00f3j.<\/p>\n<div id=\"more\" class=\"collapse\">\n<strong>Koordynator Merytoryczny Projektu PB Dost\u0119pna finansuj\u0105cego dzia\u0142anie<\/strong><br \/>\nmgr Tomasz Jastrz\u0119bski<br \/>\n<i class=\"fal fa-envelope\"><\/i> <a href=\"#\" rel=\"nofollow\"  onclick=\"this.href='mailto:' + 't.jastrzebski' + '@' + 'pb.edu.pl'\">t.jastrzebski [at] pb.edu.pl<\/a>\n<p><i class=\"fal fa-phone\"><\/i>501 032 551<\/p>\n<p><strong>Manager Projektu PB Dost\u0119pna finansuj\u0105cego dzia\u0142anie<\/strong><br \/>\nmgr in\u017c. Maciej \u0141ukaszuk<br \/>\n<i class=\"fal fa-envelope\"><\/i> <a href=\"#\" rel=\"nofollow\"  onclick=\"this.href='mailto:' + 'maciej.lukaszuk' + '@' + 'pb.edu.pl'\">maciej.lukaszuk [at] pb.edu.pl<\/a>\n<p><i class=\"fal fa-phone\"><\/i> 797 994 888<\/p>\n<p><strong>Kreacja, komunikacja, promocja Pilota\u017cowego programu profilaktycznego PB<\/strong><br \/>\n<strong>Organizator Dnia Zdrowia Psychicznego<\/strong><br \/>\nDzia\u0142 Promocji Politechniki Bia\u0142ostockiej<br \/>\n<a href=\"mailto:biuroprasowe@pb.edu.pl\" target=\"_blank\" rel=\"noopener\"><a href=\"#\" rel=\"nofollow\"  onclick=\"this.href='mailto:' + 'biuroprasowe' + '@' + 'pb.edu.pl'\">biuroprasowe [at] pb.edu.pl<\/a><\/a><br \/>\ntel.&nbsp;85 746 9727<br \/>\ntel.&nbsp;506 776 303<\/p>\n<p><strong>Koordynator Dnia Zdrowia Psychicznego Politechniki Bia\u0142ostockiej<\/strong><br \/>\nmgr Kinga Jatkowska-\u0141ukaszuk<br \/>\n<i class=\"fal fa-envelope\"><\/i> <a href=\"#\" rel=\"nofollow\"  onclick=\"this.href='mailto:' + 'k.jatkowska' + '@' + 'pb.edu.pl'\">k.jatkowska [at] pb.edu.pl<\/a>\n<p><i class=\"fal fa-phone\"><\/i> 797 990 770<\/p>\n<p><img loading=\"lazy\" decoding=\"async\" class=\"aligncenter size-full wp-image-998\" src=\"https:\/\/pb.edu.pl\/pzp\/wp-content\/uploads\/sites\/99\/2023\/03\/belka-POWER_pl-kolor.jpg\" alt=\"\" width=\"1871\" height=\"183\" srcset=\"https:\/\/pb.edu.pl\/pzp\/wp-content\/uploads\/sites\/99\/2023\/03\/belka-POWER_pl-kolor.jpg 1871w, https:\/\/pb.edu.pl\/pzp\/wp-content\/uploads\/sites\/99\/2023\/03\/belka-POWER_pl-kolor-300x29.jpg 300w, https:\/\/pb.edu.pl\/pzp\/wp-content\/uploads\/sites\/99\/2023\/03\/belka-POWER_pl-kolor-1024x100.jpg 1024w, https:\/\/pb.edu.pl\/pzp\/wp-content\/uploads\/sites\/99\/2023\/03\/belka-POWER_pl-kolor-768x75.jpg 768w, https:\/\/pb.edu.pl\/pzp\/wp-content\/uploads\/sites\/99\/2023\/03\/belka-POWER_pl-kolor-1536x150.jpg 1536w\" sizes=\"auto, (max-width: 1871px) 100vw, 1871px\" \/>\n<\/div>\n<p><a class=\"link\" role=\"button\" href=\"#more\" data-toggle=\"collapse\"><span class=\"more\">wi\u0119cej<\/span><span class=\"less\">mniej<\/span><\/a><\/p>\n","protected":false},"excerpt":{"rendered":"<p>Pomoc psychologiczna na Politechnice Bia\u0142ostockiej &nbsp; Koordynator ds. profilaktyki zdrowia psychicznego w Politechnice Bia\u0142ostockiej mgr<\/p>\n","protected":false},"author":2,"featured_media":0,"parent":0,"menu_order":6,"comment_status":"closed","ping_status":"closed","template":"","meta":{"_acf_changed":false,"ngg_post_thumbnail":0,"footnotes":""},"class_list":["post-50","page","type-page","status-publish","hentry"],"acf":[],"_links":{"self":[{"href":"https:\/\/pb.edu.pl\/pzp\/wp-json\/wp\/v2\/pages\/50","targetHints":{"allow":["GET"]}}],"collection":[{"href":"https:\/\/pb.edu.pl\/pzp\/wp-json\/wp\/v2\/pages"}],"about":[{"href":"https:\/\/pb.edu.pl\/pzp\/wp-json\/wp\/v2\/types\/page"}],"author":[{"embeddable":true,"href":"https:\/\/pb.edu.pl\/pzp\/wp-json\/wp\/v2\/users\/2"}],"replies":[{"embeddable":true,"href":"https:\/\/pb.edu.pl\/pzp\/wp-json\/wp\/v2\/comments?post=50"}],"version-history":[{"count":0,"href":"https:\/\/pb.edu.pl\/pzp\/wp-json\/wp\/v2\/pages\/50\/revisions"}],"wp:attachment":[{"href":"https:\/\/pb.edu.pl\/pzp\/wp-json\/wp\/v2\/media?parent=50"}],"curies":[{"name":"wp","href":"https:\/\/api.w.org\/{rel}","templated":true}]}}