{"id":3087,"date":"2026-05-05T22:22:53","date_gmt":"2026-05-05T20:22:53","guid":{"rendered":"https:\/\/pb.edu.pl\/pzp\/?page_id=3087"},"modified":"2026-05-05T22:25:21","modified_gmt":"2026-05-05T20:25:21","slug":"kryzys-suicydalny-rejestracja","status":"publish","type":"page","link":"https:\/\/pb.edu.pl\/pzp\/dzialania\/szkolenia\/kryzys-suicydalny-rejestracja\/","title":{"rendered":"Formularz rejestracyjny szkolenie kryzys suicydalny"},"content":{"rendered":"<p>Pola oznaczone gwiazdk\u0105 (*) s\u0105 obowi\u0105zkowe do wype\u0142nienia.<\/p>\n\n<div class=\"wpcf7 no-js\" id=\"wpcf7-f3085-o1\" lang=\"pl-PL\" dir=\"ltr\" data-wpcf7-id=\"3085\">\n<div class=\"screen-reader-response\"><p role=\"status\" aria-live=\"polite\" aria-atomic=\"true\"><\/p> <ul><\/ul><\/div>\n<form action=\"\/pzp\/wp-json\/wp\/v2\/pages\/3087#wpcf7-f3085-o1\" method=\"post\" class=\"wpcf7-form init\" aria-label=\"Formularz kontaktowy\" novalidate=\"novalidate\" data-status=\"init\">\n<fieldset class=\"hidden-fields-container\"><input type=\"hidden\" name=\"_wpcf7\" value=\"3085\" \/><input type=\"hidden\" name=\"_wpcf7_version\" value=\"6.1.5\" \/><input type=\"hidden\" name=\"_wpcf7_locale\" value=\"pl_PL\" \/><input type=\"hidden\" name=\"_wpcf7_unit_tag\" value=\"wpcf7-f3085-o1\" \/><input type=\"hidden\" name=\"_wpcf7_container_post\" value=\"0\" \/><input type=\"hidden\" name=\"_wpcf7_posted_data_hash\" value=\"\" \/><input type=\"hidden\" name=\"_wpcf7cf_hidden_group_fields\" value=\"[]\" \/><input type=\"hidden\" name=\"_wpcf7cf_hidden_groups\" value=\"[]\" \/><input type=\"hidden\" name=\"_wpcf7cf_visible_groups\" value=\"[]\" \/><input type=\"hidden\" name=\"_wpcf7cf_repeaters\" value=\"[]\" \/><input type=\"hidden\" name=\"_wpcf7cf_steps\" value=\"{}\" \/><input type=\"hidden\" name=\"_wpcf7cf_options\" value=\"{&quot;form_id&quot;:3085,&quot;conditions&quot;:[],&quot;settings&quot;:{&quot;animation&quot;:&quot;yes&quot;,&quot;animation_intime&quot;:200,&quot;animation_outtime&quot;:200,&quot;conditions_ui&quot;:&quot;normal&quot;,&quot;notice_dismissed&quot;:false,&quot;notice_dismissed_update-cf7-5.6.2&quot;:true}}\" \/>\n<\/fieldset>\n<div class=\"wpcf7-turnstile cf-turnstile\" data-sitekey=\"0x4AAAAAACDP-G-k0g-pygWP\" data-response-field-name=\"_wpcf7_turnstile_response\"><\/div>\n\n<div class=\"row\">\n\t<div class=\"col-md-12 mx-auto\">\n\t\t<div class=\"row\">\n\t\t\t<div class=\"col-md-6\">\n\t\t\t\t<p><label for=\"imie\"> Imi\u0119 Nazwisko: * <\/label><br \/>\n<span class=\"wpcf7-form-control-wrap\" data-name=\"imie\"><input size=\"40\" maxlength=\"400\" class=\"wpcf7-form-control wpcf7-text wpcf7-validates-as-required\" id=\"imie\" aria-required=\"true\" aria-invalid=\"false\" value=\"\" type=\"text\" name=\"imie\" \/><\/span>\n\t\t\t\t<\/p>\n\t\t\t<\/div>\n\t\t\t<div class=\"col-md-6\">\n\t\t\t\t<p><label for=\"email\"> Adres e-mail: * <\/label><br \/>\n<span class=\"wpcf7-form-control-wrap\" data-name=\"email\"><input size=\"40\" maxlength=\"400\" class=\"wpcf7-form-control wpcf7-email wpcf7-validates-as-required wpcf7-text wpcf7-validates-as-email\" id=\"email\" aria-required=\"true\" aria-invalid=\"false\" value=\"\" type=\"email\" name=\"email\" \/><\/span>\n\t\t\t\t<\/p>\n\t\t\t<\/div>\n\t\t<\/div>\n\t\t<div class=\"row\">\n\t\t\t<div class=\"col-md-12\">\n\t\t\t\t<p><label for=\"szkolenie\"> Gdy mamy do czynienia z kryzysem suicydalnym: * <\/label><br \/>\n<span class=\"wpcf7-form-control-wrap\" data-name=\"szkolenie\"><span class=\"wpcf7-form-control wpcf7-radio\" id=\"szkolenie\"><span class=\"wpcf7-list-item first\"><label><input type=\"radio\" name=\"szkolenie\" value=\"Pracownicy - 21.05.2026, godz. 9:00-11:00\" \/><span class=\"wpcf7-list-item-label\">Pracownicy - 21.05.2026, godz. 9:00-11:00<\/span><\/label><\/span><span class=\"wpcf7-list-item last\"><label><input type=\"radio\" name=\"szkolenie\" value=\"Studenci - 21.05.2026, godz. 12:00-15:00\" \/><span class=\"wpcf7-list-item-label\">Studenci - 21.05.2026, godz. 12:00-15:00<\/span><\/label><\/span><\/span><\/span>\n\t\t\t\t<\/p>\n\t\t\t<\/div>\n\t\t<\/div>\n\t\t<div class=\"row\">\n\t\t\t<div class=\"col-md-12\">\n\t\t\t<hr \/>\n\t\t\t<\/div>\n\t\t<\/div>\n\t\t<div class=\"row\">\n\t\t\t<div class=\"col-md-12\">\n\t\t\t\t<p><span class=\"wpcf7-form-control-wrap\" data-name=\"acceptance-100\"><span class=\"wpcf7-form-control wpcf7-acceptance\"><span class=\"wpcf7-list-item\"><label><input type=\"checkbox\" name=\"acceptance-100\" value=\"1\" aria-invalid=\"false\" \/><span class=\"wpcf7-list-item-label\">Przyjmuj\u0119 do wiadomo\u015bci i\u017c w zwi\u0105zku ze stacjonarn\u0105 organizacj\u0105 wydarzenia, w celu informacyjno-promocyjnym, Organizator dokonuje rejestracji przebiegu wydarzenia za pomoc\u0105 relacji fotograficznych w wyniku czego zdj\u0119cia z wizerunkami Uczestnik\u00f3w, jako element obrazu dokumentuj\u0105cego przebieg tego wydarzenia mog\u0105 zosta\u0107 zamieszczone na stronie internetowej Organizatora i profilach spo\u0142eczno\u015bciowych, na kt\u00f3rych Organizator posiada konto. Poprzez sw\u00f3j udzia\u0142 w szkoleniu wyra\u017cam zgod\u0119 na przetwarzanie wizerunku zarejestrowanego w trakcie przebiegu szkolenia.<\/span><\/label><\/span><\/span><\/span><br \/>\n<span class=\"wpcf7-form-control-wrap\" data-name=\"acceptance-101\"><span class=\"wpcf7-form-control wpcf7-acceptance\"><span class=\"wpcf7-list-item\"><label><input type=\"checkbox\" name=\"acceptance-101\" value=\"1\" aria-invalid=\"false\" \/><span class=\"wpcf7-list-item-label\">Zapozna\u0142am\/em si\u0119 z informacj\u0105 administratora dotycz\u0105c\u0105 przetwarzania danych osobowych.<\/span><\/label><\/span><\/span><\/span>\n\t\t\t\t<\/p>\n\t\t\t\t<p style=\"text-indent: 0px\"><a class=\"pdf\" href=\"https:\/\/pb.edu.pl\/pzp\/wp-content\/uploads\/sites\/99\/2026\/05\/klauzula_RODO_warsztaty.pdf\" target=\"_blank\" data-id=\"1262\" rel=\"noopener\">Klauzula informacyjne dotycz\u0105c\u0105 przetwarzania danych osobowych uczestnik\u00f3w szkolenia organizowanego w ramach profilaktyki zdrowia psychicznego w Politechnice Bia\u0142ostockiej <span>(PDF, 154 KB, otworzy si\u0119 w nowej karcie)<\/span><\/a>\n\t\t\t\t<\/p>\n\t\t\t<\/div>\n\t\t<\/div>\n\t\t<div class=\"row\">\n\t\t\t<div class=\"col-12 text-right\">\n\t\t\t\t<p>&nbsp;<br \/>\n<input class=\"wpcf7-form-control wpcf7-submit has-spinner\" type=\"submit\" value=\"Wy\u015blij zg\u0142oszenie\" \/>\n\t\t\t\t<\/p>\n\t\t\t<\/div>\n\t\t<\/div>\n\t<\/div>\n<\/div><div class=\"wpcf7-response-output\" aria-hidden=\"true\"><\/div>\n<\/form>\n<\/div>\n\n","protected":false},"excerpt":{"rendered":"<p>Pola oznaczone gwiazdk\u0105 (*) s\u0105 obowi\u0105zkowe do wype\u0142nienia.<\/p>\n","protected":false},"author":2,"featured_media":0,"parent":830,"menu_order":1,"comment_status":"closed","ping_status":"closed","template":"","meta":{"_acf_changed":false,"ngg_post_thumbnail":0,"footnotes":""},"class_list":["post-3087","page","type-page","status-publish","hentry"],"acf":[],"_links":{"self":[{"href":"https:\/\/pb.edu.pl\/pzp\/wp-json\/wp\/v2\/pages\/3087","targetHints":{"allow":["GET"]}}],"collection":[{"href":"https:\/\/pb.edu.pl\/pzp\/wp-json\/wp\/v2\/pages"}],"about":[{"href":"https:\/\/pb.edu.pl\/pzp\/wp-json\/wp\/v2\/types\/page"}],"author":[{"embeddable":true,"href":"https:\/\/pb.edu.pl\/pzp\/wp-json\/wp\/v2\/users\/2"}],"replies":[{"embeddable":true,"href":"https:\/\/pb.edu.pl\/pzp\/wp-json\/wp\/v2\/comments?post=3087"}],"version-history":[{"count":2,"href":"https:\/\/pb.edu.pl\/pzp\/wp-json\/wp\/v2\/pages\/3087\/revisions"}],"predecessor-version":[{"id":3089,"href":"https:\/\/pb.edu.pl\/pzp\/wp-json\/wp\/v2\/pages\/3087\/revisions\/3089"}],"up":[{"embeddable":true,"href":"https:\/\/pb.edu.pl\/pzp\/wp-json\/wp\/v2\/pages\/830"}],"wp:attachment":[{"href":"https:\/\/pb.edu.pl\/pzp\/wp-json\/wp\/v2\/media?parent=3087"}],"curies":[{"name":"wp","href":"https:\/\/api.w.org\/{rel}","templated":true}]}}