{"id":18,"date":"2020-09-22T23:35:35","date_gmt":"2020-09-22T21:35:35","guid":{"rendered":"https:\/\/pb.edu.pl\/pzp\/?page_id=18"},"modified":"2026-03-24T21:39:24","modified_gmt":"2026-03-24T20:39:24","slug":"home","status":"publish","type":"page","link":"https:\/\/pb.edu.pl\/pzp\/","title":{"rendered":""},"content":{"rendered":"<p>&nbsp;<\/p>\n<p><img loading=\"lazy\" decoding=\"async\" src=\"https:\/\/pb.edu.pl\/pzp\/wp-content\/uploads\/sites\/99\/2023\/09\/2023-09-29_PZP_strona_banner-1140x136-1.jpg\" alt=\"Profilaktyka Zdrowia Psychicznego\" width=\"1140\" height=\"136\" class=\"aligncenter size-full wp-image-1866\" srcset=\"https:\/\/pb.edu.pl\/pzp\/wp-content\/uploads\/sites\/99\/2023\/09\/2023-09-29_PZP_strona_banner-1140x136-1.jpg 1140w, https:\/\/pb.edu.pl\/pzp\/wp-content\/uploads\/sites\/99\/2023\/09\/2023-09-29_PZP_strona_banner-1140x136-1-300x36.jpg 300w, https:\/\/pb.edu.pl\/pzp\/wp-content\/uploads\/sites\/99\/2023\/09\/2023-09-29_PZP_strona_banner-1140x136-1-1024x122.jpg 1024w, https:\/\/pb.edu.pl\/pzp\/wp-content\/uploads\/sites\/99\/2023\/09\/2023-09-29_PZP_strona_banner-1140x136-1-768x92.jpg 768w\" sizes=\"auto, (max-width: 1140px) 100vw, 1140px\" \/><br \/>\n&nbsp;<\/p>\n<div id=\"box-menu\" class=\"href\"><\/div>\n<div class=\"row\">\n<div class=\"col-md-6\">\n\t<div class=\"boxlink animated zoomIn \">\n\t\t<a href=\"\/pzp\/wyklady\/\" class=\"no-icon\">\n\t\t\t<div class=\"boxlink-title\">Wyk\u0142ady<span><\/span><\/div>\n\t\t\t<div class=\"boxlink-content\">\n\t\t\t\t<img loading=\"lazy\" decoding=\"async\" src=\"https:\/\/pb.edu.pl\/pzp\/wp-content\/uploads\/sites\/99\/2023\/09\/2023-09-29_PZP_strona_wyklady-button_800x534.jpg\" alt=\"\" width=\"800\" height=\"534\" class=\"aligncenter size-full wp-image-1870\" srcset=\"https:\/\/pb.edu.pl\/pzp\/wp-content\/uploads\/sites\/99\/2023\/09\/2023-09-29_PZP_strona_wyklady-button_800x534.jpg 800w, https:\/\/pb.edu.pl\/pzp\/wp-content\/uploads\/sites\/99\/2023\/09\/2023-09-29_PZP_strona_wyklady-button_800x534-300x200.jpg 300w, https:\/\/pb.edu.pl\/pzp\/wp-content\/uploads\/sites\/99\/2023\/09\/2023-09-29_PZP_strona_wyklady-button_800x534-768x513.jpg 768w, https:\/\/pb.edu.pl\/pzp\/wp-content\/uploads\/sites\/99\/2023\/09\/2023-09-29_PZP_strona_wyklady-button_800x534-480x320.jpg 480w\" sizes=\"auto, (max-width: 800px) 100vw, 800px\" \/>\t\t\t<\/div>\n\t\t<\/a>\n\t<\/div>\n\n<\/div>\n<div class=\"col-md-6\">\n\t<div class=\"boxlink animated zoomIn \">\n\t\t<a href=\"\/pzp\/warsztaty\/\" class=\"no-icon\">\n\t\t\t<div class=\"boxlink-title\">Warsztaty<span><\/span><\/div>\n\t\t\t<div class=\"boxlink-content\">\n\t\t\t\t<img loading=\"lazy\" decoding=\"async\" src=\"https:\/\/pb.edu.pl\/pzp\/wp-content\/uploads\/sites\/99\/2023\/09\/2023-09-29_PZP_strona_warsztaty-button_800x534.jpg\" alt=\"\" width=\"800\" height=\"534\" class=\"aligncenter size-full wp-image-1871\" srcset=\"https:\/\/pb.edu.pl\/pzp\/wp-content\/uploads\/sites\/99\/2023\/09\/2023-09-29_PZP_strona_warsztaty-button_800x534.jpg 800w, https:\/\/pb.edu.pl\/pzp\/wp-content\/uploads\/sites\/99\/2023\/09\/2023-09-29_PZP_strona_warsztaty-button_800x534-300x200.jpg 300w, https:\/\/pb.edu.pl\/pzp\/wp-content\/uploads\/sites\/99\/2023\/09\/2023-09-29_PZP_strona_warsztaty-button_800x534-768x513.jpg 768w, https:\/\/pb.edu.pl\/pzp\/wp-content\/uploads\/sites\/99\/2023\/09\/2023-09-29_PZP_strona_warsztaty-button_800x534-480x320.jpg 480w\" sizes=\"auto, (max-width: 800px) 100vw, 800px\" \/>\t\t\t<\/div>\n\t\t<\/a>\n\t<\/div>\n\n<\/div>\n<\/div>\n<h2 style=\"font-size: 3rem\"><a style=\"text-decoration: none\" title=\"poka\u017c wszystkie\" href=\"\/pzp\/aktualnosci\/\">Aktualno\u015bci <i class=\"fa fa-caret-right\" aria-hidden=\"true\"><\/i><\/a><\/h2>\n\t\t<div class=\"box news-box \">\n\t\t<div class=\"row\">\n\t\t\t\n\t\t\t\n\t\t\t\t\n\t\t\t\t\t\t\t\t\t\t<div class=\"col-sm-3\">\n\t\t\t\t\t\t\t\n<article class=\"format-standard\">\n    <span class=\"date text-right\"><i class=\"fal fa-calendar-alt\"><\/i> 01-04-2026<\/span>\n    <a href=\"https:\/\/pb.edu.pl\/pzp\/bezplatne-warsztaty-o-zdrowiu-psychicznym-dla-studentow-i-pracownikow\/\">\n      <div class=\"article-image\">\n        <img loading=\"lazy\" decoding=\"async\" width=\"480\" height=\"300\" src=\"https:\/\/pb.edu.pl\/pzp\/wp-content\/uploads\/sites\/99\/2026\/04\/2026-03-pzp-warsztaty-www-480x300.jpg\" class=\"attachment-medium-image-16x10 size-medium-image-16x10 wp-post-image\" alt=\"\" srcset=\"https:\/\/pb.edu.pl\/pzp\/wp-content\/uploads\/sites\/99\/2026\/04\/2026-03-pzp-warsztaty-www-480x300.jpg 480w, https:\/\/pb.edu.pl\/pzp\/wp-content\/uploads\/sites\/99\/2026\/04\/2026-03-pzp-warsztaty-www-300x188.jpg 300w, https:\/\/pb.edu.pl\/pzp\/wp-content\/uploads\/sites\/99\/2026\/04\/2026-03-pzp-warsztaty-www-1024x640.jpg 1024w, https:\/\/pb.edu.pl\/pzp\/wp-content\/uploads\/sites\/99\/2026\/04\/2026-03-pzp-warsztaty-www-768x480.jpg 768w, https:\/\/pb.edu.pl\/pzp\/wp-content\/uploads\/sites\/99\/2026\/04\/2026-03-pzp-warsztaty-www-1536x960.jpg 1536w, https:\/\/pb.edu.pl\/pzp\/wp-content\/uploads\/sites\/99\/2026\/04\/2026-03-pzp-warsztaty-www-2048x1280.jpg 2048w\" sizes=\"auto, (max-width: 480px) 100vw, 480px\" \/>      <\/div>\n      <h3>Bezp\u0142atne warsztaty o zdrowiu psychicznym. Dla Student\u00f3w i Pracownik\u00f3w<\/h3>\n      Nie zwlekaj z rejestracj\u0105! Wybierz temat i termin    <\/a>\n<\/article>\t\t\t\t\t\t<\/div>\n\t\t\t\t\t\t\t\t\t\t\t<div class=\"col-sm-3\">\n\t\t\t\t\t\t\t\n<article class=\"format-standard\">\n    <span class=\"date text-right\"><i class=\"fal fa-calendar-alt\"><\/i> 30-03-2026<\/span>\n    <a href=\"https:\/\/pb.edu.pl\/pzp\/wspolczesna-definicja-meskosci-mateusz-banaszkiewicz-w-politechnice-bialostockiej\/\">\n      <div class=\"article-image\">\n        <img loading=\"lazy\" decoding=\"async\" width=\"480\" height=\"300\" src=\"https:\/\/pb.edu.pl\/pzp\/wp-content\/uploads\/sites\/99\/2026\/03\/2026-03-27-Mateusz-Banaszkiewicz-fot-Jerzy-Doroszkiewicz-PB-2-480x300.jpg\" class=\"attachment-medium-image-16x10 size-medium-image-16x10 wp-post-image\" alt=\"\" \/>      <\/div>\n      <h3>Wsp\u00f3\u0142czesna definicja m\u0119sko\u015bci. Mateusz Banaszkiewicz w Politechnice Bia\u0142ostockiej<\/h3>\n      Mateusz Banaszkiewicz zach\u0119ca\u0142 nas, by na nowo zdefiniowa\u0107 poj\u0119cie m\u0119sko\u015bci    <\/a>\n<\/article>\t\t\t\t\t\t<\/div>\n\t\t\t\t\t\t\t\t\t\t\t<div class=\"col-sm-3\">\n\t\t\t\t\t\t\t\n<article class=\"format-standard\">\n    <span class=\"date text-right\"><i class=\"fal fa-calendar-alt\"><\/i> 05-03-2026<\/span>\n    <a href=\"https:\/\/pb.edu.pl\/pzp\/politechnika-bialostocka-partnerem-kampanii-spolecznej-zolta-kanapa-2026\/\">\n      <div class=\"article-image\">\n        <img loading=\"lazy\" decoding=\"async\" width=\"480\" height=\"300\" src=\"https:\/\/pb.edu.pl\/pzp\/wp-content\/uploads\/sites\/99\/2026\/03\/2026-03-03-Zolta-Kanapa-konferencja-6-480x300.jpg\" class=\"attachment-medium-image-16x10 size-medium-image-16x10 wp-post-image\" alt=\"\" srcset=\"https:\/\/pb.edu.pl\/pzp\/wp-content\/uploads\/sites\/99\/2026\/03\/2026-03-03-Zolta-Kanapa-konferencja-6-480x300.jpg 480w, https:\/\/pb.edu.pl\/pzp\/wp-content\/uploads\/sites\/99\/2026\/03\/2026-03-03-Zolta-Kanapa-konferencja-6-300x188.jpg 300w, https:\/\/pb.edu.pl\/pzp\/wp-content\/uploads\/sites\/99\/2026\/03\/2026-03-03-Zolta-Kanapa-konferencja-6-1024x640.jpg 1024w, https:\/\/pb.edu.pl\/pzp\/wp-content\/uploads\/sites\/99\/2026\/03\/2026-03-03-Zolta-Kanapa-konferencja-6-768x480.jpg 768w, https:\/\/pb.edu.pl\/pzp\/wp-content\/uploads\/sites\/99\/2026\/03\/2026-03-03-Zolta-Kanapa-konferencja-6-1536x960.jpg 1536w, https:\/\/pb.edu.pl\/pzp\/wp-content\/uploads\/sites\/99\/2026\/03\/2026-03-03-Zolta-Kanapa-konferencja-6-2048x1280.jpg 2048w\" sizes=\"auto, (max-width: 480px) 100vw, 480px\" \/>      <\/div>\n      <h3>Politechnika Bia\u0142ostocka partnerem kampanii spo\u0142ecznej \u017b\u00f3\u0142ta Kanapa 2026<\/h3>\n      Wsp\u00f3lnie z Miastem Bia\u0142ystok, uczelniami i ekspertami tworzymy front walki ze    <\/a>\n<\/article>\t\t\t\t\t\t<\/div>\n\t\t\t\t\t\t\t\t\t\t\t<div class=\"col-sm-3\">\n\t\t\t\t\t\t\t\n<article class=\"format-standard\">\n    <span class=\"date text-right\"><i class=\"fal fa-calendar-alt\"><\/i> 04-03-2026<\/span>\n    <a href=\"https:\/\/pb.edu.pl\/pzp\/ambasadorowie-zycia-w-trzezwosci\/\">\n      <div class=\"article-image\">\n        <img loading=\"lazy\" decoding=\"async\" width=\"480\" height=\"300\" src=\"https:\/\/pb.edu.pl\/pzp\/wp-content\/uploads\/sites\/99\/2026\/03\/2026-02-27-wyklad-etanol-czyli-pomiedzy-przyjemnoscia-a-cierpieniem-fot-Aleksandra-Kaminska-PB-3-480x300.jpg\" class=\"attachment-medium-image-16x10 size-medium-image-16x10 wp-post-image\" alt=\"\" srcset=\"https:\/\/pb.edu.pl\/pzp\/wp-content\/uploads\/sites\/99\/2026\/03\/2026-02-27-wyklad-etanol-czyli-pomiedzy-przyjemnoscia-a-cierpieniem-fot-Aleksandra-Kaminska-PB-3-480x300.jpg 480w, https:\/\/pb.edu.pl\/pzp\/wp-content\/uploads\/sites\/99\/2026\/03\/2026-02-27-wyklad-etanol-czyli-pomiedzy-przyjemnoscia-a-cierpieniem-fot-Aleksandra-Kaminska-PB-3-300x188.jpg 300w, https:\/\/pb.edu.pl\/pzp\/wp-content\/uploads\/sites\/99\/2026\/03\/2026-02-27-wyklad-etanol-czyli-pomiedzy-przyjemnoscia-a-cierpieniem-fot-Aleksandra-Kaminska-PB-3-1024x640.jpg 1024w, https:\/\/pb.edu.pl\/pzp\/wp-content\/uploads\/sites\/99\/2026\/03\/2026-02-27-wyklad-etanol-czyli-pomiedzy-przyjemnoscia-a-cierpieniem-fot-Aleksandra-Kaminska-PB-3-768x480.jpg 768w, https:\/\/pb.edu.pl\/pzp\/wp-content\/uploads\/sites\/99\/2026\/03\/2026-02-27-wyklad-etanol-czyli-pomiedzy-przyjemnoscia-a-cierpieniem-fot-Aleksandra-Kaminska-PB-3-1536x960.jpg 1536w, https:\/\/pb.edu.pl\/pzp\/wp-content\/uploads\/sites\/99\/2026\/03\/2026-02-27-wyklad-etanol-czyli-pomiedzy-przyjemnoscia-a-cierpieniem-fot-Aleksandra-Kaminska-PB-3-2048x1280.jpg 2048w\" sizes=\"auto, (max-width: 480px) 100vw, 480px\" \/>      <\/div>\n      <h3>Ambasadorowie \u017cycia w trze\u017awo\u015bci<\/h3>\n      Relacja z wyk\u0142adu Etanol, czyli pomi\u0119dzy przyjemno\u015bci\u0105 a cierpieniem    <\/a>\n<\/article>\t\t\t\t\t\t<\/div>\n\t\t\t\t\t\n\t\t\t\t\n\t\t\t\t\t<\/div>\n\t\t\t\t\t<\/div>\n\n&nbsp;<\/p>\n<hr>\n<div class=\"h3\">Pilota\u017cowy program profilaktyki zdrowia psychicznego na Politechnice Bia\u0142ostockiej<\/div>\n<p>W roku akademickim 2022\/2023 uczelnia wdro\u017cy\u0142a Pilota\u017cowy program profilaktyki zdrowia psychicznego na Politechnice Bia\u0142ostockiej jako jeden z element\u00f3w projektu <a href=\"https:\/\/pb.edu.pl\/pbdostepna\/\">PB Dost\u0119pna<\/a>, wsp\u00f3\u0142finansowanego przez Uni\u0119 Europejsk\u0105 w ramach Europejskiego Funduszu Spo\u0142ecznego, Program Operacyjny Wiedza Edukacja Rozw\u00f3j.<\/p>\n<div id=\"more\" class=\"collapse\">\n<p><img loading=\"lazy\" decoding=\"async\" class=\"alignnone size-full wp-image-455\" src=\"https:\/\/pb.edu.pl\/pbdostepna\/wp-content\/uploads\/sites\/46\/2022\/10\/belka-POWER_pl.jpg\" alt=\"logo Fundusze europejskie, flaga RP, Logo NCBR, flaga UE\" width=\"1871\" height=\"183\"><br \/>\n&nbsp;<\/p>\n<div id=\"box-menu\" class=\"href\">&nbsp;<\/div>\n<div class=\"row\">\n<div class=\"col-sm-12 text-center\"><a class=\"button ankieta text-center animated zoomIn lead\" style=\"width: 100%\" href=\"\/pzp\/cel\/\"><strong style=\"letter-spacing: 2px;color: #fff\">Cel pilota\u017cowego programu profilaktycznego<\/strong><\/a><\/div>\n<\/div>\n<div class=\"row\">\n<div class=\"col-md-4\">\n\t<div class=\"boxlink animated zoomIn \">\n\t\t<a href=\"\/pzp\/dzialania\/\" class=\"no-icon\">\n\t\t\t<div class=\"boxlink-title\">Dzia\u0142ania<span><\/span><\/div>\n\t\t\t<div class=\"boxlink-content\">\n\t\t\t\t<img loading=\"lazy\" decoding=\"async\" class=\"aligncenter size-full wp-image-812\" src=\"https:\/\/pb.edu.pl\/pzp\/wp-content\/uploads\/sites\/99\/2023\/03\/2023-03-profilaktyka-dzialania-www-800x534-1.jpg\" alt=\"\" width=\"800\" height=\"534\" srcset=\"https:\/\/pb.edu.pl\/pzp\/wp-content\/uploads\/sites\/99\/2023\/03\/2023-03-profilaktyka-dzialania-www-800x534-1.jpg 800w, https:\/\/pb.edu.pl\/pzp\/wp-content\/uploads\/sites\/99\/2023\/03\/2023-03-profilaktyka-dzialania-www-800x534-1-300x200.jpg 300w, https:\/\/pb.edu.pl\/pzp\/wp-content\/uploads\/sites\/99\/2023\/03\/2023-03-profilaktyka-dzialania-www-800x534-1-768x513.jpg 768w, https:\/\/pb.edu.pl\/pzp\/wp-content\/uploads\/sites\/99\/2023\/03\/2023-03-profilaktyka-dzialania-www-800x534-1-480x320.jpg 480w\" sizes=\"auto, (max-width: 800px) 100vw, 800px\" \/>\t\t\t<\/div>\n\t\t<\/a>\n\t<\/div>\n\n<\/div>\n<div class=\"col-md-4\">\n\t<div class=\"boxlink animated zoomIn \">\n\t\t<a href=\"\/pzp\/dzialania\/szkolenia\" class=\"no-icon\">\n\t\t\t<div class=\"boxlink-title\">Szkolenia<span><\/span><\/div>\n\t\t\t<div class=\"boxlink-content\">\n\t\t\t\t<img loading=\"lazy\" decoding=\"async\" class=\"aligncenter size-full wp-image-814\" src=\"https:\/\/pb.edu.pl\/pzp\/wp-content\/uploads\/sites\/99\/2023\/03\/2023-03-profilaktyka-dzialania-szkolenia-www-800x534-1.jpg\" alt=\"\" width=\"800\" height=\"534\" srcset=\"https:\/\/pb.edu.pl\/pzp\/wp-content\/uploads\/sites\/99\/2023\/03\/2023-03-profilaktyka-dzialania-szkolenia-www-800x534-1.jpg 800w, https:\/\/pb.edu.pl\/pzp\/wp-content\/uploads\/sites\/99\/2023\/03\/2023-03-profilaktyka-dzialania-szkolenia-www-800x534-1-300x200.jpg 300w, https:\/\/pb.edu.pl\/pzp\/wp-content\/uploads\/sites\/99\/2023\/03\/2023-03-profilaktyka-dzialania-szkolenia-www-800x534-1-768x513.jpg 768w, https:\/\/pb.edu.pl\/pzp\/wp-content\/uploads\/sites\/99\/2023\/03\/2023-03-profilaktyka-dzialania-szkolenia-www-800x534-1-480x320.jpg 480w\" sizes=\"auto, (max-width: 800px) 100vw, 800px\" \/>\t\t\t<\/div>\n\t\t<\/a>\n\t<\/div>\n\n<\/div>\n<div class=\"col-md-4\">\n\t<div class=\"boxlink animated zoomIn \">\n\t\t<a href=\"\/pzp\/dzialania\/dzien-zdrowia-psychicznego\" class=\"no-icon\">\n\t\t\t<div class=\"boxlink-title\">Dzie\u0144 zdrowia psychicznego<span><\/span><\/div>\n\t\t\t<div class=\"boxlink-content\">\n\t\t\t\t<img loading=\"lazy\" decoding=\"async\" src=\"https:\/\/pb.edu.pl\/pzp\/wp-content\/uploads\/sites\/99\/2023\/03\/2023-03-profilaktyka-dzialania-dzien-zdrowia-psychicznego-www-800x534-1.jpg\" alt=\"\" width=\"800\" height=\"534\" class=\"aligncenter size-full wp-image-811\" srcset=\"https:\/\/pb.edu.pl\/pzp\/wp-content\/uploads\/sites\/99\/2023\/03\/2023-03-profilaktyka-dzialania-dzien-zdrowia-psychicznego-www-800x534-1.jpg 800w, https:\/\/pb.edu.pl\/pzp\/wp-content\/uploads\/sites\/99\/2023\/03\/2023-03-profilaktyka-dzialania-dzien-zdrowia-psychicznego-www-800x534-1-300x200.jpg 300w, https:\/\/pb.edu.pl\/pzp\/wp-content\/uploads\/sites\/99\/2023\/03\/2023-03-profilaktyka-dzialania-dzien-zdrowia-psychicznego-www-800x534-1-768x513.jpg 768w, https:\/\/pb.edu.pl\/pzp\/wp-content\/uploads\/sites\/99\/2023\/03\/2023-03-profilaktyka-dzialania-dzien-zdrowia-psychicznego-www-800x534-1-480x320.jpg 480w\" sizes=\"auto, (max-width: 800px) 100vw, 800px\" \/>\t\t\t<\/div>\n\t\t<\/a>\n\t<\/div>\n\n<\/div>\n<\/div>\n<div class=\"h2 text-center\">Dzia\u0142anie Profilaktyka Zdrowia Psychicznego na Politechnice Bia\u0142ostockiej jest realizowane jako jeden z element\u00f3w projektu <a href=\"https:\/\/pb.edu.pl\/pbdostepna\/\">PB Dost\u0119pna<\/a>, wsp\u00f3\u0142finansowanego przez Uni\u0119 Europejsk\u0105 w ramach Europejskiego Funduszu Spo\u0142ecznego, Program Operacyjny Wiedza Edukacja Rozw\u00f3j.<\/div>\n<\/div>\n<p><a class=\"link\" role=\"button\" href=\"#more\" data-toggle=\"collapse\"><span class=\"more\">wi\u0119cej<\/span><span class=\"less\">mniej<\/span><\/a><\/p>\n","protected":false},"excerpt":{"rendered":"<p>&nbsp; &nbsp; Aktualno\u015bci &nbsp; Pilota\u017cowy program profilaktyki zdrowia psychicznego na Politechnice Bia\u0142ostockiej W roku akademickim<\/p>\n","protected":false},"author":2,"featured_media":0,"parent":0,"menu_order":0,"comment_status":"closed","ping_status":"closed","template":"","meta":{"_acf_changed":false,"ngg_post_thumbnail":0,"footnotes":""},"class_list":["post-18","page","type-page","status-publish","hentry"],"acf":[],"_links":{"self":[{"href":"https:\/\/pb.edu.pl\/pzp\/wp-json\/wp\/v2\/pages\/18","targetHints":{"allow":["GET"]}}],"collection":[{"href":"https:\/\/pb.edu.pl\/pzp\/wp-json\/wp\/v2\/pages"}],"about":[{"href":"https:\/\/pb.edu.pl\/pzp\/wp-json\/wp\/v2\/types\/page"}],"author":[{"embeddable":true,"href":"https:\/\/pb.edu.pl\/pzp\/wp-json\/wp\/v2\/users\/2"}],"replies":[{"embeddable":true,"href":"https:\/\/pb.edu.pl\/pzp\/wp-json\/wp\/v2\/comments?post=18"}],"version-history":[{"count":1,"href":"https:\/\/pb.edu.pl\/pzp\/wp-json\/wp\/v2\/pages\/18\/revisions"}],"predecessor-version":[{"id":3008,"href":"https:\/\/pb.edu.pl\/pzp\/wp-json\/wp\/v2\/pages\/18\/revisions\/3008"}],"wp:attachment":[{"href":"https:\/\/pb.edu.pl\/pzp\/wp-json\/wp\/v2\/media?parent=18"}],"curies":[{"name":"wp","href":"https:\/\/api.w.org\/{rel}","templated":true}]}}