{"id":1261,"date":"2023-05-10T20:44:49","date_gmt":"2023-05-10T18:44:49","guid":{"rendered":"https:\/\/pb.edu.pl\/pzp\/?page_id=1261"},"modified":"2023-05-10T20:54:38","modified_gmt":"2023-05-10T18:54:38","slug":"klauzula-informacyjna-odo","status":"publish","type":"page","link":"https:\/\/pb.edu.pl\/pzp\/dzialania\/dzien-zdrowia-psychicznego\/klauzula-informacyjna-odo\/","title":{"rendered":"Klauzula informacyjna o przetwarzaniu danych osobowych uczestnik\u00f3w warsztat\u00f3w"},"content":{"rendered":"<p>Uprzejmie informujemy, \u017ce w wyniku dokonywanej rejestracji przebiegu warsztat\u00f3w mo\u017ce doj\u015b\u0107 do utrwalenia oraz zarejestrowania Pa\u0144stwa wizerunku. <\/p>\n<p>Rejestracja na warsztaty oznacza wyra\u017cenie zgody na przetwarzanie przez Politechnik\u0119 Bia\u0142ostock\u0105 danych osobowych uczestnik\u00f3w warsztat\u00f3w.<\/p>\n<p>Prosimy o zapoznanie si\u0119 z klauzul\u0105 informacyjn\u0105 dotycz\u0105c\u0105 przetwarzania danych osobowych uczestnik\u00f3w warsztat\u00f3w:<br \/>\n<a class=\"pdf\" href=\"https:\/\/pb.edu.pl\/pzp\/wp-content\/uploads\/sites\/99\/2023\/05\/Klauzula-informacyjne-DZP.pdf\" target=\"_blank\" data-id=\"1262\" rel=\"noopener\">Klauzula informacyjne dotycz\u0105c\u0105 przetwarzania danych osobowych uczestnik\u00f3w warsztat\u00f3w organizowanych w ramach Dnia Zdrowia Psychicznego PB <span>(PDF, 91 KB, otworzy si\u0119 w nowej karcie)<\/span><\/a><\/p>\n","protected":false},"excerpt":{"rendered":"<p>Uprzejmie informujemy, \u017ce w wyniku dokonywanej rejestracji przebiegu warsztat\u00f3w mo\u017ce doj\u015b\u0107 do utrwalenia oraz zarejestrowania<\/p>\n","protected":false},"author":2,"featured_media":0,"parent":838,"menu_order":2,"comment_status":"closed","ping_status":"closed","template":"","meta":{"_acf_changed":false,"ngg_post_thumbnail":0,"footnotes":""},"class_list":["post-1261","page","type-page","status-publish","hentry"],"acf":[],"_links":{"self":[{"href":"https:\/\/pb.edu.pl\/pzp\/wp-json\/wp\/v2\/pages\/1261","targetHints":{"allow":["GET"]}}],"collection":[{"href":"https:\/\/pb.edu.pl\/pzp\/wp-json\/wp\/v2\/pages"}],"about":[{"href":"https:\/\/pb.edu.pl\/pzp\/wp-json\/wp\/v2\/types\/page"}],"author":[{"embeddable":true,"href":"https:\/\/pb.edu.pl\/pzp\/wp-json\/wp\/v2\/users\/2"}],"replies":[{"embeddable":true,"href":"https:\/\/pb.edu.pl\/pzp\/wp-json\/wp\/v2\/comments?post=1261"}],"version-history":[{"count":0,"href":"https:\/\/pb.edu.pl\/pzp\/wp-json\/wp\/v2\/pages\/1261\/revisions"}],"up":[{"embeddable":true,"href":"https:\/\/pb.edu.pl\/pzp\/wp-json\/wp\/v2\/pages\/838"}],"wp:attachment":[{"href":"https:\/\/pb.edu.pl\/pzp\/wp-json\/wp\/v2\/media?parent=1261"}],"curies":[{"name":"wp","href":"https:\/\/api.w.org\/{rel}","templated":true}]}}