{"id":1177,"date":"2023-04-27T14:45:24","date_gmt":"2023-04-27T12:45:24","guid":{"rendered":"https:\/\/pb.edu.pl\/pzp\/?page_id=1177"},"modified":"2023-05-17T09:31:37","modified_gmt":"2023-05-17T07:31:37","slug":"wyklad","status":"publish","type":"page","link":"https:\/\/pb.edu.pl\/pzp\/dzialania\/szkolenia\/wyklad\/","title":{"rendered":"Szkolenie pt. &#8222;Edukacja to gra. Jak w ni\u0105 gra\u0107 \u017ceby wygra\u0107?&#8221;"},"content":{"rendered":"<p><img loading=\"lazy\" decoding=\"async\" class=\"aligncenter wp-image-998 size-full\" src=\"https:\/\/pb.edu.pl\/pzp\/wp-content\/uploads\/sites\/99\/2023\/03\/belka-POWER_pl-kolor.jpg\" alt=\"\" width=\"1871\" height=\"183\" srcset=\"https:\/\/pb.edu.pl\/pzp\/wp-content\/uploads\/sites\/99\/2023\/03\/belka-POWER_pl-kolor.jpg 1871w, https:\/\/pb.edu.pl\/pzp\/wp-content\/uploads\/sites\/99\/2023\/03\/belka-POWER_pl-kolor-300x29.jpg 300w, https:\/\/pb.edu.pl\/pzp\/wp-content\/uploads\/sites\/99\/2023\/03\/belka-POWER_pl-kolor-1024x100.jpg 1024w, https:\/\/pb.edu.pl\/pzp\/wp-content\/uploads\/sites\/99\/2023\/03\/belka-POWER_pl-kolor-768x75.jpg 768w, https:\/\/pb.edu.pl\/pzp\/wp-content\/uploads\/sites\/99\/2023\/03\/belka-POWER_pl-kolor-1536x150.jpg 1536w\" sizes=\"auto, (max-width: 1871px) 100vw, 1871px\" \/><\/p>\n<h2>Serdecznie zapraszamy w dniu <strong>17.05.2023 r. godz. 10:00<\/strong> na szkolenie pt. <strong>&#8222;Edukacja to gra. Jak w ni\u0105 gra\u0107 \u017ceby wygra\u0107?&#8221;<\/strong>, kt\u00f3re poprowadzi prof. U\u015a Marek Kaczmarzyk, biolog, neurodydaktyk, memetyk. Propagator dydaktyki ewolucyjnej, dziedziny zajmuj\u0105cej si\u0119 wyodr\u0119bnieniem, rozpoznaniem i praktycznym wykorzystaniem wp\u0142ywu mechanizm\u00f3w ewolucyjnych na procesy uczenia si\u0119 i nauczania.<\/h2>\n<h3>W trakcie spotkania prof. U\u015a Marek Kaczmarzyk opowie m.in. o:<\/h3>\n<ul>\n<li>Czym jest stres.<\/li>\n<li>Jak stres wp\u0142ywa na pami\u0119\u0107.<\/li>\n<li>Dlaczego tak cz\u0119sto zapominamy o drobiazgach, dlaczego uczniowie tak cz\u0119sto trac\u0105 to czego naucz\u0105 si\u0119 z niema\u0142ym trudem?<\/li>\n<li>Lustra w naszych g\u0142owach czyli dlaczego lubimy pogodnych nauczycieli.<\/li>\n<li>Jakie s\u0105 nieoczekiwane efekty neurorozwoju.<\/li>\n<li>Neuroplastyczno\u015b\u0107 kultury.<\/li>\n<li>Genetyczne pod\u0142o\u017ce ludzkich kompetencji.<\/li>\n<\/ul>\n<p><strong>Czas spotkania:<\/strong> 10:00 &#8211; 14:30<\/p>\n<p><strong>Miejsce spotkania:<\/strong> Aula C Wydzia\u0142 Budownictwa i Nauk o \u015arodowisku<\/p>\n<p>Liczba miejsc jest ograniczona, dlatego te\u017c wymagana jest rejestracja, kt\u00f3ra potrwa do <strong>15.05.2023 r. <\/strong>poprzez poni\u017cszy formularz:<\/p>\n<p>*pola oznaczone gwiazdk\u0105, s\u0105 obowi\u0105zkowe.<\/p>\n<p><strong>Rejestracja zako\u0144czona<\/strong><\/p>\n","protected":false},"excerpt":{"rendered":"<p>Serdecznie zapraszamy w dniu 17.05.2023 r. godz. 10:00 na szkolenie pt. &#8222;Edukacja to gra. Jak<\/p>\n","protected":false},"author":33,"featured_media":0,"parent":830,"menu_order":0,"comment_status":"closed","ping_status":"closed","template":"","meta":{"_acf_changed":false,"ngg_post_thumbnail":0,"footnotes":""},"class_list":["post-1177","page","type-page","status-publish","hentry"],"acf":[],"_links":{"self":[{"href":"https:\/\/pb.edu.pl\/pzp\/wp-json\/wp\/v2\/pages\/1177","targetHints":{"allow":["GET"]}}],"collection":[{"href":"https:\/\/pb.edu.pl\/pzp\/wp-json\/wp\/v2\/pages"}],"about":[{"href":"https:\/\/pb.edu.pl\/pzp\/wp-json\/wp\/v2\/types\/page"}],"author":[{"embeddable":true,"href":"https:\/\/pb.edu.pl\/pzp\/wp-json\/wp\/v2\/users\/33"}],"replies":[{"embeddable":true,"href":"https:\/\/pb.edu.pl\/pzp\/wp-json\/wp\/v2\/comments?post=1177"}],"version-history":[{"count":0,"href":"https:\/\/pb.edu.pl\/pzp\/wp-json\/wp\/v2\/pages\/1177\/revisions"}],"up":[{"embeddable":true,"href":"https:\/\/pb.edu.pl\/pzp\/wp-json\/wp\/v2\/pages\/830"}],"wp:attachment":[{"href":"https:\/\/pb.edu.pl\/pzp\/wp-json\/wp\/v2\/media?parent=1177"}],"curies":[{"name":"wp","href":"https:\/\/api.w.org\/{rel}","templated":true}]}}