{"id":1131,"date":"2023-04-27T13:20:20","date_gmt":"2023-04-27T11:20:20","guid":{"rendered":"https:\/\/pb.edu.pl\/pzp\/?page_id=1131"},"modified":"2023-06-12T08:32:28","modified_gmt":"2023-06-12T06:32:28","slug":"empatycznosc-i-tolerancja-jak-postepowac-z-osobami-zmagajacymi-sie-z-problemami-natury-psychicznej-co-moze-pomoc-w-kontakcie-oraz-dostepne-formy-wsparcia-dla-osob-w-kryzysie","status":"publish","type":"page","link":"https:\/\/pb.edu.pl\/pzp\/dzialania\/szkolenia\/szkolenia-pracownikow\/szkolenia-nna\/empatycznosc-i-tolerancja-jak-postepowac-z-osobami-zmagajacymi-sie-z-problemami-natury-psychicznej-co-moze-pomoc-w-kontakcie-oraz-dostepne-formy-wsparcia-dla-osob-w-kryzysie\/","title":{"rendered":"Empatyczno\u015b\u0107 i tolerancja \u2013 jak post\u0119powa\u0107 z osobami zmagaj\u0105cymi si\u0119 z problemami natury psychicznej. Co mo\u017ce pom\u00f3c w kontakcie oraz dost\u0119pne formy wsparcia dla os\u00f3b w kryzysie."},"content":{"rendered":"<p><img loading=\"lazy\" decoding=\"async\" class=\"aligncenter wp-image-998 size-full\" src=\"https:\/\/pb.edu.pl\/pzp\/wp-content\/uploads\/sites\/99\/2023\/03\/belka-POWER_pl-kolor.jpg\" alt=\"\" width=\"1871\" height=\"183\" srcset=\"https:\/\/pb.edu.pl\/pzp\/wp-content\/uploads\/sites\/99\/2023\/03\/belka-POWER_pl-kolor.jpg 1871w, https:\/\/pb.edu.pl\/pzp\/wp-content\/uploads\/sites\/99\/2023\/03\/belka-POWER_pl-kolor-300x29.jpg 300w, https:\/\/pb.edu.pl\/pzp\/wp-content\/uploads\/sites\/99\/2023\/03\/belka-POWER_pl-kolor-1024x100.jpg 1024w, https:\/\/pb.edu.pl\/pzp\/wp-content\/uploads\/sites\/99\/2023\/03\/belka-POWER_pl-kolor-768x75.jpg 768w, https:\/\/pb.edu.pl\/pzp\/wp-content\/uploads\/sites\/99\/2023\/03\/belka-POWER_pl-kolor-1536x150.jpg 1536w\" sizes=\"auto, (max-width: 1871px) 100vw, 1871px\" \/><\/p>\n<h2>Rejestracja na szkolenie skierowane do pracownik\u00f3w nieb\u0119d\u0105cych nauczycielami akademickimi.<\/h2>\n<p><strong>Grupa docelowa:<\/strong> pracownicy nieb\u0119d\u0105cy nauczycielami Politechniki Bia\u0142ostockiej<\/p>\n<p><strong>Liczba os\u00f3b w grupie:<\/strong>&nbsp;ok. 20<\/p>\n<p><strong>Liczba godzin:<\/strong>&nbsp;8h<\/p>\n<p><strong>Zagadnienia poruszane w trakcie szkolenia:<\/strong><\/p>\n<ul>\n<li>Kontinuum zdrowia psychicznego- zdrowie, a choroba.<\/li>\n<li>Podniesienie \u015bwiadomo\u015bci na temat zdrowia psychicznego &#8211; stereotypy i mity na temat zdrowia psychicznego.<\/li>\n<li>Podstawowa charakterystyka wybranych zaburze\u0144, trudno\u015bci w zdrowiu psychicznym.<\/li>\n<li>Udzielanie wskaz\u00f3wek odno\u015bnie wspierania kogo\u015b, kto ma problem ze zdrowiem psychicznym.<\/li>\n<li>Przydatne pytania do otwarcia rozmowy i techniki aktywnego s\u0142uchania.<\/li>\n<li>Jak prowadzi\u0107 bezpieczne i wspieraj\u0105ce rozmowy- komunikacja z osobami z wybranymi zaburzeniami.<\/li>\n<li>Sposoby na zadbanie o siebie, wspieraj\u0105c kogo\u015b, kto ma problem ze zdrowiem psychicznym.<\/li>\n<\/ul>\n<p><strong>Termin i miejsce szkolenia:<\/strong><\/p>\n<ul>\n<li>12.06.2023 r., godz. 8:30-15:00, WM-107 &#8211; sala Rady Wydzia\u0142u Mechanicznego<\/li>\n<\/ul>\n<p>Osoby, kt\u00f3re nie bra\u0142y jeszcze udzia\u0142u w szkoleniach w ramach projektu PB Dost\u0119pna, prosz\u0119 zapozna\u0107 si\u0119 z Regulaminem projektu (<a class=\"pdf\" href=\"https:\/\/pb.edu.pl\/pbdostepna\/wp-content\/uploads\/sites\/46\/2020\/06\/Regulamin-uczestnictwa-w-projekcie-PB-Dost%C4%99pna.pdf\">Regulamin uczestnictwa w projekcie PB Dost\u0119pna (PDF, wersja dost\u0119pna cyfrowo, 715 KB)<\/a>) oraz przed rozpocz\u0119ciem zaj\u0119\u0107 dostarczy\u0107 do Biura ds. Os\u00f3b z Niepe\u0142nosprawno\u015bciami (pok. 39C budynek Rektoratu) wype\u0142niony formularz uczestnika \u2013&nbsp;<a class=\"pdf\" href=\"https:\/\/pb.edu.pl\/pbdostepna\/wp-content\/uploads\/sites\/46\/2021\/12\/Formularz-uczestnictwa-PB-Dostepna.pdf\">Za\u0142\u0105cznik nr 2 do Regulaminu uczestnictwa w projekcie PB Dost\u0119pna (PDF, 483 KB)<\/a>.<\/p>\n<p><strong>Rekrutacja odbywa\u0107 si\u0119 b\u0119dzie do 07.06.2023 r. poprzez poni\u017cszy formularz, decyduje kolejno\u015b\u0107 zg\u0142osze\u0144:<\/strong><\/p>\n<p>*pola oznaczone gwiazdk\u0105, s\u0105 obowi\u0105zkowe.<\/p>\n<p><strong>Rekrutacja zako\u0144czona<\/strong><\/p>\n","protected":false},"excerpt":{"rendered":"<p>Rejestracja na szkolenie skierowane do pracownik\u00f3w nieb\u0119d\u0105cych nauczycielami akademickimi. Grupa docelowa: pracownicy nieb\u0119d\u0105cy nauczycielami Politechniki<\/p>\n","protected":false},"author":33,"featured_media":0,"parent":1048,"menu_order":0,"comment_status":"closed","ping_status":"closed","template":"","meta":{"_acf_changed":false,"ngg_post_thumbnail":0,"footnotes":""},"class_list":["post-1131","page","type-page","status-publish","hentry"],"acf":[],"_links":{"self":[{"href":"https:\/\/pb.edu.pl\/pzp\/wp-json\/wp\/v2\/pages\/1131","targetHints":{"allow":["GET"]}}],"collection":[{"href":"https:\/\/pb.edu.pl\/pzp\/wp-json\/wp\/v2\/pages"}],"about":[{"href":"https:\/\/pb.edu.pl\/pzp\/wp-json\/wp\/v2\/types\/page"}],"author":[{"embeddable":true,"href":"https:\/\/pb.edu.pl\/pzp\/wp-json\/wp\/v2\/users\/33"}],"replies":[{"embeddable":true,"href":"https:\/\/pb.edu.pl\/pzp\/wp-json\/wp\/v2\/comments?post=1131"}],"version-history":[{"count":0,"href":"https:\/\/pb.edu.pl\/pzp\/wp-json\/wp\/v2\/pages\/1131\/revisions"}],"up":[{"embeddable":true,"href":"https:\/\/pb.edu.pl\/pzp\/wp-json\/wp\/v2\/pages\/1048"}],"wp:attachment":[{"href":"https:\/\/pb.edu.pl\/pzp\/wp-json\/wp\/v2\/media?parent=1131"}],"curies":[{"name":"wp","href":"https:\/\/api.w.org\/{rel}","templated":true}]}}