{"id":1064,"date":"2023-04-24T23:13:14","date_gmt":"2023-04-24T21:13:14","guid":{"rendered":"https:\/\/pb.edu.pl\/pzp\/?page_id=1064"},"modified":"2023-04-24T23:13:14","modified_gmt":"2023-04-24T21:13:14","slug":"aktualnosci","status":"publish","type":"page","link":"https:\/\/pb.edu.pl\/pzp\/aktualnosci\/","title":{"rendered":"Aktualno\u015bci"},"content":{"rendered":"\t\t<div class=\"box news-box \">\n\t\t<div class=\"row\">\n\t\t\t\n\t\t\t\n\t\t\t\t\n\t\t\t\t\t\t\t\t\t\t<div class=\"col-sm-3\">\n\t\t\t\t\t\t\t\n<article class=\"format-standard\">\n    <span class=\"date text-right\"><i class=\"fal fa-calendar-alt\"><\/i> 01-04-2026<\/span>\n    <a href=\"https:\/\/pb.edu.pl\/pzp\/bezplatne-warsztaty-o-zdrowiu-psychicznym-dla-studentow-i-pracownikow\/\">\n      <div class=\"article-image\">\n        <img loading=\"lazy\" decoding=\"async\" width=\"480\" height=\"300\" src=\"https:\/\/pb.edu.pl\/pzp\/wp-content\/uploads\/sites\/99\/2026\/04\/2026-03-pzp-warsztaty-www-480x300.jpg\" class=\"attachment-medium-image-16x10 size-medium-image-16x10 wp-post-image\" alt=\"\" srcset=\"https:\/\/pb.edu.pl\/pzp\/wp-content\/uploads\/sites\/99\/2026\/04\/2026-03-pzp-warsztaty-www-480x300.jpg 480w, https:\/\/pb.edu.pl\/pzp\/wp-content\/uploads\/sites\/99\/2026\/04\/2026-03-pzp-warsztaty-www-300x188.jpg 300w, https:\/\/pb.edu.pl\/pzp\/wp-content\/uploads\/sites\/99\/2026\/04\/2026-03-pzp-warsztaty-www-1024x640.jpg 1024w, https:\/\/pb.edu.pl\/pzp\/wp-content\/uploads\/sites\/99\/2026\/04\/2026-03-pzp-warsztaty-www-768x480.jpg 768w, https:\/\/pb.edu.pl\/pzp\/wp-content\/uploads\/sites\/99\/2026\/04\/2026-03-pzp-warsztaty-www-1536x960.jpg 1536w, https:\/\/pb.edu.pl\/pzp\/wp-content\/uploads\/sites\/99\/2026\/04\/2026-03-pzp-warsztaty-www-2048x1280.jpg 2048w\" sizes=\"auto, (max-width: 480px) 100vw, 480px\" \/>      <\/div>\n      <h3>Bezp\u0142atne warsztaty o zdrowiu psychicznym. Dla Student\u00f3w i Pracownik\u00f3w<\/h3>\n      Nie zwlekaj z rejestracj\u0105! Wybierz temat i termin    <\/a>\n<\/article>\t\t\t\t\t\t<\/div>\n\t\t\t\t\t\t\t\t\t\t\t<div class=\"col-sm-3\">\n\t\t\t\t\t\t\t\n<article class=\"format-standard\">\n    <span class=\"date text-right\"><i class=\"fal fa-calendar-alt\"><\/i> 30-03-2026<\/span>\n    <a href=\"https:\/\/pb.edu.pl\/pzp\/wspolczesna-definicja-meskosci-mateusz-banaszkiewicz-w-politechnice-bialostockiej\/\">\n      <div class=\"article-image\">\n        <img loading=\"lazy\" decoding=\"async\" width=\"480\" height=\"300\" src=\"https:\/\/pb.edu.pl\/pzp\/wp-content\/uploads\/sites\/99\/2026\/03\/2026-03-27-Mateusz-Banaszkiewicz-fot-Jerzy-Doroszkiewicz-PB-2-480x300.jpg\" class=\"attachment-medium-image-16x10 size-medium-image-16x10 wp-post-image\" alt=\"\" \/>      <\/div>\n      <h3>Wsp\u00f3\u0142czesna definicja m\u0119sko\u015bci. Mateusz Banaszkiewicz w Politechnice Bia\u0142ostockiej<\/h3>\n      Mateusz Banaszkiewicz zach\u0119ca\u0142 nas, by na nowo zdefiniowa\u0107 poj\u0119cie m\u0119sko\u015bci    <\/a>\n<\/article>\t\t\t\t\t\t<\/div>\n\t\t\t\t\t\t\t\t\t\t\t<div class=\"col-sm-3\">\n\t\t\t\t\t\t\t\n<article class=\"format-standard\">\n    <span class=\"date text-right\"><i class=\"fal fa-calendar-alt\"><\/i> 05-03-2026<\/span>\n    <a href=\"https:\/\/pb.edu.pl\/pzp\/politechnika-bialostocka-partnerem-kampanii-spolecznej-zolta-kanapa-2026\/\">\n      <div class=\"article-image\">\n        <img loading=\"lazy\" decoding=\"async\" width=\"480\" height=\"300\" src=\"https:\/\/pb.edu.pl\/pzp\/wp-content\/uploads\/sites\/99\/2026\/03\/2026-03-03-Zolta-Kanapa-konferencja-6-480x300.jpg\" class=\"attachment-medium-image-16x10 size-medium-image-16x10 wp-post-image\" alt=\"\" srcset=\"https:\/\/pb.edu.pl\/pzp\/wp-content\/uploads\/sites\/99\/2026\/03\/2026-03-03-Zolta-Kanapa-konferencja-6-480x300.jpg 480w, https:\/\/pb.edu.pl\/pzp\/wp-content\/uploads\/sites\/99\/2026\/03\/2026-03-03-Zolta-Kanapa-konferencja-6-300x188.jpg 300w, https:\/\/pb.edu.pl\/pzp\/wp-content\/uploads\/sites\/99\/2026\/03\/2026-03-03-Zolta-Kanapa-konferencja-6-1024x640.jpg 1024w, https:\/\/pb.edu.pl\/pzp\/wp-content\/uploads\/sites\/99\/2026\/03\/2026-03-03-Zolta-Kanapa-konferencja-6-768x480.jpg 768w, https:\/\/pb.edu.pl\/pzp\/wp-content\/uploads\/sites\/99\/2026\/03\/2026-03-03-Zolta-Kanapa-konferencja-6-1536x960.jpg 1536w, https:\/\/pb.edu.pl\/pzp\/wp-content\/uploads\/sites\/99\/2026\/03\/2026-03-03-Zolta-Kanapa-konferencja-6-2048x1280.jpg 2048w\" sizes=\"auto, (max-width: 480px) 100vw, 480px\" \/>      <\/div>\n      <h3>Politechnika Bia\u0142ostocka partnerem kampanii spo\u0142ecznej \u017b\u00f3\u0142ta Kanapa 2026<\/h3>\n      Wsp\u00f3lnie z Miastem Bia\u0142ystok, uczelniami i ekspertami tworzymy front walki ze    <\/a>\n<\/article>\t\t\t\t\t\t<\/div>\n\t\t\t\t\t\t\t\t\t\t\t<div class=\"col-sm-3\">\n\t\t\t\t\t\t\t\n<article class=\"format-standard\">\n    <span class=\"date text-right\"><i class=\"fal fa-calendar-alt\"><\/i> 04-03-2026<\/span>\n    <a href=\"https:\/\/pb.edu.pl\/pzp\/ambasadorowie-zycia-w-trzezwosci\/\">\n      <div class=\"article-image\">\n        <img loading=\"lazy\" decoding=\"async\" width=\"480\" height=\"300\" src=\"https:\/\/pb.edu.pl\/pzp\/wp-content\/uploads\/sites\/99\/2026\/03\/2026-02-27-wyklad-etanol-czyli-pomiedzy-przyjemnoscia-a-cierpieniem-fot-Aleksandra-Kaminska-PB-3-480x300.jpg\" class=\"attachment-medium-image-16x10 size-medium-image-16x10 wp-post-image\" alt=\"\" srcset=\"https:\/\/pb.edu.pl\/pzp\/wp-content\/uploads\/sites\/99\/2026\/03\/2026-02-27-wyklad-etanol-czyli-pomiedzy-przyjemnoscia-a-cierpieniem-fot-Aleksandra-Kaminska-PB-3-480x300.jpg 480w, https:\/\/pb.edu.pl\/pzp\/wp-content\/uploads\/sites\/99\/2026\/03\/2026-02-27-wyklad-etanol-czyli-pomiedzy-przyjemnoscia-a-cierpieniem-fot-Aleksandra-Kaminska-PB-3-300x188.jpg 300w, https:\/\/pb.edu.pl\/pzp\/wp-content\/uploads\/sites\/99\/2026\/03\/2026-02-27-wyklad-etanol-czyli-pomiedzy-przyjemnoscia-a-cierpieniem-fot-Aleksandra-Kaminska-PB-3-1024x640.jpg 1024w, https:\/\/pb.edu.pl\/pzp\/wp-content\/uploads\/sites\/99\/2026\/03\/2026-02-27-wyklad-etanol-czyli-pomiedzy-przyjemnoscia-a-cierpieniem-fot-Aleksandra-Kaminska-PB-3-768x480.jpg 768w, https:\/\/pb.edu.pl\/pzp\/wp-content\/uploads\/sites\/99\/2026\/03\/2026-02-27-wyklad-etanol-czyli-pomiedzy-przyjemnoscia-a-cierpieniem-fot-Aleksandra-Kaminska-PB-3-1536x960.jpg 1536w, https:\/\/pb.edu.pl\/pzp\/wp-content\/uploads\/sites\/99\/2026\/03\/2026-02-27-wyklad-etanol-czyli-pomiedzy-przyjemnoscia-a-cierpieniem-fot-Aleksandra-Kaminska-PB-3-2048x1280.jpg 2048w\" sizes=\"auto, (max-width: 480px) 100vw, 480px\" \/>      <\/div>\n      <h3>Ambasadorowie \u017cycia w trze\u017awo\u015bci<\/h3>\n      Relacja z wyk\u0142adu Etanol, czyli pomi\u0119dzy przyjemno\u015bci\u0105 a cierpieniem    <\/a>\n<\/article>\t\t\t\t\t\t<\/div>\n\t\t\t\t\t\t\t\t\t\t\t<div class=\"col-sm-3\">\n\t\t\t\t\t\t\t\n<article class=\"format-standard\">\n    <span class=\"date text-right\"><i class=\"fal fa-calendar-alt\"><\/i> 26-01-2026<\/span>\n    <a href=\"https:\/\/pb.edu.pl\/pzp\/gdzie-szukac-szczescia-relacja-z-wykladu-dr-hab-inz-piotra-michonia\/\">\n      <div class=\"article-image\">\n        <img loading=\"lazy\" decoding=\"async\" width=\"480\" height=\"300\" src=\"https:\/\/pb.edu.pl\/pzp\/wp-content\/uploads\/sites\/99\/2026\/01\/2026-01-23-Wyklad-PZP-o-Szczesciu-ktorego-szukamy-tam-gdzie-go-nie-ma-PZP-Dostepna-PB-fot-Iryna-Mikhno-PB-53-480x300.jpg\" class=\"attachment-medium-image-16x10 size-medium-image-16x10 wp-post-image\" alt=\"\" srcset=\"https:\/\/pb.edu.pl\/pzp\/wp-content\/uploads\/sites\/99\/2026\/01\/2026-01-23-Wyklad-PZP-o-Szczesciu-ktorego-szukamy-tam-gdzie-go-nie-ma-PZP-Dostepna-PB-fot-Iryna-Mikhno-PB-53-480x300.jpg 480w, https:\/\/pb.edu.pl\/pzp\/wp-content\/uploads\/sites\/99\/2026\/01\/2026-01-23-Wyklad-PZP-o-Szczesciu-ktorego-szukamy-tam-gdzie-go-nie-ma-PZP-Dostepna-PB-fot-Iryna-Mikhno-PB-53-300x188.jpg 300w, https:\/\/pb.edu.pl\/pzp\/wp-content\/uploads\/sites\/99\/2026\/01\/2026-01-23-Wyklad-PZP-o-Szczesciu-ktorego-szukamy-tam-gdzie-go-nie-ma-PZP-Dostepna-PB-fot-Iryna-Mikhno-PB-53-1024x640.jpg 1024w, https:\/\/pb.edu.pl\/pzp\/wp-content\/uploads\/sites\/99\/2026\/01\/2026-01-23-Wyklad-PZP-o-Szczesciu-ktorego-szukamy-tam-gdzie-go-nie-ma-PZP-Dostepna-PB-fot-Iryna-Mikhno-PB-53-768x480.jpg 768w, https:\/\/pb.edu.pl\/pzp\/wp-content\/uploads\/sites\/99\/2026\/01\/2026-01-23-Wyklad-PZP-o-Szczesciu-ktorego-szukamy-tam-gdzie-go-nie-ma-PZP-Dostepna-PB-fot-Iryna-Mikhno-PB-53-1536x960.jpg 1536w, https:\/\/pb.edu.pl\/pzp\/wp-content\/uploads\/sites\/99\/2026\/01\/2026-01-23-Wyklad-PZP-o-Szczesciu-ktorego-szukamy-tam-gdzie-go-nie-ma-PZP-Dostepna-PB-fot-Iryna-Mikhno-PB-53-2048x1280.jpg 2048w\" sizes=\"auto, (max-width: 480px) 100vw, 480px\" \/>      <\/div>\n      <h3>Gdzie szuka\u0107 szcz\u0119\u015bcia?<\/h3>\n      Nasze prze\u017cycia i odczucia to pochodna sposobu my\u015blenia    <\/a>\n<\/article>\t\t\t\t\t\t<\/div>\n\t\t\t\t\t\t\t\t\t\t\t<div class=\"col-sm-3\">\n\t\t\t\t\t\t\t\n<article class=\"format-standard\">\n    <span class=\"date text-right\"><i class=\"fal fa-calendar-alt\"><\/i> 12-01-2026<\/span>\n    <a href=\"https:\/\/pb.edu.pl\/pzp\/wyklad-o-szczesciu-ktorego-szukamy-tam-gdzie-go-nie-ma\/\">\n      <div class=\"article-image\">\n        <img loading=\"lazy\" decoding=\"async\" width=\"480\" height=\"300\" src=\"https:\/\/pb.edu.pl\/pzp\/wp-content\/uploads\/sites\/99\/2026\/01\/2026-01-piotr-michon-www-480x300.jpg\" class=\"attachment-medium-image-16x10 size-medium-image-16x10 wp-post-image\" alt=\"\" srcset=\"https:\/\/pb.edu.pl\/pzp\/wp-content\/uploads\/sites\/99\/2026\/01\/2026-01-piotr-michon-www-480x300.jpg 480w, https:\/\/pb.edu.pl\/pzp\/wp-content\/uploads\/sites\/99\/2026\/01\/2026-01-piotr-michon-www-300x188.jpg 300w, https:\/\/pb.edu.pl\/pzp\/wp-content\/uploads\/sites\/99\/2026\/01\/2026-01-piotr-michon-www-1024x640.jpg 1024w, https:\/\/pb.edu.pl\/pzp\/wp-content\/uploads\/sites\/99\/2026\/01\/2026-01-piotr-michon-www-768x480.jpg 768w, https:\/\/pb.edu.pl\/pzp\/wp-content\/uploads\/sites\/99\/2026\/01\/2026-01-piotr-michon-www-1536x960.jpg 1536w, https:\/\/pb.edu.pl\/pzp\/wp-content\/uploads\/sites\/99\/2026\/01\/2026-01-piotr-michon-www-2048x1280.jpg 2048w\" sizes=\"auto, (max-width: 480px) 100vw, 480px\" \/>      <\/div>\n      <h3>Wyk\u0142ad: o szcz\u0119\u015bciu, kt\u00f3rego szukamy tam, gdzie go nie ma<\/h3>\n      Spotkanie 23 stycznia o 12:15 w auli 447 na Wydziale Mechanicznym    <\/a>\n<\/article>\t\t\t\t\t\t<\/div>\n\t\t\t\t\t\t\t\t\t\t\t<div class=\"col-sm-3\">\n\t\t\t\t\t\t\t\n<article class=\"format-standard\">\n    <span class=\"date text-right\"><i class=\"fal fa-calendar-alt\"><\/i> 10-12-2025<\/span>\n    <a href=\"https:\/\/pb.edu.pl\/pzp\/czy-grozi-nam-epidemia-samotnosci-wyklad-o-roli-relacji-spolecznych\/\">\n      <div class=\"article-image\">\n        <img loading=\"lazy\" decoding=\"async\" width=\"480\" height=\"300\" src=\"https:\/\/pb.edu.pl\/pzp\/wp-content\/uploads\/sites\/99\/2025\/12\/2025-12-09-wyklad-epidemia-samotnosci-W.Kulesza-fot-Kinga-Jatkowska-Lukaszuk-480x300.jpg\" class=\"attachment-medium-image-16x10 size-medium-image-16x10 wp-post-image\" alt=\"\" \/>      <\/div>\n      <h3>Czy grozi nam epidemia samotno\u015bci? &#8211; wyk\u0142ad o roli relacji spo\u0142ecznych<\/h3>\n      Poprowadzi\u0142 go prof. Wojciech Kulesza z Uniwersytetu SWPS     <\/a>\n<\/article>\t\t\t\t\t\t<\/div>\n\t\t\t\t\t\t\t\t\t\t\t<div class=\"col-sm-3\">\n\t\t\t\t\t\t\t\n<article class=\"format-standard\">\n    <span class=\"date text-right\"><i class=\"fal fa-calendar-alt\"><\/i> 01-12-2025<\/span>\n    <a href=\"https:\/\/pb.edu.pl\/pzp\/neuroroznorodnosc-to-naturalne-spektrum-roznic-miedzy-ludzmi\/\">\n      <div class=\"article-image\">\n        <img loading=\"lazy\" decoding=\"async\" width=\"480\" height=\"300\" src=\"https:\/\/pb.edu.pl\/pzp\/wp-content\/uploads\/sites\/99\/2025\/12\/2025-11-28-neuroroznorodnosc-wyklad-fot-Jerzy-Doroszkiewicz-PB-10-480x300.jpg\" class=\"attachment-medium-image-16x10 size-medium-image-16x10 wp-post-image\" alt=\"\" \/>      <\/div>\n      <h3>Neuror\u00f3\u017cnorodno\u015b\u0107 to naturalne spektrum r\u00f3\u017cnic mi\u0119dzy lud\u017ami<\/h3>\n      Wyk\u0142ad odby\u0142 si\u0119 28 listopada 2025 r. w ramach profilaktyki zdrowia    <\/a>\n<\/article>\t\t\t\t\t\t<\/div>\n\t\t\t\t\t\t\t\t\t\t\t<div class=\"col-sm-3\">\n\t\t\t\t\t\t\t\n<article class=\"format-standard\">\n    <span class=\"date text-right\"><i class=\"fal fa-calendar-alt\"><\/i> 29-10-2025<\/span>\n    <a href=\"https:\/\/pb.edu.pl\/pzp\/podroz-do-zdrowia-zaczyna-sie-od-jednego-malego-kroku-zrob-go-dzis\/\">\n      <div class=\"article-image\">\n        <img loading=\"lazy\" decoding=\"async\" width=\"480\" height=\"300\" src=\"https:\/\/pb.edu.pl\/pzp\/wp-content\/uploads\/sites\/99\/2025\/10\/2025-10-28-wyklad-Rola-aktywnosci-fizycznej-w-dlugowiecznosci-fot-Iryna-Mikhno-PB-11-480x300.jpg\" class=\"attachment-medium-image-16x10 size-medium-image-16x10 wp-post-image\" alt=\"\" srcset=\"https:\/\/pb.edu.pl\/pzp\/wp-content\/uploads\/sites\/99\/2025\/10\/2025-10-28-wyklad-Rola-aktywnosci-fizycznej-w-dlugowiecznosci-fot-Iryna-Mikhno-PB-11-480x300.jpg 480w, https:\/\/pb.edu.pl\/pzp\/wp-content\/uploads\/sites\/99\/2025\/10\/2025-10-28-wyklad-Rola-aktywnosci-fizycznej-w-dlugowiecznosci-fot-Iryna-Mikhno-PB-11-300x188.jpg 300w, https:\/\/pb.edu.pl\/pzp\/wp-content\/uploads\/sites\/99\/2025\/10\/2025-10-28-wyklad-Rola-aktywnosci-fizycznej-w-dlugowiecznosci-fot-Iryna-Mikhno-PB-11-1024x640.jpg 1024w, https:\/\/pb.edu.pl\/pzp\/wp-content\/uploads\/sites\/99\/2025\/10\/2025-10-28-wyklad-Rola-aktywnosci-fizycznej-w-dlugowiecznosci-fot-Iryna-Mikhno-PB-11-768x480.jpg 768w, https:\/\/pb.edu.pl\/pzp\/wp-content\/uploads\/sites\/99\/2025\/10\/2025-10-28-wyklad-Rola-aktywnosci-fizycznej-w-dlugowiecznosci-fot-Iryna-Mikhno-PB-11-1536x960.jpg 1536w, https:\/\/pb.edu.pl\/pzp\/wp-content\/uploads\/sites\/99\/2025\/10\/2025-10-28-wyklad-Rola-aktywnosci-fizycznej-w-dlugowiecznosci-fot-Iryna-Mikhno-PB-11-2048x1280.jpg 2048w\" sizes=\"auto, (max-width: 480px) 100vw, 480px\" \/>      <\/div>\n      <h3>Podr\u00f3\u017c do zdrowia zaczyna si\u0119 od jednego ma\u0142ego kroku \u2013 zr\u00f3b go dzi\u015b!<\/h3>\n      Relacja z wyk\u0142adu prof. Marka Postu\u0142y    <\/a>\n<\/article>\t\t\t\t\t\t<\/div>\n\t\t\t\t\t\t\t\t\t\t\t<div class=\"col-sm-3\">\n\t\t\t\t\t\t\t\n<article class=\"format-standard\">\n    <span class=\"date text-right\"><i class=\"fal fa-calendar-alt\"><\/i> 14-10-2025<\/span>\n    <a href=\"https:\/\/pb.edu.pl\/pzp\/zdrowie-psychiczne-to-obowiazek-jak-o-nie-dbac-dr-joanna-gutral-w-swiatowy-dzien-zdrowia-psychicznego\/\">\n      <div class=\"article-image\">\n        <img loading=\"lazy\" decoding=\"async\" width=\"480\" height=\"300\" src=\"https:\/\/pb.edu.pl\/pzp\/wp-content\/uploads\/sites\/99\/2025\/10\/2025-10-10-Profilaktyka-zdrowia-psychicznego-fot-Dariusz-Piekut-PB-2-480x300.jpg\" class=\"attachment-medium-image-16x10 size-medium-image-16x10 wp-post-image\" alt=\"\" srcset=\"https:\/\/pb.edu.pl\/pzp\/wp-content\/uploads\/sites\/99\/2025\/10\/2025-10-10-Profilaktyka-zdrowia-psychicznego-fot-Dariusz-Piekut-PB-2-480x300.jpg 480w, https:\/\/pb.edu.pl\/pzp\/wp-content\/uploads\/sites\/99\/2025\/10\/2025-10-10-Profilaktyka-zdrowia-psychicznego-fot-Dariusz-Piekut-PB-2-300x188.jpg 300w, https:\/\/pb.edu.pl\/pzp\/wp-content\/uploads\/sites\/99\/2025\/10\/2025-10-10-Profilaktyka-zdrowia-psychicznego-fot-Dariusz-Piekut-PB-2-1024x640.jpg 1024w, https:\/\/pb.edu.pl\/pzp\/wp-content\/uploads\/sites\/99\/2025\/10\/2025-10-10-Profilaktyka-zdrowia-psychicznego-fot-Dariusz-Piekut-PB-2-768x480.jpg 768w, https:\/\/pb.edu.pl\/pzp\/wp-content\/uploads\/sites\/99\/2025\/10\/2025-10-10-Profilaktyka-zdrowia-psychicznego-fot-Dariusz-Piekut-PB-2-1536x960.jpg 1536w, https:\/\/pb.edu.pl\/pzp\/wp-content\/uploads\/sites\/99\/2025\/10\/2025-10-10-Profilaktyka-zdrowia-psychicznego-fot-Dariusz-Piekut-PB-2-2048x1280.jpg 2048w\" sizes=\"auto, (max-width: 480px) 100vw, 480px\" \/>      <\/div>\n      <h3>Dr Joanna Gutral w \u015awiatowy Dzie\u0144 Zdrowia Psychicznego <\/h3>\n      Dr Joanna Gutral w \u015awiatowy Dzie\u0144 Zdrowia Psychicznego     <\/a>\n<\/article>\t\t\t\t\t\t<\/div>\n\t\t\t\t\t\n\t\t\t\t\n\t\t\t\t\t<\/div>\n\t\t\n\t<nav class=\"navigation pagination\" aria-label=\"Stronicowanie wpis\u00f3w\">\n\t\t<h2 class=\"screen-reader-text\">Stronicowanie wpis\u00f3w<\/h2>\n\t\t<div class=\"nav-links\"><span aria-current=\"page\" class=\"page-numbers current\">1<\/span>\n<a class=\"page-numbers\" href=\"https:\/\/pb.edu.pl\/pzp\/wp-json\/wp\/v2\/pages\/1064\/page\/2\/\">2<\/a>\n<a class=\"page-numbers\" href=\"https:\/\/pb.edu.pl\/pzp\/wp-json\/wp\/v2\/pages\/1064\/page\/3\/\">3<\/a>\n<span class=\"page-numbers dots\">&hellip;<\/span>\n<a class=\"page-numbers\" href=\"https:\/\/pb.edu.pl\/pzp\/wp-json\/wp\/v2\/pages\/1064\/page\/5\/\">5<\/a>\n<a class=\"next page-numbers\" href=\"https:\/\/pb.edu.pl\/pzp\/wp-json\/wp\/v2\/pages\/1064\/page\/2\/\">Nast\u0119pne<\/a><\/div>\n\t<\/nav>\t\t\t<\/div>\n\n","protected":false},"excerpt":{"rendered":"","protected":false},"author":2,"featured_media":0,"parent":0,"menu_order":0,"comment_status":"closed","ping_status":"closed","template":"","meta":{"_acf_changed":false,"ngg_post_thumbnail":0,"footnotes":""},"class_list":["post-1064","page","type-page","status-publish","hentry"],"acf":[],"_links":{"self":[{"href":"https:\/\/pb.edu.pl\/pzp\/wp-json\/wp\/v2\/pages\/1064","targetHints":{"allow":["GET"]}}],"collection":[{"href":"https:\/\/pb.edu.pl\/pzp\/wp-json\/wp\/v2\/pages"}],"about":[{"href":"https:\/\/pb.edu.pl\/pzp\/wp-json\/wp\/v2\/types\/page"}],"author":[{"embeddable":true,"href":"https:\/\/pb.edu.pl\/pzp\/wp-json\/wp\/v2\/users\/2"}],"replies":[{"embeddable":true,"href":"https:\/\/pb.edu.pl\/pzp\/wp-json\/wp\/v2\/comments?post=1064"}],"version-history":[{"count":0,"href":"https:\/\/pb.edu.pl\/pzp\/wp-json\/wp\/v2\/pages\/1064\/revisions"}],"wp:attachment":[{"href":"https:\/\/pb.edu.pl\/pzp\/wp-json\/wp\/v2\/media?parent=1064"}],"curies":[{"name":"wp","href":"https:\/\/api.w.org\/{rel}","templated":true}]}}