{"id":1046,"date":"2023-04-24T19:47:59","date_gmt":"2023-04-24T17:47:59","guid":{"rendered":"https:\/\/pb.edu.pl\/pzp\/?page_id=1046"},"modified":"2023-04-27T13:51:28","modified_gmt":"2023-04-27T11:51:28","slug":"szkolenia-na","status":"publish","type":"page","link":"https:\/\/pb.edu.pl\/pzp\/dzialania\/szkolenia\/szkolenia-pracownikow\/szkolenia-na\/","title":{"rendered":"Szkolenia nauczycieli akademickich"},"content":{"rendered":"<p><img loading=\"lazy\" decoding=\"async\" class=\"aligncenter size-large wp-image-998\" src=\"https:\/\/pb.edu.pl\/pzp\/wp-content\/uploads\/sites\/99\/2023\/03\/belka-POWER_pl-kolor-1024x100.jpg\" alt=\"\" width=\"1024\" height=\"100\" srcset=\"https:\/\/pb.edu.pl\/pzp\/wp-content\/uploads\/sites\/99\/2023\/03\/belka-POWER_pl-kolor-1024x100.jpg 1024w, https:\/\/pb.edu.pl\/pzp\/wp-content\/uploads\/sites\/99\/2023\/03\/belka-POWER_pl-kolor-300x29.jpg 300w, https:\/\/pb.edu.pl\/pzp\/wp-content\/uploads\/sites\/99\/2023\/03\/belka-POWER_pl-kolor-768x75.jpg 768w, https:\/\/pb.edu.pl\/pzp\/wp-content\/uploads\/sites\/99\/2023\/03\/belka-POWER_pl-kolor-1536x150.jpg 1536w, https:\/\/pb.edu.pl\/pzp\/wp-content\/uploads\/sites\/99\/2023\/03\/belka-POWER_pl-kolor.jpg 1871w\" sizes=\"auto, (max-width: 1024px) 100vw, 1024px\" \/><\/p>\n<h2>Rejestracja na szkolenia nauczycieli akademickich w ramach Profilaktyki Zdrowia Psychicznego<\/h2>\n<ol>\n<li><a href=\"https:\/\/pb.edu.pl\/pzp\/dzialania\/szkolenia\/szkolenia-pracownikow\/szkolenia-na\/empatycznosc-i-tolerancja-jak-postepowac-z-osobami-zmagajacymi-sie-z-problemami-natury-psychicznej-co-moze-pomoc-w-kontakcie-oraz-dostepne-formy-wsparcia-dla-osob-w-kryzysie\/\">Empatyczno\u015b\u0107 i tolerancja &#8211; jak post\u0119powa\u0107 z osobami zmagaj\u0105cymi si\u0119 z problemami natury psychicznej. Co mo\u017ce pom\u00f3c w kontakcie oraz dost\u0119pne formy wsparcia dla os\u00f3b w kryzysie.<\/a><\/li>\n<li><a href=\"https:\/\/pb.edu.pl\/pzp\/dzialania\/szkolenia\/szkolenia-pracownikow\/szkolenia-na\/jak-radzic-sobie-ze-stresem\/\">Jak radzi\u0107 sobie ze stresem.<\/a><\/li>\n<li><a href=\"https:\/\/pb.edu.pl\/pzp\/dzialania\/szkolenia\/szkolenia-pracownikow\/szkolenia-na\/jak-dbac-o-wlasne-zdrowie-psychiczne-i-unikac-kryzysow-formy-wsparcia\/\">Jak dba\u0107 o w\u0142asne zdrowie psychiczne i unika\u0107 kryzys\u00f3w. Formy wsparcia.<\/a><\/li>\n<\/ol>\n","protected":false},"excerpt":{"rendered":"<p>Rejestracja na szkolenia nauczycieli akademickich w ramach Profilaktyki Zdrowia Psychicznego Empatyczno\u015b\u0107 i tolerancja &#8211; jak<\/p>\n","protected":false},"author":33,"featured_media":0,"parent":1042,"menu_order":0,"comment_status":"closed","ping_status":"closed","template":"","meta":{"_acf_changed":false,"ngg_post_thumbnail":0,"footnotes":""},"class_list":["post-1046","page","type-page","status-publish","hentry"],"acf":[],"_links":{"self":[{"href":"https:\/\/pb.edu.pl\/pzp\/wp-json\/wp\/v2\/pages\/1046","targetHints":{"allow":["GET"]}}],"collection":[{"href":"https:\/\/pb.edu.pl\/pzp\/wp-json\/wp\/v2\/pages"}],"about":[{"href":"https:\/\/pb.edu.pl\/pzp\/wp-json\/wp\/v2\/types\/page"}],"author":[{"embeddable":true,"href":"https:\/\/pb.edu.pl\/pzp\/wp-json\/wp\/v2\/users\/33"}],"replies":[{"embeddable":true,"href":"https:\/\/pb.edu.pl\/pzp\/wp-json\/wp\/v2\/comments?post=1046"}],"version-history":[{"count":0,"href":"https:\/\/pb.edu.pl\/pzp\/wp-json\/wp\/v2\/pages\/1046\/revisions"}],"up":[{"embeddable":true,"href":"https:\/\/pb.edu.pl\/pzp\/wp-json\/wp\/v2\/pages\/1042"}],"wp:attachment":[{"href":"https:\/\/pb.edu.pl\/pzp\/wp-json\/wp\/v2\/media?parent=1046"}],"curies":[{"name":"wp","href":"https:\/\/api.w.org\/{rel}","templated":true}]}}