{"id":1042,"date":"2023-04-24T19:43:19","date_gmt":"2023-04-24T17:43:19","guid":{"rendered":"https:\/\/pb.edu.pl\/pzp\/?page_id=1042"},"modified":"2023-04-27T13:48:07","modified_gmt":"2023-04-27T11:48:07","slug":"szkolenia-pracownikow","status":"publish","type":"page","link":"https:\/\/pb.edu.pl\/pzp\/dzialania\/szkolenia\/szkolenia-pracownikow\/","title":{"rendered":"Szkolenia pracownik\u00f3w"},"content":{"rendered":"<h2><img loading=\"lazy\" decoding=\"async\" class=\"aligncenter size-large wp-image-998\" src=\"https:\/\/pb.edu.pl\/pzp\/wp-content\/uploads\/sites\/99\/2023\/03\/belka-POWER_pl-kolor-1024x100.jpg\" alt=\"\" width=\"1024\" height=\"100\" srcset=\"https:\/\/pb.edu.pl\/pzp\/wp-content\/uploads\/sites\/99\/2023\/03\/belka-POWER_pl-kolor-1024x100.jpg 1024w, https:\/\/pb.edu.pl\/pzp\/wp-content\/uploads\/sites\/99\/2023\/03\/belka-POWER_pl-kolor-300x29.jpg 300w, https:\/\/pb.edu.pl\/pzp\/wp-content\/uploads\/sites\/99\/2023\/03\/belka-POWER_pl-kolor-768x75.jpg 768w, https:\/\/pb.edu.pl\/pzp\/wp-content\/uploads\/sites\/99\/2023\/03\/belka-POWER_pl-kolor-1536x150.jpg 1536w, https:\/\/pb.edu.pl\/pzp\/wp-content\/uploads\/sites\/99\/2023\/03\/belka-POWER_pl-kolor.jpg 1871w\" sizes=\"auto, (max-width: 1024px) 100vw, 1024px\" \/><\/h2>\n<h2>Rejestracja na szkolenia pracownik\u00f3w w ramach Profilaktyki Zdrowia Psychicznego<\/h2>\n<div class=\"panel-group\" id=\"custom-collapse-0\">\n<div class=\"panel panel-default\">\n\t\t\t\t<div class=\"panel-heading\">\n\t\t\t\t\t<div class=\"panel-title\">\n\t\t\t\t\t\t<a class=\"collapsed h4\" data-toggle=\"collapse\" data-parent=\"#custom-collapse-0\" href=\"#custom-collapse-0-0\">Nauczyciele akademiccy<\/a>\n\t\t\t\t\t<\/div>\n\t\t\t\t<\/div>\n\t\t\t\t<div id=\"custom-collapse-0-0\" class=\"panel-collapse collapse\">\n\t\t\t\t\t<div class=\"panel-body\">\nSzkolenia nauczycieli akademickich w ramach Profilaktyki Zdrowia Psychicznego z projektu PB Dost\u0119pna.<\/p>\n<div style=\"text-align: center\"><a class=\"button\" title=\"\" href=\"https:\/\/pb.edu.pl\/pzp\/dzialania\/szkolenia\/szkolenia-pracownikow\/szkolenia-na\/\">Dowiedz si\u0119 wi\u0119cej<\/a><\/div>\n<\/div>\n\t\t\t\t<\/div>\n\t\t\t<\/div>\n<div class=\"panel panel-default\">\n\t\t\t\t<div class=\"panel-heading\">\n\t\t\t\t\t<div class=\"panel-title\">\n\t\t\t\t\t\t<a class=\"collapsed h4\" data-toggle=\"collapse\" data-parent=\"#custom-collapse-0\" href=\"#custom-collapse-0-1\">Pracownicy nieb\u0119d\u0105cy nauczycielami akademickimi<\/a>\n\t\t\t\t\t<\/div>\n\t\t\t\t<\/div>\n\t\t\t\t<div id=\"custom-collapse-0-1\" class=\"panel-collapse collapse\">\n\t\t\t\t\t<div class=\"panel-body\">\nSzkolenia pracownik\u00f3w nieb\u0119d\u0105cych nauczycielami akademickimi w ramach Profilaktyki Zdrowia Psychicznego z projektu PB Dost\u0119pna.<\/p>\n<div style=\"text-align: center\"><a class=\"button\" title=\"\" href=\"https:\/\/pb.edu.pl\/pzp\/dzialania\/szkolenia\/szkolenia-pracownikow\/szkolenia-nna\/\">Dowiedz si\u0119 wi\u0119cej<\/a><\/div>\n<\/div>\n\t\t\t\t<\/div>\n\t\t\t<\/div>\n<\/div>\n","protected":false},"excerpt":{"rendered":"<p>Rejestracja na szkolenia pracownik\u00f3w w ramach Profilaktyki Zdrowia Psychicznego<\/p>\n","protected":false},"author":33,"featured_media":0,"parent":830,"menu_order":0,"comment_status":"closed","ping_status":"closed","template":"","meta":{"_acf_changed":false,"ngg_post_thumbnail":0,"footnotes":""},"class_list":["post-1042","page","type-page","status-publish","hentry"],"acf":[],"_links":{"self":[{"href":"https:\/\/pb.edu.pl\/pzp\/wp-json\/wp\/v2\/pages\/1042","targetHints":{"allow":["GET"]}}],"collection":[{"href":"https:\/\/pb.edu.pl\/pzp\/wp-json\/wp\/v2\/pages"}],"about":[{"href":"https:\/\/pb.edu.pl\/pzp\/wp-json\/wp\/v2\/types\/page"}],"author":[{"embeddable":true,"href":"https:\/\/pb.edu.pl\/pzp\/wp-json\/wp\/v2\/users\/33"}],"replies":[{"embeddable":true,"href":"https:\/\/pb.edu.pl\/pzp\/wp-json\/wp\/v2\/comments?post=1042"}],"version-history":[{"count":0,"href":"https:\/\/pb.edu.pl\/pzp\/wp-json\/wp\/v2\/pages\/1042\/revisions"}],"up":[{"embeddable":true,"href":"https:\/\/pb.edu.pl\/pzp\/wp-json\/wp\/v2\/pages\/830"}],"wp:attachment":[{"href":"https:\/\/pb.edu.pl\/pzp\/wp-json\/wp\/v2\/media?parent=1042"}],"curies":[{"name":"wp","href":"https:\/\/api.w.org\/{rel}","templated":true}]}}