{"id":1038,"date":"2023-04-24T18:55:03","date_gmt":"2023-04-24T16:55:03","guid":{"rendered":"https:\/\/pb.edu.pl\/pzp\/?page_id=1038"},"modified":"2023-04-26T10:22:55","modified_gmt":"2023-04-26T08:22:55","slug":"szkolenia-studentow","status":"publish","type":"page","link":"https:\/\/pb.edu.pl\/pzp\/dzialania\/szkolenia\/szkolenia-studentow\/","title":{"rendered":"Szkolenia student\u00f3w"},"content":{"rendered":"<p><img loading=\"lazy\" decoding=\"async\" class=\"aligncenter size-large wp-image-998\" src=\"https:\/\/pb.edu.pl\/pzp\/wp-content\/uploads\/sites\/99\/2023\/03\/belka-POWER_pl-kolor-1024x100.jpg\" alt=\"\" width=\"1024\" height=\"100\" srcset=\"https:\/\/pb.edu.pl\/pzp\/wp-content\/uploads\/sites\/99\/2023\/03\/belka-POWER_pl-kolor-1024x100.jpg 1024w, https:\/\/pb.edu.pl\/pzp\/wp-content\/uploads\/sites\/99\/2023\/03\/belka-POWER_pl-kolor-300x29.jpg 300w, https:\/\/pb.edu.pl\/pzp\/wp-content\/uploads\/sites\/99\/2023\/03\/belka-POWER_pl-kolor-768x75.jpg 768w, https:\/\/pb.edu.pl\/pzp\/wp-content\/uploads\/sites\/99\/2023\/03\/belka-POWER_pl-kolor-1536x150.jpg 1536w, https:\/\/pb.edu.pl\/pzp\/wp-content\/uploads\/sites\/99\/2023\/03\/belka-POWER_pl-kolor.jpg 1871w\" sizes=\"auto, (max-width: 1024px) 100vw, 1024px\" \/><\/p>\n<h2>Rejestracja na szkolenia student\u00f3w w ramach Profilaktyki Zdrowia Psychicznego<\/h2>\n<ol>\n<li><a href=\"https:\/\/pb.edu.pl\/pzp\/dzialania\/szkolenia\/szkolenia-studentow\/szkolenie-1-studenci\/\">Jak dba\u0107 o w\u0142asne zdrowie psychiczne &#8211; Wp\u0142yw aktywno\u015bci fizycznej i od\u017cywiania na zdrowie psychiczne<\/a><\/li>\n<li><a href=\"https:\/\/pb.edu.pl\/pzp\/dzialania\/szkolenia\/szkolenia-studentow\/szkolenie-2-studenci\/\">Jak unika\u0107 kryzys\u00f3w, sposoby radzenia sobie ze stresem<\/a><\/li>\n<li><a href=\"https:\/\/pb.edu.pl\/pzp\/dzialania\/szkolenia\/szkolenia-studentow\/szkolenie-3-studenci\/\">Kryzys, zaburzenia i choroby psychiczne &#8211; fakty i mity. Dost\u0119pne formy wsparcia os\u00f3b w kryzysie<\/a><\/li>\n<\/ol>\n","protected":false},"excerpt":{"rendered":"<p>Rejestracja na szkolenia student\u00f3w w ramach Profilaktyki Zdrowia Psychicznego Jak dba\u0107 o w\u0142asne zdrowie psychiczne<\/p>\n","protected":false},"author":33,"featured_media":0,"parent":830,"menu_order":0,"comment_status":"closed","ping_status":"closed","template":"","meta":{"_acf_changed":false,"ngg_post_thumbnail":0,"footnotes":""},"class_list":["post-1038","page","type-page","status-publish","hentry"],"acf":[],"_links":{"self":[{"href":"https:\/\/pb.edu.pl\/pzp\/wp-json\/wp\/v2\/pages\/1038","targetHints":{"allow":["GET"]}}],"collection":[{"href":"https:\/\/pb.edu.pl\/pzp\/wp-json\/wp\/v2\/pages"}],"about":[{"href":"https:\/\/pb.edu.pl\/pzp\/wp-json\/wp\/v2\/types\/page"}],"author":[{"embeddable":true,"href":"https:\/\/pb.edu.pl\/pzp\/wp-json\/wp\/v2\/users\/33"}],"replies":[{"embeddable":true,"href":"https:\/\/pb.edu.pl\/pzp\/wp-json\/wp\/v2\/comments?post=1038"}],"version-history":[{"count":0,"href":"https:\/\/pb.edu.pl\/pzp\/wp-json\/wp\/v2\/pages\/1038\/revisions"}],"up":[{"embeddable":true,"href":"https:\/\/pb.edu.pl\/pzp\/wp-json\/wp\/v2\/pages\/830"}],"wp:attachment":[{"href":"https:\/\/pb.edu.pl\/pzp\/wp-json\/wp\/v2\/media?parent=1038"}],"curies":[{"name":"wp","href":"https:\/\/api.w.org\/{rel}","templated":true}]}}