{"id":114,"date":"2022-01-05T23:40:47","date_gmt":"2022-01-05T22:40:47","guid":{"rendered":"https:\/\/pb.edu.pl\/pud\/?page_id=114"},"modified":"2022-01-05T23:41:58","modified_gmt":"2022-01-05T22:41:58","slug":"informacje-o-podlaskim-uniwersytecie-dzieciecym-w-tekscie-latwym-do-czytania-etr","status":"publish","type":"page","link":"https:\/\/pb.edu.pl\/pud\/informacje-o-podlaskim-uniwersytecie-dzieciecym-w-tekscie-latwym-do-czytania-etr\/","title":{"rendered":"Informacje o Podlaskim Uniwersytecie Dzieci\u0119cym w tek\u015bcie \u0142atwym do czytania \u2013 ETR"},"content":{"rendered":"<div style=\"font-size:1.8rem\">\n\u201ePodlaski Uniwersytet Dzieci\u0119cy\u201d dzia\u0142a w Politechnice Bia\u0142ostockiej. <\/p>\n<p>Celem \u201ePodlaskiego Uniwersytetu Dzieci\u0119cego\u201d jest edukacja i rozw\u00f3j ciekawo\u015bci i kreatywno\u015bci dzieci\u0119cej. <\/p>\n<p>Przekonujemy, \u017ce nauka nie jest trudna i mo\u017ce by\u0107 wspania\u0142\u0105 przygod\u0105. <\/p>\n<p>Zaj\u0119cia skierowane s\u0105 do uczni\u00f3w klas IV-VI szk\u00f3\u0142 podstawowych.\n<\/p><\/div>\n","protected":false},"excerpt":{"rendered":"<p>\u201ePodlaski Uniwersytet Dzieci\u0119cy\u201d dzia\u0142a w Politechnice Bia\u0142ostockiej. Celem \u201ePodlaskiego Uniwersytetu Dzieci\u0119cego\u201d jest edukacja i rozw\u00f3j<\/p>\n","protected":false},"author":2,"featured_media":0,"parent":0,"menu_order":1,"comment_status":"closed","ping_status":"closed","template":"","meta":{"_acf_changed":false,"ngg_post_thumbnail":0,"footnotes":""},"class_list":["post-114","page","type-page","status-publish","hentry"],"acf":[],"_links":{"self":[{"href":"https:\/\/pb.edu.pl\/pud\/wp-json\/wp\/v2\/pages\/114","targetHints":{"allow":["GET"]}}],"collection":[{"href":"https:\/\/pb.edu.pl\/pud\/wp-json\/wp\/v2\/pages"}],"about":[{"href":"https:\/\/pb.edu.pl\/pud\/wp-json\/wp\/v2\/types\/page"}],"author":[{"embeddable":true,"href":"https:\/\/pb.edu.pl\/pud\/wp-json\/wp\/v2\/users\/2"}],"replies":[{"embeddable":true,"href":"https:\/\/pb.edu.pl\/pud\/wp-json\/wp\/v2\/comments?post=114"}],"version-history":[{"count":0,"href":"https:\/\/pb.edu.pl\/pud\/wp-json\/wp\/v2\/pages\/114\/revisions"}],"wp:attachment":[{"href":"https:\/\/pb.edu.pl\/pud\/wp-json\/wp\/v2\/media?parent=114"}],"curies":[{"name":"wp","href":"https:\/\/api.w.org\/{rel}","templated":true}]}}