{"id":87,"date":"2017-12-07T15:32:43","date_gmt":"2017-12-07T14:32:43","guid":{"rendered":"https:\/\/pb.edu.pl\/pkzp\/?page_id=87"},"modified":"2023-12-20T20:00:54","modified_gmt":"2023-12-20T19:00:54","slug":"redakcja-serwisu-www","status":"publish","type":"page","link":"https:\/\/pb.edu.pl\/pkzp\/redakcja-serwisu-www\/","title":{"rendered":"Redakcja serwisu www"},"content":{"rendered":"<p><img loading=\"lazy\" decoding=\"async\" class=\"alignleft wp-image-88\" src=\"https:\/\/pb.edu.pl\/pkzp\/wp-content\/uploads\/sites\/5\/2017\/12\/redakcja-www-300x169.jpg\" alt=\"serwerownia\" style=\"margin-top: 14px;\" width=\"400\" height=\"225\" srcset=\"https:\/\/pb.edu.pl\/pkzp\/wp-content\/uploads\/sites\/5\/2017\/12\/redakcja-www-300x169.jpg 300w, https:\/\/pb.edu.pl\/pkzp\/wp-content\/uploads\/sites\/5\/2017\/12\/redakcja-www.jpg 500w\" sizes=\"auto, (max-width: 400px) 100vw, 400px\" \/><\/p>\n<div class=\"h2\" style=\"margin-top: 0rem; padding-top: 0rem;\">Serwis internetowy<\/div>\n<p>Uwagi dotycz\u0105ce <strong>funkcjonowania<\/strong> oraz <strong>zawarto\u015bci (opisy, fotografie itp.)<\/strong> poszczeg\u00f3lnych stron www serwisu internetowego Kasy Zapomogowo-Po\u017cyczkowej w Politechnice Bia\u0142ostockiej prosz\u0119 przysy\u0142a\u0107 na adres:<\/p>\n<p><i class=\"fal fa-envelope\"><\/i> <a href=\"#\" rel=\"nofollow\"  onclick=\"this.href='mailto:' + 't.huscio' + '@' + 'pb.edu.pl'\">t.huscio [at] pb.edu.pl<\/a>\n","protected":false},"excerpt":{"rendered":"<p>Serwis internetowy Uwagi dotycz\u0105ce funkcjonowania oraz zawarto\u015bci (opisy, fotografie itp.) poszczeg\u00f3lnych stron www serwisu internetowego<\/p>\n","protected":false},"author":2,"featured_media":0,"parent":0,"menu_order":0,"comment_status":"closed","ping_status":"closed","template":"","meta":{"_acf_changed":false,"ngg_post_thumbnail":0,"footnotes":""},"class_list":["post-87","page","type-page","status-publish","hentry"],"acf":[],"_links":{"self":[{"href":"https:\/\/pb.edu.pl\/pkzp\/wp-json\/wp\/v2\/pages\/87","targetHints":{"allow":["GET"]}}],"collection":[{"href":"https:\/\/pb.edu.pl\/pkzp\/wp-json\/wp\/v2\/pages"}],"about":[{"href":"https:\/\/pb.edu.pl\/pkzp\/wp-json\/wp\/v2\/types\/page"}],"author":[{"embeddable":true,"href":"https:\/\/pb.edu.pl\/pkzp\/wp-json\/wp\/v2\/users\/2"}],"replies":[{"embeddable":true,"href":"https:\/\/pb.edu.pl\/pkzp\/wp-json\/wp\/v2\/comments?post=87"}],"version-history":[{"count":0,"href":"https:\/\/pb.edu.pl\/pkzp\/wp-json\/wp\/v2\/pages\/87\/revisions"}],"wp:attachment":[{"href":"https:\/\/pb.edu.pl\/pkzp\/wp-json\/wp\/v2\/media?parent=87"}],"curies":[{"name":"wp","href":"https:\/\/api.w.org\/{rel}","templated":true}]}}