{"id":25,"date":"2017-10-29T17:58:02","date_gmt":"2017-10-29T16:58:02","guid":{"rendered":"https:\/\/pb.edu.pl\/pkzp\/?page_id=25"},"modified":"2025-10-10T21:02:19","modified_gmt":"2025-10-10T19:02:19","slug":"kontakt","status":"publish","type":"page","link":"https:\/\/pb.edu.pl\/pkzp\/kontakt\/","title":{"rendered":"Kontakt"},"content":{"rendered":"<div class=\"h3\">Biuro Kasy Zapomogowo-Po\u017cyczkowej w Politechnice Bia\u0142ostockiej<\/div>\n<p>Budynek Sigma, Dzia\u0142 Zarz\u0105dzania Nieruchomo\u015bciami<br \/>\nul. Zwierzyniecka 10 pok\u00f3j 11<br \/>\n15-333 Bia\u0142ystok<br \/>\n<i class=\"fal fa-phone\"><\/i> 85 746 97 69<\/p>\n<p><strong>Godziny pracy:<\/strong><\/p>\n<ul>\n<li>Wtorek \u2013 9.00 &#8211; 11.00<\/li>\n<li>Czwartek \u2013 9.00 &#8211; 11.00<\/li>\n<\/ul>\n<div class=\"h3\">Sk\u0142ad Zarz\u0105du Kasy Zapomogowo-Po\u017cyczkowej w PB <\/div>\n<p>Jaros\u0142aw Werdoni \u2013 przewodnicz\u0105cy<br \/>\nBarbara Kowalska \u2013 skarbnik<br \/>\nMonika Bogacewicz \u2013 sekretarz<br \/>\nPawe\u0142 Myszkowski \u2013 cz\u0142onek<br \/>\nStanis\u0142aw S\u0142owikowski \u2013 cz\u0142onek<\/p>\n<div class=\"h3\">Sk\u0142ad Komisji Rewizyjnej<\/div>\n<p>Joanna Putko \u2013 przewodnicz\u0105ca<br \/>\nAnna Backiel<br \/>\nAdam Ku\u017ama<\/p>\n<p>Cz\u0142onkowie Zarz\u0105du i Komisji Rewizyjnej KZPwPB wykonuj\u0105 swoje czynno\u015bci spo\u0142ecznie.<\/p>\n","protected":false},"excerpt":{"rendered":"<p>Biuro Kasy Zapomogowo-Po\u017cyczkowej w Politechnice Bia\u0142ostockiej Budynek Sigma, Dzia\u0142 Zarz\u0105dzania Nieruchomo\u015bciami ul. Zwierzyniecka 10 pok\u00f3j<\/p>\n","protected":false},"author":2,"featured_media":0,"parent":0,"menu_order":6,"comment_status":"closed","ping_status":"closed","template":"","meta":{"_acf_changed":false,"ngg_post_thumbnail":0,"footnotes":""},"class_list":["post-25","page","type-page","status-publish","hentry"],"acf":[],"_links":{"self":[{"href":"https:\/\/pb.edu.pl\/pkzp\/wp-json\/wp\/v2\/pages\/25","targetHints":{"allow":["GET"]}}],"collection":[{"href":"https:\/\/pb.edu.pl\/pkzp\/wp-json\/wp\/v2\/pages"}],"about":[{"href":"https:\/\/pb.edu.pl\/pkzp\/wp-json\/wp\/v2\/types\/page"}],"author":[{"embeddable":true,"href":"https:\/\/pb.edu.pl\/pkzp\/wp-json\/wp\/v2\/users\/2"}],"replies":[{"embeddable":true,"href":"https:\/\/pb.edu.pl\/pkzp\/wp-json\/wp\/v2\/comments?post=25"}],"version-history":[{"count":0,"href":"https:\/\/pb.edu.pl\/pkzp\/wp-json\/wp\/v2\/pages\/25\/revisions"}],"wp:attachment":[{"href":"https:\/\/pb.edu.pl\/pkzp\/wp-json\/wp\/v2\/media?parent=25"}],"curies":[{"name":"wp","href":"https:\/\/api.w.org\/{rel}","templated":true}]}}