{"id":23,"date":"2017-10-29T17:57:51","date_gmt":"2017-10-29T16:57:51","guid":{"rendered":"https:\/\/pb.edu.pl\/pkzp\/?page_id=23"},"modified":"2025-10-10T21:06:51","modified_gmt":"2025-10-10T19:06:51","slug":"ogloszenia","status":"publish","type":"page","link":"https:\/\/pb.edu.pl\/pkzp\/ogloszenia\/","title":{"rendered":"Og\u0142oszenia"},"content":{"rendered":"<div class=\"h3\">Uwaga cz\u0142onkowie Kasy Zapomogowo-Po\u017cyczkowej w Politechnice Bia\u0142ostockiej (KZPwPB)<\/div>\n<ol>\n<li class=\"line\">Wnioski o po\u017cyczki nale\u017cy sk\u0142ada\u0107 do ostatniego dnia ka\u017cdego miesi\u0105ca.<\/li>\n<\/ol>\n<hr>\n<div class=\"h3\">Maksymaln\u0105 wysoko\u015b\u0107 udzielanej po\u017cyczki stanowi\u0105 trzykrotne wk\u0142ady,<br \/>\nale nie wi\u0119cej ni\u017c 18 000 z\u0142.<br \/>\nLiczba rat &#8211; max. 30 miesi\u0119cy.<\/div>\n<p>Posiedzenia Zarz\u0105du w sprawie przydzia\u0142u po\u017cyczek odbywaj\u0105 si\u0119 raz w miesi\u0105cu <strong>do 20 ka\u017cdego miesi\u0105ca<\/strong>. Ze wzgl\u0119du na okres urlopowy w sierpniu posiedzenie Zarz\u0105du nie odbywa si\u0119 i nie s\u0105 udzielane po\u017cyczki. Por\u0119czycielami mog\u0105 by\u0107 pracownicy Politechniki Bia\u0142ostockiej. <strong>Pracownik PB mo\u017ce by\u0107 jednocze\u015bnie por\u0119czycielem tylko dw\u00f3ch po\u017cyczek<\/strong>.<\/p>\n<p>Aktualne druki wniosk\u00f3w o po\u017cyczk\u0119, skre\u015blenia i przyj\u0119cia do KZPwPB znajduj\u0105 si\u0119:<\/p>\n<ul>\n<li>w siedzibie biura (Budynek Sigma, Dzia\u0142 Zarz\u0105dzania Nieruchomo\u015bciami,<br \/>\nul. Zwierzyniecka 10 pok\u00f3j 11),<\/li>\n<li>na stronie internetowej Kasy Zapomogowo-Po\u017cyczkowej w PB &#8211; <a href=\"\/pkzp\/druki\/\">Druki<\/a>.<\/li>\n<\/ul>\n<p><strong style=\"color:red\">Jednocze\u015bnie przypominamy wszystkim cz\u0142onkom Kasy o konieczno\u015bci aktualizacji wszelkich zmian w swoich danych osobowych (adres, nazwisko, osoba upowa\u017cniona, telefon kontaktowy, adres e-mail). Aktualne dane prosz\u0119 przekazywa\u0107 bezpo\u015brednio do Biura Kasy. We w\u0142asnym interesie prosz\u0119 potraktowa\u0107 t\u0119 spraw\u0119 jako bardzo wa\u017cn\u0105.<\/strong><\/p>\n<blockquote><p>Zwracamy uwag\u0119, \u017ce KZPwPB prowadzi dokumentacj\u0119 swoich cz\u0142onk\u00f3w autonomicznie i nie ma wgl\u0105du do danych pracownik\u00f3w przekazywanych do dzia\u0142u p\u0142ac czy kadr Politechniki Bia\u0142ostockiej.<\/p><\/blockquote>\n","protected":false},"excerpt":{"rendered":"<p>Uwaga cz\u0142onkowie Kasy Zapomogowo-Po\u017cyczkowej w Politechnice Bia\u0142ostockiej (KZPwPB) Wnioski o po\u017cyczki nale\u017cy sk\u0142ada\u0107 do ostatniego<\/p>\n","protected":false},"author":2,"featured_media":0,"parent":0,"menu_order":5,"comment_status":"closed","ping_status":"closed","template":"","meta":{"_acf_changed":false,"ngg_post_thumbnail":0,"footnotes":""},"class_list":["post-23","page","type-page","status-publish","hentry"],"acf":[],"_links":{"self":[{"href":"https:\/\/pb.edu.pl\/pkzp\/wp-json\/wp\/v2\/pages\/23","targetHints":{"allow":["GET"]}}],"collection":[{"href":"https:\/\/pb.edu.pl\/pkzp\/wp-json\/wp\/v2\/pages"}],"about":[{"href":"https:\/\/pb.edu.pl\/pkzp\/wp-json\/wp\/v2\/types\/page"}],"author":[{"embeddable":true,"href":"https:\/\/pb.edu.pl\/pkzp\/wp-json\/wp\/v2\/users\/2"}],"replies":[{"embeddable":true,"href":"https:\/\/pb.edu.pl\/pkzp\/wp-json\/wp\/v2\/comments?post=23"}],"version-history":[{"count":0,"href":"https:\/\/pb.edu.pl\/pkzp\/wp-json\/wp\/v2\/pages\/23\/revisions"}],"wp:attachment":[{"href":"https:\/\/pb.edu.pl\/pkzp\/wp-json\/wp\/v2\/media?parent=23"}],"curies":[{"name":"wp","href":"https:\/\/api.w.org\/{rel}","templated":true}]}}