{"id":17,"date":"2017-10-29T17:54:56","date_gmt":"2017-10-29T16:54:56","guid":{"rendered":"https:\/\/pb.edu.pl\/pkzp\/?page_id=17"},"modified":"2024-03-01T11:35:43","modified_gmt":"2024-03-01T10:35:43","slug":"statut","status":"publish","type":"page","link":"https:\/\/pb.edu.pl\/pkzp\/statut\/","title":{"rendered":"Statut"},"content":{"rendered":"<div class=\"h2\">Pliki do pobrania:<\/div>\n<p><a class=\"pdf\" href=\"https:\/\/pb.edu.pl\/pkzp\/wp-content\/uploads\/sites\/5\/2023\/04\/Statut-Kasy-Zapomogowo-Pozyczkowej-w-Politechnice-Bialostockiej.pdf\" target=\"_blank\" data-id=\"232\" rel=\"noopener\">Statut Kasy Zapomogowo-Po\u017cyczkowej w Politechnice Bia\u0142ostockiej <span>(PDF, 457 KB, otworzy si\u0119 w nowej karcie)<\/span><\/a><\/p>\n<p>&nbsp;<\/p>\n","protected":false},"excerpt":{"rendered":"<p>Pliki do pobrania: Statut Kasy Zapomogowo-Po\u017cyczkowej w Politechnice Bia\u0142ostockiej (PDF, 457 KB, otworzy si\u0119 w<\/p>\n","protected":false},"author":2,"featured_media":0,"parent":0,"menu_order":1,"comment_status":"closed","ping_status":"closed","template":"","meta":{"_acf_changed":false,"ngg_post_thumbnail":0,"footnotes":""},"class_list":["post-17","page","type-page","status-publish","hentry"],"acf":[],"_links":{"self":[{"href":"https:\/\/pb.edu.pl\/pkzp\/wp-json\/wp\/v2\/pages\/17","targetHints":{"allow":["GET"]}}],"collection":[{"href":"https:\/\/pb.edu.pl\/pkzp\/wp-json\/wp\/v2\/pages"}],"about":[{"href":"https:\/\/pb.edu.pl\/pkzp\/wp-json\/wp\/v2\/types\/page"}],"author":[{"embeddable":true,"href":"https:\/\/pb.edu.pl\/pkzp\/wp-json\/wp\/v2\/users\/2"}],"replies":[{"embeddable":true,"href":"https:\/\/pb.edu.pl\/pkzp\/wp-json\/wp\/v2\/comments?post=17"}],"version-history":[{"count":0,"href":"https:\/\/pb.edu.pl\/pkzp\/wp-json\/wp\/v2\/pages\/17\/revisions"}],"wp:attachment":[{"href":"https:\/\/pb.edu.pl\/pkzp\/wp-json\/wp\/v2\/media?parent=17"}],"curies":[{"name":"wp","href":"https:\/\/api.w.org\/{rel}","templated":true}]}}