{"id":13,"date":"2017-10-29T17:37:06","date_gmt":"2017-10-29T16:37:06","guid":{"rendered":"https:\/\/pb.edu.pl\/pkzp\/?page_id=13"},"modified":"2024-03-01T11:24:13","modified_gmt":"2024-03-01T10:24:13","slug":"o-nas","status":"publish","type":"page","link":"https:\/\/pb.edu.pl\/pkzp\/o-nas\/","title":{"rendered":"O nas"},"content":{"rendered":"<div class=\"h3\">Historia powstania Pracowniczej Kasa Zapomogowo-Po\u017cyczkowej (PKZP) w Politechnice Bia\u0142ostockiej<\/div>\n<p>Pierwsze walne zebranie organizacyjne cz\u0142onk\u00f3w Kasy odby\u0142o si\u0119 10.12.1976 r. Zebranie otworzy\u0142 jak r\u00f3wnie\u017c przewodniczy\u0142 Prezes Rady Zak\u0142adowej ZNP mgr in\u017c. W\u0142adys\u0142aw Skorko. Obecny by\u0142 na tym zebraniu ksi\u0119gowy Zarz\u0105du Miejskiego PKZP Pan Stanis\u0142aw Bodzenta, kt\u00f3ry zapozna\u0142 obecnych z zasadami funkcjonowania PKZP.<\/p>\n<p>Zrejestrowanie PKZP nast\u0105pi\u0142o <strong>28 grudnia 1976 r.<\/strong>\u00a0W\u00f3wczas by\u0142a to agenda Zwi\u0105zku Nauczycielstwa Polskiego.<\/p>\n<p><strong>Cz\u0142onkami Zarz\u0105du PKZP byli:<\/strong><\/p>\n<ul>\n<li>Dr in\u017c. Wac\u0142aw Jodkowski &#8211; przewodnicz\u0105cy (XII.1976)<\/li>\n<li>Mgr Mieczys\u0142aw Kucharczyk<\/li>\n<li>Jerzy Dudak<\/li>\n<li>Wies\u0142awa Pu\u017cewska<\/li>\n<li>El\u017cbieta Budnicka<\/li>\n<li>Zdzis\u0142aw Wieczery\u0144ski<\/li>\n<li>Wies\u0142awa Jakuszewicz<\/li>\n<li>Anna Garbaczewska<\/li>\n<li>Alina Bobka<\/li>\n<li>Dr in\u017c. Jaros\u0142aw Werdoni \u2013 przewodnicz\u0105cy 1997 r.<\/li>\n<li>Wiaczes\u0142aw Puczy\u0144ski \u2013 skarbnik (od 1.11.1998 r.)<\/li>\n<\/ul>\n<p><strong>Cz\u0142onkami Komisji Rewizyjnych byli:<\/strong><\/p>\n<ul>\n<li>Wies\u0142awa Pop\u0142awska &#8211; przewodnicz\u0105ca<\/li>\n<li>Miros\u0142awa Ka\u0142ucka<\/li>\n<li>J\u00f3zef Zadykowicz<\/li>\n<\/ul>\n<ul>\n<li>Zinaida Iwaniuk &#8211; przewodnicz\u0105ca<\/li>\n<li>Antoni Korsak<\/li>\n<li>Zofia Matoszko<\/li>\n<\/ul>\n<ul>\n<li>Wanda Za\u0142uska,<\/li>\n<li>Joanna Mips,<\/li>\n<li>Adam Ruszczyk &#8211; przewodnicz\u0105cy<\/li>\n<\/ul>\n<ul>\n<li>Adam Ruszczyk<\/li>\n<li>Anna Borucka<\/li>\n<li>Alicja Jaworowska<\/li>\n<\/ul>\n<ul>\n<li>Adam Ruszczyk<\/li>\n<li>Walentyna Markiewicz<\/li>\n<li>Alicja Jaworowska<\/li>\n<\/ul>\n<p><strong>Pierwsze posiedzenie Zarz\u0105du odby\u0142o si\u0119 14 grudnia 1976 r. PKZP zacz\u0119\u0142a swoj\u0105 dzia\u0142alno\u015b\u0107 z nast\u0119puj\u0105cym bilansem:<\/strong><\/p>\n<ul>\n<li>586 cz\u0142onk\u00f3w<\/li>\n<li>1.301.175 z\u0142 kwota wk\u0142ad\u00f3w<\/li>\n<li>1.235.589 z\u0142 zad\u0142u\u017cenie po\u017cyczkami.<\/li>\n<\/ul>\n<p>Oddzia\u0142 Miejski PKZP przekaza\u0142 saldo naszej PKZP w wysoko\u015bci 65.984,- z\u0142 .PKZP mog\u0142a ju\u017c mog\u0142a istnie\u0107 samodzielnie.<\/p>\n<p>Pierwsz\u0105 ksi\u0119gow\u0105 PKZP (od 27.01.1977 r.) by\u0142a Pani Jadwiga Korzi\u0144ska nast\u0119pnie: Pani Alicja Parafjanowicz, Brygida P\u00f3\u0142ko\u015bnik ,Lucyna Ko\u0142\u0142\u0105taj, Jadwiga P\u0142o\u0144ska, Antonina Bogusz.<\/p>\n<p>Po rozwi\u0105zaniu zwi\u0105zk\u00f3w zawodowych w okresie stanu wojennego PKZP sta\u0142a si\u0119 niezale\u017cn\u0105 jednostk\u0105.<\/p>\n<p>Z dniem 1.10.1997 r. z funkcji przewodnicz\u0105cego zrezygnowa\u0142 dr in\u017c. Wac\u0142aw Jodkowski, jeden z za\u0142o\u017cycieli PKZP w 1976 r. (przej\u015bcie na emerytur\u0119). Nowym Przewodnicz\u0105cym zosta\u0142 dr in\u017c. Jaros\u0142aw Werdoni.<\/p>\n<p><strong>Sk\u0142ad Zarz\u0105du KZPwPB:<\/strong><\/p>\n<ul>\n<li>Jaros\u0142aw Werdoni \u2013 przewodnicz\u0105cy<\/li>\n<li>Barbara Kowalska \u2013 skarbnik<\/li>\n<li>Monika Bogacewicz \u2013 sekretarz<\/li>\n<li>Pawe\u0142 Myszkowski \u2013 cz\u0142onek<\/li>\n<li>Stanis\u0142aw S\u0142owikowski \u2013 cz\u0142onek<\/li>\n<\/ul>\n<p><strong>Sk\u0142ad Komisji Rewizyjnej:<\/strong><\/p>\n<ul>\n<li>Joanna Putko \u2013 przewodnicz\u0105ca<\/li>\n<li>Anna Backiel<\/li>\n<li>Adam Ku\u017ama<\/li>\n<\/ul>\n<p>Cz\u0142onkowie Zarz\u0105du i Komisji Rewizyjnej KZPwPB wykonuj\u0105 swoje czynno\u015bci spo\u0142ecznie.<\/p>\n","protected":false},"excerpt":{"rendered":"<p>Historia powstania Pracowniczej Kasa Zapomogowo-Po\u017cyczkowej (PKZP) w Politechnice Bia\u0142ostockiej Pierwsze walne zebranie organizacyjne cz\u0142onk\u00f3w Kasy<\/p>\n","protected":false},"author":2,"featured_media":0,"parent":0,"menu_order":1,"comment_status":"closed","ping_status":"closed","template":"","meta":{"_acf_changed":false,"ngg_post_thumbnail":0,"footnotes":""},"class_list":["post-13","page","type-page","status-publish","hentry"],"acf":[],"_links":{"self":[{"href":"https:\/\/pb.edu.pl\/pkzp\/wp-json\/wp\/v2\/pages\/13","targetHints":{"allow":["GET"]}}],"collection":[{"href":"https:\/\/pb.edu.pl\/pkzp\/wp-json\/wp\/v2\/pages"}],"about":[{"href":"https:\/\/pb.edu.pl\/pkzp\/wp-json\/wp\/v2\/types\/page"}],"author":[{"embeddable":true,"href":"https:\/\/pb.edu.pl\/pkzp\/wp-json\/wp\/v2\/users\/2"}],"replies":[{"embeddable":true,"href":"https:\/\/pb.edu.pl\/pkzp\/wp-json\/wp\/v2\/comments?post=13"}],"version-history":[{"count":0,"href":"https:\/\/pb.edu.pl\/pkzp\/wp-json\/wp\/v2\/pages\/13\/revisions"}],"wp:attachment":[{"href":"https:\/\/pb.edu.pl\/pkzp\/wp-json\/wp\/v2\/media?parent=13"}],"curies":[{"name":"wp","href":"https:\/\/api.w.org\/{rel}","templated":true}]}}