{"id":11,"date":"2017-10-29T17:18:36","date_gmt":"2017-10-29T16:18:36","guid":{"rendered":"https:\/\/pb.edu.pl\/pkzp\/?page_id=11"},"modified":"2025-10-10T20:57:59","modified_gmt":"2025-10-10T18:57:59","slug":"pracownicza-kasa-zapomogowo-pozyczkowa","status":"publish","type":"page","link":"https:\/\/pb.edu.pl\/pkzp\/","title":{"rendered":"Strona g\u0142\u00f3wna"},"content":{"rendered":"<p>&nbsp;<\/p>\n<div class=\"h2\">Witamy serdecznie w serwisie internetowym Kasy Zapomogowo-Po\u017cyczkowej w Politechnice Bia\u0142ostockiej (KZPwPB).<\/div>\n<div style=\"color:red\"><strong>UWAGA !!!<br \/>\nOd 1.10.2025 r. Biuro Kasy znajduje si\u0119 w Budynku Sigma, Dzia\u0142 Zarz\u0105dzania Nieruchomo\u015bciami, ul. Zwierzyniecka 10 pok\u00f3j 11.<\/strong>\n<\/div>\n<p>&nbsp;<\/p>\n<p>Biuro Kasy Zapomogowo-Po\u017cyczkowej w PB czynne b\u0119dzie w nast\u0119puj\u0105cych dniach:<\/p>\n<ul>\n<li>Wtorek \u2013 9.00 &#8211; 11.00<\/li>\n<li>Czwartek \u2013 9.00 &#8211; 11.00<\/li>\n<\/ul>\n<p>Wszelkie informacje udzielane s\u0105 pod numerem telefonu <strong><i class=\"fal fa-phone\"><\/i> 85 746 97 69<\/strong><\/p>\n<p style=\"text-align: right;\">Zarz\u0105d KZPwPB<\/p>\n<hr>\n<p><strong>Uwaga cz\u0142onkowie Kasy Zapomogowo-Po\u017cyczkowej w Politechnice Bia\u0142ostockiej (KZPwPB):<\/strong><\/p>\n<ul>\n<li>Kompletne wnioski o po\u017cyczki nale\u017cy sk\u0142ada\u0107 do ostatniego dnia ka\u017cdego miesi\u0105ca.<\/li>\n<li>Kompletne wnioski prosz\u0119 sk\u0142ada\u0107 w Biurze Kasy (Budynek Sigma, Dzia\u0142 Zarz\u0105dzania Nieruchomo\u015bciami, ul. Zwierzyniecka 10 pok\u00f3j 11) <strong>w dni dzia\u0142ania Kasy<\/strong>;<br \/>\nw pozosta\u0142e dni w kancelarii Politechniki Bia\u0142ostockiej (budynek Rektoratu).<\/li>\n<\/ul>\n","protected":false},"excerpt":{"rendered":"<p>&nbsp; Witamy serdecznie w serwisie internetowym Kasy Zapomogowo-Po\u017cyczkowej w Politechnice Bia\u0142ostockiej (KZPwPB). UWAGA !!! Od<\/p>\n","protected":false},"author":2,"featured_media":0,"parent":0,"menu_order":0,"comment_status":"closed","ping_status":"closed","template":"","meta":{"_acf_changed":false,"ngg_post_thumbnail":0,"footnotes":""},"class_list":["post-11","page","type-page","status-publish","hentry"],"acf":[],"_links":{"self":[{"href":"https:\/\/pb.edu.pl\/pkzp\/wp-json\/wp\/v2\/pages\/11","targetHints":{"allow":["GET"]}}],"collection":[{"href":"https:\/\/pb.edu.pl\/pkzp\/wp-json\/wp\/v2\/pages"}],"about":[{"href":"https:\/\/pb.edu.pl\/pkzp\/wp-json\/wp\/v2\/types\/page"}],"author":[{"embeddable":true,"href":"https:\/\/pb.edu.pl\/pkzp\/wp-json\/wp\/v2\/users\/2"}],"replies":[{"embeddable":true,"href":"https:\/\/pb.edu.pl\/pkzp\/wp-json\/wp\/v2\/comments?post=11"}],"version-history":[{"count":0,"href":"https:\/\/pb.edu.pl\/pkzp\/wp-json\/wp\/v2\/pages\/11\/revisions"}],"wp:attachment":[{"href":"https:\/\/pb.edu.pl\/pkzp\/wp-json\/wp\/v2\/media?parent=11"}],"curies":[{"name":"wp","href":"https:\/\/api.w.org\/{rel}","templated":true}]}}