{"id":54,"date":"2021-03-31T15:37:41","date_gmt":"2021-03-31T13:37:41","guid":{"rendered":"https:\/\/pb.edu.pl\/pilot\/?page_id=54"},"modified":"2021-11-19T10:33:52","modified_gmt":"2021-11-19T09:33:52","slug":"dokumenty","status":"publish","type":"page","link":"https:\/\/pb.edu.pl\/pilot\/dokumenty\/","title":{"rendered":"Dokumenty"},"content":{"rendered":"<p><a class=\"pdf\" title=\"otworzy si\u0119 w nowej karcie\" href=\"https:\/\/pb.edu.pl\/pilot\/wp-content\/uploads\/sites\/64\/2021\/04\/REGULAMIN-NABORU-PRAC-BR.pdf\" target=\"_blank\" rel=\"noopener\" data-id=\"187\">Regulamin naboru i realizacji prac badawczo-rozwojowych w ramach projektu \u201ePilota\u017cowy projekt dotycz\u0105cy rozwoju wsp\u00f3\u0142pracy w zakresie B+R mi\u0119dzy biznesem i uczelniami\u201d finansowanego ze \u015brodk\u00f3w Regionalnego Programu Operacyjnego Wojew\u00f3dztwa Podlaskiego na lata 2014-2020 (PDF, wersja dost\u0119pna cyfrowo, 540 KB)<\/a><br \/>\n&nbsp;<\/p>\n<p><a class=\"pdf\" title=\"otworzy si\u0119 w nowej karcie\" href=\"https:\/\/pb.edu.pl\/pilot\/wp-content\/uploads\/sites\/64\/2021\/04\/KARTY-OCENY-WNIOSKOW-GRANTOWYCH.pdf\" target=\"_blank\" rel=\"noopener\" data-id=\"186\">Karta oceny formalnej wniosku z\u0142o\u017conego w ramach konkursu \u201ePilota\u017cowy projekt dotycz\u0105cy rozwoju wsp\u00f3\u0142pracy w zakresie B+R mi\u0119dzy biznesem i uczelniami\u201d (PDF, wersja dost\u0119pna cyfrowo, 469 KB)<\/a><\/p>\n<p><a href=\"https:\/\/pb.edu.pl\/pilot\/wp-content\/uploads\/sites\/64\/2021\/05\/klauzula-ODO-.pdf\">klauzula ODO<\/a><\/p>\n<p><a href=\"https:\/\/pb.edu.pl\/pilot\/wp-content\/uploads\/sites\/64\/2021\/11\/Umowa-o-powierzenie-grantu-1.pdf\">Umowa o powierzenie grantu<\/a><\/p>\n","protected":false},"excerpt":{"rendered":"<p>Regulamin naboru i realizacji prac badawczo-rozwojowych w ramach projektu \u201ePilota\u017cowy projekt dotycz\u0105cy rozwoju wsp\u00f3\u0142pracy w<\/p>\n","protected":false},"author":2,"featured_media":0,"parent":0,"menu_order":4,"comment_status":"closed","ping_status":"closed","template":"","meta":{"_acf_changed":false,"ngg_post_thumbnail":0,"footnotes":""},"class_list":["post-54","page","type-page","status-publish","hentry"],"acf":[],"_links":{"self":[{"href":"https:\/\/pb.edu.pl\/pilot\/wp-json\/wp\/v2\/pages\/54","targetHints":{"allow":["GET"]}}],"collection":[{"href":"https:\/\/pb.edu.pl\/pilot\/wp-json\/wp\/v2\/pages"}],"about":[{"href":"https:\/\/pb.edu.pl\/pilot\/wp-json\/wp\/v2\/types\/page"}],"author":[{"embeddable":true,"href":"https:\/\/pb.edu.pl\/pilot\/wp-json\/wp\/v2\/users\/2"}],"replies":[{"embeddable":true,"href":"https:\/\/pb.edu.pl\/pilot\/wp-json\/wp\/v2\/comments?post=54"}],"version-history":[{"count":0,"href":"https:\/\/pb.edu.pl\/pilot\/wp-json\/wp\/v2\/pages\/54\/revisions"}],"wp:attachment":[{"href":"https:\/\/pb.edu.pl\/pilot\/wp-json\/wp\/v2\/media?parent=54"}],"curies":[{"name":"wp","href":"https:\/\/api.w.org\/{rel}","templated":true}]}}