{"id":52,"date":"2021-03-31T15:37:11","date_gmt":"2021-03-31T13:37:11","guid":{"rendered":"https:\/\/pb.edu.pl\/pilot\/?page_id=52"},"modified":"2021-04-06T21:17:52","modified_gmt":"2021-04-06T19:17:52","slug":"o-projekcie","status":"publish","type":"page","link":"https:\/\/pb.edu.pl\/pilot\/o-projekcie\/","title":{"rendered":"O projekcie"},"content":{"rendered":"<p><strong>PROJEKTU REALIZOWANY W KONSORCJUM:<\/strong> Politechnika Bia\u0142ostocka, Uniwersytet w Bia\u0142ymstoku, Uniwersytet Medyczny w Bia\u0142ymstoku, Bia\u0142ostocki Park Naukowo-Technologiczny, Instytut Innowacji i Technologii Politechniki Bia\u0142ostockiej, Centrum Promocji Innowacji i Rozwoju oraz Fundacja Regionalny Ekosystem Innowacji.<br \/>\n&nbsp;<\/p>\n<div class=\"row logos\">\n<div class=\"col-sm-4\"><\/div>\n<div class=\"col-sm-4 text-center\">\n<div class=\"row\">\n<div class=\"col-md-4\">\n<a href=\"https:\/\/pb.edu.pl\/\" title=\"serwis www Politechniki Bia\u0142ostockiej, otworzy si\u0119 w nowej karcie\" target=\"_blank\" rel=\"noopener\"><img loading=\"lazy\" decoding=\"async\" src=\"https:\/\/pb.edu.pl\/pilot\/wp-content\/uploads\/sites\/64\/2021\/04\/logo-PB.jpg\" alt=\"\" width=\"499\" height=\"499\" class=\"alignnone size-full wp-image-130\" srcset=\"https:\/\/pb.edu.pl\/pilot\/wp-content\/uploads\/sites\/64\/2021\/04\/logo-PB.jpg 499w, https:\/\/pb.edu.pl\/pilot\/wp-content\/uploads\/sites\/64\/2021\/04\/logo-PB-300x300.jpg 300w, https:\/\/pb.edu.pl\/pilot\/wp-content\/uploads\/sites\/64\/2021\/04\/logo-PB-150x150.jpg 150w\" sizes=\"auto, (max-width: 499px) 100vw, 499px\" \/><\/a><br \/>\n<\/div>\n<div class=\"col-md-4\">\n<a href=\"https:\/\/uwb.edu.pl\/\" title=\"serwis www Uniwersytetu w Bia\u0142ymstoku, otworzy si\u0119 w nowej karcie\" target=\"_blank\" rel=\"noopener\"><img loading=\"lazy\" decoding=\"async\" src=\"https:\/\/pb.edu.pl\/pilot\/wp-content\/uploads\/sites\/64\/2021\/04\/w_uwb_kolor.jpg\" alt=\"\" width=\"417\" height=\"417\" class=\"alignnone size-full wp-image-121\" srcset=\"https:\/\/pb.edu.pl\/pilot\/wp-content\/uploads\/sites\/64\/2021\/04\/w_uwb_kolor.jpg 417w, https:\/\/pb.edu.pl\/pilot\/wp-content\/uploads\/sites\/64\/2021\/04\/w_uwb_kolor-300x300.jpg 300w, https:\/\/pb.edu.pl\/pilot\/wp-content\/uploads\/sites\/64\/2021\/04\/w_uwb_kolor-150x150.jpg 150w\" sizes=\"auto, (max-width: 417px) 100vw, 417px\" \/><\/a><br \/>\n<\/div>\n<div class=\"col-md-4\">\n<a href=\"https:\/\/www.umb.edu.pl\/\" title=\"serwis www Uniwersytetu Medycznego w Bia\u0142ymstoku, otworzy si\u0119 w nowej karcie\" target=\"_blank\" rel=\"noopener\"><img loading=\"lazy\" decoding=\"async\" src=\"https:\/\/pb.edu.pl\/pilot\/wp-content\/uploads\/sites\/64\/2021\/04\/logo_umb.jpg\" alt=\"\" width=\"417\" height=\"417\" class=\"alignnone size-full wp-image-120\" srcset=\"https:\/\/pb.edu.pl\/pilot\/wp-content\/uploads\/sites\/64\/2021\/04\/logo_umb.jpg 417w, https:\/\/pb.edu.pl\/pilot\/wp-content\/uploads\/sites\/64\/2021\/04\/logo_umb-300x300.jpg 300w, https:\/\/pb.edu.pl\/pilot\/wp-content\/uploads\/sites\/64\/2021\/04\/logo_umb-150x150.jpg 150w\" sizes=\"auto, (max-width: 417px) 100vw, 417px\" \/><\/a><br \/>\n<\/div>\n<\/div>\n<\/div>\n<div class=\"col-sm-4\"><\/div>\n<\/div>\n<p>&nbsp;<\/p>\n<div class=\"row\">\n<div class=\"col-md-5\">\n<div class=\"row\">\n<div class=\"col-md-6 text-center\"><a href=\"https:\/\/metalklaster.pl\/\" title=\"serwis www Klastra Obr\u00f3bki Metali, otworzy si\u0119 w nowej karcie\" target=\"_blank\" rel=\"noopener\"><img loading=\"lazy\" decoding=\"async\" src=\"https:\/\/pb.edu.pl\/pilot\/wp-content\/uploads\/sites\/64\/2021\/04\/Klaster_Obrobki_Metali-logo_jpg.jpg\" alt=\"\" width=\"200\" height=\"96\" class=\"alignnone size-full wp-image-135\" \/><\/a><\/div>\n<div class=\"col-md-6 text-center\"><img loading=\"lazy\" decoding=\"async\" src=\"https:\/\/pb.edu.pl\/pilot\/wp-content\/uploads\/sites\/64\/2021\/04\/logo-rei.jpg\" alt=\"\" width=\"200\" height=\"96\" class=\"alignnone size-full wp-image-136\" \/><\/div>\n<\/div>\n<\/div>\n<div class=\"col-md-2 text-center\"><a href=\"https:\/\/bpnt.bialystok.pl\/PL\" title=\"serwis www Bia\u0142ostockiego Parku Naukowo-Technologicznego, otworzy si\u0119 w nowej karcie\" target=\"_blank\" rel=\"noopener\"><img loading=\"lazy\" decoding=\"async\" src=\"https:\/\/pb.edu.pl\/pilot\/wp-content\/uploads\/sites\/64\/2021\/04\/BPNT_Logo_pl-2.jpg.jpg\" alt=\"\" width=\"226\" height=\"96\" class=\"alignnone size-full wp-image-151\" \/><\/a><\/div>\n<div class=\"col-md-5\">\n<div class=\"row\">\n<div class=\"col-md-6 text-center\"><a href=\"https:\/\/instytutpb.com\/\" title=\"serwis www Instytutu Innowacji i Technologii Politechniki Bia\u0142ostockiej, otworzy si\u0119 w nowej karcie\" target=\"_blank\" rel=\"noopener\"><img loading=\"lazy\" decoding=\"async\" src=\"https:\/\/pb.edu.pl\/pilot\/wp-content\/uploads\/sites\/64\/2021\/04\/iit-logo.jpg\" alt=\"\" width=\"200\" height=\"96\" class=\"alignnone size-full wp-image-138\" \/><\/a><\/div>\n<div class=\"col-md-6 text-center\"><img loading=\"lazy\" decoding=\"async\" src=\"https:\/\/pb.edu.pl\/pilot\/wp-content\/uploads\/sites\/64\/2021\/04\/indeks.jpg\" alt=\"\" width=\"200\" height=\"96\" class=\"alignnone size-full wp-image-139\" \/><\/div>\n<\/div>\n<\/div>\n<\/div>\n<p>&nbsp;<\/p>\n<p><strong>OKRES REALIZACJI:<\/strong> 03.2021-06.2022<br \/>\n&nbsp;<br \/>\n<strong>ZADANIA PRZEWIDZIANE W PROJEKCIE:<\/strong><\/p>\n<ol>\n<li>Realizacja prac B+R<\/li>\n<li>Utworzenie wsp\u00f3lnej bazy danych w zakresie sprz\u0119tu i wiedzy specjalistycznej B+R i potencjalnych us\u0142ug \u015bwiadczonych przez POB z regionu<\/li>\n<li>Organizacja DEMO DAYS i SPEED DATING<\/li>\n<\/ol>\n<p>&nbsp;<br \/>\n<strong>KWOTA DOFINANSOWANIA:<\/strong> 2&nbsp;500&nbsp;000 PLN<br \/>\n&nbsp;<\/p>\n<p><strong>OPIS PROJEKTU:<\/strong><\/p>\n<p><img loading=\"lazy\" decoding=\"async\" class=\"alignright wp-image-84\" src=\"https:\/\/pb.edu.pl\/pilot\/wp-content\/uploads\/sites\/64\/2021\/03\/test-small.jpg\" alt=\"u\u015bcisk d\u0142oni\" width=\"460\" height=\"259\" srcset=\"https:\/\/pb.edu.pl\/pilot\/wp-content\/uploads\/sites\/64\/2021\/03\/test-small.jpg 800w, https:\/\/pb.edu.pl\/pilot\/wp-content\/uploads\/sites\/64\/2021\/03\/test-small-300x169.jpg 300w, https:\/\/pb.edu.pl\/pilot\/wp-content\/uploads\/sites\/64\/2021\/03\/test-small-768x432.jpg 768w\" sizes=\"auto, (max-width: 460px) 100vw, 460px\" \/>G\u0142\u00f3wnym CELEM projektu pilota\u017cowego jest budowa partnerstwa (systemu), w ramach kt\u00f3rego dojdzie do zbudowania silniejszych i bli\u017cszych powi\u0105za\u0144 pomi\u0119dzy uczelniami a regionalnymi przedsi\u0119biorcami, organizacjami pozarz\u0105dowymi i instytucjami otoczenia biznesu na potrzeby podniesienia konkurencyjno\u015bci podlaskich przedsi\u0119biorstw. Dlatego te\u017c g\u0142\u00f3wnymi GRUPAMI DOCELOWYMI s\u0105 podlascy przedsi\u0119biorcy, uczelnie i inne podmioty otoczenia biznesu.<\/p>\n<p>G\u0142\u00f3wnym REZULTATEM projektu b\u0119dzie Raport opracowany na podstawie do\u015bwiadcze\u0144 wynikaj\u0105cych z realizacji projektu pilota\u017cowego. B\u0119dzie on zawiera\u0142 ocen\u0119 podj\u0119tych dzia\u0142a\u0144 oraz uwagi dot. barier napotkanych w trakcie trwania projektu. W raporcie przedstawione zostan\u0105 rekomendacje i propozycje zmian, w zakresie dzia\u0142a\u0144 niezb\u0119dnych do realizacji przysz\u0142ych projekt\u00f3w w okresie programowania 2021-2027.<\/p>\n<p>Ponadto planowane jest wdro\u017cenie co najmniej 2 wynik\u00f3w prac B+R, spo\u015br\u00f3d projekt\u00f3w technologicznych zg\u0142oszonych przez \u015brodowisko akademickie, kt\u00f3re otrzymaj\u0105 finansowanie w ramach projektu. Finansowanie otrzymaj\u0105 projekty wy\u0142onione przez ekspert\u00f3w, spo\u015br\u00f3d temat\u00f3w zg\u0142oszonych przez \u015brodowisko naukowe (PB, UMB, UwB), kt\u00f3re b\u0119d\u0105 zgodne z RIS3. 20 temat\u00f3w wyselekcjonowanych przez ekspert\u00f3w, b\u0119dzie podlega\u0107 tak\u017ce, eksperckiej analizie (audytom) w celu ustalenia ich potencja\u0142u komercjalizacji.<\/p>\n<p>W ramach projektu planowane jest tak\u017ce stworzenie wsp\u00f3lnej bazy danych w zakresie sprz\u0119tu i wiedzy specjalistycznej B+R. Zawiera\u0107 b\u0119dzie spis kadry, sprz\u0119tu , aparatury, obszar\u00f3w merytorycznych do realizacji zlece\u0144, ich u\u017cyteczno\u015bci dla zastosowa\u0144 komercyjnych w r\u00f3\u017cnych bran\u017cach oferowanych przez jednostki badawcze z regionu.<\/p>\n<p>W celu prze\u0142amania barier pomi\u0119dzy przedsi\u0119biorcami i naukowcami, zaplanowano organizacj\u0119 4 wydarze\u0144 DEMO DAY po\u0142\u0105czonych z spotkaniami typu &#8222;speed dating&#8221;, kt\u00f3re pos\u0142u\u017c\u0105 tak\u017ce zacie\u015bnieniu wsp\u00f3\u0142pracy pomi\u0119dzy nimi.<\/p>\n","protected":false},"excerpt":{"rendered":"<p>PROJEKTU REALIZOWANY W KONSORCJUM: Politechnika Bia\u0142ostocka, Uniwersytet w Bia\u0142ymstoku, Uniwersytet Medyczny w Bia\u0142ymstoku, Bia\u0142ostocki Park<\/p>\n","protected":false},"author":2,"featured_media":0,"parent":0,"menu_order":3,"comment_status":"closed","ping_status":"closed","template":"","meta":{"_acf_changed":false,"ngg_post_thumbnail":0,"footnotes":""},"class_list":["post-52","page","type-page","status-publish","hentry"],"acf":[],"_links":{"self":[{"href":"https:\/\/pb.edu.pl\/pilot\/wp-json\/wp\/v2\/pages\/52","targetHints":{"allow":["GET"]}}],"collection":[{"href":"https:\/\/pb.edu.pl\/pilot\/wp-json\/wp\/v2\/pages"}],"about":[{"href":"https:\/\/pb.edu.pl\/pilot\/wp-json\/wp\/v2\/types\/page"}],"author":[{"embeddable":true,"href":"https:\/\/pb.edu.pl\/pilot\/wp-json\/wp\/v2\/users\/2"}],"replies":[{"embeddable":true,"href":"https:\/\/pb.edu.pl\/pilot\/wp-json\/wp\/v2\/comments?post=52"}],"version-history":[{"count":0,"href":"https:\/\/pb.edu.pl\/pilot\/wp-json\/wp\/v2\/pages\/52\/revisions"}],"wp:attachment":[{"href":"https:\/\/pb.edu.pl\/pilot\/wp-json\/wp\/v2\/media?parent=52"}],"curies":[{"name":"wp","href":"https:\/\/api.w.org\/{rel}","templated":true}]}}