{"id":48,"date":"2021-03-31T15:36:41","date_gmt":"2021-03-31T13:36:41","guid":{"rendered":"https:\/\/pb.edu.pl\/pilot\/?page_id=48"},"modified":"2021-10-01T14:22:14","modified_gmt":"2021-10-01T12:22:14","slug":"aktualnosci","status":"publish","type":"page","link":"https:\/\/pb.edu.pl\/pilot\/aktualnosci\/","title":{"rendered":"Aktualno\u015bci"},"content":{"rendered":"<div>\t\t<div class=\"box news-box \">\n\t\t<div class=\"row\">\n\t\t\t\n\t\t\t\n\t\t\t\t\n\t\t\t\t\t\t\t\t\t\t<div class=\"col-sm-3\">\n\t\t\t\t\t\t\t\n<article class=\"format-standard\">\n    <span class=\"date text-right\"><i class=\"fal fa-calendar-alt\"><\/i> 17-11-2022<\/span>\n    <a href=\"https:\/\/pb.edu.pl\/pilot\/2022\/11\/17\/demo-day-i-speed-date-4-28-listopada-2022\/\">\n      <div class=\"article-image\">\n              <\/div>\n      <h3>Demo Day i Speed Date #4 28 listopada 2022<\/h3>\n      28.11.2022&nbsp; w ramach projektu &#8222;Pilota\u017cowy projekt dotycz\u0105cy rozwoju wsp\u00f3\u0142pracy w zakresie    <\/a>\n<\/article>\t\t\t\t\t\t<\/div>\n\t\t\t\t\t\t\t\t\t\t\t<div class=\"col-sm-3\">\n\t\t\t\t\t\t\t\n<article class=\"format-standard\">\n    <span class=\"date text-right\"><i class=\"fal fa-calendar-alt\"><\/i> 17-05-2022<\/span>\n    <a href=\"https:\/\/pb.edu.pl\/pilot\/2022\/05\/17\/demo-day-poznaj-projekty-badawcze-politechniki-bialostockiej\/\">\n      <div class=\"article-image\">\n              <\/div>\n      <h3>Demo Day \u2013 Poznaj projekty badawcze Politechniki Bia\u0142ostockiej<\/h3>\n      Projekty, kt\u00f3re zostan\u0105 przedstawione podczas wydarzenia: PIROLIZA 2.0 &#8211; dr in\u017c.    <\/a>\n<\/article>\t\t\t\t\t\t<\/div>\n\t\t\t\t\t\t\t\t\t\t\t<div class=\"col-sm-3\">\n\t\t\t\t\t\t\t\n<article class=\"format-standard\">\n    <span class=\"date text-right\"><i class=\"fal fa-calendar-alt\"><\/i> 16-05-2022<\/span>\n    <a href=\"https:\/\/pb.edu.pl\/pilot\/2022\/05\/16\/263\/\">\n      <div class=\"article-image\">\n        <img loading=\"lazy\" decoding=\"async\" width=\"300\" height=\"300\" src=\"https:\/\/pb.edu.pl\/pilot\/wp-content\/uploads\/sites\/64\/2022\/05\/SpeedDatingi-DD-z-PB1.jpg\" class=\"attachment-medium-image-16x10 size-medium-image-16x10 wp-post-image\" alt=\"\" srcset=\"https:\/\/pb.edu.pl\/pilot\/wp-content\/uploads\/sites\/64\/2022\/05\/SpeedDatingi-DD-z-PB1.jpg 1200w, https:\/\/pb.edu.pl\/pilot\/wp-content\/uploads\/sites\/64\/2022\/05\/SpeedDatingi-DD-z-PB1-300x300.jpg 300w, https:\/\/pb.edu.pl\/pilot\/wp-content\/uploads\/sites\/64\/2022\/05\/SpeedDatingi-DD-z-PB1-1024x1024.jpg 1024w, https:\/\/pb.edu.pl\/pilot\/wp-content\/uploads\/sites\/64\/2022\/05\/SpeedDatingi-DD-z-PB1-150x150.jpg 150w, https:\/\/pb.edu.pl\/pilot\/wp-content\/uploads\/sites\/64\/2022\/05\/SpeedDatingi-DD-z-PB1-768x768.jpg 768w\" sizes=\"auto, (max-width: 300px) 100vw, 300px\" \/>      <\/div>\n      <h3>Demo Day i Speed Dating- 23.05.2022<\/h3>\n      23.05.2022 w ramach projektu &#8222;Pilota\u017cowy projekt dotycz\u0105cy rozwoju wsp\u00f3\u0142pracy w zakresie    <\/a>\n<\/article>\t\t\t\t\t\t<\/div>\n\t\t\t\t\t\t\t\t\t\t\t<div class=\"col-sm-3\">\n\t\t\t\t\t\t\t\n<article class=\"format-standard\">\n    <span class=\"date text-right\"><i class=\"fal fa-calendar-alt\"><\/i> 01-10-2021<\/span>\n    <a href=\"https:\/\/pb.edu.pl\/pilot\/2021\/10\/01\/wyniki-naboru\/\">\n      <div class=\"article-image\">\n              <\/div>\n      <h3>Wyniki naboru<\/h3>\n      Pod koniec wrze\u015bnia 2021&nbsp; zako\u0144czy\u0142 si\u0119&nbsp; II etap oceny merytorycznej prac    <\/a>\n<\/article>\t\t\t\t\t\t<\/div>\n\t\t\t\t\t\t\t\t\t\t\t<div class=\"col-sm-3\">\n\t\t\t\t\t\t\t\n<article class=\"format-standard\">\n    <span class=\"date text-right\"><i class=\"fal fa-calendar-alt\"><\/i> 01-08-2021<\/span>\n    <a href=\"https:\/\/pb.edu.pl\/pilot\/2021\/08\/01\/wyniki-i-etapu-oceny-merytorycznej\/\">\n      <div class=\"article-image\">\n              <\/div>\n      <h3>Wyniki I etapu oceny merytorycznej<\/h3>\n      Zakwalifikowane wnioski ( wyniki I etapu- \u0142\u0105cznie 19 prac)&nbsp; przekazano do    <\/a>\n<\/article>\t\t\t\t\t\t<\/div>\n\t\t\t\t\t\t\t\t\t\t\t<div class=\"col-sm-3\">\n\t\t\t\t\t\t\t\n<article class=\"format-standard\">\n    <span class=\"date text-right\"><i class=\"fal fa-calendar-alt\"><\/i> 31-05-2021<\/span>\n    <a href=\"https:\/\/pb.edu.pl\/pilot\/2021\/05\/31\/lista-tematow-prac-br-po-ocenie-formalnej\/\">\n      <div class=\"article-image\">\n              <\/div>\n      <h3>Lista temat prac B+R po ocenie formalnej<\/h3>\n      W wyniku przeprowadzonego naboru, ze strony UwB, UMB oraz PB wp\u0142yn\u0119\u0142o    <\/a>\n<\/article>\t\t\t\t\t\t<\/div>\n\t\t\t\t\t\t\t\t\t\t\t<div class=\"col-sm-3\">\n\t\t\t\t\t\t\t\n<article class=\"format-standard\">\n    <span class=\"date text-right\"><i class=\"fal fa-calendar-alt\"><\/i> 24-05-2021<\/span>\n    <a href=\"https:\/\/pb.edu.pl\/pilot\/2021\/05\/24\/szacowanie-wartosci-zamowienia-ocena-ekspercka\/\">\n      <div class=\"article-image\">\n              <\/div>\n      <h3>Szacowanie warto\u015bci zam\u00f3wienia- Ocena ekspercka<\/h3>\n      Wy\u0142onienie ekspert\u00f3w \u015bwiadcz\u0105cych us\u0142ugi w zakresie oceny wniosk\u00f3w aplikacyjnych prac B+R    <\/a>\n<\/article>\t\t\t\t\t\t<\/div>\n\t\t\t\t\t\t\t\t\t\t\t<div class=\"col-sm-3\">\n\t\t\t\t\t\t\t\n<article class=\"format-standard\">\n    <span class=\"date text-right\"><i class=\"fal fa-calendar-alt\"><\/i> 17-05-2021<\/span>\n    <a href=\"https:\/\/pb.edu.pl\/pilot\/2021\/05\/17\/zakonczenie-naboru-wnioskow-aplikacyjnych\/\">\n      <div class=\"article-image\">\n              <\/div>\n      <h3>Zako\u0144czenie naboru wniosk\u00f3w aplikacyjnych<\/h3>\n      14.05.2021zako\u0144czyli\u015bmy nab\u00f3r wniosk\u00f3w aplikacyjnych na realizacj\u0119 prac B+R ( zadanie 1    <\/a>\n<\/article>\t\t\t\t\t\t<\/div>\n\t\t\t\t\t\t\t\t\t\t\t<div class=\"col-sm-3\">\n\t\t\t\t\t\t\t\n<article class=\"format-standard\">\n    <span class=\"date text-right\"><i class=\"fal fa-calendar-alt\"><\/i> 29-04-2021<\/span>\n    <a href=\"https:\/\/pb.edu.pl\/pilot\/2021\/04\/29\/termin-naboru-wnioskow-aplikacyjnych\/\">\n      <div class=\"article-image\">\n              <\/div>\n      <h3>Nab\u00f3r wniosk\u00f3w aplikacyjnych<\/h3>\n      Od &nbsp;do 12 kwietnia 2021, w ramach projektu pn. &#8222;Pilota\u017cowy projekt    <\/a>\n<\/article>\t\t\t\t\t\t<\/div>\n\t\t\t\t\t\t\t\t\t\t\t<div class=\"col-sm-3\">\n\t\t\t\t\t\t\t\n<article class=\"format-standard\">\n    <span class=\"date text-right\"><i class=\"fal fa-calendar-alt\"><\/i> 25-03-2021<\/span>\n    <a href=\"https:\/\/pb.edu.pl\/pilot\/2021\/03\/25\/lorem-ipsum\/\">\n      <div class=\"article-image\">\n        <img loading=\"lazy\" decoding=\"async\" width=\"480\" height=\"270\" src=\"https:\/\/pb.edu.pl\/pilot\/wp-content\/uploads\/sites\/64\/2021\/03\/test-small.jpg\" class=\"attachment-medium-image-16x10 size-medium-image-16x10 wp-post-image\" alt=\"\" srcset=\"https:\/\/pb.edu.pl\/pilot\/wp-content\/uploads\/sites\/64\/2021\/03\/test-small.jpg 800w, https:\/\/pb.edu.pl\/pilot\/wp-content\/uploads\/sites\/64\/2021\/03\/test-small-300x169.jpg 300w, https:\/\/pb.edu.pl\/pilot\/wp-content\/uploads\/sites\/64\/2021\/03\/test-small-768x432.jpg 768w\" sizes=\"auto, (max-width: 480px) 100vw, 480px\" \/>      <\/div>\n      <h3>Podpisanie umowy<\/h3>\n      W dniu 25.03.2021 zosta\u0142a podpisana umowa na realizacj\u0119 projektu &#8222;Pilota\u017cowy projekt    <\/a>\n<\/article>\t\t\t\t\t\t<\/div>\n\t\t\t\t\t\n\t\t\t\t\n\t\t\t\t\t<\/div>\n\t\t\n\t<nav class=\"navigation pagination\" aria-label=\"Stronicowanie wpis\u00f3w\">\n\t\t<h2 class=\"screen-reader-text\">Stronicowanie wpis\u00f3w<\/h2>\n\t\t<div class=\"nav-links\"><span aria-current=\"page\" class=\"page-numbers current\">1<\/span>\n<a class=\"page-numbers\" href=\"https:\/\/pb.edu.pl\/pilot\/wp-json\/wp\/v2\/pages\/48\/page\/2\/\">2<\/a>\n<a class=\"next page-numbers\" href=\"https:\/\/pb.edu.pl\/pilot\/wp-json\/wp\/v2\/pages\/48\/page\/2\/\">Nast\u0119pne<\/a><\/div>\n\t<\/nav>\t\t\t<\/div>\n<\/div>\n<p>&nbsp;<\/p>\n","protected":false},"excerpt":{"rendered":"<p>&nbsp;<\/p>\n","protected":false},"author":2,"featured_media":0,"parent":0,"menu_order":1,"comment_status":"closed","ping_status":"closed","template":"","meta":{"_acf_changed":false,"ngg_post_thumbnail":0,"footnotes":""},"class_list":["post-48","page","type-page","status-publish","hentry"],"acf":[],"_links":{"self":[{"href":"https:\/\/pb.edu.pl\/pilot\/wp-json\/wp\/v2\/pages\/48","targetHints":{"allow":["GET"]}}],"collection":[{"href":"https:\/\/pb.edu.pl\/pilot\/wp-json\/wp\/v2\/pages"}],"about":[{"href":"https:\/\/pb.edu.pl\/pilot\/wp-json\/wp\/v2\/types\/page"}],"author":[{"embeddable":true,"href":"https:\/\/pb.edu.pl\/pilot\/wp-json\/wp\/v2\/users\/2"}],"replies":[{"embeddable":true,"href":"https:\/\/pb.edu.pl\/pilot\/wp-json\/wp\/v2\/comments?post=48"}],"version-history":[{"count":0,"href":"https:\/\/pb.edu.pl\/pilot\/wp-json\/wp\/v2\/pages\/48\/revisions"}],"wp:attachment":[{"href":"https:\/\/pb.edu.pl\/pilot\/wp-json\/wp\/v2\/media?parent=48"}],"curies":[{"name":"wp","href":"https:\/\/api.w.org\/{rel}","templated":true}]}}