{"id":18,"date":"2021-03-31T13:33:27","date_gmt":"2021-03-31T11:33:27","guid":{"rendered":"https:\/\/pb.edu.pl\/pilot\/?page_id=18"},"modified":"2025-06-24T13:04:25","modified_gmt":"2025-06-24T11:04:25","slug":"wniosek-aplikacyjny","status":"publish","type":"page","link":"https:\/\/pb.edu.pl\/pilot\/wniosek-aplikacyjny\/","title":{"rendered":"Wniosek aplikacyjny dofinansowania pracy badawczo-rozwojowej w ramach projektu"},"content":{"rendered":"<div class=\"h3\">Pilota\u017cowy projekt dotycz\u0105cy rozwoju wsp\u00f3\u0142pracy w zakresie B+R mi\u0119dzy biznesem i uczelniami<br \/>\nze \u015brodk\u00f3w Regionalnego Programu Operacyjnego Wojew\u00f3dztwa Podlaskiego na lata 2014-2020<\/div>\n<p>Rejestracja zako\u0144czona.<\/p>\n","protected":false},"excerpt":{"rendered":"<p>Pilota\u017cowy projekt dotycz\u0105cy rozwoju wsp\u00f3\u0142pracy w zakresie B+R mi\u0119dzy biznesem i uczelniami ze \u015brodk\u00f3w Regionalnego<\/p>\n","protected":false},"author":2,"featured_media":0,"parent":0,"menu_order":1,"comment_status":"closed","ping_status":"closed","template":"","meta":{"_acf_changed":false,"ngg_post_thumbnail":0,"footnotes":""},"class_list":["post-18","page","type-page","status-publish","hentry"],"acf":[],"_links":{"self":[{"href":"https:\/\/pb.edu.pl\/pilot\/wp-json\/wp\/v2\/pages\/18","targetHints":{"allow":["GET"]}}],"collection":[{"href":"https:\/\/pb.edu.pl\/pilot\/wp-json\/wp\/v2\/pages"}],"about":[{"href":"https:\/\/pb.edu.pl\/pilot\/wp-json\/wp\/v2\/types\/page"}],"author":[{"embeddable":true,"href":"https:\/\/pb.edu.pl\/pilot\/wp-json\/wp\/v2\/users\/2"}],"replies":[{"embeddable":true,"href":"https:\/\/pb.edu.pl\/pilot\/wp-json\/wp\/v2\/comments?post=18"}],"version-history":[{"count":0,"href":"https:\/\/pb.edu.pl\/pilot\/wp-json\/wp\/v2\/pages\/18\/revisions"}],"wp:attachment":[{"href":"https:\/\/pb.edu.pl\/pilot\/wp-json\/wp\/v2\/media?parent=18"}],"curies":[{"name":"wp","href":"https:\/\/api.w.org\/{rel}","templated":true}]}}