{"id":89,"date":"2020-06-29T11:14:37","date_gmt":"2020-06-29T09:14:37","guid":{"rendered":"https:\/\/pb.edu.pl\/pbdostepna\/?page_id=89"},"modified":"2022-10-05T16:03:42","modified_gmt":"2022-10-05T14:03:42","slug":"opiekun-ozn","status":"publish","type":"page","link":"https:\/\/pb.edu.pl\/pbdostepna\/pb-dostepna\/wsparcie-w-ramach-projektu\/punkt-wsparcia-ozn\/opiekun-ozn\/","title":{"rendered":"Opiekunowie OzN w jednostkach PB"},"content":{"rendered":"<p><img loading=\"lazy\" decoding=\"async\" class=\"alignnone size-full wp-image-455\" src=\"https:\/\/pb.edu.pl\/pbdostepna\/wp-content\/uploads\/sites\/46\/2022\/10\/belka-POWER_pl.jpg\" alt=\"\" width=\"1871\" height=\"183\" srcset=\"https:\/\/pb.edu.pl\/pbdostepna\/wp-content\/uploads\/sites\/46\/2022\/10\/belka-POWER_pl.jpg 1871w, https:\/\/pb.edu.pl\/pbdostepna\/wp-content\/uploads\/sites\/46\/2022\/10\/belka-POWER_pl-300x29.jpg 300w, https:\/\/pb.edu.pl\/pbdostepna\/wp-content\/uploads\/sites\/46\/2022\/10\/belka-POWER_pl-1024x100.jpg 1024w, https:\/\/pb.edu.pl\/pbdostepna\/wp-content\/uploads\/sites\/46\/2022\/10\/belka-POWER_pl-768x75.jpg 768w, https:\/\/pb.edu.pl\/pbdostepna\/wp-content\/uploads\/sites\/46\/2022\/10\/belka-POWER_pl-1536x150.jpg 1536w\" sizes=\"auto, (max-width: 1871px) 100vw, 1871px\" \/><\/p>\n<div class=\"h2\">Wydzia\u0142 Architektury<\/div>\n<p>dr in\u017c. arch. Ma\u0142gorzata Bartnicka<br \/>\ntel. 85 746 99 69<br \/>\ntel. kom. 797 529 945<br \/>\ne-mail: m.bartnicka [at] pb.edu.pl<br \/>\nul. Oskara Sosnowskiego 11, pok\u00f3j 028<\/p>\n<p><a title=\"Strona otworzy si\u0119 w nowym oknie.\" href=\"https:\/\/wa.pb.edu.pl\/studenci\/studenci-z-niepelnosprawnoscia\/\" target=\"_blank\" rel=\"noopener\">https:\/\/wa.pb.edu.pl\/studenci\/studenci-z-niepelnosprawnoscia\/<\/a><\/p>\n<div class=\"h2\">Wydzia\u0142 Budownictwa i Nauk o \u015arodowisku<\/div>\n<p>dr in\u017c. Maria Walery<br \/>\ntel. 571 443 162<br \/>\ne-mail: m.walery [at] pb.edu.pl<br \/>\nul. Wiejska 45E, Budynek Inno-Eko-Tech, pok\u00f3j WB-4\/6<\/p>\n<p><a title=\"Strona otworzy si\u0119 w nowym oknie.\" href=\"https:\/\/wb.pb.edu.pl\/studenci\/studenci-z-niepelnosprawnoscia\/\" target=\"_blank\" rel=\"noopener\">https:\/\/wb.pb.edu.pl\/studenci\/studenci-z-niepelnosprawnoscia\/<\/a><\/p>\n<div class=\"h2\">Wydzia\u0142 Elektryczny<\/div>\n<p>dr in\u017c. Krzysztof Rogowski<br \/>\ntel. 85 746 9384<br \/>\ntel. kom. 571 443 167<br \/>\ne-mail:&nbsp;k.rogowski [at] pb.edu.pl<br \/>\nul. Wiejska 45D, pok\u00f3j WE-240<\/p>\n<p><a title=\"Strona otworzy si\u0119 w nowym oknie.\" href=\"https:\/\/we.pb.edu.pl\/studenci\/studenci-z-niepelnosprawnoscia\/\" target=\"_blank\" rel=\"noopener\">https:\/\/we.pb.edu.pl\/studenci\/studenci-z-niepelnosprawnoscia\/<\/a><\/p>\n<div class=\"h2\">Wydzia\u0142 Informatyki<\/div>\n<p>dr hab. in\u017c. Ma\u0142gorzata Kr\u0119towska, prof. PB<br \/>\ntel. 85 746 90 95<br \/>\ne-mail: m.kretowska [at] pb.edu.pl<br \/>\nul. Wiejska 45a, pok\u00f3j 206<\/p>\n<p><a title=\"Strona otworzy si\u0119 w nowym oknie.\" href=\"https:\/\/wi.pb.edu.pl\/studenci\/studenci-z-niepelnosprawnoscia\/\" target=\"_blank\" rel=\"noopener\">https:\/\/wi.pb.edu.pl\/studenci\/studenci-z-niepelnosprawnoscia\/<\/a><\/p>\n<div class=\"h2\">Wydzia\u0142 In\u017cynierii Zarz\u0105dzania<\/div>\n<p>dr Andrzej Smolarczyk<br \/>\ntel. 85 7469858<br \/>\ne-mail: a.smolarczyk [at] pb.edu.pl<br \/>\nul. Ojca Tarasiuka 2, Kleosin, Budynek Szanghaj, pok\u00f3j 117,<\/p>\n<p><a title=\"Strona otworzy si\u0119 w nowym oknie.\" href=\"https:\/\/wiz.pb.edu.pl\/studenci\/dziekanat\/studenci-z-niepelnosprawnoscia\" target=\"_blank\" rel=\"noopener\">https:\/\/wiz.pb.edu.pl\/studenci\/dziekanat\/studenci-z-niepelnosprawnoscia\/<\/a><\/p>\n<div class=\"h2\">Wydzia\u0142 Mechaniczny<\/div>\n<p>dr in\u017c. Anna Falkowska<br \/>\ntel. 571443025<br \/>\ne-mail: a.falkowska [at] pb.edu.pl<br \/>\nul. Wiejska 45C, pok\u00f3j 334,<\/p>\n<p><a title=\"Strona otworzy si\u0119 w nowym oknie.\" href=\"https:\/\/wm.pb.edu.pl\/studenci\/dziekanat\/studenci-z-niepelnosprawnoscia\/\" target=\"_blank\" rel=\"noopener\">https:\/\/wm.pb.edu.pl\/studenci\/dziekanat\/studenci-z-niepelnosprawnoscia\/<\/a><\/p>\n<div class=\"h2\">Biblioteka G\u0142\u00f3wna<\/div>\n<p>mgr Aneta Puchalska<br \/>\ntel. 85 746 9323<br \/>\ne-mail: aneta.puchalska [at] pb.edu.pl<br \/>\nul. Zwierzyniecka 16, CNK, Wypo\u017cyczalnia Og\u00f3lna (hol na poziomie P0),<\/p>\n<p><a title=\"Strona otworzy si\u0119 w nowym oknie.\" href=\"http:\/\/www.biblioteka.pb.edu.pl\/pl\/content\/biblioteka-bez-barier\" target=\"_blank\" rel=\"noopener\">www.biblioteka.pb.edu.pl\/pl\/content\/biblioteka-bez-barier<\/a><\/p>\n<div class=\"h2\">Studium J\u0119zyk\u00f3w Obcych<\/div>\n<p>mgr Anna Kalisz<br \/>\ntel. 85 746 9138,<br \/>\ne-mail: a.kalisz [at] pb.edu.pl<br \/>\nul. Zwierzyniecka 16, CNK, 2 pi\u0119tro, pok\u00f3j 5<\/p>\n<p><a title=\"Strona otworzy si\u0119 w nowym oknie.\" href=\"https:\/\/pb.edu.pl\/sjo\/dla-studenta\/studenci-z-niepelnosprawnoscia\/\" target=\"_blank\" rel=\"noopener\">https:\/\/pb.edu.pl\/sjo\/dla-studenta\/studenci-z-niepelnosprawnoscia\/<\/a><\/p>\n<div class=\"h2\">Studium Wychowania Fizycznego i Sportu<\/div>\n<p>dr Piotr Klimowicz<br \/>\ntel. 509 999 209<br \/>\ne-mail: p.klimowicz [at] pb.edu.pl<br \/>\nul. Wiejska 41, Akademickie Centrum Sportu, pok\u00f3j B-26<\/p>\n<p><a title=\"Strona otworzy si\u0119 w nowym oknie.\" href=\"https:\/\/pb.edu.pl\/swfis\/studenci-z-niepelnosprawnoscia\/\" target=\"_blank\" rel=\"noopener\">https:\/\/pb.edu.pl\/swfis\/studenci-z-niepelnosprawnoscia\/<\/a><\/p>\n","protected":false},"excerpt":{"rendered":"<p>Wydzia\u0142 Architektury dr in\u017c. arch. Ma\u0142gorzata Bartnicka tel. 85 746 99 69 tel. kom. 797<\/p>\n","protected":false},"author":33,"featured_media":0,"parent":81,"menu_order":0,"comment_status":"closed","ping_status":"closed","template":"","meta":{"_acf_changed":false,"ngg_post_thumbnail":0,"footnotes":""},"class_list":["post-89","page","type-page","status-publish","hentry"],"acf":[],"_links":{"self":[{"href":"https:\/\/pb.edu.pl\/pbdostepna\/wp-json\/wp\/v2\/pages\/89","targetHints":{"allow":["GET"]}}],"collection":[{"href":"https:\/\/pb.edu.pl\/pbdostepna\/wp-json\/wp\/v2\/pages"}],"about":[{"href":"https:\/\/pb.edu.pl\/pbdostepna\/wp-json\/wp\/v2\/types\/page"}],"author":[{"embeddable":true,"href":"https:\/\/pb.edu.pl\/pbdostepna\/wp-json\/wp\/v2\/users\/33"}],"replies":[{"embeddable":true,"href":"https:\/\/pb.edu.pl\/pbdostepna\/wp-json\/wp\/v2\/comments?post=89"}],"version-history":[{"count":0,"href":"https:\/\/pb.edu.pl\/pbdostepna\/wp-json\/wp\/v2\/pages\/89\/revisions"}],"up":[{"embeddable":true,"href":"https:\/\/pb.edu.pl\/pbdostepna\/wp-json\/wp\/v2\/pages\/81"}],"wp:attachment":[{"href":"https:\/\/pb.edu.pl\/pbdostepna\/wp-json\/wp\/v2\/media?parent=89"}],"curies":[{"name":"wp","href":"https:\/\/api.w.org\/{rel}","templated":true}]}}