{"id":79,"date":"2020-06-03T11:08:01","date_gmt":"2020-06-03T09:08:01","guid":{"rendered":"https:\/\/pb.edu.pl\/pbdostepna\/?page_id=79"},"modified":"2022-10-05T16:02:48","modified_gmt":"2022-10-05T14:02:48","slug":"szkolenia","status":"publish","type":"page","link":"https:\/\/pb.edu.pl\/pbdostepna\/pb-dostepna\/wsparcie-w-ramach-projektu\/szkolenia\/","title":{"rendered":"Szkolenia"},"content":{"rendered":"<p><img loading=\"lazy\" decoding=\"async\" class=\"alignnone size-full wp-image-455\" src=\"https:\/\/pb.edu.pl\/pbdostepna\/wp-content\/uploads\/sites\/46\/2022\/10\/belka-POWER_pl.jpg\" alt=\"\" width=\"1871\" height=\"183\" srcset=\"https:\/\/pb.edu.pl\/pbdostepna\/wp-content\/uploads\/sites\/46\/2022\/10\/belka-POWER_pl.jpg 1871w, https:\/\/pb.edu.pl\/pbdostepna\/wp-content\/uploads\/sites\/46\/2022\/10\/belka-POWER_pl-300x29.jpg 300w, https:\/\/pb.edu.pl\/pbdostepna\/wp-content\/uploads\/sites\/46\/2022\/10\/belka-POWER_pl-1024x100.jpg 1024w, https:\/\/pb.edu.pl\/pbdostepna\/wp-content\/uploads\/sites\/46\/2022\/10\/belka-POWER_pl-768x75.jpg 768w, https:\/\/pb.edu.pl\/pbdostepna\/wp-content\/uploads\/sites\/46\/2022\/10\/belka-POWER_pl-1536x150.jpg 1536w\" sizes=\"auto, (max-width: 1871px) 100vw, 1871px\" \/><\/p>\n<h1>Harmonogram szkole\u0144 w ramach projektu:<\/h1>\n<p><a title=\"Otworzy si\u0119 w nowej karcie\" href=\"https:\/\/pb.edu.pl\/pbdostepna\/wp-content\/uploads\/sites\/46\/2021\/05\/harmonogram-szkolen-PB-Dostepna-2021.pdf\">Harmonogram szkole\u0144 PB Dost\u0119pna 2021 (wersja dost\u0119pna cyfrowo, 267 KB)<\/a><\/p>\n<p><a title=\"Otworzy si\u0119 w nowej karcie\" href=\"https:\/\/pb.edu.pl\/pbdostepna\/wp-content\/uploads\/sites\/46\/2021\/01\/Harmonogram-szkolen-PB-Dostepna-w-2020-roku.pdf\" target=\"_blank\" rel=\"noopener noreferrer\" data-id=\"42684\">Harmonogram szkole\u0144 (wersja dost\u0119pna cyfrowo, 267 KB)<\/a><\/p>\n","protected":false},"excerpt":{"rendered":"<p>Harmonogram szkole\u0144 w ramach projektu: Harmonogram szkole\u0144 PB Dost\u0119pna 2021 (wersja dost\u0119pna cyfrowo, 267 KB)<\/p>\n","protected":false},"author":33,"featured_media":0,"parent":27,"menu_order":0,"comment_status":"closed","ping_status":"closed","template":"","meta":{"_acf_changed":false,"ngg_post_thumbnail":0,"footnotes":""},"class_list":["post-79","page","type-page","status-publish","hentry"],"acf":[],"_links":{"self":[{"href":"https:\/\/pb.edu.pl\/pbdostepna\/wp-json\/wp\/v2\/pages\/79","targetHints":{"allow":["GET"]}}],"collection":[{"href":"https:\/\/pb.edu.pl\/pbdostepna\/wp-json\/wp\/v2\/pages"}],"about":[{"href":"https:\/\/pb.edu.pl\/pbdostepna\/wp-json\/wp\/v2\/types\/page"}],"author":[{"embeddable":true,"href":"https:\/\/pb.edu.pl\/pbdostepna\/wp-json\/wp\/v2\/users\/33"}],"replies":[{"embeddable":true,"href":"https:\/\/pb.edu.pl\/pbdostepna\/wp-json\/wp\/v2\/comments?post=79"}],"version-history":[{"count":0,"href":"https:\/\/pb.edu.pl\/pbdostepna\/wp-json\/wp\/v2\/pages\/79\/revisions"}],"up":[{"embeddable":true,"href":"https:\/\/pb.edu.pl\/pbdostepna\/wp-json\/wp\/v2\/pages\/27"}],"wp:attachment":[{"href":"https:\/\/pb.edu.pl\/pbdostepna\/wp-json\/wp\/v2\/media?parent=79"}],"curies":[{"name":"wp","href":"https:\/\/api.w.org\/{rel}","templated":true}]}}