{"id":39,"date":"2020-04-29T22:59:58","date_gmt":"2020-04-29T20:59:58","guid":{"rendered":"https:\/\/pb.edu.pl\/pbdostepna\/?page_id=39"},"modified":"2024-12-24T12:14:33","modified_gmt":"2024-12-24T11:14:33","slug":"redakcja-serwisu-www","status":"publish","type":"page","link":"https:\/\/pb.edu.pl\/pbdostepna\/redakcja-serwisu-www\/","title":{"rendered":"Redakcja serwisu www"},"content":{"rendered":"<p><img loading=\"lazy\" decoding=\"async\" class=\"alignleft wp-image-5194 animated zoomIn\" style=\"margin-top: 14px\" src=\"https:\/\/pb.edu.pl\/wp-content\/uploads\/2017\/10\/redakcja-kontakt-640x360.jpg\" alt=\"\" width=\"400\" height=\"225\"><\/p>\n<h2 style=\"margin-top: 0rem;padding-top: 0rem\">Serwis internetowy<\/h2>\n<p>Uwagi dotycz\u0105ce <strong>funkcjonowania<\/strong> oraz <strong>zawarto\u015bci (opisy, fotografie itp.)<\/strong> poszczeg\u00f3lnych stron www serwisu internetowego projektu PB Dost\u0119pna prosz\u0119 przysy\u0142a\u0107 do redaktora serwisu na adres:<br \/>\n  <i class=\"fal fa-envelope\"><\/i> <a href=\"#\" rel=\"nofollow\"  onclick=\"this.href='mailto:' + 'j.korsak' + '@' + 'pb.edu.pl'\">j.korsak [at] pb.edu.pl<\/a>\n","protected":false},"excerpt":{"rendered":"<p>Serwis internetowy Uwagi dotycz\u0105ce funkcjonowania oraz zawarto\u015bci (opisy, fotografie itp.) poszczeg\u00f3lnych stron www serwisu internetowego<\/p>\n","protected":false},"author":2,"featured_media":0,"parent":0,"menu_order":0,"comment_status":"closed","ping_status":"closed","template":"","meta":{"_acf_changed":false,"ngg_post_thumbnail":0,"footnotes":""},"class_list":["post-39","page","type-page","status-publish","hentry"],"acf":[],"_links":{"self":[{"href":"https:\/\/pb.edu.pl\/pbdostepna\/wp-json\/wp\/v2\/pages\/39","targetHints":{"allow":["GET"]}}],"collection":[{"href":"https:\/\/pb.edu.pl\/pbdostepna\/wp-json\/wp\/v2\/pages"}],"about":[{"href":"https:\/\/pb.edu.pl\/pbdostepna\/wp-json\/wp\/v2\/types\/page"}],"author":[{"embeddable":true,"href":"https:\/\/pb.edu.pl\/pbdostepna\/wp-json\/wp\/v2\/users\/2"}],"replies":[{"embeddable":true,"href":"https:\/\/pb.edu.pl\/pbdostepna\/wp-json\/wp\/v2\/comments?post=39"}],"version-history":[{"count":0,"href":"https:\/\/pb.edu.pl\/pbdostepna\/wp-json\/wp\/v2\/pages\/39\/revisions"}],"wp:attachment":[{"href":"https:\/\/pb.edu.pl\/pbdostepna\/wp-json\/wp\/v2\/media?parent=39"}],"curies":[{"name":"wp","href":"https:\/\/api.w.org\/{rel}","templated":true}]}}